{"id":5548,"date":"2025-03-09T13:44:56","date_gmt":"2025-03-09T13:44:56","guid":{"rendered":"https:\/\/artstella-elixirs-floraux.com\/product\/cornouillier-dog-wood-sylfos-15-ml\/"},"modified":"2025-04-30T20:50:58","modified_gmt":"2025-04-30T20:50:58","slug":"cornouillier-dog-wood-sylfos-15-ml","status":"publish","type":"product","link":"https:\/\/artstella-elixirs-floraux.com\/en\/product\/cornouillier-dog-wood-sylfos-15-ml\/","title":{"rendered":"CORNOUILLIER DOG WOOD SYLFOS 15 ML"},"content":{"rendered":"<div>\n<table cellspacing=\"0\" cellpadding=\"0\" align=\"left\">\n<tbody>\n<tr>\n<td align=\"left\" valign=\"top\">\n<p><strong>Cornouiller du Pacifique <\/strong><em>Cornus nuttallii<\/em>\u00a0\u00a0\u00a0 Pacific Dogwood<strong> <\/strong><\/p>\n<\/td>\n<\/tr>\n<\/tbody>\n<\/table>\n<\/div>\n<div><strong><em><br \/><\/em><\/strong><\/div>\n<div><strong><em><br \/><\/em><\/strong><\/div>\n<p><strong><em>Lib\u00e9ration des douleurs \u00e9motionnelles<\/em>\u00a0 <\/strong>Trop de peines. Abus. Traumatismes du pass\u00e9. Propension aux accidents. Personnes avec de la ranc\u0153ur, endurcies, qui n\u2019ont pas confiance \u00e0 cause d\u2019abus dans le pass\u00e9. C\u2019est un harmonisant physico-psychique. Il int\u00e8gre l\u2019amour dans la sexualit\u00e9. Il s\u2019agit de personnes peu flexibles et peu souples dans leur corps, rigides, contenues et maladroites. Aide \u00e0 pardonner.<\/p>","protected":false},"excerpt":{"rendered":"<div>\n<table cellspacing=\"0\" cellpadding=\"0\" align=\"left\">\n<tbody>\n<tr>\n<td align=\"left\" valign=\"top\">\n<p><strong>Cornouiller du Pacifique <\/strong><em>Cornus nuttallii<\/em>\u00a0\u00a0\u00a0 Pacific Dogwood<strong> <\/strong><\/p>\n<\/td>\n<\/tr>\n<\/tbody>\n<\/table>\n<\/div>\n<div><strong><em><br \/><\/em><\/strong><\/div>\n<div><strong><em><br \/><\/em><\/strong><\/div>\n<p><strong><em>Lib\u00e9ration des douleurs \u00e9motionnelles<\/em>\u00a0 <\/strong>Trop de peines. Abus. Traumatismes du pass\u00e9.\u00a0<\/p>","protected":false},"featured_media":5549,"template":"","meta":[],"product_brand":[],"product_cat":[139],"product_tag":[],"class_list":{"0":"post-5548","1":"product","2":"type-product","3":"status-publish","4":"has-post-thumbnail","6":"product_cat-les-fleurs-andiness-upplementaires-compose","8":"first","9":"instock","10":"taxable","11":"shipping-taxable","12":"purchasable","13":"product-type-simple"},"etheme_brands":{"errors":{"invalid_taxonomy":["Invalid taxonomy."]},"error_data":[]},"jetpack_sharing_enabled":true,"jetpack-related-posts":[{"id":2335,"url":"https:\/\/artstella-elixirs-floraux.com\/en\/product\/white-fireweed-alaskan\/","url_meta":{"origin":5548,"position":0},"title":"White fireweed Alaskan","author":"eveapprill","date":"9 March 2025","format":false,"excerpt":"White fireweed. Epilobium angustifolium. Epilobe Profond traumatisme et choc ; profonde ali\u00e9nation du corps apr\u00e8s un abus sexuel ou \u00e9motionnel.","rel":"","context":"Similar post","block_context":{"text":"Similar post","link":""},"img":{"alt_text":"","src":"https:\/\/i0.wp.com\/artstella-elixirs-floraux.com\/wp-content\/uploads\/2025\/03\/wp-image597.png?resize=350%2C200&ssl=1","width":350,"height":200},"classes":[]},{"id":4868,"url":"https:\/\/artstella-elixirs-floraux.com\/en\/product\/alpine-arnica-alas-f-sup\/","url_meta":{"origin":5548,"position":1},"title":"ALPINE ARNICA ALAS F SUP","author":"eveapprill","date":"9 March 2025","format":false,"excerpt":"Alpine Arnica Indications : au cours de l'identification avec les traumatismes \u00e9motionnels et les blessures du pass\u00e9 ; douleur sans comprendre.","rel":"","context":"Similar post","block_context":{"text":"Similar post","link":""},"img":{"alt_text":"","src":"https:\/\/i0.wp.com\/artstella-elixirs-floraux.com\/wp-content\/uploads\/2025\/03\/wp-image1372.png?resize=350%2C200&ssl=1","width":350,"height":200},"classes":[]},{"id":5516,"url":"https:\/\/artstella-elixirs-floraux.com\/en\/product\/ver-de-feu-barbu\/","url_meta":{"origin":5548,"position":2},"title":"VER DE FEU BARBU","author":"eveapprill","date":"9 March 2025","format":false,"excerpt":"VER DE FEU BARBU Feuerwurm (Hermodice carunculata) Aide les personnes qui se sentent bless\u00e9es \u00e0 se lib\u00e9rer d\u2019anciennes charges et informations de douleur. Sur un plan physique l\u2019\u00e9lixir favorise le nettoyage et la d\u00e9toxification. Au niveau \u00e9motionnel elle aide les personnes qui se sont \u00e9loign\u00e9es ou qui s\u2019opposent \u00e0 pouvoir\u2026","rel":"","context":"Similar post","block_context":{"text":"Similar post","link":""},"img":{"alt_text":"","src":"https:\/\/i0.wp.com\/artstella-elixirs-floraux.com\/wp-content\/uploads\/2025\/03\/wp-image1753.png?resize=350%2C200&ssl=1","width":350,"height":200},"classes":[]},{"id":5629,"url":"https:\/\/artstella-elixirs-floraux.com\/en\/product\/aubepine-15-ml\/","url_meta":{"origin":5548,"position":3},"title":"Aub\u00e9pine 15 ml","author":"eveapprill","date":"9 March 2025","format":false,"excerpt":"Aub\u00e9pine Paix du c\u0153ur. Pour se lib\u00e9rer des influences ext\u00e9rieures et des attachements \u00e9motionnels. Adoucit la douleur de la s\u00e9paration et apaise le chagrin. Soulage les peines de coeur.","rel":"","context":"Similar post","block_context":{"text":"Similar post","link":""},"img":{"alt_text":"","src":"https:\/\/i0.wp.com\/artstella-elixirs-floraux.com\/wp-content\/uploads\/2025\/03\/wp-image1817.png?resize=350%2C200&ssl=1","width":350,"height":200},"classes":[]},{"id":4148,"url":"https:\/\/artstella-elixirs-floraux.com\/en\/product\/pruna-sylfos-15ml-pap\/","url_meta":{"origin":5548,"position":4},"title":"PRUNA SYLFOS 15ML PAP","author":"eveapprill","date":"9 March 2025","format":false,"excerpt":"PRUNA Satyrium pruni \u00a0Rem\u00e8de d\u2019urgence Il s\u2019agit l\u00e0 d\u2019un autre \u00e9lixir fondamental pour toutes les situations de crises et d\u2019urgences, afin d\u2019adoucir les traumatismes car il suspend la douleur \u00e9motionnelle, ce qui permet de se centrer de nouveau afin de pouvoir prendre...","rel":"","context":"Similar post","block_context":{"text":"Similar post","link":""},"img":{"alt_text":"","src":"https:\/\/i0.wp.com\/artstella-elixirs-floraux.com\/wp-content\/uploads\/2025\/03\/f515f618-f396-4f08-afd9-24892856f420.jpg?resize=350%2C200&ssl=1","width":350,"height":200,"srcset":"https:\/\/i0.wp.com\/artstella-elixirs-floraux.com\/wp-content\/uploads\/2025\/03\/f515f618-f396-4f08-afd9-24892856f420.jpg?resize=350%2C200&ssl=1 1x, https:\/\/i0.wp.com\/artstella-elixirs-floraux.com\/wp-content\/uploads\/2025\/03\/f515f618-f396-4f08-afd9-24892856f420.jpg?resize=525%2C300&ssl=1 1.5x, https:\/\/i0.wp.com\/artstella-elixirs-floraux.com\/wp-content\/uploads\/2025\/03\/f515f618-f396-4f08-afd9-24892856f420.jpg?resize=700%2C400&ssl=1 2x"},"classes":[]},{"id":2078,"url":"https:\/\/artstella-elixirs-floraux.com\/en\/product\/balsam-poplar-alaskan\/","url_meta":{"origin":5548,"position":5},"title":"Balsam poplar Alaskan","author":"eveapprill","date":"9 March 2025","format":false,"excerpt":"BALSAM POPLAR \u00abAn\u00e9mie \u00bb \u00c9motionnel et sexuelle r\u00e9sultant la plupart du temps un choc traumatisme, voil\u00e0 manque de stabilit\u00e9.Permet la lib\u00e9ration de tensions physiques et \u00e9motionnelles associ\u00e9es \u00e0 un traumatisme sexuel ; \u00e9quilibre et contribue \u00e0 ancrer notre \u00e9nergie sexuelle.","rel":"","context":"Similar post","block_context":{"text":"Similar post","link":""},"img":{"alt_text":"","src":"https:\/\/i0.wp.com\/artstella-elixirs-floraux.com\/wp-content\/uploads\/2025\/03\/wp-image39.webp?resize=350%2C200&ssl=1","width":350,"height":200},"classes":[]}],"_links":{"self":[{"href":"https:\/\/artstella-elixirs-floraux.com\/en\/wp-json\/wp\/v2\/product\/5548","targetHints":{"allow":["GET"]}}],"collection":[{"href":"https:\/\/artstella-elixirs-floraux.com\/en\/wp-json\/wp\/v2\/product"}],"about":[{"href":"https:\/\/artstella-elixirs-floraux.com\/en\/wp-json\/wp\/v2\/types\/product"}],"version-history":[{"count":0,"href":"https:\/\/artstella-elixirs-floraux.com\/en\/wp-json\/wp\/v2\/product\/5548\/revisions"}],"wp:featuredmedia":[{"embeddable":true,"href":"https:\/\/artstella-elixirs-floraux.com\/en\/wp-json\/wp\/v2\/media\/5549"}],"wp:attachment":[{"href":"https:\/\/artstella-elixirs-floraux.com\/en\/wp-json\/wp\/v2\/media?parent=5548"}],"wp:term":[{"taxonomy":"product_brand","embeddable":true,"href":"https:\/\/artstella-elixirs-floraux.com\/en\/wp-json\/wp\/v2\/product_brand?post=5548"},{"taxonomy":"product_cat","embeddable":true,"href":"https:\/\/artstella-elixirs-floraux.com\/en\/wp-json\/wp\/v2\/product_cat?post=5548"},{"taxonomy":"product_tag","embeddable":true,"href":"https:\/\/artstella-elixirs-floraux.com\/en\/wp-json\/wp\/v2\/product_tag?post=5548"}],"curies":[{"name":"wp","href":"https:\/\/api.w.org\/{rel}","templated":true}]}}