{"id":5558,"date":"2025-03-09T13:45:02","date_gmt":"2025-03-09T13:45:02","guid":{"rendered":"https:\/\/artstella-elixirs-floraux.com\/product\/orchidee-red-helmet-15ml-corybas-dilatatus\/"},"modified":"2025-04-30T20:50:58","modified_gmt":"2025-04-30T20:50:58","slug":"orchidee-red-helmet-15ml-corybas-dilatatus","status":"publish","type":"product","link":"https:\/\/artstella-elixirs-floraux.com\/en\/product\/orchidee-red-helmet-15ml-corybas-dilatatus\/","title":{"rendered":"Orchid\u00e9e RED HELMET 15ml Corybas dilatatus"},"content":{"rendered":"<div>\n<table cellspacing=\"0\" cellpadding=\"0\" align=\"left\">\n<tbody>\n<tr>\n<td align=\"left\" valign=\"top\">\n<p><strong>Orchid\u00e9e RED HELMET <\/strong><em>Corybas dilatatus<\/em><strong><\/strong><\/p>\n<\/td>\n<\/tr>\n<\/tbody>\n<\/table>\n<\/div>\n<div>\u00a0<\/div>\n<div>\u00a0<\/div>\n<p>Pour les personnes rebelles, \u00e9go\u00efstes, ayant des probl\u00e8mes avec la figure de l\u2019autorit\u00e9 provenant d\u2019une mauvaise relation avec leur propre p\u00e8re. Cet \u00e9lixir aide \u00e0 cr\u00e9er des liens avec ses enfants, dans la sensibilit\u00e9 et le respect. Souvent ces personnes peuvent pr\u00e9senter un caract\u00e8re explosif, ou une attitude de \u201ct\u00eate-br\u00fbl\u00e9e\u201d.<\/p>","protected":false},"excerpt":{"rendered":"<div>\n<table cellspacing=\"0\" cellpadding=\"0\" align=\"left\">\n<tbody>\n<tr>\n<td align=\"left\" valign=\"top\">\n<p><strong>Orchid\u00e9e RED HELMET <\/strong><em>Corybas dilatatus<\/em><strong><\/strong><\/p>\n<\/td>\n<\/tr>\n<\/tbody>\n<\/table>\n<\/div>\n<div>\u00a0<\/div>\n<div>\u00a0<\/div>\n<p>Pour les personnes rebelles, \u00e9go\u00efstes, ayant des probl\u00e8mes avec la figure de l\u2019autorit\u00e9 provenant d\u2019une mauvaise relation avec leur propre p\u00e8re.\u00a0<\/p>","protected":false},"featured_media":5559,"template":"","meta":[],"product_brand":[],"product_cat":[139],"product_tag":[],"class_list":{"0":"post-5558","1":"product","2":"type-product","3":"status-publish","4":"has-post-thumbnail","6":"product_cat-les-fleurs-andiness-upplementaires-compose","8":"first","9":"instock","10":"taxable","11":"shipping-taxable","12":"purchasable","13":"product-type-simple"},"etheme_brands":{"errors":{"invalid_taxonomy":["Invalid taxonomy."]},"error_data":[]},"jetpack_sharing_enabled":true,"jetpack-related-posts":[{"id":12273,"url":"https:\/\/artstella-elixirs-floraux.com\/en\/product\/11-orchidee-casque-rouge-red-helmet-corybas-dilatatus-sylfos\/","url_meta":{"origin":5558,"position":0},"title":"11. ORCHID\u00c9E CASQUE ROUGE \/ RED HELMET Corybas dilatatus Sylfos","author":"eveapprill","date":"13 March 2026","format":false,"excerpt":"\u00c9lixir de\u00a0gu\u00e9rison du p\u00e8re et d\u2019int\u00e9gration du masculin int\u00e9rieur. Favorise respect, autorit\u00e9 saine, maturit\u00e9 \u00e9motionnelle et relations \u00e9quilibr\u00e9es avec les figures d\u2019autorit\u00e9.","rel":"","context":"Similar post","block_context":{"text":"Similar post","link":""},"img":{"alt_text":"","src":"https:\/\/i0.wp.com\/artstella-elixirs-floraux.com\/wp-content\/uploads\/2026\/03\/11_Red-Helmet-Casco-Rojo-.png?resize=350%2C200&ssl=1","width":350,"height":200,"srcset":"https:\/\/i0.wp.com\/artstella-elixirs-floraux.com\/wp-content\/uploads\/2026\/03\/11_Red-Helmet-Casco-Rojo-.png?resize=350%2C200&ssl=1 1x, https:\/\/i0.wp.com\/artstella-elixirs-floraux.com\/wp-content\/uploads\/2026\/03\/11_Red-Helmet-Casco-Rojo-.png?resize=525%2C300&ssl=1 1.5x, https:\/\/i0.wp.com\/artstella-elixirs-floraux.com\/wp-content\/uploads\/2026\/03\/11_Red-Helmet-Casco-Rojo-.png?resize=700%2C400&ssl=1 2x, https:\/\/i0.wp.com\/artstella-elixirs-floraux.com\/wp-content\/uploads\/2026\/03\/11_Red-Helmet-Casco-Rojo-.png?resize=1050%2C600&ssl=1 3x"},"classes":[]},{"id":4456,"url":"https:\/\/artstella-elixirs-floraux.com\/en\/product\/red-helmet-orchid-15-ml-bush\/","url_meta":{"origin":5558,"position":1},"title":"RED HELMET ORCHID 15 ML BUSH","author":"eveapprill","date":"9 March 2025","format":false,"excerpt":"Red Helmet Orchid Probl\u00e8mes non r\u00e9solus avec le p\u00e8re, r\u00e9bellion, probl\u00e8me avec l\u2019autorit\u00e9. Nouer des liens entre p\u00e8re et enfant, sensibilit\u00e9, respect.","rel":"","context":"Similar post","block_context":{"text":"Similar post","link":""},"img":{"alt_text":"","src":"https:\/\/i0.wp.com\/artstella-elixirs-floraux.com\/wp-content\/uploads\/2025\/03\/wp-image1058.png?resize=350%2C200&ssl=1","width":350,"height":200},"classes":[]},{"id":2739,"url":"https:\/\/artstella-elixirs-floraux.com\/en\/product\/relationship-relationnel-bush-30ml\/","url_meta":{"origin":5558,"position":2},"title":"RELATIONSHIP Relationnel BUSH 30ml","author":"eveapprill","date":"9 March 2025","format":false,"excerpt":"Relationship -\u00a0Relationnel Aide \u00e0 am\u00e9liorer toutes les relations surtout les plus intimes. Il abolit le ressentiment et permet de donner libre cours \u00e0 ses \u00e9motions. Il supprime la confusion, la douleur et l'agitation caus\u00e9es par des relations tumultueuses.","rel":"","context":"Similar post","block_context":{"text":"Similar post","link":""},"img":{"alt_text":"","src":"https:\/\/i0.wp.com\/artstella-elixirs-floraux.com\/wp-content\/uploads\/2025\/03\/b36d3ca3-6343-487b-82d9-c5955e421302.jpg?resize=350%2C200&ssl=1","width":350,"height":200,"srcset":"https:\/\/i0.wp.com\/artstella-elixirs-floraux.com\/wp-content\/uploads\/2025\/03\/b36d3ca3-6343-487b-82d9-c5955e421302.jpg?resize=350%2C200&ssl=1 1x, https:\/\/i0.wp.com\/artstella-elixirs-floraux.com\/wp-content\/uploads\/2025\/03\/b36d3ca3-6343-487b-82d9-c5955e421302.jpg?resize=525%2C300&ssl=1 1.5x, https:\/\/i0.wp.com\/artstella-elixirs-floraux.com\/wp-content\/uploads\/2025\/03\/b36d3ca3-6343-487b-82d9-c5955e421302.jpg?resize=700%2C400&ssl=1 2x"},"classes":[]},{"id":5570,"url":"https:\/\/artstella-elixirs-floraux.com\/en\/product\/saguaro-15-ml-sylfos\/","url_meta":{"origin":5558,"position":3},"title":"SAGUARO 15 ML SYLFOS","author":"eveapprill","date":"9 March 2025","format":false,"excerpt":"SAGUARO Carnegiea giganta \u00a0 \u00a0 Repr\u00e9sente le pouvoir et l\u2019autorit\u00e9. Pour les personnes en conflit avec les figures d\u2019autorit\u00e9. Ces personnes ont du mal \u00e0 distinguer les aspects positifs de l\u2019autorit\u00e9,","rel":"","context":"Similar post","block_context":{"text":"Similar post","link":""},"img":{"alt_text":"","src":"","width":0,"height":0},"classes":[]},{"id":12257,"url":"https:\/\/artstella-elixirs-floraux.com\/en\/product\/7-orchidee-de-lumiere-sobralia-dichotoma-sylfos\/","url_meta":{"origin":5558,"position":4},"title":"07. ORCHID\u00c9E DE LUMI\u00c8RE Sobralia dichotoma Sylfos","author":"eveapprill","date":"13 March 2026","format":false,"excerpt":"\u00c9lixir d\u2019ancrage de la lumi\u00e8re spirituelle. Clarifie la conscience, stabilise l\u2019\u00e9veil int\u00e9rieur et harmonise la relation entre ciel et terre.","rel":"","context":"Similar post","block_context":{"text":"Similar post","link":""},"img":{"alt_text":"","src":"https:\/\/i0.wp.com\/artstella-elixirs-floraux.com\/wp-content\/uploads\/2026\/03\/7_LUZ_-WEB.png?resize=350%2C200&ssl=1","width":350,"height":200},"classes":[]},{"id":6182,"url":"https:\/\/artstella-elixirs-floraux.com\/en\/product\/men-homme-bush-australien-30ml\/","url_meta":{"origin":5558,"position":5},"title":"MEN &#8211; \u00ab\u00a0Homme\u00a0\u00bb Bush Australien 30ml","author":"eveapprill","date":"9 March 2025","format":false,"excerpt":"MEN Pour les homes toujours sur la br\u00e8che, ce qui peut conduire \u00e0 de l\u2019impatience et de l\u2019irritabilit\u00e9. Pour ressentir et exprimer ses sentiments. \u00a0","rel":"","context":"Similar post","block_context":{"text":"Similar post","link":""},"img":{"alt_text":"","src":"https:\/\/i0.wp.com\/artstella-elixirs-floraux.com\/wp-content\/uploads\/2025\/03\/wp-image2185.png?resize=350%2C200&ssl=1","width":350,"height":200,"srcset":"https:\/\/i0.wp.com\/artstella-elixirs-floraux.com\/wp-content\/uploads\/2025\/03\/wp-image2185.png?resize=350%2C200&ssl=1 1x, https:\/\/i0.wp.com\/artstella-elixirs-floraux.com\/wp-content\/uploads\/2025\/03\/wp-image2185.png?resize=525%2C300&ssl=1 1.5x, https:\/\/i0.wp.com\/artstella-elixirs-floraux.com\/wp-content\/uploads\/2025\/03\/wp-image2185.png?resize=700%2C400&ssl=1 2x"},"classes":[]}],"_links":{"self":[{"href":"https:\/\/artstella-elixirs-floraux.com\/en\/wp-json\/wp\/v2\/product\/5558","targetHints":{"allow":["GET"]}}],"collection":[{"href":"https:\/\/artstella-elixirs-floraux.com\/en\/wp-json\/wp\/v2\/product"}],"about":[{"href":"https:\/\/artstella-elixirs-floraux.com\/en\/wp-json\/wp\/v2\/types\/product"}],"version-history":[{"count":0,"href":"https:\/\/artstella-elixirs-floraux.com\/en\/wp-json\/wp\/v2\/product\/5558\/revisions"}],"wp:featuredmedia":[{"embeddable":true,"href":"https:\/\/artstella-elixirs-floraux.com\/en\/wp-json\/wp\/v2\/media\/5559"}],"wp:attachment":[{"href":"https:\/\/artstella-elixirs-floraux.com\/en\/wp-json\/wp\/v2\/media?parent=5558"}],"wp:term":[{"taxonomy":"product_brand","embeddable":true,"href":"https:\/\/artstella-elixirs-floraux.com\/en\/wp-json\/wp\/v2\/product_brand?post=5558"},{"taxonomy":"product_cat","embeddable":true,"href":"https:\/\/artstella-elixirs-floraux.com\/en\/wp-json\/wp\/v2\/product_cat?post=5558"},{"taxonomy":"product_tag","embeddable":true,"href":"https:\/\/artstella-elixirs-floraux.com\/en\/wp-json\/wp\/v2\/product_tag?post=5558"}],"curies":[{"name":"wp","href":"https:\/\/api.w.org\/{rel}","templated":true}]}}