{"id":5564,"date":"2025-03-09T13:45:05","date_gmt":"2025-03-09T13:45:05","guid":{"rendered":"https:\/\/artstella-elixirs-floraux.com\/product\/plantain-sylfos-15-ml\/"},"modified":"2025-04-30T20:50:57","modified_gmt":"2025-04-30T20:50:57","slug":"plantain-sylfos-15-ml","status":"publish","type":"product","link":"https:\/\/artstella-elixirs-floraux.com\/en\/product\/plantain-sylfos-15-ml\/","title":{"rendered":"PLANTAIN SYLFOS 15 ML"},"content":{"rendered":"<div>\n<table cellspacing=\"0\" cellpadding=\"0\" align=\"left\">\n<tbody>\n<tr>\n<td align=\"left\" valign=\"top\">\n<p><strong>PLANTAIN <\/strong>\u00a0<em>Plantago mayor<\/em><\/p>\n<p>Pour augmenter l\u2019auto-valorisation et l\u2019auto-acceptation.<\/p>\n<\/td>\n<\/tr>\n<\/tbody>\n<\/table>\n<\/div>\n<p>\u00a0<\/p>\n<p>\u00a0<\/p>\n<p>\u00a0<\/p>\n<p>Afin de nous lib\u00e9rer des blocages mentaux <em>(amertume, ressentiments, pens\u00e9es n\u00e9gatives)<\/em> et \u00e0 l\u00e2cher la n\u00e9gativit\u00e9 car elle n\u2019est qu\u2019un obstacle au bien-\u00eatre.<\/p>","protected":false},"excerpt":{"rendered":"<div>\n<table cellspacing=\"0\" cellpadding=\"0\" align=\"left\">\n<tbody>\n<tr>\n<td align=\"left\" valign=\"top\">\n<p><strong>PLANTAIN <\/strong>\u00a0<em>Plantago mayor<\/em><\/p>\n<p>Pour augmenter l\u2019auto-valorisation et l\u2019auto-acceptation.<\/p>\n<\/td>\n<\/tr>\n<\/tbody>\n<\/table>\n<\/div>\n<div>\u00a0<\/div>\n<div>\u00a0<\/div>\n<div>\u00a0<\/div>\n<div>\u00a0<\/div>\n<p>Afin de nous lib\u00e9rer des blocages mentaux <em>(amertume, ressentiments, pens\u00e9es n\u00e9gatives)<\/em> et \u00e0 l\u00e2cher la n\u00e9gativit\u00e9 car elle n\u2019est qu\u2019un obstacle au bien-\u00eatre.<\/p>","protected":false},"featured_media":5565,"template":"","meta":[],"product_brand":[],"product_cat":[139],"product_tag":[],"class_list":{"0":"post-5564","1":"product","2":"type-product","3":"status-publish","4":"has-post-thumbnail","6":"product_cat-les-fleurs-andiness-upplementaires-compose","8":"first","9":"instock","10":"taxable","11":"shipping-taxable","12":"purchasable","13":"product-type-simple"},"etheme_brands":{"errors":{"invalid_taxonomy":["Invalid taxonomy."]},"error_data":[]},"jetpack_sharing_enabled":true,"jetpack-related-posts":[{"id":6266,"url":"https:\/\/artstella-elixirs-floraux.com\/en\/product\/arbol-de-josue-15-ml-sylfos\/","url_meta":{"origin":5564,"position":0},"title":"ARBOL DE JOSUE 15 ML SYLFOS","author":"eveapprill","date":"9 March 2025","format":false,"excerpt":"Arbre de Josue Lib\u00e9ration des sch\u00e9mas h\u00e9rit\u00e9s - Karma g\u00e9n\u00e9rationnel Gu\u00e9rir son propre arbre g\u00e9n\u00e9rationnel, se lib\u00e9rer des sch\u00e9mas h\u00e9rit\u00e9s g\u00e9n\u00e9ration apr\u00e8s g\u00e9n\u00e9ration, sans renier ses origines. Permet d'int\u00e9grer l'h\u00e9ritage, la lign\u00e9e, sans \u00eatre esclave des traditions familiales.","rel":"","context":"Similar post","block_context":{"text":"Similar post","link":""},"img":{"alt_text":"","src":"https:\/\/i0.wp.com\/artstella-elixirs-floraux.com\/wp-content\/uploads\/2025\/03\/wp-image2223.png?resize=350%2C200&ssl=1","width":350,"height":200},"classes":[]},{"id":5172,"url":"https:\/\/artstella-elixirs-floraux.com\/en\/product\/rascasse-volante-15-ml-phi\/","url_meta":{"origin":5564,"position":1},"title":"RASCASSE VOLANTE 15 ML PHI","author":"eveapprill","date":"9 March 2025","format":false,"excerpt":"Rascasse volante\u00a0\u00a0 (Pterois miles) Rotfeuerfisch\u00a0\u00a0 Ce poisson venimeux peut parfois s\u2019av\u00e9rer mortel pour les humains. L\u2019\u00e9lixir soutient \u00e9nerg\u00e9tiquement la d\u00e9toxification de tout l\u2019organisme, en soutenant notamment les reins et le foie.","rel":"","context":"Similar post","block_context":{"text":"Similar post","link":""},"img":{"alt_text":"","src":"","width":0,"height":0},"classes":[]},{"id":4022,"url":"https:\/\/artstella-elixirs-floraux.com\/en\/product\/cola-de-zorro-15-ml-sylfos\/","url_meta":{"origin":5564,"position":2},"title":"COLA DE ZORRO \/ HERBE DE LA PAMPA SYLFOS","author":"eveapprill","date":"9 March 2025","format":false,"excerpt":"COLA DE ZORRO Cortaderia araucana Purification et \u00e9quilibre des \u00e9motions Aide \u00e0 se lib\u00e9rer des \u00e9motions n\u00e9gatives et \u00e0 surmonter la d\u00e9tresse \u00e9motionnelle, l\u2019amertume, la frustration, la haine\u2026","rel":"","context":"Similar post","block_context":{"text":"Similar post","link":""},"img":{"alt_text":"","src":"","width":0,"height":0},"classes":[]},{"id":3017,"url":"https:\/\/artstella-elixirs-floraux.com\/en\/product\/lapislazuli-phi-15-ml\/","url_meta":{"origin":5564,"position":3},"title":"LAPISLAZULI PHI 15 ML","author":"eveapprill","date":"9 March 2025","format":false,"excerpt":"Lapis-Lazuli (Lapis-lazuli) Pour l'apaisement, l'intuition, la clarification. Aide \u00e0 la lib\u00e9ration des blocages. Prot\u00e8ge de la n\u00e9gativit\u00e9 et renforce la serviabilit\u00e9 et la bont\u00e9.","rel":"","context":"Similar post","block_context":{"text":"Similar post","link":""},"img":{"alt_text":"","src":"https:\/\/i0.wp.com\/artstella-elixirs-floraux.com\/wp-content\/uploads\/2025\/03\/wp-image635.png?resize=350%2C200&ssl=1","width":350,"height":200,"srcset":"https:\/\/i0.wp.com\/artstella-elixirs-floraux.com\/wp-content\/uploads\/2025\/03\/wp-image635.png?resize=350%2C200&ssl=1 1x, https:\/\/i0.wp.com\/artstella-elixirs-floraux.com\/wp-content\/uploads\/2025\/03\/wp-image635.png?resize=525%2C300&ssl=1 1.5x"},"classes":[]},{"id":3657,"url":"https:\/\/artstella-elixirs-floraux.com\/en\/product\/53-sacral-release-ltoe-15-ml\/","url_meta":{"origin":5564,"position":4},"title":"53. SACRAL RELEASE LTOE 15 ML","author":"eveapprill","date":"9 March 2025","format":false,"excerpt":"Sacral Release\/ Lib\u00e9ration sacrale V\u00e9hiculant s\u00e9curit\u00e9 et force, il soutient l'\u00e9nergie vitale qui aide au l\u00e2cher prise.","rel":"","context":"Similar post","block_context":{"text":"Similar post","link":""},"img":{"alt_text":"","src":"https:\/\/i0.wp.com\/artstella-elixirs-floraux.com\/wp-content\/uploads\/2025\/03\/6e154e2b-ecb4-4f43-bda7-dd59af754b4e.jpg?resize=350%2C200&ssl=1","width":350,"height":200,"srcset":"https:\/\/i0.wp.com\/artstella-elixirs-floraux.com\/wp-content\/uploads\/2025\/03\/6e154e2b-ecb4-4f43-bda7-dd59af754b4e.jpg?resize=350%2C200&ssl=1 1x, https:\/\/i0.wp.com\/artstella-elixirs-floraux.com\/wp-content\/uploads\/2025\/03\/6e154e2b-ecb4-4f43-bda7-dd59af754b4e.jpg?resize=525%2C300&ssl=1 1.5x, https:\/\/i0.wp.com\/artstella-elixirs-floraux.com\/wp-content\/uploads\/2025\/03\/6e154e2b-ecb4-4f43-bda7-dd59af754b4e.jpg?resize=700%2C400&ssl=1 2x"},"classes":[]},{"id":6219,"url":"https:\/\/artstella-elixirs-floraux.com\/en\/product\/elixir-ocean-n-30-phi-15ml\/","url_meta":{"origin":5564,"position":5},"title":"ELIXIR OCEAN N\u00b0 30 PHI 15ml","author":"eveapprill","date":"9 March 2025","format":false,"excerpt":"\u00a0ELIXIR OCEAN N\u00b0 30\u00a0 favorise la clart\u00e9 et les processus de nettoyage.\u00a0 Des informations qui ne nous appartiennent pas peuvent \u00eatre \u00e9limin\u00e9es. Agit \u00e9nerg\u00e9tiquement sur la lymphe et la miction. Action puissante de r\u00e9g\u00e9n\u00e9ration. Au plan mental, aide \u00e0 clarifier les pens\u00e9es et \u00e0 nous lib\u00e9rer d\u2019un trop plein d\u2019informations.\u00a0","rel":"","context":"Similar post","block_context":{"text":"Similar post","link":""},"img":{"alt_text":"","src":"","width":0,"height":0},"classes":[]}],"_links":{"self":[{"href":"https:\/\/artstella-elixirs-floraux.com\/en\/wp-json\/wp\/v2\/product\/5564","targetHints":{"allow":["GET"]}}],"collection":[{"href":"https:\/\/artstella-elixirs-floraux.com\/en\/wp-json\/wp\/v2\/product"}],"about":[{"href":"https:\/\/artstella-elixirs-floraux.com\/en\/wp-json\/wp\/v2\/types\/product"}],"version-history":[{"count":0,"href":"https:\/\/artstella-elixirs-floraux.com\/en\/wp-json\/wp\/v2\/product\/5564\/revisions"}],"wp:featuredmedia":[{"embeddable":true,"href":"https:\/\/artstella-elixirs-floraux.com\/en\/wp-json\/wp\/v2\/media\/5565"}],"wp:attachment":[{"href":"https:\/\/artstella-elixirs-floraux.com\/en\/wp-json\/wp\/v2\/media?parent=5564"}],"wp:term":[{"taxonomy":"product_brand","embeddable":true,"href":"https:\/\/artstella-elixirs-floraux.com\/en\/wp-json\/wp\/v2\/product_brand?post=5564"},{"taxonomy":"product_cat","embeddable":true,"href":"https:\/\/artstella-elixirs-floraux.com\/en\/wp-json\/wp\/v2\/product_cat?post=5564"},{"taxonomy":"product_tag","embeddable":true,"href":"https:\/\/artstella-elixirs-floraux.com\/en\/wp-json\/wp\/v2\/product_tag?post=5564"}],"curies":[{"name":"wp","href":"https:\/\/api.w.org\/{rel}","templated":true}]}}