{"id":5566,"date":"2025-03-09T13:45:07","date_gmt":"2025-03-09T13:45:07","guid":{"rendered":"https:\/\/artstella-elixirs-floraux.com\/product\/ravenelle-sylfos-15-ml\/"},"modified":"2025-06-08T12:49:57","modified_gmt":"2025-06-08T12:49:57","slug":"ravenelle-sylfos-15-ml","status":"publish","type":"product","link":"https:\/\/artstella-elixirs-floraux.com\/en\/product\/ravenelle-sylfos-15-ml\/","title":{"rendered":"RAVENELLE SYLFOS 15 ML"},"content":{"rendered":"<div>\n<table cellspacing=\"0\" cellpadding=\"0\" align=\"left\">\n<tbody>\n<tr>\n<td align=\"left\" valign=\"top\">\n<p><strong>RAVENELLE\u00a0 <\/strong><em>Raphanus raphanistrum<strong> RABANO<\/strong><\/em><strong><\/strong><\/p>\n<\/td>\n<\/tr>\n<\/tbody>\n<\/table>\n<\/div>\n<div>\u00a0<\/div>\n<div>\u00a0<\/div>\n<div>\u00a0<\/div>\n<p>Pour gu\u00e9rir les blessures dans la relation avec le p\u00e8re ou l\u2019image masculine. Pour d\u00e9passer les sentiments d\u2019ins\u00e9curit\u00e9, d\u2019auto-lamentation, d\u2019autocritique destructive, d\u2019auto-ch\u00e2timent, de sentiment de laideur ou d\u2019impuret\u00e9. Pour la peur de l\u2019exclusion, de parler, de se sentir indigne de l\u2019amour paternel l\u2019\u00e9lixir augmente la force de vie, l\u2019\u00e9nergie Yang et ouvre les centres \u00e9nerg\u00e9tiques inf\u00e9rieurs.<\/p>","protected":false},"excerpt":{"rendered":"<div>\n<table cellspacing=\"0\" cellpadding=\"0\" align=\"left\">\n<tbody>\n<tr>\n<td align=\"left\" valign=\"top\">\n<p><strong>RAVENELLE\u00a0 <\/strong><em>Raphanus raphanistrum<strong> RABANO<\/strong><\/em><strong><\/strong><\/p>\n<\/td>\n<\/tr>\n<\/tbody>\n<\/table>\n<\/div>\n<div>\u00a0<\/div>\n<div>\u00a0<\/div>\n<p>Pour gu\u00e9rir les blessures dans la relation avec le p\u00e8re ou l\u2019image masculine.<\/p>","protected":false},"featured_media":5567,"template":"","meta":[],"product_brand":[],"product_cat":[139],"product_tag":[],"class_list":{"0":"post-5566","1":"product","2":"type-product","3":"status-publish","4":"has-post-thumbnail","6":"product_cat-les-fleurs-andiness-upplementaires-compose","8":"first","9":"instock","10":"taxable","11":"shipping-taxable","12":"purchasable","13":"product-type-simple"},"etheme_brands":{"errors":{"invalid_taxonomy":["Invalid taxonomy."]},"error_data":[]},"jetpack_sharing_enabled":true,"jetpack-related-posts":[{"id":4900,"url":"https:\/\/artstella-elixirs-floraux.com\/en\/product\/comfrey-alaskan-f-sup\/","url_meta":{"origin":5566,"position":0},"title":"COMFREY ALASKAN F SUP","author":"eveapprill","date":"9 March 2025","format":false,"excerpt":"COMFREY Indications : conscience du corps faible ; traumatismes non r\u00e9solus et les blessures du pass\u00e9 ; Difficult\u00e9 \u00e0 gu\u00e9rir de vieilles blessures ; perte d'\u00e9nergie sans raison apparente.","rel":"","context":"Similar post","block_context":{"text":"Similar post","link":""},"img":{"alt_text":"","src":"https:\/\/i0.wp.com\/artstella-elixirs-floraux.com\/wp-content\/uploads\/2025\/03\/wp-image1380.png?resize=350%2C200&ssl=1","width":350,"height":200},"classes":[]},{"id":5085,"url":"https:\/\/artstella-elixirs-floraux.com\/en\/product\/larimar-30ml-alas-gem-sup\/","url_meta":{"origin":5566,"position":1},"title":"LARIMAR 30ML ALAS GEM SUP","author":"eveapprill","date":"9 March 2025","format":false,"excerpt":"Larimar \u2013 Larimar Indication : manqu\u00e9 de nourriture et de r\u00e9confort\u00a0; ne se sent pas en s\u00e9curit\u00e9 ou soutenu dans ses relations\u00a0; conflit et disharmonie entre le masculin et le f\u00e9minin int\u00e9rieur","rel":"","context":"Similar post","block_context":{"text":"Similar post","link":""},"img":{"alt_text":"","src":"https:\/\/i0.wp.com\/artstella-elixirs-floraux.com\/wp-content\/uploads\/2025\/03\/wp-image1413.png?resize=350%2C200&ssl=1","width":350,"height":200},"classes":[]},{"id":2307,"url":"https:\/\/artstella-elixirs-floraux.com\/en\/product\/sunflower-alaskan\/","url_meta":{"origin":5566,"position":2},"title":"Sunflower Alaskan","author":"eveapprill","date":"9 March 2025","format":false,"excerpt":"Sunflower. Helianthus annuala., Tournesol D\u00e9s\u00e9quilibre de l'\u00e9nergie masculine chez l'homme ou la femme, lien trop faible ou dysfonctionnel au p\u00e8re, ou \u00e0 notre propre identit\u00e9 en tant que p\u00e8re.","rel":"","context":"Similar post","block_context":{"text":"Similar post","link":""},"img":{"alt_text":"Les Elixirs Floraux","src":"https:\/\/i0.wp.com\/artstella-elixirs-floraux.com\/wp-content\/uploads\/2025\/03\/wp-image590.png?resize=350%2C200&ssl=1","width":350,"height":200},"classes":[]},{"id":1961,"url":"https:\/\/artstella-elixirs-floraux.com\/en\/product\/hippopotamus-calf-30ml-wea\/","url_meta":{"origin":5566,"position":3},"title":"HIPPOPOTAMUS CALF 30ML WEA","author":"eveapprill","date":"9 September 2025","format":false,"excerpt":"Hippopotamus Calf (b\u00e9b\u00e9 hippopotame) apporte la chaleur nourrici\u00e8re n\u00e9cessaire pour ressentir et exprimer les sentiments cach\u00e9s au fond de nous suite aux blessures de l\u2019enfance. Nous aide \u00e0 nous connecter avec, ressentir et exprimer les sentiments r\u00e9prim\u00e9s suite \u00e0 des blessures\/traumatismes du pass\u00e9 qui doivent \u00eatre lib\u00e9r\u00e9s pour que la\u2026","rel":"","context":"Similar post","block_context":{"text":"Similar post","link":""},"img":{"alt_text":"","src":"https:\/\/i0.wp.com\/artstella-elixirs-floraux.com\/wp-content\/uploads\/2025\/05\/Hippocalf.jpg?resize=350%2C200&ssl=1","width":350,"height":200,"srcset":"https:\/\/i0.wp.com\/artstella-elixirs-floraux.com\/wp-content\/uploads\/2025\/05\/Hippocalf.jpg?resize=350%2C200&ssl=1 1x, https:\/\/i0.wp.com\/artstella-elixirs-floraux.com\/wp-content\/uploads\/2025\/05\/Hippocalf.jpg?resize=525%2C300&ssl=1 1.5x, https:\/\/i0.wp.com\/artstella-elixirs-floraux.com\/wp-content\/uploads\/2025\/05\/Hippocalf.jpg?resize=700%2C400&ssl=1 2x"},"classes":[]},{"id":12273,"url":"https:\/\/artstella-elixirs-floraux.com\/en\/product\/11-orchidee-casque-rouge-red-helmet-corybas-dilatatus-sylfos\/","url_meta":{"origin":5566,"position":4},"title":"11. ORCHID\u00c9E CASQUE ROUGE \/ RED HELMET Corybas dilatatus Sylfos","author":"eveapprill","date":"13 March 2026","format":false,"excerpt":"\u00c9lixir de\u00a0gu\u00e9rison du p\u00e8re et d\u2019int\u00e9gration du masculin int\u00e9rieur. Favorise respect, autorit\u00e9 saine, maturit\u00e9 \u00e9motionnelle et relations \u00e9quilibr\u00e9es avec les figures d\u2019autorit\u00e9.","rel":"","context":"Similar post","block_context":{"text":"Similar post","link":""},"img":{"alt_text":"","src":"https:\/\/i0.wp.com\/artstella-elixirs-floraux.com\/wp-content\/uploads\/2026\/03\/11_Red-Helmet-Casco-Rojo-.png?resize=350%2C200&ssl=1","width":350,"height":200,"srcset":"https:\/\/i0.wp.com\/artstella-elixirs-floraux.com\/wp-content\/uploads\/2026\/03\/11_Red-Helmet-Casco-Rojo-.png?resize=350%2C200&ssl=1 1x, https:\/\/i0.wp.com\/artstella-elixirs-floraux.com\/wp-content\/uploads\/2026\/03\/11_Red-Helmet-Casco-Rojo-.png?resize=525%2C300&ssl=1 1.5x, https:\/\/i0.wp.com\/artstella-elixirs-floraux.com\/wp-content\/uploads\/2026\/03\/11_Red-Helmet-Casco-Rojo-.png?resize=700%2C400&ssl=1 2x, https:\/\/i0.wp.com\/artstella-elixirs-floraux.com\/wp-content\/uploads\/2026\/03\/11_Red-Helmet-Casco-Rojo-.png?resize=1050%2C600&ssl=1 3x"},"classes":[]},{"id":4876,"url":"https:\/\/artstella-elixirs-floraux.com\/en\/product\/bleeding-heart-alaskan\/","url_meta":{"origin":5566,"position":5},"title":"BLEEDING HEART ALASKAN","author":"eveapprill","date":"9 March 2025","format":false,"excerpt":"BLEEDING HEART Indications : sentiment rejet\u00e9 par l'individu ; coeur ferm\u00e9 aux autres ; manque de compassion pour nous-m\u00eames et les autres ; divisions dans nos relations.","rel":"","context":"Similar post","block_context":{"text":"Similar post","link":""},"img":{"alt_text":"","src":"https:\/\/i0.wp.com\/artstella-elixirs-floraux.com\/wp-content\/uploads\/2025\/03\/wp-image1374.png?resize=350%2C200&ssl=1","width":350,"height":200},"classes":[]}],"_links":{"self":[{"href":"https:\/\/artstella-elixirs-floraux.com\/en\/wp-json\/wp\/v2\/product\/5566","targetHints":{"allow":["GET"]}}],"collection":[{"href":"https:\/\/artstella-elixirs-floraux.com\/en\/wp-json\/wp\/v2\/product"}],"about":[{"href":"https:\/\/artstella-elixirs-floraux.com\/en\/wp-json\/wp\/v2\/types\/product"}],"version-history":[{"count":0,"href":"https:\/\/artstella-elixirs-floraux.com\/en\/wp-json\/wp\/v2\/product\/5566\/revisions"}],"wp:featuredmedia":[{"embeddable":true,"href":"https:\/\/artstella-elixirs-floraux.com\/en\/wp-json\/wp\/v2\/media\/5567"}],"wp:attachment":[{"href":"https:\/\/artstella-elixirs-floraux.com\/en\/wp-json\/wp\/v2\/media?parent=5566"}],"wp:term":[{"taxonomy":"product_brand","embeddable":true,"href":"https:\/\/artstella-elixirs-floraux.com\/en\/wp-json\/wp\/v2\/product_brand?post=5566"},{"taxonomy":"product_cat","embeddable":true,"href":"https:\/\/artstella-elixirs-floraux.com\/en\/wp-json\/wp\/v2\/product_cat?post=5566"},{"taxonomy":"product_tag","embeddable":true,"href":"https:\/\/artstella-elixirs-floraux.com\/en\/wp-json\/wp\/v2\/product_tag?post=5566"}],"curies":[{"name":"wp","href":"https:\/\/api.w.org\/{rel}","templated":true}]}}