{"id":5568,"date":"2025-03-09T13:45:08","date_gmt":"2025-03-09T13:45:08","guid":{"rendered":"https:\/\/artstella-elixirs-floraux.com\/product\/rose-reine-du-danemark-sylfos-15-ml\/"},"modified":"2025-04-30T20:50:57","modified_gmt":"2025-04-30T20:50:57","slug":"rose-reine-du-danemark-sylfos-15-ml","status":"publish","type":"product","link":"https:\/\/artstella-elixirs-floraux.com\/en\/product\/rose-reine-du-danemark-sylfos-15-ml\/","title":{"rendered":"ROSE REINE DU DANEMARK SYLFOS 15 ML"},"content":{"rendered":"","protected":false},"excerpt":{"rendered":"<div>\n<table cellspacing=\"0\" cellpadding=\"0\" align=\"left\">\n<tbody>\n<tr>\n<td align=\"left\" valign=\"top\">\n<p><strong>ROSE KOENING VAN DAENMARK\u00a0 Rose Reine du Danemark<\/strong><\/p>\n<p><em>Rosa alaba<\/em><\/p>\n<\/td>\n<\/tr>\n<\/tbody>\n<\/table>\n<\/div>\n<div>\u00a0<\/div>\n<div>\u00a0<\/div>\n<div>\u00a0<\/div>\n<div>\u00a0<\/div>\n<p>Permet un l\u00e2cher prise face aux blessures \u00e9motionnelles. Guide vers la possibilit\u00e9 de donner et de recevoir l\u2019Amour, lib\u00e9rant ainsi notre c\u0153ur. Equilibre les activit\u00e9s des h\u00e9misph\u00e8res droit et gauche\u00a0 du cerveau.<\/p>","protected":false},"featured_media":5569,"template":"","meta":[],"product_brand":[],"product_cat":[139],"product_tag":[],"class_list":{"0":"post-5568","1":"product","2":"type-product","3":"status-publish","4":"has-post-thumbnail","6":"product_cat-les-fleurs-andiness-upplementaires-compose","8":"first","9":"instock","10":"taxable","11":"shipping-taxable","12":"purchasable","13":"product-type-simple"},"etheme_brands":{"errors":{"invalid_taxonomy":["Invalid taxonomy."]},"error_data":[]},"jetpack_sharing_enabled":true,"jetpack-related-posts":[{"id":3181,"url":"https:\/\/artstella-elixirs-floraux.com\/en\/product\/rose-reine-du-danemark-15ml-phi\/","url_meta":{"origin":5568,"position":0},"title":"ROSE REINE DU DANEMARK 15ML PHI","author":"eveapprill","date":"9 March 2025","format":false,"excerpt":"Reine du Danemark (Rosa alba) (K\u00f6nigin von D\u00e4nemark) Nous soutient en cas de blessures \u00e9motionnelles. Il nous aide \u00e0 sortir les \u00ab\u00a0\u00e9pines\u00a0\u00bb de notre c\u0153ur et \u00e0 nous lib\u00e9rer d'anciennes douleurs. Accompagne les processus de deuils.","rel":"","context":"Similar post","block_context":{"text":"Similar post","link":""},"img":{"alt_text":"","src":"https:\/\/i0.wp.com\/artstella-elixirs-floraux.com\/wp-content\/uploads\/2025\/03\/wp-image407.png?resize=350%2C200&ssl=1","width":350,"height":200},"classes":[]},{"id":4549,"url":"https:\/\/artstella-elixirs-floraux.com\/en\/product\/coffret-10-elixirs-de-roses-15ml-phi\/","url_meta":{"origin":5568,"position":1},"title":"COFFRET 10 ELIXIRS DE ROSES 15ml PHI","author":"eveapprill","date":"9 March 2025","format":false,"excerpt":"Contient les 10 \u00e9lixirs de roses\u00a0 une particularit\u00e9 dans le domaine des \u00e9lixirs floraux Rose du Japon, Rose pimprenelle, Rose sauvage, Rose rugueuse Sarah van Fleet, Rose rugueuse Souvenir de Phil\u00e9mon Cochet, Rose tib\u00e9taine, Rose verte, Rose reine du Danmark, Rose Provence.","rel":"","context":"Similar post","block_context":{"text":"Similar post","link":""},"img":{"alt_text":"","src":"https:\/\/i0.wp.com\/artstella-elixirs-floraux.com\/wp-content\/uploads\/2025\/03\/wp-image1160.png?resize=350%2C200&ssl=1","width":350,"height":200,"srcset":"https:\/\/i0.wp.com\/artstella-elixirs-floraux.com\/wp-content\/uploads\/2025\/03\/wp-image1160.png?resize=350%2C200&ssl=1 1x, https:\/\/i0.wp.com\/artstella-elixirs-floraux.com\/wp-content\/uploads\/2025\/03\/wp-image1160.png?resize=525%2C300&ssl=1 1.5x, https:\/\/i0.wp.com\/artstella-elixirs-floraux.com\/wp-content\/uploads\/2025\/03\/wp-image1160.png?resize=700%2C400&ssl=1 2x"},"classes":[]},{"id":3177,"url":"https:\/\/artstella-elixirs-floraux.com\/en\/product\/rose-verte-phi-15-ml-green-rose\/","url_meta":{"origin":5568,"position":2},"title":"ROSE VERTE PHI 15 ML Green rose","author":"eveapprill","date":"9 March 2025","format":false,"excerpt":"Rose verte (Rosa chinensis viridiflora) (Gr\u00fcne Rose) Green rose Quand nous nous sentons \u00e0 l'\u00e9troit et sous pression, l'\u00e9lixir nous aide \u00e0 nous d\u00e9tendre et \u00e0 retrouver la paix. Il agit en lib\u00e9rant et en \u00e9largissant le c\u0153ur.","rel":"","context":"Similar post","block_context":{"text":"Similar post","link":""},"img":{"alt_text":"","src":"https:\/\/i0.wp.com\/artstella-elixirs-floraux.com\/wp-content\/uploads\/2025\/03\/wp-image405.png?resize=350%2C200&ssl=1","width":350,"height":200},"classes":[]},{"id":3149,"url":"https:\/\/artstella-elixirs-floraux.com\/en\/product\/rose-du-japon-phi-15-ml\/","url_meta":{"origin":5568,"position":3},"title":"ROSE DU JAPON PHI 15 ML","author":"eveapprill","date":"9 March 2025","format":false,"excerpt":"Rose du Japon (Rosa roxbourghi) (Japanische Rose) Favorise la modestie et l'humilit\u00e9 en l'amour. La rose du Japon nous aide \u00e0 retrouver l'espoir dans l'amour. Nous apprenons \u00e0 garder une douce retenue et \u00e0 n'utiliser nos \u00e9pines qu'en cas de n\u00e9cessit\u00e9.","rel":"","context":"Similar post","block_context":{"text":"Similar post","link":""},"img":{"alt_text":"","src":"https:\/\/i0.wp.com\/artstella-elixirs-floraux.com\/wp-content\/uploads\/2025\/03\/wp-image398.png?resize=350%2C200&ssl=1","width":350,"height":200},"classes":[]},{"id":3153,"url":"https:\/\/artstella-elixirs-floraux.com\/en\/product\/rose-cannelle-phi-15-ml\/","url_meta":{"origin":5568,"position":4},"title":"ROSE CANNELLE PHI 15 ML","author":"eveapprill","date":"9 March 2025","format":false,"excerpt":"Rose cannelle (Rosa majalis) (Zimtrose) Redonne l'espoir quand nous ne trouvons plus d'issue. Elle nous ouvre \u00e0 de nouvelles rencontres. Cette rose nous aide \u00e0 gu\u00e9rir les blessures \u00e9motionnelles et permet de retrouver l'optimisme.","rel":"","context":"Similar post","block_context":{"text":"Similar post","link":""},"img":{"alt_text":"","src":"https:\/\/i0.wp.com\/artstella-elixirs-floraux.com\/wp-content\/uploads\/2025\/03\/wp-image399.png?resize=350%2C200&ssl=1","width":350,"height":200},"classes":[]},{"id":3185,"url":"https:\/\/artstella-elixirs-floraux.com\/en\/product\/rose-provence-15-ml-phi\/","url_meta":{"origin":5568,"position":5},"title":"ROSE PROVENCE 15 ML PHI","author":"eveapprill","date":"9 March 2025","format":false,"excerpt":"Rose de Provence (Rosa centifolia) (Provence Rose) Nous aide \u00e0 d\u00e9passer les obstacles apparents et relie le c\u0153ur \u00e0 la raison. Il apporte un \u00e9quilibre entre l\u2019esprit et les sentiments.","rel":"","context":"Similar post","block_context":{"text":"Similar post","link":""},"img":{"alt_text":"","src":"https:\/\/i0.wp.com\/artstella-elixirs-floraux.com\/wp-content\/uploads\/2025\/03\/wp-image406.png?resize=350%2C200&ssl=1","width":350,"height":200},"classes":[]}],"_links":{"self":[{"href":"https:\/\/artstella-elixirs-floraux.com\/en\/wp-json\/wp\/v2\/product\/5568","targetHints":{"allow":["GET"]}}],"collection":[{"href":"https:\/\/artstella-elixirs-floraux.com\/en\/wp-json\/wp\/v2\/product"}],"about":[{"href":"https:\/\/artstella-elixirs-floraux.com\/en\/wp-json\/wp\/v2\/types\/product"}],"version-history":[{"count":0,"href":"https:\/\/artstella-elixirs-floraux.com\/en\/wp-json\/wp\/v2\/product\/5568\/revisions"}],"wp:featuredmedia":[{"embeddable":true,"href":"https:\/\/artstella-elixirs-floraux.com\/en\/wp-json\/wp\/v2\/media\/5569"}],"wp:attachment":[{"href":"https:\/\/artstella-elixirs-floraux.com\/en\/wp-json\/wp\/v2\/media?parent=5568"}],"wp:term":[{"taxonomy":"product_brand","embeddable":true,"href":"https:\/\/artstella-elixirs-floraux.com\/en\/wp-json\/wp\/v2\/product_brand?post=5568"},{"taxonomy":"product_cat","embeddable":true,"href":"https:\/\/artstella-elixirs-floraux.com\/en\/wp-json\/wp\/v2\/product_cat?post=5568"},{"taxonomy":"product_tag","embeddable":true,"href":"https:\/\/artstella-elixirs-floraux.com\/en\/wp-json\/wp\/v2\/product_tag?post=5568"}],"curies":[{"name":"wp","href":"https:\/\/api.w.org\/{rel}","templated":true}]}}