{"id":5572,"date":"2025-03-09T13:45:10","date_gmt":"2025-03-09T13:45:10","guid":{"rendered":"https:\/\/artstella-elixirs-floraux.com\/product\/viperine-sylfos-15-ml\/"},"modified":"2025-04-30T20:50:57","modified_gmt":"2025-04-30T20:50:57","slug":"viperine-sylfos-15-ml","status":"publish","type":"product","link":"https:\/\/artstella-elixirs-floraux.com\/en\/product\/viperine-sylfos-15-ml\/","title":{"rendered":"VIPERINE SYLFOS 15 ML"},"content":{"rendered":"<div>\n<table cellspacing=\"0\" cellpadding=\"0\" align=\"left\">\n<tbody>\n<tr>\n<td align=\"left\" valign=\"top\">\n<p><strong>VIP\u00c9RINE \/ VIBORERA\u00a0 <\/strong><strong>Purple Viper&rsquo;s Bugloss<\/strong> <em>Echium bonariense <\/em><\/p>\n<\/td>\n<\/tr>\n<\/tbody>\n<\/table>\n<\/div>\n<div>\u00a0<\/div>\n<div>\u00a0<\/div>\n<p>Pour les personnes s\u00e9rieuses, s\u00e8ches et sans sens de l\u2019humour. Apporte relaxation et lib\u00e8re des tensions accumul\u00e9es\u00a0; all\u00e8ge le mental, les \u00e9motions, et le corps en nous connectant avec les plans de conscience plus \u00e9lev\u00e9s.<strong> <\/strong>Utile aux personnes hyper-sensibles ou faibles int\u00e9rieurement ainsi qu\u2019\u00e0 celles qui souffrent de tourmentes mentales. Apporte une protection, mais surtout une capacit\u00e9 de transmutation, ainsi que douceur et compr\u00e9hension, envers nous-m\u00eames et, en cons\u00e9quence, envers les autres.<\/p>","protected":false},"excerpt":{"rendered":"<div>\n<table cellspacing=\"0\" cellpadding=\"0\" align=\"left\">\n<tbody>\n<tr>\n<td align=\"left\" valign=\"top\">\n<p><strong>VIP\u00c9RINE \/ VIBORERA\u00a0 <\/strong><strong>Purple Viper&rsquo;s Bugloss<\/strong> <em>Echium bonariense <\/em><\/p>\n<\/td>\n<\/tr>\n<\/tbody>\n<\/table>\n<\/div>\n<div>\u00a0<\/div>\n<div>\u00a0<\/div>\n<p>Pour les personnes s\u00e9rieuses, s\u00e8ches et sans sens de l\u2019humour. Apporte relaxation et lib\u00e8re des tensions accumul\u00e9es\u00a0; all\u00e8ge le mental, les \u00e9motions,<\/p>","protected":false},"featured_media":5573,"template":"","meta":[],"product_brand":[],"product_cat":[139],"product_tag":[],"class_list":{"0":"post-5572","1":"product","2":"type-product","3":"status-publish","4":"has-post-thumbnail","6":"product_cat-les-fleurs-andiness-upplementaires-compose","8":"first","9":"instock","10":"taxable","11":"shipping-taxable","12":"purchasable","13":"product-type-simple"},"etheme_brands":{"errors":{"invalid_taxonomy":["Invalid taxonomy."]},"error_data":[]},"jetpack_sharing_enabled":true,"jetpack-related-posts":[{"id":4046,"url":"https:\/\/artstella-elixirs-floraux.com\/en\/product\/mayu-genet-15-ml-sylfos\/","url_meta":{"origin":5572,"position":0},"title":"MAYU \/ GENET DE NOUVELLE ZELANDE SYLFOS","author":"eveapprill","date":"9 March 2025","format":false,"excerpt":"MAY\u00da Sophora macrocarpa Communication, concentration, \u00e9quilibre \u00e9motionnel Aide \u00e0 verbaliser les \u00e9motions.","rel":"","context":"Similar post","block_context":{"text":"Similar post","link":""},"img":{"alt_text":"","src":"","width":0,"height":0},"classes":[]},{"id":2141,"url":"https:\/\/artstella-elixirs-floraux.com\/en\/product\/dandelion-alaska\/","url_meta":{"origin":5572,"position":1},"title":"DANDELION ALASKA","author":"eveapprill","date":"9 March 2025","format":false,"excerpt":"DANDELION ALASKA Manque de consciences par rapport \u00e0 des attitudes mentales qui ont conduit \u00e0 des tensions musculaires chroniques ; difficult\u00e9 \u00e0 rel\u00e2cher l'\u00e9nergie \u00e9motionnelle accumul\u00e9e dans le corps. Permet gr\u00e2ce \u00e0 la compr\u00e9hension et \u00e0 une meilleure connexion entre le corps et l'esprit de rel\u00e2cher les tensions \u00e9motionnelles des\u2026","rel":"","context":"Similar post","block_context":{"text":"Similar post","link":""},"img":{"alt_text":"","src":"https:\/\/i0.wp.com\/artstella-elixirs-floraux.com\/wp-content\/uploads\/2025\/03\/wp-image558.png?resize=350%2C200&ssl=1","width":350,"height":200},"classes":[]},{"id":5442,"url":"https:\/\/artstella-elixirs-floraux.com\/en\/product\/coprin-little-inky-cap-10-ml\/","url_meta":{"origin":5572,"position":2},"title":"Coprin &#8211; Little Inky Cap 10 ML","author":"eveapprill","date":"9 March 2025","format":false,"excerpt":"Coprin \/ Coprinus xanthotrix (little inky cap\/Coprin) Ce petit champignon aide \u00e0 se lib\u00e9rer des \u00e9motions. \u00a0telle la col\u00e8re ainsi que des sch\u00e9mas familiaux souvent inconscients. A ceux qui se sentent vuln\u00e9rables, l\u2019\u00e9lixir apporte de la force \u00e9motionnelle\u00a0","rel":"","context":"Similar post","block_context":{"text":"Similar post","link":""},"img":{"alt_text":"","src":"","width":0,"height":0},"classes":[]},{"id":5448,"url":"https:\/\/artstella-elixirs-floraux.com\/en\/product\/centranthe-purple-flower-10-ml\/","url_meta":{"origin":5572,"position":3},"title":"Centranthe PURPLE FLOWER 10 ml","author":"","date":"9 March 2025","format":false,"excerpt":"Centranthe \/ Centratherum punctatum (purple flower)\u00a0\u00a0 Apporte de l\u2019\u00e9nergie \u00e0 la t\u00eate et repose l\u2019esprit. Pour s\u2019ouvrir aux diff\u00e9rents r\u00e8gnes (animal, v\u00e9g\u00e9tal, min\u00e9ral et humain) am\u00e9liore la conscience de l\u2019environnement.","rel":"","context":"Similar post","block_context":{"text":"Similar post","link":""},"img":{"alt_text":"","src":"","width":0,"height":0},"classes":[]},{"id":6066,"url":"https:\/\/artstella-elixirs-floraux.com\/en\/product\/elixir-ocean-n19-phi-15ml\/","url_meta":{"origin":5572,"position":4},"title":"ELIXIR OCEAN N\u00b019 PHI 15ML","author":"eveapprill","date":"9 March 2025","format":false,"excerpt":"L\u2019\u00e9lixir stimule \u00e9nerg\u00e9tiquement le m\u00e9tabolisme et les processus internes. Sur le plan \u00e9motionnel, l\u2019\u00e9lixir apporte une lib\u00e9ration int\u00e9rieure, il aide \u00e0 l\u00e2cher consciemment l\u2019ancien et des \u00e9motions de fa\u00e7on \u00e0 laisser la place \u00e0 de nouvelles id\u00e9es et suggestions.","rel":"","context":"Similar post","block_context":{"text":"Similar post","link":""},"img":{"alt_text":"","src":"https:\/\/i0.wp.com\/artstella-elixirs-floraux.com\/wp-content\/uploads\/2025\/03\/wp-image2057.png?resize=350%2C200&ssl=1","width":350,"height":200},"classes":[]},{"id":5446,"url":"https:\/\/artstella-elixirs-floraux.com\/en\/product\/sensitive-mimosa-pudica-10-ml-bl\/","url_meta":{"origin":5572,"position":5},"title":"Sensitive &#8211; Mimosa pudica 10 ML BL","author":"eveapprill","date":"9 March 2025","format":false,"excerpt":"Mimosa \/ Mimosa pudica (sensitive weed)\u00a0\u00a0\u00a0\u00a0\u00a0\u00a0\u00a0\u00a0\u00a0 Stimule l\u2019\u00e2me et apporte stabilit\u00e9, clart\u00e9 et force du mental. Pour choisir son chemin avec certitude et ne pas se laisser d\u00e9vier. Quand on se sent \u00e9touff\u00e9 par l\u2019autre ou pris dans un espace trop \u00e9troit.","rel":"","context":"Similar post","block_context":{"text":"Similar post","link":""},"img":{"alt_text":"","src":"","width":0,"height":0},"classes":[]}],"_links":{"self":[{"href":"https:\/\/artstella-elixirs-floraux.com\/en\/wp-json\/wp\/v2\/product\/5572","targetHints":{"allow":["GET"]}}],"collection":[{"href":"https:\/\/artstella-elixirs-floraux.com\/en\/wp-json\/wp\/v2\/product"}],"about":[{"href":"https:\/\/artstella-elixirs-floraux.com\/en\/wp-json\/wp\/v2\/types\/product"}],"version-history":[{"count":0,"href":"https:\/\/artstella-elixirs-floraux.com\/en\/wp-json\/wp\/v2\/product\/5572\/revisions"}],"wp:featuredmedia":[{"embeddable":true,"href":"https:\/\/artstella-elixirs-floraux.com\/en\/wp-json\/wp\/v2\/media\/5573"}],"wp:attachment":[{"href":"https:\/\/artstella-elixirs-floraux.com\/en\/wp-json\/wp\/v2\/media?parent=5572"}],"wp:term":[{"taxonomy":"product_brand","embeddable":true,"href":"https:\/\/artstella-elixirs-floraux.com\/en\/wp-json\/wp\/v2\/product_brand?post=5572"},{"taxonomy":"product_cat","embeddable":true,"href":"https:\/\/artstella-elixirs-floraux.com\/en\/wp-json\/wp\/v2\/product_cat?post=5572"},{"taxonomy":"product_tag","embeddable":true,"href":"https:\/\/artstella-elixirs-floraux.com\/en\/wp-json\/wp\/v2\/product_tag?post=5572"}],"curies":[{"name":"wp","href":"https:\/\/api.w.org\/{rel}","templated":true}]}}