{"id":5574,"date":"2025-03-09T13:45:12","date_gmt":"2025-03-09T13:45:12","guid":{"rendered":"https:\/\/artstella-elixirs-floraux.com\/product\/protector-inner-dog-wea30ml\/"},"modified":"2025-06-03T20:03:15","modified_gmt":"2025-06-03T20:03:15","slug":"protector-inner-dog-wea30ml","status":"publish","type":"product","link":"https:\/\/artstella-elixirs-floraux.com\/en\/product\/protector-inner-dog-wea30ml\/","title":{"rendered":"PROTECTOR \u00ab\u00a0INNER DOG\u00a0\u00bb WEA30ML"},"content":{"rendered":"","protected":false},"excerpt":{"rendered":"<p style=\"text-align: left\" align=\"center\"><strong><span>Protector (Protecteur) \/ S\u00e9curit\u00e9<\/span><\/strong><\/p>\n<p><span>Pour traverser la vie avec le sentiment d\u2019\u00eatre en s\u00e9curit\u00e9 et prot\u00e9g\u00e9. Pour savoir que nous sommes en s\u00e9curit\u00e9 o\u00f9 que nous allions. Conf\u00e8re un sentiment d\u2019invincibilit\u00e9 saine \u2013 sachant que rien ne peut nous faire du mal. Pour se sentir confiant et fort en faisant face aux d\u00e9fis. Pour d\u00e9finir les limites saines avec les autres.<\/span><\/p>","protected":false},"featured_media":9961,"template":"","meta":[],"product_brand":[],"product_cat":[182],"product_tag":[],"class_list":{"0":"post-5574","1":"product","2":"type-product","3":"status-publish","4":"has-post-thumbnail","6":"product_cat-les-elixirs-de-chien-interieur","8":"first","9":"instock","10":"taxable","11":"shipping-taxable","12":"purchasable","13":"product-type-simple"},"etheme_brands":{"errors":{"invalid_taxonomy":["Invalid taxonomy."]},"error_data":[]},"jetpack_sharing_enabled":true,"jetpack-related-posts":[{"id":4364,"url":"https:\/\/artstella-elixirs-floraux.com\/en\/product\/elephant-calf-elephanteau-wea-30-ml\/","url_meta":{"origin":5574,"position":0},"title":"ELEPHANT CALF\/ELEPHANTEAU WEA 30 ML","author":"eveapprill","date":"9 March 2025","format":false,"excerpt":"Elephant Calf (\u00e9l\u00e9phanteau) Favorise les sentiments de s\u00e9curit\u00e9 physique et \u00e9motionnelle, d\u2019ancrage, de protection et de soutien d\u2019une famille plus \u00e9tendue mais toujours saine et solidaire.","rel":"","context":"Similar post","block_context":{"text":"Similar post","link":""},"img":{"alt_text":"","src":"https:\/\/i0.wp.com\/artstella-elixirs-floraux.com\/wp-content\/uploads\/2025\/03\/wp-image2320.png?resize=350%2C200&ssl=1","width":350,"height":200,"srcset":"https:\/\/i0.wp.com\/artstella-elixirs-floraux.com\/wp-content\/uploads\/2025\/03\/wp-image2320.png?resize=350%2C200&ssl=1 1x, https:\/\/i0.wp.com\/artstella-elixirs-floraux.com\/wp-content\/uploads\/2025\/03\/wp-image2320.png?resize=525%2C300&ssl=1 1.5x, https:\/\/i0.wp.com\/artstella-elixirs-floraux.com\/wp-content\/uploads\/2025\/03\/wp-image2320.png?resize=700%2C400&ssl=1 2x"},"classes":[]},{"id":5085,"url":"https:\/\/artstella-elixirs-floraux.com\/en\/product\/larimar-30ml-alas-gem-sup\/","url_meta":{"origin":5574,"position":1},"title":"LARIMAR 30ML ALAS GEM SUP","author":"eveapprill","date":"9 March 2025","format":false,"excerpt":"Larimar \u2013 Larimar Indication : manqu\u00e9 de nourriture et de r\u00e9confort\u00a0; ne se sent pas en s\u00e9curit\u00e9 ou soutenu dans ses relations\u00a0; conflit et disharmonie entre le masculin et le f\u00e9minin int\u00e9rieur","rel":"","context":"Similar post","block_context":{"text":"Similar post","link":""},"img":{"alt_text":"","src":"https:\/\/i0.wp.com\/artstella-elixirs-floraux.com\/wp-content\/uploads\/2025\/03\/wp-image1413.png?resize=350%2C200&ssl=1","width":350,"height":200},"classes":[]},{"id":4478,"url":"https:\/\/artstella-elixirs-floraux.com\/en\/product\/sydney-rose-15-ml-bush\/","url_meta":{"origin":5574,"position":2},"title":"SYDNEY ROSE 15 ML BUSH","author":"eveapprill","date":"9 March 2025","format":false,"excerpt":"Sydney Rose Se sentir isol\u00e9, abandonn\u00e9, pas aim\u00e9 ou morbide. R\u00e9aliser que nous sommes tous Un, se sentir en s\u00e9curit\u00e9 et en paix, communication qui vient du fond du c\u0153ur.","rel":"","context":"Similar post","block_context":{"text":"Similar post","link":""},"img":{"alt_text":"","src":"https:\/\/i0.wp.com\/artstella-elixirs-floraux.com\/wp-content\/uploads\/2025\/03\/wp-image1069.png?resize=350%2C200&ssl=1","width":350,"height":200},"classes":[]},{"id":11315,"url":"https:\/\/artstella-elixirs-floraux.com\/en\/product\/guardian-gardien-spray\/","url_meta":{"origin":5574,"position":3},"title":"Guardian &#8211; Gardien Spray","author":"eveapprill","date":"31 August 2025","format":false,"excerpt":"Le Spray Guardian est \u00e0 utiliser lorsque vous souhaitez invoquer les \u00e9nergies de calme, de stabilit\u00e9 et de s\u00e9curit\u00e9. Pulv\u00e9risez votre aura et votre environnement imm\u00e9diat pour vous sentir fort et en s\u00e9curit\u00e9 tout en maintenant votre ouverture et votre sensibilit\u00e9.","rel":"","context":"Similar post","block_context":{"text":"Similar post","link":""},"img":{"alt_text":"","src":"https:\/\/i0.wp.com\/artstella-elixirs-floraux.com\/wp-content\/uploads\/2025\/08\/guardian-1.jpg?resize=350%2C200&ssl=1","width":350,"height":200},"classes":[]},{"id":4480,"url":"https:\/\/artstella-elixirs-floraux.com\/en\/product\/tall-mulla-mulla-bush-15-ml\/","url_meta":{"origin":5574,"position":4},"title":"TALL MULLA MULLA BUSH 15 ML","author":"eveapprill","date":"9 March 2025","format":false,"excerpt":"Tall Mulla Mulla Se sentir mal dans sa peau, peur des relations sociales, solitaire, \u00e9viter les confrontations. Se sentir \u00e0 l\u2019aise et en s\u00e9curit\u00e9 avec les autres et dans les relations sociales.","rel":"","context":"Similar post","block_context":{"text":"Similar post","link":""},"img":{"alt_text":"","src":"https:\/\/i0.wp.com\/artstella-elixirs-floraux.com\/wp-content\/uploads\/2025\/03\/wp-image1070.png?resize=350%2C200&ssl=1","width":350,"height":200},"classes":[]},{"id":2980,"url":"https:\/\/artstella-elixirs-floraux.com\/en\/product\/agathe-15-ml-phi\/","url_meta":{"origin":5574,"position":5},"title":"AGATHE 15 ML PHI","author":"eveapprill","date":"9 March 2025","format":false,"excerpt":"Agathe (Achat) Apporte protection, force et enracinement. L'\u00e9lixir procure un profond sentiment de s\u00e9curit\u00e9.","rel":"","context":"Similar post","block_context":{"text":"Similar post","link":""},"img":{"alt_text":"","src":"https:\/\/i0.wp.com\/artstella-elixirs-floraux.com\/wp-content\/uploads\/2025\/03\/wp-image620.png?resize=350%2C200&ssl=1","width":350,"height":200,"srcset":"https:\/\/i0.wp.com\/artstella-elixirs-floraux.com\/wp-content\/uploads\/2025\/03\/wp-image620.png?resize=350%2C200&ssl=1 1x, https:\/\/i0.wp.com\/artstella-elixirs-floraux.com\/wp-content\/uploads\/2025\/03\/wp-image620.png?resize=525%2C300&ssl=1 1.5x, https:\/\/i0.wp.com\/artstella-elixirs-floraux.com\/wp-content\/uploads\/2025\/03\/wp-image620.png?resize=700%2C400&ssl=1 2x"},"classes":[]}],"_links":{"self":[{"href":"https:\/\/artstella-elixirs-floraux.com\/en\/wp-json\/wp\/v2\/product\/5574","targetHints":{"allow":["GET"]}}],"collection":[{"href":"https:\/\/artstella-elixirs-floraux.com\/en\/wp-json\/wp\/v2\/product"}],"about":[{"href":"https:\/\/artstella-elixirs-floraux.com\/en\/wp-json\/wp\/v2\/types\/product"}],"version-history":[{"count":0,"href":"https:\/\/artstella-elixirs-floraux.com\/en\/wp-json\/wp\/v2\/product\/5574\/revisions"}],"wp:featuredmedia":[{"embeddable":true,"href":"https:\/\/artstella-elixirs-floraux.com\/en\/wp-json\/wp\/v2\/media\/9961"}],"wp:attachment":[{"href":"https:\/\/artstella-elixirs-floraux.com\/en\/wp-json\/wp\/v2\/media?parent=5574"}],"wp:term":[{"taxonomy":"product_brand","embeddable":true,"href":"https:\/\/artstella-elixirs-floraux.com\/en\/wp-json\/wp\/v2\/product_brand?post=5574"},{"taxonomy":"product_cat","embeddable":true,"href":"https:\/\/artstella-elixirs-floraux.com\/en\/wp-json\/wp\/v2\/product_cat?post=5574"},{"taxonomy":"product_tag","embeddable":true,"href":"https:\/\/artstella-elixirs-floraux.com\/en\/wp-json\/wp\/v2\/product_tag?post=5574"}],"curies":[{"name":"wp","href":"https:\/\/api.w.org\/{rel}","templated":true}]}}