{"id":5580,"date":"2025-03-09T13:45:16","date_gmt":"2025-03-09T13:45:16","guid":{"rendered":"https:\/\/artstella-elixirs-floraux.com\/product\/terrier-simplicite-et-joie-30ml\/"},"modified":"2025-06-03T20:01:54","modified_gmt":"2025-06-03T20:01:54","slug":"terrier-simplicite-et-joie-30ml","status":"publish","type":"product","link":"https:\/\/artstella-elixirs-floraux.com\/en\/product\/terrier-simplicite-et-joie-30ml\/","title":{"rendered":"Terrier \/ simplicit\u00e9 et joie 30ml"},"content":{"rendered":"","protected":false},"excerpt":{"rendered":"<p><strong><span>Terrier \/ simplicit\u00e9 et joie<\/span><\/strong><\/p>\n<p><span>Pour exp\u00e9rimenter la simplicit\u00e9 et joie du moment pr\u00e9sent. Pour l\u00e2cher notre esprit sur-occup\u00e9 et appr\u00e9cier ce qui nous entoure. Tout est si simple, vraiment ! La vie est un parcoursde joie et bonheur. Pour laisser aller les complexit\u00e9s de la vie et savourer les joies simples d\u2019\u00eatre en vie.<\/span><\/p>","protected":false},"featured_media":9957,"template":"","meta":[],"product_brand":[],"product_cat":[182],"product_tag":[],"class_list":{"0":"post-5580","1":"product","2":"type-product","3":"status-publish","4":"has-post-thumbnail","6":"product_cat-les-elixirs-de-chien-interieur","8":"first","9":"instock","10":"taxable","11":"shipping-taxable","12":"purchasable","13":"product-type-simple"},"etheme_brands":{"errors":{"invalid_taxonomy":["Invalid taxonomy."]},"error_data":[]},"jetpack_sharing_enabled":true,"jetpack-related-posts":[{"id":5586,"url":"https:\/\/artstella-elixirs-floraux.com\/en\/product\/combination-blessings-of-dog-30ml\/","url_meta":{"origin":5580,"position":0},"title":"Combination Blessings of Dog 30ML","author":"eveapprill","date":"9 March 2025","format":false,"excerpt":"Combination Blessings of Dog (Complexe \u201cB\u00e9n\u00e9diction de chien\u201d) Pour exp\u00e9rimenter la joie, l\u2019amour, l\u2019enjouement, la simplicit\u00e9 et la pr\u00e9sence incarn\u00e9s par les chiens, en g\u00e9n\u00e9ral. Grande joie d\u2019\u00eatre vivant et vivre du c\u0153ur. Cr\u00e9ation des liens affectifs avec autrui, \u00eatre loyal et d\u00e9vou\u00e9 \u00e0 ceux que nous aimons.\u00a0","rel":"","context":"Similar post","block_context":{"text":"Similar post","link":""},"img":{"alt_text":"","src":"https:\/\/i0.wp.com\/artstella-elixirs-floraux.com\/wp-content\/uploads\/2025\/03\/5f231411-2387-45a0-b372-3733395a77dc.jpg?resize=350%2C200&ssl=1","width":350,"height":200,"srcset":"https:\/\/i0.wp.com\/artstella-elixirs-floraux.com\/wp-content\/uploads\/2025\/03\/5f231411-2387-45a0-b372-3733395a77dc.jpg?resize=350%2C200&ssl=1 1x, https:\/\/i0.wp.com\/artstella-elixirs-floraux.com\/wp-content\/uploads\/2025\/03\/5f231411-2387-45a0-b372-3733395a77dc.jpg?resize=525%2C300&ssl=1 1.5x, https:\/\/i0.wp.com\/artstella-elixirs-floraux.com\/wp-content\/uploads\/2025\/03\/5f231411-2387-45a0-b372-3733395a77dc.jpg?resize=700%2C400&ssl=1 2x"},"classes":[]},{"id":5576,"url":"https:\/\/artstella-elixirs-floraux.com\/en\/product\/retriever-joie-et-jeu-30ml\/","url_meta":{"origin":5580,"position":1},"title":"Retriever \/ joie et jeu 30ml","author":"eveapprill","date":"9 March 2025","format":false,"excerpt":"Retriever \/ joie et jeu Pour exp\u00e9rimenter la joie et l\u2019exub\u00e9rance d\u2019\u00eatre en vie. Pour les sentiments de gaiet\u00e9, joie et enchantement enfantin. \u00ab Allons jouer ! \u00bb. Pour vivre chaque moment avec enthousiasme et joie. Aide \u00e0 accomplir les t\u00e2ches r\u00e9p\u00e9titives avec bonheur et grande joie plut\u00f4t qu\u2019avec ennui\u2026","rel":"","context":"Similar post","block_context":{"text":"Similar post","link":""},"img":{"alt_text":"","src":"https:\/\/i0.wp.com\/artstella-elixirs-floraux.com\/wp-content\/uploads\/2025\/03\/3e1c3a1f-62a4-4440-8a10-b0c766b16052.jpg?resize=350%2C200&ssl=1","width":350,"height":200,"srcset":"https:\/\/i0.wp.com\/artstella-elixirs-floraux.com\/wp-content\/uploads\/2025\/03\/3e1c3a1f-62a4-4440-8a10-b0c766b16052.jpg?resize=350%2C200&ssl=1 1x, https:\/\/i0.wp.com\/artstella-elixirs-floraux.com\/wp-content\/uploads\/2025\/03\/3e1c3a1f-62a4-4440-8a10-b0c766b16052.jpg?resize=525%2C300&ssl=1 1.5x, https:\/\/i0.wp.com\/artstella-elixirs-floraux.com\/wp-content\/uploads\/2025\/03\/3e1c3a1f-62a4-4440-8a10-b0c766b16052.jpg?resize=700%2C400&ssl=1 2x"},"classes":[]},{"id":6084,"url":"https:\/\/artstella-elixirs-floraux.com\/en\/product\/complexe-n20-joie-de-vivre-deva-30ml\/","url_meta":{"origin":5580,"position":2},"title":"Complexe N\u00b020 JOIE DE VIVRE DEVA 30ML","author":"eveapprill","date":"9 March 2025","format":false,"excerpt":"Le compos\u00e9 floral DEVA JOIE DE VIVRE, permet de retrouver la joie simple et spontan\u00e9e de la Nature. Habit\u00e9s par une \u00e9nergie fluide et l\u00e9g\u00e8re, reli\u00e9s \u00e0 la lumi\u00e8re, nous sommes invit\u00e9s \u00e0 danser avec la vie et \u00e0 r\u00e9aliser r\u00eaves et projets avec optimisme et enthousiasme.","rel":"","context":"Similar post","block_context":{"text":"Similar post","link":""},"img":{"alt_text":"","src":"https:\/\/i0.wp.com\/artstella-elixirs-floraux.com\/wp-content\/uploads\/2025\/03\/d12de6ff-3be4-4749-91e9-4503779cc823.jpg?resize=350%2C200&ssl=1","width":350,"height":200,"srcset":"https:\/\/i0.wp.com\/artstella-elixirs-floraux.com\/wp-content\/uploads\/2025\/03\/d12de6ff-3be4-4749-91e9-4503779cc823.jpg?resize=350%2C200&ssl=1 1x, https:\/\/i0.wp.com\/artstella-elixirs-floraux.com\/wp-content\/uploads\/2025\/03\/d12de6ff-3be4-4749-91e9-4503779cc823.jpg?resize=525%2C300&ssl=1 1.5x, https:\/\/i0.wp.com\/artstella-elixirs-floraux.com\/wp-content\/uploads\/2025\/03\/d12de6ff-3be4-4749-91e9-4503779cc823.jpg?resize=700%2C400&ssl=1 2x"},"classes":[]},{"id":4213,"url":"https:\/\/artstella-elixirs-floraux.com\/en\/product\/chimpanzee-chimpanze-wea-30-ml\/","url_meta":{"origin":5580,"position":3},"title":"CHIMPANZEE\/CHIMPANZE WEA 30 ML","author":"eveapprill","date":"9 March 2025","format":false,"excerpt":"Chimpanzee (chimpanz\u00e9) Pour se connecter avec la simplicit\u00e9 et la joie d\u2019\u00eatre vivant. Soutient ceux qui se sentent socialem000ent inhib\u00e9s ou embarrass\u00e9s. D\u00e9veloppe l\u2019enjouement, la curiosit\u00e9 et la libre expression.","rel":"","context":"Similar post","block_context":{"text":"Similar post","link":""},"img":{"alt_text":"","src":"https:\/\/i0.wp.com\/artstella-elixirs-floraux.com\/wp-content\/uploads\/2025\/03\/wp-image2251.png?resize=350%2C200&ssl=1","width":350,"height":200,"srcset":"https:\/\/i0.wp.com\/artstella-elixirs-floraux.com\/wp-content\/uploads\/2025\/03\/wp-image2251.png?resize=350%2C200&ssl=1 1x, https:\/\/i0.wp.com\/artstella-elixirs-floraux.com\/wp-content\/uploads\/2025\/03\/wp-image2251.png?resize=525%2C300&ssl=1 1.5x, https:\/\/i0.wp.com\/artstella-elixirs-floraux.com\/wp-content\/uploads\/2025\/03\/wp-image2251.png?resize=700%2C400&ssl=1 2x, https:\/\/i0.wp.com\/artstella-elixirs-floraux.com\/wp-content\/uploads\/2025\/03\/wp-image2251.png?resize=1050%2C600&ssl=1 3x"},"classes":[]},{"id":5510,"url":"https:\/\/artstella-elixirs-floraux.com\/en\/product\/beluga-2\/","url_meta":{"origin":5580,"position":4},"title":"BELUGA","author":"eveapprill","date":"9 March 2025","format":false,"excerpt":"BELUGA \u00a0- Wei\u00dfwal \u00a0\u00a0(Delphinapterus leucas) Cet \u00e9lixir nous rappelle la joie et la l\u00e9g\u00e8ret\u00e9 enfantine. Il nous apprend \u00e0 ne pas prendre la vie trop au s\u00e9rieux et \u00e0 rester enjou\u00e9. L\u2019\u00e9lixir aide \u00e9motionnellement les personnes qui ont souffert de blocages, de chocs ou d\u2019\u00e9motions n\u00e9gatives pendant la vie f\u0153tale\u2026","rel":"","context":"Similar post","block_context":{"text":"Similar post","link":""},"img":{"alt_text":"","src":"https:\/\/i0.wp.com\/artstella-elixirs-floraux.com\/wp-content\/uploads\/2025\/03\/wp-image1750.png?resize=350%2C200&ssl=1","width":350,"height":200},"classes":[]},{"id":5582,"url":"https:\/\/artstella-elixirs-floraux.com\/en\/product\/working-dog-chien-de-travail-30ml\/","url_meta":{"origin":5580,"position":5},"title":"Working Dog (Chien de travail) 30ml","author":"eveapprill","date":"9 March 2025","format":false,"excerpt":"Working Dog (Chien de travail) \/ \u201cAllons travailler! \u00bb Pour s\u2019impliquer dans le monde du travail avec grande joie et gait\u00e9 ! Donne de l\u2019endurance et l\u2019engagement pour rester sur le bon chemin et accomplir les choses remarquables avec concentration et joie.\u00a0","rel":"","context":"Similar post","block_context":{"text":"Similar post","link":""},"img":{"alt_text":"","src":"https:\/\/i0.wp.com\/artstella-elixirs-floraux.com\/wp-content\/uploads\/2025\/03\/147c79e4-0bd9-491f-8f07-69af9e2163b9.jpg?resize=350%2C200&ssl=1","width":350,"height":200,"srcset":"https:\/\/i0.wp.com\/artstella-elixirs-floraux.com\/wp-content\/uploads\/2025\/03\/147c79e4-0bd9-491f-8f07-69af9e2163b9.jpg?resize=350%2C200&ssl=1 1x, https:\/\/i0.wp.com\/artstella-elixirs-floraux.com\/wp-content\/uploads\/2025\/03\/147c79e4-0bd9-491f-8f07-69af9e2163b9.jpg?resize=525%2C300&ssl=1 1.5x, https:\/\/i0.wp.com\/artstella-elixirs-floraux.com\/wp-content\/uploads\/2025\/03\/147c79e4-0bd9-491f-8f07-69af9e2163b9.jpg?resize=700%2C400&ssl=1 2x"},"classes":[]}],"_links":{"self":[{"href":"https:\/\/artstella-elixirs-floraux.com\/en\/wp-json\/wp\/v2\/product\/5580","targetHints":{"allow":["GET"]}}],"collection":[{"href":"https:\/\/artstella-elixirs-floraux.com\/en\/wp-json\/wp\/v2\/product"}],"about":[{"href":"https:\/\/artstella-elixirs-floraux.com\/en\/wp-json\/wp\/v2\/types\/product"}],"version-history":[{"count":0,"href":"https:\/\/artstella-elixirs-floraux.com\/en\/wp-json\/wp\/v2\/product\/5580\/revisions"}],"wp:featuredmedia":[{"embeddable":true,"href":"https:\/\/artstella-elixirs-floraux.com\/en\/wp-json\/wp\/v2\/media\/9957"}],"wp:attachment":[{"href":"https:\/\/artstella-elixirs-floraux.com\/en\/wp-json\/wp\/v2\/media?parent=5580"}],"wp:term":[{"taxonomy":"product_brand","embeddable":true,"href":"https:\/\/artstella-elixirs-floraux.com\/en\/wp-json\/wp\/v2\/product_brand?post=5580"},{"taxonomy":"product_cat","embeddable":true,"href":"https:\/\/artstella-elixirs-floraux.com\/en\/wp-json\/wp\/v2\/product_cat?post=5580"},{"taxonomy":"product_tag","embeddable":true,"href":"https:\/\/artstella-elixirs-floraux.com\/en\/wp-json\/wp\/v2\/product_tag?post=5580"}],"curies":[{"name":"wp","href":"https:\/\/api.w.org\/{rel}","templated":true}]}}