{"id":5592,"date":"2025-03-09T13:45:35","date_gmt":"2025-03-09T13:45:35","guid":{"rendered":"https:\/\/artstella-elixirs-floraux.com\/product\/pyramide-guachimontes-15ml\/"},"modified":"2025-04-25T13:22:36","modified_gmt":"2025-04-25T13:22:36","slug":"pyramide-guachimontes-15ml","status":"publish","type":"product","link":"https:\/\/artstella-elixirs-floraux.com\/en\/product\/pyramide-guachimontes-15ml\/","title":{"rendered":"PYRAMIDE GUACHIMONTES 15ML"},"content":{"rendered":"","protected":false},"excerpt":{"rendered":"<p>Renforce et soutient l\u2019\u00e9nergie Yin. Il relie \u00e0 la terre M\u00e8re. L\u2019\u00e9nergie monte en spirale renfor\u00e7ant la force vitale dans un vortex d\u2019\u00e9nergie.<\/p>","protected":false},"featured_media":5593,"template":"","meta":[],"product_brand":[],"product_cat":[86],"product_tag":[],"class_list":{"0":"post-5592","1":"product","2":"type-product","3":"status-publish","4":"has-post-thumbnail","6":"product_cat-les-elixirs-environnementaux","8":"first","9":"instock","10":"taxable","11":"shipping-taxable","12":"purchasable","13":"product-type-simple"},"etheme_brands":{"errors":{"invalid_taxonomy":["Invalid taxonomy."]},"error_data":[]},"jetpack_sharing_enabled":true,"jetpack-related-posts":[{"id":4531,"url":"https:\/\/artstella-elixirs-floraux.com\/en\/product\/collier-paradies-phi\/","url_meta":{"origin":5592,"position":0},"title":"COLLIER PARADIES PHI","author":"eveapprill","date":"9 March 2025","format":false,"excerpt":"Le pendentif \u00ab\u00a0Paradise\u00a0\u00bb\u00a0: Energie vitale En verre souffl\u00e9 transparent avec une perle de tourmaline noire Renforce l\u2019\u00e9nergie vitale ainsi que les pens\u00e9es positives. Aide les personnes dans les situations difficiles \u00e0 voir positivement et \u00e0 se relier au Divin.","rel":"","context":"Similar post","block_context":{"text":"Similar post","link":""},"img":{"alt_text":"","src":"","width":0,"height":0},"classes":[]},{"id":3393,"url":"https:\/\/artstella-elixirs-floraux.com\/en\/product\/life-force-cactus-15ml-phi\/","url_meta":{"origin":5592,"position":1},"title":"LIFE FORCE CACTUS 15ML PHI","author":"eveapprill","date":"9 March 2025","format":false,"excerpt":"Life force cactus (Orbea variegate) Permet d'\u00e9tablir un contact avec la terre. Une \u00e9nergie nouvelle se r\u00e9pand en nous et renforce le rayonnement des forces vitales. De cette fa\u00e7on, les \u00e9nergies parasites sont repouss\u00e9es et la protection est renforc\u00e9e.","rel":"","context":"Similar post","block_context":{"text":"Similar post","link":""},"img":{"alt_text":"","src":"https:\/\/i0.wp.com\/artstella-elixirs-floraux.com\/wp-content\/uploads\/2025\/03\/wp-image370.png?resize=350%2C200&ssl=1","width":350,"height":200},"classes":[]},{"id":3450,"url":"https:\/\/artstella-elixirs-floraux.com\/en\/product\/polypore-versicolore-15-ml-phi\/","url_meta":{"origin":5592,"position":2},"title":"POLYPORE VERSICOLORE 15 ML PHI","author":"eveapprill","date":"9 March 2025","format":false,"excerpt":"Polypore versicolore (Trametes versicolor) Schmetterlings-tramete. L'\u00e9lixir am\u00e9liore la perception de nous-m\u00eames et nous aide ainsi dans des moments de grande crise et de changement. Renforce nos limites envers les \u00e9nergies \u00e9trang\u00e8res et notre protection des \u00e9nergies \u00ab parasites\u00a0\u00bb.","rel":"","context":"Similar post","block_context":{"text":"Similar post","link":""},"img":{"alt_text":"","src":"https:\/\/i0.wp.com\/artstella-elixirs-floraux.com\/wp-content\/uploads\/2025\/03\/wp-image325.png?resize=350%2C200&ssl=1","width":350,"height":200},"classes":[]},{"id":2194,"url":"https:\/\/artstella-elixirs-floraux.com\/en\/product\/icelandic-poppy-alaskan\/","url_meta":{"origin":5592,"position":3},"title":"Icelandic poppy Alaskan","author":"eveapprill","date":"9 March 2025","format":false,"excerpt":"Icelandic poppy. Papaver nudicaule Peu de conscience de l'identit\u00e9 spirituelle ; aspects de survie, de sexualit\u00e9 et de spiritualit\u00e9 non int\u00e9gr\u00e9s, manque d'\u00e9nergie spirituelle dans les chakras inf\u00e9rieurs.","rel":"","context":"Similar post","block_context":{"text":"Similar post","link":""},"img":{"alt_text":"","src":"https:\/\/i0.wp.com\/artstella-elixirs-floraux.com\/wp-content\/uploads\/2025\/03\/wp-image544.png?resize=350%2C200&ssl=1","width":350,"height":200},"classes":[]},{"id":3019,"url":"https:\/\/artstella-elixirs-floraux.com\/en\/product\/magnetite-phi-15-ml\/","url_meta":{"origin":5592,"position":4},"title":"MAGNETITE PHI 15 ML","author":"eveapprill","date":"9 March 2025","format":false,"excerpt":"Magn\u00e9tite (Magnetit) Son action est \u00e9quilibrante et purifiante. Il favorise notre relation \u00e0 la nature. Il renforce le courage et la force, renforce l\u2019\u00e9nergie yang","rel":"","context":"Similar post","block_context":{"text":"Similar post","link":""},"img":{"alt_text":"","src":"","width":0,"height":0},"classes":[]},{"id":2146,"url":"https:\/\/artstella-elixirs-floraux.com\/en\/product\/fireweed-alaska\/","url_meta":{"origin":5592,"position":5},"title":"FIREWEED ALASKA","author":"eveapprill","date":"9 March 2025","format":false,"excerpt":"FIREWEED ALASKA Choc ou traumatisme ; \u00e9nergie stagnante sur tout niveau ; se sent \u00e9puis\u00e9 ; faible connexion avec la terre. Tendance \u00e0 projeter le pass\u00e9 dans le futur. Pour soulager les chocs et les traumatismes ; renforce la connexion terrestre ; Permet de dissoudre les vieux \u00ab\u00a0circuits d'\u00e9nergie\u00a0\u00bb du\u2026","rel":"","context":"Similar post","block_context":{"text":"Similar post","link":""},"img":{"alt_text":"","src":"https:\/\/i0.wp.com\/artstella-elixirs-floraux.com\/wp-content\/uploads\/2025\/03\/wp-image560.png?resize=350%2C200&ssl=1","width":350,"height":200},"classes":[]}],"_links":{"self":[{"href":"https:\/\/artstella-elixirs-floraux.com\/en\/wp-json\/wp\/v2\/product\/5592","targetHints":{"allow":["GET"]}}],"collection":[{"href":"https:\/\/artstella-elixirs-floraux.com\/en\/wp-json\/wp\/v2\/product"}],"about":[{"href":"https:\/\/artstella-elixirs-floraux.com\/en\/wp-json\/wp\/v2\/types\/product"}],"version-history":[{"count":0,"href":"https:\/\/artstella-elixirs-floraux.com\/en\/wp-json\/wp\/v2\/product\/5592\/revisions"}],"wp:featuredmedia":[{"embeddable":true,"href":"https:\/\/artstella-elixirs-floraux.com\/en\/wp-json\/wp\/v2\/media\/5593"}],"wp:attachment":[{"href":"https:\/\/artstella-elixirs-floraux.com\/en\/wp-json\/wp\/v2\/media?parent=5592"}],"wp:term":[{"taxonomy":"product_brand","embeddable":true,"href":"https:\/\/artstella-elixirs-floraux.com\/en\/wp-json\/wp\/v2\/product_brand?post=5592"},{"taxonomy":"product_cat","embeddable":true,"href":"https:\/\/artstella-elixirs-floraux.com\/en\/wp-json\/wp\/v2\/product_cat?post=5592"},{"taxonomy":"product_tag","embeddable":true,"href":"https:\/\/artstella-elixirs-floraux.com\/en\/wp-json\/wp\/v2\/product_tag?post=5592"}],"curies":[{"name":"wp","href":"https:\/\/api.w.org\/{rel}","templated":true}]}}