{"id":5602,"date":"2025-03-09T13:45:46","date_gmt":"2025-03-09T13:45:46","guid":{"rendered":"https:\/\/artstella-elixirs-floraux.com\/product\/trefle-rouge-15-ml-deva\/"},"modified":"2025-06-02T06:43:15","modified_gmt":"2025-06-02T06:43:15","slug":"trefle-rouge-15-ml-deva","status":"publish","type":"product","link":"https:\/\/artstella-elixirs-floraux.com\/en\/product\/trefle-rouge-15-ml-deva\/","title":{"rendered":"Tr\u00e8fle rouge 15 ML Deva"},"content":{"rendered":"","protected":false},"excerpt":{"rendered":"<p><strong><em>Tr\u00e8fle Rouge<\/em><\/strong><\/p>\n<p>Lucidit\u00e9, tranquillit\u00e9. Pour rester calme et \u00abcentr\u00e9\u00bb face aux mouvements de masse ou face aux \u00e9tats de conscience collectifs d\u00e9stabilisants. Permet de conserver son \u00e9quilibre psychique.<\/p>","protected":false},"featured_media":5603,"template":"","meta":[],"product_brand":[],"product_cat":[183],"product_tag":[],"class_list":{"0":"post-5602","1":"product","2":"type-product","3":"status-publish","4":"has-post-thumbnail","6":"product_cat-les-elixirs-floraux-deva-unitaires","8":"first","9":"instock","10":"taxable","11":"shipping-taxable","12":"purchasable","13":"product-type-simple"},"etheme_brands":{"errors":{"invalid_taxonomy":["Invalid taxonomy."]},"error_data":[]},"jetpack_sharing_enabled":true,"jetpack-related-posts":[{"id":3221,"url":"https:\/\/artstella-elixirs-floraux.com\/en\/product\/trefle-rouge-15-ml-phi\/","url_meta":{"origin":5602,"position":0},"title":"TREFLE ROUGE 15 ML PHI","author":"eveapprill","date":"9 March 2025","format":false,"excerpt":"Tr\u00e8fle rouge (Trifolium pratense) (Rotklee) Il nous aide \u00e0 nous recentrer et \u00e0 rester nous-m\u00eames, particuli\u00e8rement dans les situations de panique ambiante et de peur collective.","rel":"","context":"Similar post","block_context":{"text":"Similar post","link":""},"img":{"alt_text":"","src":"https:\/\/i0.wp.com\/artstella-elixirs-floraux.com\/wp-content\/uploads\/2025\/03\/wp-image391.png?resize=350%2C200&ssl=1","width":350,"height":200},"classes":[]},{"id":5310,"url":"https:\/\/artstella-elixirs-floraux.com\/en\/product\/complexe-n15-courage-deva-30ml\/","url_meta":{"origin":5602,"position":1},"title":"COMPLEXE N\u00b015 Courage DEVA 30ML","author":"eveapprill","date":"9 March 2025","format":false,"excerpt":"COMPLEXE N\u00b015 Courage DEVA 30 ml Le compos\u00e9 floral COURAGE permet de conserver son sang-froid au c\u0153ur des environnements d\u00e9stabilisants, lorsque les \u00e9motions collectives perturbent le libre-arbitre. Il renforce la confiance en l'avenir et donne le courage d'avancer. Il est recommand\u00e9 lors de tout travail sur soi.","rel":"","context":"Similar post","block_context":{"text":"Similar post","link":""},"img":{"alt_text":"","src":"https:\/\/i0.wp.com\/artstella-elixirs-floraux.com\/wp-content\/uploads\/2025\/03\/47113796-1beb-439b-ad17-62421c1f2753.jpg?resize=350%2C200&ssl=1","width":350,"height":200,"srcset":"https:\/\/i0.wp.com\/artstella-elixirs-floraux.com\/wp-content\/uploads\/2025\/03\/47113796-1beb-439b-ad17-62421c1f2753.jpg?resize=350%2C200&ssl=1 1x, https:\/\/i0.wp.com\/artstella-elixirs-floraux.com\/wp-content\/uploads\/2025\/03\/47113796-1beb-439b-ad17-62421c1f2753.jpg?resize=525%2C300&ssl=1 1.5x, https:\/\/i0.wp.com\/artstella-elixirs-floraux.com\/wp-content\/uploads\/2025\/03\/47113796-1beb-439b-ad17-62421c1f2753.jpg?resize=700%2C400&ssl=1 2x"},"classes":[]},{"id":4551,"url":"https:\/\/artstella-elixirs-floraux.com\/en\/product\/coffret-fleurs-sauvages-15-ml\/","url_meta":{"origin":5602,"position":2},"title":"COFFRET FLEURS SAUVAGES 15 ML","author":"eveapprill","date":"9 March 2025","format":false,"excerpt":"Les \u00e9lixirs de 40 fleurs Sauvages R\u00e9alis\u00e9s avec des fleurs europ\u00e9ennes communes dans la nature.","rel":"","context":"Similar post","block_context":{"text":"Similar post","link":""},"img":{"alt_text":"","src":"","width":0,"height":0},"classes":[]},{"id":5432,"url":"https:\/\/artstella-elixirs-floraux.com\/en\/product\/cephalanthere-rouge-orchid-rote-bosvogeltje\/","url_meta":{"origin":5602,"position":3},"title":"C\u00e9phalanth\u00e8re rouge Orchid ROTE BOSVOGELTJE","author":"eveapprill","date":"9 March 2025","format":false,"excerpt":"\u00a0C\u00e9phalanth\u00e8re rouge - Cephalanthera rubra- RODE BOSVOGELTJE Cette orchid\u00e9e permet de se sentir l\u2019unit\u00e9 de notre \u00eatre en toutes circonstances. Il apporte de l\u2019assurance int\u00e9rieure, pour ne pas se laisser influencer par les gens ou les circonstances,\u00a0","rel":"","context":"Similar post","block_context":{"text":"Similar post","link":""},"img":{"alt_text":"","src":"","width":0,"height":0},"classes":[]},{"id":3006,"url":"https:\/\/artstella-elixirs-floraux.com\/en\/product\/jaspe-rouge-phi-15-ml\/","url_meta":{"origin":5602,"position":4},"title":"JASPE ROUGE PHI 15 ML","author":"eveapprill","date":"9 March 2025","format":false,"excerpt":"Jaspe rouge (Jaspis rot) Soutient \u00e9nerg\u00e9tiquement le c\u0153ur. Permet de d\u00e9velopper la compr\u00e9hension de l'amour v\u00e9ritable. Il agit par la protection et l'enracinement et soutient en cas de peurs","rel":"","context":"Similar post","block_context":{"text":"Similar post","link":""},"img":{"alt_text":"","src":"","width":0,"height":0},"classes":[]},{"id":4511,"url":"https:\/\/artstella-elixirs-floraux.com\/en\/product\/cephalanthere-rouge-15ml-phi\/","url_meta":{"origin":5602,"position":5},"title":"CEPHALANTHERE ROUGE 15ML PHI","author":"eveapprill","date":"9 March 2025","format":false,"excerpt":"Cephalanth\u00e8re rouge (Cephalanthera rubra) (Rotes Waldv\u00f6gelchen) Aide \u00e0 se focaliser sur un but. Contribue \u00e0 la structure de l'esprit et renforce la concentration\u00a0 la structure de l'esprit et renforce la concentration","rel":"","context":"Similar post","block_context":{"text":"Similar post","link":""},"img":{"alt_text":"","src":"https:\/\/i0.wp.com\/artstella-elixirs-floraux.com\/wp-content\/uploads\/2025\/03\/wp-image1112.png?resize=350%2C200&ssl=1","width":350,"height":200},"classes":[]}],"_links":{"self":[{"href":"https:\/\/artstella-elixirs-floraux.com\/en\/wp-json\/wp\/v2\/product\/5602","targetHints":{"allow":["GET"]}}],"collection":[{"href":"https:\/\/artstella-elixirs-floraux.com\/en\/wp-json\/wp\/v2\/product"}],"about":[{"href":"https:\/\/artstella-elixirs-floraux.com\/en\/wp-json\/wp\/v2\/types\/product"}],"version-history":[{"count":0,"href":"https:\/\/artstella-elixirs-floraux.com\/en\/wp-json\/wp\/v2\/product\/5602\/revisions"}],"wp:featuredmedia":[{"embeddable":true,"href":"https:\/\/artstella-elixirs-floraux.com\/en\/wp-json\/wp\/v2\/media\/5603"}],"wp:attachment":[{"href":"https:\/\/artstella-elixirs-floraux.com\/en\/wp-json\/wp\/v2\/media?parent=5602"}],"wp:term":[{"taxonomy":"product_brand","embeddable":true,"href":"https:\/\/artstella-elixirs-floraux.com\/en\/wp-json\/wp\/v2\/product_brand?post=5602"},{"taxonomy":"product_cat","embeddable":true,"href":"https:\/\/artstella-elixirs-floraux.com\/en\/wp-json\/wp\/v2\/product_cat?post=5602"},{"taxonomy":"product_tag","embeddable":true,"href":"https:\/\/artstella-elixirs-floraux.com\/en\/wp-json\/wp\/v2\/product_tag?post=5602"}],"curies":[{"name":"wp","href":"https:\/\/api.w.org\/{rel}","templated":true}]}}