{"id":5604,"date":"2025-03-09T13:45:48","date_gmt":"2025-03-09T13:45:48","guid":{"rendered":"https:\/\/artstella-elixirs-floraux.com\/product\/abricot-10-ml\/"},"modified":"2025-06-08T12:49:57","modified_gmt":"2025-06-08T12:49:57","slug":"abricot-10-ml","status":"publish","type":"product","link":"https:\/\/artstella-elixirs-floraux.com\/en\/product\/abricot-10-ml\/","title":{"rendered":"Abricot 10 ml"},"content":{"rendered":"","protected":false},"excerpt":{"rendered":"<p><strong><em>Abricot 10 ml<\/em><\/strong><\/p>\n<p>Joie, pl\u00e9nitude. Pour les temp\u00e9raments intellectuels qui sont sujets aux brusques sautes d\u2019humeur. Aide \u00e0 surmonter les tensions mentales et \u00e9motionnelles.<\/p>","protected":false},"featured_media":5605,"template":"","meta":[],"product_brand":[],"product_cat":[183],"product_tag":[],"class_list":{"0":"post-5604","1":"product","2":"type-product","3":"status-publish","4":"has-post-thumbnail","6":"product_cat-les-elixirs-floraux-deva-unitaires","8":"first","9":"instock","10":"taxable","11":"shipping-taxable","12":"purchasable","13":"product-type-simple"},"etheme_brands":{"errors":{"invalid_taxonomy":["Invalid taxonomy."]},"error_data":[]},"jetpack_sharing_enabled":true,"jetpack-related-posts":[{"id":5637,"url":"https:\/\/artstella-elixirs-floraux.com\/en\/product\/bouleau-10-ml\/","url_meta":{"origin":5604,"position":0},"title":"Bouleau 10 ml","author":"eveapprill","date":"9 March 2025","format":false,"excerpt":"Bouleau Vitalit\u00e9, r\u00e9g\u00e9n\u00e9ration. Pour surmonter les tendances scl\u00e9rosantes, li\u00e9es au vieillissement.","rel":"","context":"Similar post","block_context":{"text":"Similar post","link":""},"img":{"alt_text":"","src":"https:\/\/i0.wp.com\/artstella-elixirs-floraux.com\/wp-content\/uploads\/2025\/03\/wp-image1823.png?resize=350%2C200&ssl=1","width":350,"height":200},"classes":[]},{"id":6181,"url":"https:\/\/artstella-elixirs-floraux.com\/en\/product\/coffret-48-elixirs-bloesem-remedies-10-ml\/","url_meta":{"origin":5604,"position":1},"title":"Coffret 48 \u00e9lixirs Bloesem Remedies 10 ml","author":"eveapprill","date":"9 March 2025","format":false,"excerpt":"Contient 48 \u00e9lixirs floraux pr\u00e9par\u00e9s par Bloesem Remedies en 10 ml les 30 premiers \u00e9lixirs + les \u00e9lixirs compl\u00e9mentaires et les 4 compos\u00e9s Terra, Protection, Arc en Ciel et Love","rel":"","context":"Similar post","block_context":{"text":"Similar post","link":""},"img":{"alt_text":"","src":"","width":0,"height":0},"classes":[]},{"id":5641,"url":"https:\/\/artstella-elixirs-floraux.com\/en\/product\/betoine-10-ml\/","url_meta":{"origin":5604,"position":2},"title":"B\u00e9toine 10 ml","author":"eveapprill","date":"9 March 2025","format":false,"excerpt":"B\u00e9toine Sexualit\u00e9 harmonieuse. Equilibre l\u2019expression sexuelle lorsque celle-ci est perturb\u00e9e.","rel":"","context":"Similar post","block_context":{"text":"Similar post","link":""},"img":{"alt_text":"","src":"https:\/\/i0.wp.com\/artstella-elixirs-floraux.com\/wp-content\/uploads\/2025\/03\/wp-image1821.png?resize=350%2C200&ssl=1","width":350,"height":200},"classes":[]},{"id":5621,"url":"https:\/\/artstella-elixirs-floraux.com\/en\/product\/amarante-10-ml\/","url_meta":{"origin":5604,"position":3},"title":"Amarante 10 ML","author":"eveapprill","date":"9 March 2025","format":false,"excerpt":"Amarante D\u00e9passement de soi. Pour les situations de profonde d\u00e9tresse. Renforce l\u2019organisme lorsque l\u2019on se sent attaqu\u00e9, affaibli ou d\u00e9stabilis\u00e9.","rel":"","context":"Similar post","block_context":{"text":"Similar post","link":""},"img":{"alt_text":"","src":"https:\/\/i0.wp.com\/artstella-elixirs-floraux.com\/wp-content\/uploads\/2025\/03\/wp-image1813.png?resize=350%2C200&ssl=1","width":350,"height":200},"classes":[]},{"id":5740,"url":"https:\/\/artstella-elixirs-floraux.com\/en\/product\/muguet-10-ml-deva\/","url_meta":{"origin":5604,"position":4},"title":"Muguet 10 ml DEVA","author":"eveapprill","date":"9 March 2025","format":false,"excerpt":"Muguet Pour ceux dont la vie est dict\u00e9e par les devoirs, les obligations et les conventions sociales.","rel":"","context":"Similar post","block_context":{"text":"Similar post","link":""},"img":{"alt_text":"","src":"https:\/\/i0.wp.com\/artstella-elixirs-floraux.com\/wp-content\/uploads\/2025\/03\/wp-image2429.png?resize=350%2C200&ssl=1","width":350,"height":200},"classes":[]},{"id":5776,"url":"https:\/\/artstella-elixirs-floraux.com\/en\/product\/pecher-10-ml-deva\/","url_meta":{"origin":5604,"position":5},"title":"P\u00eacher 10 ml DEVA","author":"eveapprill","date":"9 March 2025","format":false,"excerpt":"P\u00eacher Altruisme, l\u00e2cher-prise. Catalyseur de gu\u00e9rison qui facilite la lib\u00e9ration des tensions.","rel":"","context":"Similar post","block_context":{"text":"Similar post","link":""},"img":{"alt_text":"","src":"https:\/\/i0.wp.com\/artstella-elixirs-floraux.com\/wp-content\/uploads\/2025\/03\/wp-image2439.png?resize=350%2C200&ssl=1","width":350,"height":200},"classes":[]}],"_links":{"self":[{"href":"https:\/\/artstella-elixirs-floraux.com\/en\/wp-json\/wp\/v2\/product\/5604","targetHints":{"allow":["GET"]}}],"collection":[{"href":"https:\/\/artstella-elixirs-floraux.com\/en\/wp-json\/wp\/v2\/product"}],"about":[{"href":"https:\/\/artstella-elixirs-floraux.com\/en\/wp-json\/wp\/v2\/types\/product"}],"version-history":[{"count":0,"href":"https:\/\/artstella-elixirs-floraux.com\/en\/wp-json\/wp\/v2\/product\/5604\/revisions"}],"wp:featuredmedia":[{"embeddable":true,"href":"https:\/\/artstella-elixirs-floraux.com\/en\/wp-json\/wp\/v2\/media\/5605"}],"wp:attachment":[{"href":"https:\/\/artstella-elixirs-floraux.com\/en\/wp-json\/wp\/v2\/media?parent=5604"}],"wp:term":[{"taxonomy":"product_brand","embeddable":true,"href":"https:\/\/artstella-elixirs-floraux.com\/en\/wp-json\/wp\/v2\/product_brand?post=5604"},{"taxonomy":"product_cat","embeddable":true,"href":"https:\/\/artstella-elixirs-floraux.com\/en\/wp-json\/wp\/v2\/product_cat?post=5604"},{"taxonomy":"product_tag","embeddable":true,"href":"https:\/\/artstella-elixirs-floraux.com\/en\/wp-json\/wp\/v2\/product_tag?post=5604"}],"curies":[{"name":"wp","href":"https:\/\/api.w.org\/{rel}","templated":true}]}}