{"id":5615,"date":"2025-03-09T13:45:55","date_gmt":"2025-03-09T13:45:55","guid":{"rendered":"https:\/\/artstella-elixirs-floraux.com\/product\/alchemille-argentee-15-ml\/"},"modified":"2025-06-02T06:43:13","modified_gmt":"2025-06-02T06:43:13","slug":"alchemille-argentee-15-ml","status":"publish","type":"product","link":"https:\/\/artstella-elixirs-floraux.com\/en\/product\/alchemille-argentee-15-ml\/","title":{"rendered":"Alchemille argent\u00e9e 15 ml"},"content":{"rendered":"","protected":false},"excerpt":{"rendered":"<p><strong><em>Alch\u00e9mille Argent\u00e9e<\/em><\/strong><\/p>\n<p>Pour ceux qui souffrent ou qui ont souffert d&rsquo;un manque de lien maternel et qui ont des difficult\u00e9s \u00e0 exprimer de la tendresse envers leurs proches. Favorise le l\u00e2cher prise d\u2019\u00e9motions refoul\u00e9es et aide \u00e0 retrouver la capacit\u00e9 d\u2019aimer<\/p>","protected":false},"featured_media":5616,"template":"","meta":[],"product_brand":[],"product_cat":[183],"product_tag":[],"class_list":{"0":"post-5615","1":"product","2":"type-product","3":"status-publish","4":"has-post-thumbnail","6":"product_cat-les-elixirs-floraux-deva-unitaires","8":"first","9":"instock","10":"taxable","11":"shipping-taxable","12":"purchasable","13":"product-type-simple"},"etheme_brands":{"errors":{"invalid_taxonomy":["Invalid taxonomy."]},"error_data":[]},"jetpack_sharing_enabled":true,"jetpack-related-posts":[{"id":5617,"url":"https:\/\/artstella-elixirs-floraux.com\/en\/product\/alchemille-commune-15-ml\/","url_meta":{"origin":5615,"position":0},"title":"Alch\u00e9mille Commune 15 ML","author":"eveapprill","date":"9 March 2025","format":false,"excerpt":"Recommand\u00e9 aux femmes qui rejettent leur f\u00e9minit\u00e9 dans son aspect maternel et nourricier. Il att\u00e9nue les effets de tout choc li\u00e9 aux organes g\u00e9nitaux. L\u2019\u00e9lixir floral d\u2019Alchemille commune aide \u00e0 surmonter les sentiments de perte, de manque ou de vide associ\u00e9s aux troubles de la sph\u00e8re reproductrice. Sur un autre\u2026","rel":"","context":"Similar post","block_context":{"text":"Similar post","link":""},"img":{"alt_text":"","src":"https:\/\/i0.wp.com\/artstella-elixirs-floraux.com\/wp-content\/uploads\/2025\/03\/wp-image1811.png?resize=350%2C200&ssl=1","width":350,"height":200},"classes":[]},{"id":5887,"url":"https:\/\/artstella-elixirs-floraux.com\/en\/product\/complexe-n18-confort-feminin-50\/","url_meta":{"origin":5615,"position":1},"title":"COMPLEXE N\u00b018 Confort f\u00e9minin 50+","author":"eveapprill","date":"9 March 2025","format":false,"excerpt":"Compos\u00e9 n\u00b018 Confort f\u00e9minin 50+ Att\u00e9nue les inconforts li\u00e9s \u00e0 la m\u00e9nopause et la p\u00e9rim\u00e9nopause. Il invite \u00e0 explorer de nouveaux potentiels cr\u00e9atifs et \u00e0 r\u00e9inventer sa vie avec douceur et d\u00e9termination.","rel":"","context":"Similar post","block_context":{"text":"Similar post","link":""},"img":{"alt_text":"","src":"https:\/\/i0.wp.com\/artstella-elixirs-floraux.com\/wp-content\/uploads\/2025\/03\/3696bcd9-07eb-418b-a5c4-70918870797f.jpg?resize=350%2C200&ssl=1","width":350,"height":200,"srcset":"https:\/\/i0.wp.com\/artstella-elixirs-floraux.com\/wp-content\/uploads\/2025\/03\/3696bcd9-07eb-418b-a5c4-70918870797f.jpg?resize=350%2C200&ssl=1 1x, https:\/\/i0.wp.com\/artstella-elixirs-floraux.com\/wp-content\/uploads\/2025\/03\/3696bcd9-07eb-418b-a5c4-70918870797f.jpg?resize=525%2C300&ssl=1 1.5x, https:\/\/i0.wp.com\/artstella-elixirs-floraux.com\/wp-content\/uploads\/2025\/03\/3696bcd9-07eb-418b-a5c4-70918870797f.jpg?resize=700%2C400&ssl=1 2x"},"classes":[]},{"id":4934,"url":"https:\/\/artstella-elixirs-floraux.com\/en\/product\/ladies-mantle-alaskan-f-sup\/","url_meta":{"origin":5615,"position":2},"title":"LADIES&rsquo; MANTLE ALASKAN F SUP","author":"eveapprill","date":"9 March 2025","format":false,"excerpt":"Ladies' Mantle Alchemille commune Aide au nettoyage de la tristesse et du d\u00e9sespoir ; renforce notre relation au f\u00e9minin sacr\u00e9 ; traite la connexion f\u00e9minine entre sensualit\u00e9, cr\u00e9ativit\u00e9 et divinit\u00e9 ; aide les hommes \u00e0 \u00e9quilibrer leur relation avec le pouvoir f\u00e9minin en eux-m\u00eames et chez les autres.","rel":"","context":"Similar post","block_context":{"text":"Similar post","link":""},"img":{"alt_text":"","src":"https:\/\/i0.wp.com\/artstella-elixirs-floraux.com\/wp-content\/uploads\/2025\/03\/wp-image1390.png?resize=350%2C200&ssl=1","width":350,"height":200},"classes":[]},{"id":5336,"url":"https:\/\/artstella-elixirs-floraux.com\/en\/product\/silver-shadow-spray\/","url_meta":{"origin":5615,"position":3},"title":"SILVER SHADOW SPRAY","author":"eveapprill","date":"9 March 2025","format":false,"excerpt":"Silver Shadow \u2013 Ombre argent\u00e9e Aide \u00e0 percevoir les forces obscures ambiantes et nous permet de choisir ce que nous acceptons dans notre environnement. \u201cbleu\u201d avec les huiles de Leleshwa, Myrrhe et Neroli","rel":"","context":"Similar post","block_context":{"text":"Similar post","link":""},"img":{"alt_text":"","src":"https:\/\/i0.wp.com\/artstella-elixirs-floraux.com\/wp-content\/uploads\/2025\/03\/wp-image1739.png?resize=350%2C200&ssl=1","width":350,"height":200},"classes":[]},{"id":5462,"url":"https:\/\/artstella-elixirs-floraux.com\/en\/product\/strophaire-a-anneau-rugueux-10ml-bl\/","url_meta":{"origin":5615,"position":4},"title":"Strophaire \u00e0 anneau rugueux 10ml BL","author":"eveapprill","date":"9 March 2025","format":false,"excerpt":"Strophaire \u00e0 anneau rugueux \/ Stropharia rugoso annulata\u00a0\u00a0\u00a0\u00a0\u00a0\u00a0\u00a0\u00a0\u00a0\u00a0\u00a0\u00a0\u00a0\u00a0 Peut atteindre 40 \u00e0 50 cm de circonf\u00e9rence. Pour trouver de nouvelles intuitions dans ses activit\u00e9s.","rel":"","context":"Similar post","block_context":{"text":"Similar post","link":""},"img":{"alt_text":"","src":"","width":0,"height":0},"classes":[]},{"id":2186,"url":"https:\/\/artstella-elixirs-floraux.com\/en\/product\/harebell-alaskan\/","url_meta":{"origin":5615,"position":5},"title":"Harebell Alaskan","author":"eveapprill","date":"9 March 2025","format":false,"excerpt":"Harebell. Campanula lasiocarpa. Campanule Ne se sent pas aim\u00e9 et coup\u00e9 de la Source ; \u00e0 la recherche de l\u2019amour \u00e0 l'ext\u00e9rieur.","rel":"","context":"Similar post","block_context":{"text":"Similar post","link":""},"img":{"alt_text":"","src":"https:\/\/i0.wp.com\/artstella-elixirs-floraux.com\/wp-content\/uploads\/2025\/03\/wp-image542.png?resize=350%2C200&ssl=1","width":350,"height":200},"classes":[]}],"_links":{"self":[{"href":"https:\/\/artstella-elixirs-floraux.com\/en\/wp-json\/wp\/v2\/product\/5615","targetHints":{"allow":["GET"]}}],"collection":[{"href":"https:\/\/artstella-elixirs-floraux.com\/en\/wp-json\/wp\/v2\/product"}],"about":[{"href":"https:\/\/artstella-elixirs-floraux.com\/en\/wp-json\/wp\/v2\/types\/product"}],"version-history":[{"count":0,"href":"https:\/\/artstella-elixirs-floraux.com\/en\/wp-json\/wp\/v2\/product\/5615\/revisions"}],"wp:featuredmedia":[{"embeddable":true,"href":"https:\/\/artstella-elixirs-floraux.com\/en\/wp-json\/wp\/v2\/media\/5616"}],"wp:attachment":[{"href":"https:\/\/artstella-elixirs-floraux.com\/en\/wp-json\/wp\/v2\/media?parent=5615"}],"wp:term":[{"taxonomy":"product_brand","embeddable":true,"href":"https:\/\/artstella-elixirs-floraux.com\/en\/wp-json\/wp\/v2\/product_brand?post=5615"},{"taxonomy":"product_cat","embeddable":true,"href":"https:\/\/artstella-elixirs-floraux.com\/en\/wp-json\/wp\/v2\/product_cat?post=5615"},{"taxonomy":"product_tag","embeddable":true,"href":"https:\/\/artstella-elixirs-floraux.com\/en\/wp-json\/wp\/v2\/product_tag?post=5615"}],"curies":[{"name":"wp","href":"https:\/\/api.w.org\/{rel}","templated":true}]}}