{"id":5619,"date":"2025-03-09T13:45:58","date_gmt":"2025-03-09T13:45:58","guid":{"rendered":"https:\/\/artstella-elixirs-floraux.com\/product\/amandier-15-ml\/"},"modified":"2025-06-02T06:43:12","modified_gmt":"2025-06-02T06:43:12","slug":"amandier-15-ml","status":"publish","type":"product","link":"https:\/\/artstella-elixirs-floraux.com\/en\/product\/amandier-15-ml\/","title":{"rendered":"Amandier 15 ML"},"content":{"rendered":"","protected":false},"excerpt":{"rendered":"<p><strong><em>Amandier<\/em><\/strong><\/p>\n<p>Joie de vivre, vitalit\u00e9. Pour accepter le vieillissement du corps et percevoir la beaut\u00e9 de l\u2019\u00eatre au-del\u00e0 de la simple apparence physique. Fortifie et r\u00e9g\u00e9n\u00e8re le corps physique.<\/p>","protected":false},"featured_media":5620,"template":"","meta":[],"product_brand":[],"product_cat":[183],"product_tag":[],"class_list":{"0":"post-5619","1":"product","2":"type-product","3":"status-publish","4":"has-post-thumbnail","6":"product_cat-les-elixirs-floraux-deva-unitaires","8":"first","9":"instock","10":"taxable","11":"shipping-taxable","12":"purchasable","13":"product-type-simple"},"etheme_brands":{"errors":{"invalid_taxonomy":["Invalid taxonomy."]},"error_data":[]},"jetpack_sharing_enabled":true,"jetpack-related-posts":[{"id":3258,"url":"https:\/\/artstella-elixirs-floraux.com\/en\/product\/amandier-phi-15-ml\/","url_meta":{"origin":5619,"position":0},"title":"AMANDIER PHI 15 ML","author":"eveapprill","date":"9 March 2025","format":false,"excerpt":"Amandier (Prunus amydgdalus) (Mandelbaum) Nous permet de d\u00e9couvrir le sens de chaque phase de la vie, pour continuer \u00e0 nous d\u00e9velopper. L'\u00e9lixir aide \u00e0 accepter la relativit\u00e9 du monde mat\u00e9riel. Il est pr\u00e9cieux \u00e0 ceux qui ont peur de vieillir.","rel":"","context":"Similar post","block_context":{"text":"Similar post","link":""},"img":{"alt_text":"","src":"https:\/\/i0.wp.com\/artstella-elixirs-floraux.com\/wp-content\/uploads\/2025\/03\/wp-image670.png?resize=350%2C200&ssl=1","width":350,"height":200},"classes":[]},{"id":5887,"url":"https:\/\/artstella-elixirs-floraux.com\/en\/product\/complexe-n18-confort-feminin-50\/","url_meta":{"origin":5619,"position":1},"title":"COMPLEXE N\u00b018 Confort f\u00e9minin 50+","author":"eveapprill","date":"9 March 2025","format":false,"excerpt":"Compos\u00e9 n\u00b018 Confort f\u00e9minin 50+ Att\u00e9nue les inconforts li\u00e9s \u00e0 la m\u00e9nopause et la p\u00e9rim\u00e9nopause. Il invite \u00e0 explorer de nouveaux potentiels cr\u00e9atifs et \u00e0 r\u00e9inventer sa vie avec douceur et d\u00e9termination.","rel":"","context":"Similar post","block_context":{"text":"Similar post","link":""},"img":{"alt_text":"","src":"https:\/\/i0.wp.com\/artstella-elixirs-floraux.com\/wp-content\/uploads\/2025\/03\/3696bcd9-07eb-418b-a5c4-70918870797f.jpg?resize=350%2C200&ssl=1","width":350,"height":200,"srcset":"https:\/\/i0.wp.com\/artstella-elixirs-floraux.com\/wp-content\/uploads\/2025\/03\/3696bcd9-07eb-418b-a5c4-70918870797f.jpg?resize=350%2C200&ssl=1 1x, https:\/\/i0.wp.com\/artstella-elixirs-floraux.com\/wp-content\/uploads\/2025\/03\/3696bcd9-07eb-418b-a5c4-70918870797f.jpg?resize=525%2C300&ssl=1 1.5x, https:\/\/i0.wp.com\/artstella-elixirs-floraux.com\/wp-content\/uploads\/2025\/03\/3696bcd9-07eb-418b-a5c4-70918870797f.jpg?resize=700%2C400&ssl=1 2x"},"classes":[]},{"id":5306,"url":"https:\/\/artstella-elixirs-floraux.com\/en\/product\/complexe-n13-maturite-deva-30ml\/","url_meta":{"origin":5619,"position":2},"title":"COMPLEXE N\u00b013 Maturit\u00e9 DEVA 30ml","author":"eveapprill","date":"9 March 2025","format":false,"excerpt":"Compos\u00e9 n\u00b013 Maturit\u00e9 DEVA 30ml Le compos\u00e9 floral DEVA MATURIT\u00c9\u00a0aide \u00e0 prendre du recul sur les exp\u00e9riences v\u00e9cues et \u00e0 d\u00e9velopper une perspective nouvelle. Pour ceux qui ont le sentiment que la vie est derri\u00e8re eux et en \u00e9prouvent de l'amertume ou de la nostalgie. Il\u00a0r\u00e9v\u00e8le le potentiel d'\u00e9panouissement et\u2026","rel":"","context":"Similar post","block_context":{"text":"Similar post","link":""},"img":{"alt_text":"","src":"https:\/\/i0.wp.com\/artstella-elixirs-floraux.com\/wp-content\/uploads\/2025\/03\/fa041476-4b01-4038-a442-c1c1379f4eb4.jpg?resize=350%2C200&ssl=1","width":350,"height":200,"srcset":"https:\/\/i0.wp.com\/artstella-elixirs-floraux.com\/wp-content\/uploads\/2025\/03\/fa041476-4b01-4038-a442-c1c1379f4eb4.jpg?resize=350%2C200&ssl=1 1x, https:\/\/i0.wp.com\/artstella-elixirs-floraux.com\/wp-content\/uploads\/2025\/03\/fa041476-4b01-4038-a442-c1c1379f4eb4.jpg?resize=525%2C300&ssl=1 1.5x, https:\/\/i0.wp.com\/artstella-elixirs-floraux.com\/wp-content\/uploads\/2025\/03\/fa041476-4b01-4038-a442-c1c1379f4eb4.jpg?resize=700%2C400&ssl=1 2x"},"classes":[]},{"id":4551,"url":"https:\/\/artstella-elixirs-floraux.com\/en\/product\/coffret-fleurs-sauvages-15-ml\/","url_meta":{"origin":5619,"position":3},"title":"COFFRET FLEURS SAUVAGES 15 ML","author":"eveapprill","date":"9 March 2025","format":false,"excerpt":"Les \u00e9lixirs de 40 fleurs Sauvages R\u00e9alis\u00e9s avec des fleurs europ\u00e9ennes communes dans la nature.","rel":"","context":"Similar post","block_context":{"text":"Similar post","link":""},"img":{"alt_text":"","src":"","width":0,"height":0},"classes":[]},{"id":3515,"url":"https:\/\/artstella-elixirs-floraux.com\/en\/product\/shivas-crown-lto-15-ml\/","url_meta":{"origin":5619,"position":4},"title":"SHIVAS CROWN LTO 15 ML","author":"eveapprill","date":"9 March 2025","format":false,"excerpt":"Shiva's crown \/ Couronne de Shiva : Approfondit la compr\u00e9hension au niveau de notre \u00e2me du voyage dans le corps physique. Cette pr\u00e9paration va jusqu'\u00e0 une partie du cerveau appel\u00e9e syst\u00e8me\u00a0 limbique","rel":"","context":"Similar post","block_context":{"text":"Similar post","link":""},"img":{"alt_text":"","src":"https:\/\/i0.wp.com\/artstella-elixirs-floraux.com\/wp-content\/uploads\/2025\/03\/7844c974-3a24-4e36-8826-337620b0fdaf.jpg?resize=350%2C200&ssl=1","width":350,"height":200,"srcset":"https:\/\/i0.wp.com\/artstella-elixirs-floraux.com\/wp-content\/uploads\/2025\/03\/7844c974-3a24-4e36-8826-337620b0fdaf.jpg?resize=350%2C200&ssl=1 1x, https:\/\/i0.wp.com\/artstella-elixirs-floraux.com\/wp-content\/uploads\/2025\/03\/7844c974-3a24-4e36-8826-337620b0fdaf.jpg?resize=525%2C300&ssl=1 1.5x, https:\/\/i0.wp.com\/artstella-elixirs-floraux.com\/wp-content\/uploads\/2025\/03\/7844c974-3a24-4e36-8826-337620b0fdaf.jpg?resize=700%2C400&ssl=1 2x"},"classes":[]},{"id":2235,"url":"https:\/\/artstella-elixirs-floraux.com\/en\/product\/northern-ladys-slipper-alaskan\/","url_meta":{"origin":5619,"position":5},"title":"Northern lady\u2019s slipper Alaskan","author":"eveapprill","date":"9 March 2025","format":false,"excerpt":"Northern lady\u2019s slipper. Cypripedium passerinum Lien corps\/\u00e2me fragile ; exp\u00e9rience de naissance traumatisante, souffrance et trauma profond\u00e9ment vrill\u00e9s au corps.","rel":"","context":"Similar post","block_context":{"text":"Similar post","link":""},"img":{"alt_text":"","src":"https:\/\/i0.wp.com\/artstella-elixirs-floraux.com\/wp-content\/uploads\/2025\/03\/wp-image568.png?resize=350%2C200&ssl=1","width":350,"height":200},"classes":[]}],"_links":{"self":[{"href":"https:\/\/artstella-elixirs-floraux.com\/en\/wp-json\/wp\/v2\/product\/5619","targetHints":{"allow":["GET"]}}],"collection":[{"href":"https:\/\/artstella-elixirs-floraux.com\/en\/wp-json\/wp\/v2\/product"}],"about":[{"href":"https:\/\/artstella-elixirs-floraux.com\/en\/wp-json\/wp\/v2\/types\/product"}],"version-history":[{"count":0,"href":"https:\/\/artstella-elixirs-floraux.com\/en\/wp-json\/wp\/v2\/product\/5619\/revisions"}],"wp:featuredmedia":[{"embeddable":true,"href":"https:\/\/artstella-elixirs-floraux.com\/en\/wp-json\/wp\/v2\/media\/5620"}],"wp:attachment":[{"href":"https:\/\/artstella-elixirs-floraux.com\/en\/wp-json\/wp\/v2\/media?parent=5619"}],"wp:term":[{"taxonomy":"product_brand","embeddable":true,"href":"https:\/\/artstella-elixirs-floraux.com\/en\/wp-json\/wp\/v2\/product_brand?post=5619"},{"taxonomy":"product_cat","embeddable":true,"href":"https:\/\/artstella-elixirs-floraux.com\/en\/wp-json\/wp\/v2\/product_cat?post=5619"},{"taxonomy":"product_tag","embeddable":true,"href":"https:\/\/artstella-elixirs-floraux.com\/en\/wp-json\/wp\/v2\/product_tag?post=5619"}],"curies":[{"name":"wp","href":"https:\/\/api.w.org\/{rel}","templated":true}]}}