{"id":5637,"date":"2025-03-09T13:46:11","date_gmt":"2025-03-09T13:46:11","guid":{"rendered":"https:\/\/artstella-elixirs-floraux.com\/product\/bouleau-10-ml\/"},"modified":"2025-06-02T06:42:48","modified_gmt":"2025-06-02T06:42:48","slug":"bouleau-10-ml","status":"publish","type":"product","link":"https:\/\/artstella-elixirs-floraux.com\/en\/product\/bouleau-10-ml\/","title":{"rendered":"Bouleau 10 ml"},"content":{"rendered":"","protected":false},"excerpt":{"rendered":"<p><strong><em>Bouleau<\/em><\/strong><\/p>\n<p>Vitalit\u00e9, r\u00e9g\u00e9n\u00e9ration. Pour surmonter les tendances scl\u00e9rosantes, li\u00e9es au vieillissement.<\/p>","protected":false},"featured_media":5638,"template":"","meta":[],"product_brand":[],"product_cat":[183],"product_tag":[],"class_list":{"0":"post-5637","1":"product","2":"type-product","3":"status-publish","4":"has-post-thumbnail","6":"product_cat-les-elixirs-floraux-deva-unitaires","8":"first","9":"instock","10":"taxable","11":"shipping-taxable","12":"purchasable","13":"product-type-simple"},"etheme_brands":{"errors":{"invalid_taxonomy":["Invalid taxonomy."]},"error_data":[]},"jetpack_sharing_enabled":true,"jetpack-related-posts":[{"id":6101,"url":"https:\/\/artstella-elixirs-floraux.com\/en\/product\/polypore-du-bouleau-phi\/","url_meta":{"origin":5637,"position":0},"title":"Polypore du Bouleau PHI","author":"eveapprill","date":"9 March 2025","format":false,"excerpt":"Polypore du Bouleau - Pictoporus Betulinus(Birkenporling) Sur le plan \u00e9motionnel, cet \u00e9lixir aide \u00e0 int\u00e9grer notre ombre en nous reliant au subconscient. Des th\u00e9matiques comme la peur de la mort, de la finitude, de l\u2019impermanence qui touche tous les \u00eatres peuvent de ce fait \u00eatre mieux accept\u00e9es.","rel":"","context":"Similar post","block_context":{"text":"Similar post","link":""},"img":{"alt_text":"","src":"https:\/\/i0.wp.com\/artstella-elixirs-floraux.com\/wp-content\/uploads\/2025\/03\/wp-image2133.png?resize=350%2C200&ssl=1","width":350,"height":200},"classes":[]},{"id":5619,"url":"https:\/\/artstella-elixirs-floraux.com\/en\/product\/amandier-15-ml\/","url_meta":{"origin":5637,"position":1},"title":"Amandier 15 ML","author":"eveapprill","date":"9 March 2025","format":false,"excerpt":"Amandier Joie de vivre, vitalit\u00e9. Pour accepter le vieillissement du corps et percevoir la beaut\u00e9 de l\u2019\u00eatre au-del\u00e0 de la simple apparence physique. Fortifie et r\u00e9g\u00e9n\u00e8re le corps physique.","rel":"","context":"Similar post","block_context":{"text":"Similar post","link":""},"img":{"alt_text":"","src":"https:\/\/i0.wp.com\/artstella-elixirs-floraux.com\/wp-content\/uploads\/2025\/03\/wp-image1812.png?resize=350%2C200&ssl=1","width":350,"height":200},"classes":[]},{"id":5916,"url":"https:\/\/artstella-elixirs-floraux.com\/en\/product\/eglantier-10-ml-deva\/","url_meta":{"origin":5637,"position":2},"title":"Eglantier 10 ml DEVA","author":"eveapprill","date":"9 March 2025","format":false,"excerpt":"\u00c9glantier - Wild rose Rosa canina Motivation, vitalit\u00e9 Pour surmonter l'apathie, le manque d'int\u00e9r\u00eat, la r\u00e9signation ou l'abandon. S'utilise dans les situations de passivit\u00e9 totale, lorsqu'il n'y a pas d'espoir.","rel":"","context":"Similar post","block_context":{"text":"Similar post","link":""},"img":{"alt_text":"","src":"","width":0,"height":0},"classes":[]},{"id":5651,"url":"https:\/\/artstella-elixirs-floraux.com\/en\/product\/capucine-10-ml\/","url_meta":{"origin":5637,"position":3},"title":"Capucine 10 ml","author":"eveapprill","date":"9 March 2025","format":false,"excerpt":"Capucine Vitalit\u00e9, ouverture d\u2019esprit. Recommand\u00e9 \u00e0 ceux qui privil\u00e9gient trop l\u2019intellect et le mental au d\u00e9triment du corps physique. Stimule la vitalit\u00e9.","rel":"","context":"Similar post","block_context":{"text":"Similar post","link":""},"img":{"alt_text":"","src":"https:\/\/i0.wp.com\/artstella-elixirs-floraux.com\/wp-content\/uploads\/2025\/03\/wp-image2384.png?resize=350%2C200&ssl=1","width":350,"height":200},"classes":[]},{"id":5682,"url":"https:\/\/artstella-elixirs-floraux.com\/en\/product\/epilobe-15-ml-deva\/","url_meta":{"origin":5637,"position":4},"title":"Epilobe 15 ml DEVA","author":"eveapprill","date":"9 March 2025","format":false,"excerpt":"L'\u00e9lixir d'Epilobe aide \u00e0 se lib\u00e9rer des vieilles habitudes, des comportements fig\u00e9s, dans les p\u00e9riodes de transition.\u00a0Catalyseur de transformation. R\u00e9g\u00e9n\u00e9ration, purification","rel":"","context":"Similar post","block_context":{"text":"Similar post","link":""},"img":{"alt_text":"","src":"https:\/\/i0.wp.com\/artstella-elixirs-floraux.com\/wp-content\/uploads\/2025\/03\/wp-image2398.png?resize=350%2C200&ssl=1","width":350,"height":200},"classes":[]},{"id":5796,"url":"https:\/\/artstella-elixirs-floraux.com\/en\/product\/sureau-15-ml-deva\/","url_meta":{"origin":5637,"position":5},"title":"Sureau 15 ml DEVA","author":"eveapprill","date":"9 March 2025","format":false,"excerpt":"Sureau Aide \u00e0 surmonter le sentiment de honte, de souillure ou d'imperfection. Pour les temp\u00e9raments ternes, effac\u00e9s, soumis, manquant de vitalit\u00e9.","rel":"","context":"Similar post","block_context":{"text":"Similar post","link":""},"img":{"alt_text":"","src":"https:\/\/i0.wp.com\/artstella-elixirs-floraux.com\/wp-content\/uploads\/2025\/03\/wp-image2448.png?resize=350%2C200&ssl=1","width":350,"height":200},"classes":[]}],"_links":{"self":[{"href":"https:\/\/artstella-elixirs-floraux.com\/en\/wp-json\/wp\/v2\/product\/5637","targetHints":{"allow":["GET"]}}],"collection":[{"href":"https:\/\/artstella-elixirs-floraux.com\/en\/wp-json\/wp\/v2\/product"}],"about":[{"href":"https:\/\/artstella-elixirs-floraux.com\/en\/wp-json\/wp\/v2\/types\/product"}],"version-history":[{"count":0,"href":"https:\/\/artstella-elixirs-floraux.com\/en\/wp-json\/wp\/v2\/product\/5637\/revisions"}],"wp:featuredmedia":[{"embeddable":true,"href":"https:\/\/artstella-elixirs-floraux.com\/en\/wp-json\/wp\/v2\/media\/5638"}],"wp:attachment":[{"href":"https:\/\/artstella-elixirs-floraux.com\/en\/wp-json\/wp\/v2\/media?parent=5637"}],"wp:term":[{"taxonomy":"product_brand","embeddable":true,"href":"https:\/\/artstella-elixirs-floraux.com\/en\/wp-json\/wp\/v2\/product_brand?post=5637"},{"taxonomy":"product_cat","embeddable":true,"href":"https:\/\/artstella-elixirs-floraux.com\/en\/wp-json\/wp\/v2\/product_cat?post=5637"},{"taxonomy":"product_tag","embeddable":true,"href":"https:\/\/artstella-elixirs-floraux.com\/en\/wp-json\/wp\/v2\/product_tag?post=5637"}],"curies":[{"name":"wp","href":"https:\/\/api.w.org\/{rel}","templated":true}]}}