{"id":5641,"date":"2025-03-09T13:46:14","date_gmt":"2025-03-09T13:46:14","guid":{"rendered":"https:\/\/artstella-elixirs-floraux.com\/product\/betoine-10-ml\/"},"modified":"2025-06-02T06:42:47","modified_gmt":"2025-06-02T06:42:47","slug":"betoine-10-ml","status":"publish","type":"product","link":"https:\/\/artstella-elixirs-floraux.com\/en\/product\/betoine-10-ml\/","title":{"rendered":"B\u00e9toine 10 ml"},"content":{"rendered":"","protected":false},"excerpt":{"rendered":"<p><strong><em>B\u00e9toine<\/em><\/strong><\/p>\n<p>Sexualit\u00e9 harmonieuse. Equilibre l\u2019expression sexuelle lorsque celle-ci est perturb\u00e9e.<\/p>","protected":false},"featured_media":5642,"template":"","meta":[],"product_brand":[],"product_cat":[183],"product_tag":[],"class_list":{"0":"post-5641","1":"product","2":"type-product","3":"status-publish","4":"has-post-thumbnail","6":"product_cat-les-elixirs-floraux-deva-unitaires","8":"first","9":"instock","10":"taxable","11":"shipping-taxable","12":"purchasable","13":"product-type-simple"},"etheme_brands":{"errors":{"invalid_taxonomy":["Invalid taxonomy."]},"error_data":[]},"jetpack_sharing_enabled":true,"jetpack-related-posts":[{"id":5285,"url":"https:\/\/artstella-elixirs-floraux.com\/en\/product\/complexe-n5-vie-affective-et-sexualite-30ml\/","url_meta":{"origin":5641,"position":0},"title":"COMPLEXE N\u00b05 Vie affective et sexualit\u00e9 30ml","author":"eveapprill","date":"9 March 2025","format":false,"excerpt":"COMPLEXE N\u00b05 Vie affective et sexualit\u00e9 est conseill\u00e9 lorsque la vie affective est d\u00e9s\u00e9quilibr\u00e9e, lorsque la sexualit\u00e9 devient pr\u00e9dominante au d\u00e9triment des autres valeurs. Il favorise l'expression des sentiments profonds et d\u00e9veloppe l'authenticit\u00e9 au niveau de la relation amoureuse.","rel":"","context":"Similar post","block_context":{"text":"Similar post","link":""},"img":{"alt_text":"","src":"https:\/\/i0.wp.com\/artstella-elixirs-floraux.com\/wp-content\/uploads\/2025\/03\/ad399809-a071-4945-853e-c27fb9967aa3.jpg?resize=350%2C200&ssl=1","width":350,"height":200,"srcset":"https:\/\/i0.wp.com\/artstella-elixirs-floraux.com\/wp-content\/uploads\/2025\/03\/ad399809-a071-4945-853e-c27fb9967aa3.jpg?resize=350%2C200&ssl=1 1x, https:\/\/i0.wp.com\/artstella-elixirs-floraux.com\/wp-content\/uploads\/2025\/03\/ad399809-a071-4945-853e-c27fb9967aa3.jpg?resize=525%2C300&ssl=1 1.5x, https:\/\/i0.wp.com\/artstella-elixirs-floraux.com\/wp-content\/uploads\/2025\/03\/ad399809-a071-4945-853e-c27fb9967aa3.jpg?resize=700%2C400&ssl=1 2x"},"classes":[]},{"id":5674,"url":"https:\/\/artstella-elixirs-floraux.com\/en\/product\/courgette-15-ml-deva\/","url_meta":{"origin":5641,"position":1},"title":"Courgette 15 ml DEVA","author":"eveapprill","date":"9 March 2025","format":false,"excerpt":"Courgette Grossesse harmonieuse. Assiste la femme enceinte en \u00e9quilibrant les \u00e9motions. De fa\u00e7on plus g\u00e9n\u00e9rale, stimule et accro\u00eet la cr\u00e9ativit\u00e9 f\u00e9minine, sp\u00e9cialement lorsque celle-ci est \u00e9touff\u00e9e ou refoul\u00e9e \u00e0 cause d\u2019un environnement social et culturel difficile.","rel":"","context":"Similar post","block_context":{"text":"Similar post","link":""},"img":{"alt_text":"","src":"https:\/\/i0.wp.com\/artstella-elixirs-floraux.com\/wp-content\/uploads\/2025\/03\/wp-image2394.png?resize=350%2C200&ssl=1","width":350,"height":200},"classes":[]},{"id":5804,"url":"https:\/\/artstella-elixirs-floraux.com\/en\/product\/tournesol-15-ml-deva\/","url_meta":{"origin":5641,"position":2},"title":"Tournesol 15 ml DEVA","author":"eveapprill","date":"9 March 2025","format":false,"excerpt":"Tournesol Expression de soi \u00e9quilibr\u00e9e. Aide \u00e0 r\u00e9soudre les conflits li\u00e9s aux parents ou \u00e0 l\u2019image parentale. Pour \u00e9quilibrer l\u2019ego lorsque celui-ci est trop pr\u00e9dominant (\u00e9go\u00efsme, vanit\u00e9) ou trop effac\u00e9 (manque d\u2019estime de soi).","rel":"","context":"Similar post","block_context":{"text":"Similar post","link":""},"img":{"alt_text":"","src":"https:\/\/i0.wp.com\/artstella-elixirs-floraux.com\/wp-content\/uploads\/2025\/03\/wp-image2452.png?resize=350%2C200&ssl=1","width":350,"height":200},"classes":[]},{"id":4501,"url":"https:\/\/artstella-elixirs-floraux.com\/en\/product\/wisteria-15-ml-bush\/","url_meta":{"origin":5641,"position":3},"title":"WISTERIA 15 ML BUSH","author":"eveapprill","date":"9 March 2025","format":false,"excerpt":"Wisteria Pour les femmes qui ne se sentent pas \u00e0 l\u2019aise avec leur sexualit\u00e9, peur qui a son origine dans l\u2019abus sexuel. Confiance, am\u00e9lioration de la vie sexuelle.","rel":"","context":"Similar post","block_context":{"text":"Similar post","link":""},"img":{"alt_text":"","src":"https:\/\/i0.wp.com\/artstella-elixirs-floraux.com\/wp-content\/uploads\/2025\/03\/wp-image1085.png?resize=350%2C200&ssl=1","width":350,"height":200},"classes":[]},{"id":5631,"url":"https:\/\/artstella-elixirs-floraux.com\/en\/product\/basilic-10ml\/","url_meta":{"origin":5641,"position":4},"title":"Basilic 10ml","author":"eveapprill","date":"9 March 2025","format":false,"excerpt":"Basilic Sexualit\u00e9 \u00e9quilibr\u00e9e. Pour int\u00e9grer les d\u00e9sirs \u00e9motionnels et sexuels aux valeurs spirituelles sp\u00e9cialement lorsque sexualit\u00e9 et spiritualit\u00e9 sont per\u00e7ues en tant que forces antagonistes.","rel":"","context":"Similar post","block_context":{"text":"Similar post","link":""},"img":{"alt_text":"","src":"https:\/\/i0.wp.com\/artstella-elixirs-floraux.com\/wp-content\/uploads\/2025\/03\/wp-image1818.png?resize=350%2C200&ssl=1","width":350,"height":200},"classes":[]},{"id":5732,"url":"https:\/\/artstella-elixirs-floraux.com\/en\/product\/mimulus-ecarlate-15-ml-deva\/","url_meta":{"origin":5641,"position":5},"title":"Mimulus \u00e9carlate 15 ml DEVA","author":"eveapprill","date":"9 March 2025","format":false,"excerpt":"Mimulus \u00e9carlate - Scarlet Monkeyflower Lib\u00e9ration des \u00e9motions intenses. Permet de r\u00e9soudre les situations de pouvoir et de col\u00e8re dans les relations interpersonnelles. Lib\u00e8re la vitalit\u00e9 lorsque celle-ci est paralys\u00e9e par la col\u00e8re ou le ressentiment.","rel":"","context":"Similar post","block_context":{"text":"Similar post","link":""},"img":{"alt_text":"","src":"https:\/\/i0.wp.com\/artstella-elixirs-floraux.com\/wp-content\/uploads\/2025\/03\/wp-image2424.png?resize=350%2C200&ssl=1","width":350,"height":200},"classes":[]}],"_links":{"self":[{"href":"https:\/\/artstella-elixirs-floraux.com\/en\/wp-json\/wp\/v2\/product\/5641","targetHints":{"allow":["GET"]}}],"collection":[{"href":"https:\/\/artstella-elixirs-floraux.com\/en\/wp-json\/wp\/v2\/product"}],"about":[{"href":"https:\/\/artstella-elixirs-floraux.com\/en\/wp-json\/wp\/v2\/types\/product"}],"version-history":[{"count":0,"href":"https:\/\/artstella-elixirs-floraux.com\/en\/wp-json\/wp\/v2\/product\/5641\/revisions"}],"wp:featuredmedia":[{"embeddable":true,"href":"https:\/\/artstella-elixirs-floraux.com\/en\/wp-json\/wp\/v2\/media\/5642"}],"wp:attachment":[{"href":"https:\/\/artstella-elixirs-floraux.com\/en\/wp-json\/wp\/v2\/media?parent=5641"}],"wp:term":[{"taxonomy":"product_brand","embeddable":true,"href":"https:\/\/artstella-elixirs-floraux.com\/en\/wp-json\/wp\/v2\/product_brand?post=5641"},{"taxonomy":"product_cat","embeddable":true,"href":"https:\/\/artstella-elixirs-floraux.com\/en\/wp-json\/wp\/v2\/product_cat?post=5641"},{"taxonomy":"product_tag","embeddable":true,"href":"https:\/\/artstella-elixirs-floraux.com\/en\/wp-json\/wp\/v2\/product_tag?post=5641"}],"curies":[{"name":"wp","href":"https:\/\/api.w.org\/{rel}","templated":true}]}}