{"id":5649,"date":"2025-03-09T13:46:20","date_gmt":"2025-03-09T13:46:20","guid":{"rendered":"https:\/\/artstella-elixirs-floraux.com\/product\/calendula-10-ml\/"},"modified":"2025-06-02T06:42:46","modified_gmt":"2025-06-02T06:42:46","slug":"calendula-10-ml","status":"publish","type":"product","link":"https:\/\/artstella-elixirs-floraux.com\/en\/product\/calendula-10-ml\/","title":{"rendered":"Calendula 10 ml"},"content":{"rendered":"","protected":false},"excerpt":{"rendered":"<p><strong><em>Calendula<\/em><\/strong><\/p>\n<p>R\u00e9ceptivit\u00e9, cordialit\u00e9. Pour ceux qui \u00e9coutent superficiellement. Pour ceux qui sont souvent \u00abblessants\u00bb dans leur langage, qui injurient facilement les autres ou qui ont tendance \u00e0 argumenter en permanence.<\/p>","protected":false},"featured_media":5650,"template":"","meta":[],"product_brand":[],"product_cat":[183],"product_tag":[],"class_list":{"0":"post-5649","1":"product","2":"type-product","3":"status-publish","4":"has-post-thumbnail","6":"product_cat-les-elixirs-floraux-deva-unitaires","8":"first","9":"instock","10":"taxable","11":"shipping-taxable","12":"purchasable","13":"product-type-simple"},"etheme_brands":{"errors":{"invalid_taxonomy":["Invalid taxonomy."]},"error_data":[]},"jetpack_sharing_enabled":true,"jetpack-related-posts":[{"id":3310,"url":"https:\/\/artstella-elixirs-floraux.com\/en\/product\/souci-15-ml-phi\/","url_meta":{"origin":5649,"position":0},"title":"SOUCI 15 ML PHI","author":"eveapprill","date":"9 March 2025","format":false,"excerpt":"Souci (Calendula officinalis) (Ringelblume) Permet de laisser aller les \u00e9motions. L'\u00e9lixir nous aide \u00e0 construire notre centre et aide \u00e0 dissoudre les tensions et les blocages dus aux chocs et traumatismes.","rel":"","context":"Similar post","block_context":{"text":"Similar post","link":""},"img":{"alt_text":"","src":"https:\/\/i0.wp.com\/artstella-elixirs-floraux.com\/wp-content\/uploads\/2025\/03\/wp-image694.png?resize=350%2C200&ssl=1","width":350,"height":200},"classes":[]},{"id":5298,"url":"https:\/\/artstella-elixirs-floraux.com\/en\/product\/complexe-n9-unite-familiale-deva-30ml\/","url_meta":{"origin":5649,"position":1},"title":"COMPLEXE N\u00b09 Unit\u00e9 familiale DEVA 30ML","author":"eveapprill","date":"9 March 2025","format":false,"excerpt":"COMPLEXE N\u00b09 Unit\u00e9 familiale 30ml \u00c9coute, compr\u00e9hension, solidarit\u00e9 Renforce l'unit\u00e9 familiale. D\u00e9veloppe les liens du c\u0153ur.","rel":"","context":"Similar post","block_context":{"text":"Similar post","link":""},"img":{"alt_text":"","src":"https:\/\/i0.wp.com\/artstella-elixirs-floraux.com\/wp-content\/uploads\/2025\/03\/f4e29b6e-c225-4335-9a53-00298e16c3f6.jpg?resize=350%2C200&ssl=1","width":350,"height":200,"srcset":"https:\/\/i0.wp.com\/artstella-elixirs-floraux.com\/wp-content\/uploads\/2025\/03\/f4e29b6e-c225-4335-9a53-00298e16c3f6.jpg?resize=350%2C200&ssl=1 1x, https:\/\/i0.wp.com\/artstella-elixirs-floraux.com\/wp-content\/uploads\/2025\/03\/f4e29b6e-c225-4335-9a53-00298e16c3f6.jpg?resize=525%2C300&ssl=1 1.5x, https:\/\/i0.wp.com\/artstella-elixirs-floraux.com\/wp-content\/uploads\/2025\/03\/f4e29b6e-c225-4335-9a53-00298e16c3f6.jpg?resize=700%2C400&ssl=1 2x"},"classes":[]},{"id":5898,"url":"https:\/\/artstella-elixirs-floraux.com\/en\/product\/bruyere-15ml-deva\/","url_meta":{"origin":5649,"position":2},"title":"Bruy\u00e8re 15ml DEVA","author":"eveapprill","date":"9 March 2025","format":false,"excerpt":"Bruy\u00e8re - Heather Calluna vulgaris Tranquillit\u00e9, \u00e9coute Pour ceux qui sont uniquement concern\u00e9s par leur vie et par leurs probl\u00e8mes et qui ont constamment besoin de l'attention d'autrui. Ils ne portent pas d'int\u00e9r\u00eat \u00e0 ceux qui les entourent et ne savent pas \u00e9couter.","rel":"","context":"Similar post","block_context":{"text":"Similar post","link":""},"img":{"alt_text":"","src":"","width":0,"height":0},"classes":[]},{"id":2747,"url":"https:\/\/artstella-elixirs-floraux.com\/en\/product\/travel-voyage-bush-30-ml\/","url_meta":{"origin":5649,"position":3},"title":"TRAVEL Voyage BUSH 30 ml","author":"eveapprill","date":"9 March 2025","format":false,"excerpt":"Travel -\u00a0Voyage Recommand\u00e9 \u00e0 tous ceux qui partent en voyage et tout particuli\u00e8rement \u00e0 ceux qui voyagent en avion. Limite les effets du mal des transports (mer, air, fer, route).","rel":"","context":"Similar post","block_context":{"text":"Similar post","link":""},"img":{"alt_text":"","src":"https:\/\/i0.wp.com\/artstella-elixirs-floraux.com\/wp-content\/uploads\/2025\/03\/797b8093-234c-413f-994e-c16f863422b6.jpg?resize=350%2C200&ssl=1","width":350,"height":200,"srcset":"https:\/\/i0.wp.com\/artstella-elixirs-floraux.com\/wp-content\/uploads\/2025\/03\/797b8093-234c-413f-994e-c16f863422b6.jpg?resize=350%2C200&ssl=1 1x, https:\/\/i0.wp.com\/artstella-elixirs-floraux.com\/wp-content\/uploads\/2025\/03\/797b8093-234c-413f-994e-c16f863422b6.jpg?resize=525%2C300&ssl=1 1.5x, https:\/\/i0.wp.com\/artstella-elixirs-floraux.com\/wp-content\/uploads\/2025\/03\/797b8093-234c-413f-994e-c16f863422b6.jpg?resize=700%2C400&ssl=1 2x"},"classes":[]},{"id":5910,"url":"https:\/\/artstella-elixirs-floraux.com\/en\/product\/chicoree-15ml-deva\/","url_meta":{"origin":5649,"position":4},"title":"Chicor\u00e9e 15ml DEVA","author":"eveapprill","date":"9 March 2025","format":false,"excerpt":"Chicor\u00e9e - Chicory Cichorium intybus Amour d\u00e9sint\u00e9ress\u00e9 Pour ceux qui sont trop possessifs, \u00e9go\u00efstes, qui ont besoin de contr\u00f4ler ou de diriger ceux qui les entourent. Pour les enfants qui ont une demande d'attention permanente.","rel":"","context":"Similar post","block_context":{"text":"Similar post","link":""},"img":{"alt_text":"","src":"","width":0,"height":0},"classes":[]},{"id":6394,"url":"https:\/\/artstella-elixirs-floraux.com\/en\/product\/libertad-30-ml-sylfos\/","url_meta":{"origin":5649,"position":5},"title":"LIBERTAD 30 ml Sylfos","author":"eveapprill","date":"9 March 2025","format":false,"excerpt":"LIBERTAD 30 ml Sylfos Pour ceux qui souhaitent surmonter les diverses d\u00e9pendances. Elle aide \u00e0 la d\u00e9sintoxication psychophysique, en particulier lorsque des substances nocives pour la sant\u00e9 ont \u00e9t\u00e9 consomm\u00e9es de mani\u00e8re excessive. Elle remet de l'ordre l\u00e0 o\u00f9 existaient des comportements compulsifs et autodestructeurs, et aide ceux qui le\u2026","rel":"","context":"Similar post","block_context":{"text":"Similar post","link":""},"img":{"alt_text":"","src":"https:\/\/i0.wp.com\/artstella-elixirs-floraux.com\/wp-content\/uploads\/2025\/03\/937bb8d6-05da-4553-a4f4-cc7d91c6bf3f.webp?resize=350%2C200&ssl=1","width":350,"height":200,"srcset":"https:\/\/i0.wp.com\/artstella-elixirs-floraux.com\/wp-content\/uploads\/2025\/03\/937bb8d6-05da-4553-a4f4-cc7d91c6bf3f.webp?resize=350%2C200&ssl=1 1x, https:\/\/i0.wp.com\/artstella-elixirs-floraux.com\/wp-content\/uploads\/2025\/03\/937bb8d6-05da-4553-a4f4-cc7d91c6bf3f.webp?resize=525%2C300&ssl=1 1.5x, https:\/\/i0.wp.com\/artstella-elixirs-floraux.com\/wp-content\/uploads\/2025\/03\/937bb8d6-05da-4553-a4f4-cc7d91c6bf3f.webp?resize=700%2C400&ssl=1 2x"},"classes":[]}],"_links":{"self":[{"href":"https:\/\/artstella-elixirs-floraux.com\/en\/wp-json\/wp\/v2\/product\/5649","targetHints":{"allow":["GET"]}}],"collection":[{"href":"https:\/\/artstella-elixirs-floraux.com\/en\/wp-json\/wp\/v2\/product"}],"about":[{"href":"https:\/\/artstella-elixirs-floraux.com\/en\/wp-json\/wp\/v2\/types\/product"}],"version-history":[{"count":0,"href":"https:\/\/artstella-elixirs-floraux.com\/en\/wp-json\/wp\/v2\/product\/5649\/revisions"}],"wp:featuredmedia":[{"embeddable":true,"href":"https:\/\/artstella-elixirs-floraux.com\/en\/wp-json\/wp\/v2\/media\/5650"}],"wp:attachment":[{"href":"https:\/\/artstella-elixirs-floraux.com\/en\/wp-json\/wp\/v2\/media?parent=5649"}],"wp:term":[{"taxonomy":"product_brand","embeddable":true,"href":"https:\/\/artstella-elixirs-floraux.com\/en\/wp-json\/wp\/v2\/product_brand?post=5649"},{"taxonomy":"product_cat","embeddable":true,"href":"https:\/\/artstella-elixirs-floraux.com\/en\/wp-json\/wp\/v2\/product_cat?post=5649"},{"taxonomy":"product_tag","embeddable":true,"href":"https:\/\/artstella-elixirs-floraux.com\/en\/wp-json\/wp\/v2\/product_tag?post=5649"}],"curies":[{"name":"wp","href":"https:\/\/api.w.org\/{rel}","templated":true}]}}