{"id":5651,"date":"2025-03-09T13:46:21","date_gmt":"2025-03-09T13:46:21","guid":{"rendered":"https:\/\/artstella-elixirs-floraux.com\/product\/capucine-10-ml\/"},"modified":"2025-06-02T06:42:46","modified_gmt":"2025-06-02T06:42:46","slug":"capucine-10-ml","status":"publish","type":"product","link":"https:\/\/artstella-elixirs-floraux.com\/en\/product\/capucine-10-ml\/","title":{"rendered":"Capucine 10 ml"},"content":{"rendered":"","protected":false},"excerpt":{"rendered":"<p><strong><em>Capucine<\/em><\/strong><\/p>\n<p>Vitalit\u00e9, ouverture d\u2019esprit. Recommand\u00e9 \u00e0 ceux qui privil\u00e9gient trop l\u2019intellect et le mental au d\u00e9triment du corps physique. Stimule la vitalit\u00e9.<\/p>","protected":false},"featured_media":5652,"template":"","meta":[],"product_brand":[],"product_cat":[183],"product_tag":[],"class_list":{"0":"post-5651","1":"product","2":"type-product","3":"status-publish","4":"has-post-thumbnail","6":"product_cat-les-elixirs-floraux-deva-unitaires","8":"first","9":"instock","10":"taxable","11":"shipping-taxable","12":"purchasable","13":"product-type-simple"},"etheme_brands":{"errors":{"invalid_taxonomy":["Invalid taxonomy."]},"error_data":[]},"jetpack_sharing_enabled":true,"jetpack-related-posts":[{"id":5292,"url":"https:\/\/artstella-elixirs-floraux.com\/en\/product\/complexe-n-5-liberation-deva-30ml\/","url_meta":{"origin":5651,"position":0},"title":"COMPLEXE N\u00b0 5 Lib\u00e9ration DEVA 30ML","author":"eveapprill","date":"9 March 2025","format":false,"excerpt":"COMPLEXE N\u00b0 6\u00a0 Lib\u00e9ration (anciennement D\u00e9saccoutumance) 30ml aide \u00e0 se lib\u00e9rer des habitudes nocives et r\u00e9p\u00e9titives. Il soutient la volont\u00e9 et apaise dans les p\u00e9riodes de changement. Il stimule la vitalit\u00e9 et r\u00e9gularise les rythmes de vie d\u00e9sordonn\u00e9s.","rel":"","context":"Similar post","block_context":{"text":"Similar post","link":""},"img":{"alt_text":"","src":"https:\/\/i0.wp.com\/artstella-elixirs-floraux.com\/wp-content\/uploads\/2025\/03\/73c6ebeb-db7e-42f0-af08-28a7d151d309.jpg?resize=350%2C200&ssl=1","width":350,"height":200,"srcset":"https:\/\/i0.wp.com\/artstella-elixirs-floraux.com\/wp-content\/uploads\/2025\/03\/73c6ebeb-db7e-42f0-af08-28a7d151d309.jpg?resize=350%2C200&ssl=1 1x, https:\/\/i0.wp.com\/artstella-elixirs-floraux.com\/wp-content\/uploads\/2025\/03\/73c6ebeb-db7e-42f0-af08-28a7d151d309.jpg?resize=525%2C300&ssl=1 1.5x, https:\/\/i0.wp.com\/artstella-elixirs-floraux.com\/wp-content\/uploads\/2025\/03\/73c6ebeb-db7e-42f0-af08-28a7d151d309.jpg?resize=700%2C400&ssl=1 2x"},"classes":[]},{"id":3989,"url":"https:\/\/artstella-elixirs-floraux.com\/en\/product\/araucaria-10ml-sylfos\/","url_meta":{"origin":5651,"position":1},"title":"ARAUCARIA \/ ARAUCARIA DU CHILI SYLFOS","author":"eveapprill","date":"9 March 2025","format":false,"excerpt":"ARAUCARIA Araucaria araucana Ancrage, compassion, vitalit\u00e9. Favorise l\u2019ancrage \u00e1 la Terre et aide \u00e0 se recentrer en retrouvant l\u2019harmonie des rythmes naturels.","rel":"","context":"Similar post","block_context":{"text":"Similar post","link":""},"img":{"alt_text":"","src":"","width":0,"height":0},"classes":[]},{"id":4056,"url":"https:\/\/artstella-elixirs-floraux.com\/en\/product\/ortiga-brava-pavot-15-ml-sylfos\/","url_meta":{"origin":5651,"position":2},"title":"ORTIGA BRAVA \/ PAVOT PIQUANT SYLFOS","author":"eveapprill","date":"9 March 2025","format":false,"excerpt":"ORTIGA BRAVA Loasa tricolor Vitalit\u00e9, capacit\u00e9 \u00e0 aller de l'avant. Pour les p\u00e9riodes de stagnation et de r\u00e9tention d\u2019\u00e9nergie vitale.","rel":"","context":"Similar post","block_context":{"text":"Similar post","link":""},"img":{"alt_text":"","src":"","width":0,"height":0},"classes":[]},{"id":5637,"url":"https:\/\/artstella-elixirs-floraux.com\/en\/product\/bouleau-10-ml\/","url_meta":{"origin":5651,"position":3},"title":"Bouleau 10 ml","author":"eveapprill","date":"9 March 2025","format":false,"excerpt":"Bouleau Vitalit\u00e9, r\u00e9g\u00e9n\u00e9ration. Pour surmonter les tendances scl\u00e9rosantes, li\u00e9es au vieillissement.","rel":"","context":"Similar post","block_context":{"text":"Similar post","link":""},"img":{"alt_text":"","src":"https:\/\/i0.wp.com\/artstella-elixirs-floraux.com\/wp-content\/uploads\/2025\/03\/wp-image1823.png?resize=350%2C200&ssl=1","width":350,"height":200},"classes":[]},{"id":5686,"url":"https:\/\/artstella-elixirs-floraux.com\/en\/product\/erable-15-ml-deva\/","url_meta":{"origin":5651,"position":4},"title":"Erable 15 ml DEVA","author":"eveapprill","date":"9 March 2025","format":false,"excerpt":"Erable Vitalit\u00e9, dynamisme, fluidit\u00e9. Favorise le r\u00e9\u00e9quilibrage et la circulation \u00e9nerg\u00e9tique.","rel":"","context":"Similar post","block_context":{"text":"Similar post","link":""},"img":{"alt_text":"","src":"https:\/\/i0.wp.com\/artstella-elixirs-floraux.com\/wp-content\/uploads\/2025\/03\/wp-image2399.png?resize=350%2C200&ssl=1","width":350,"height":200},"classes":[]},{"id":2500,"url":"https:\/\/artstella-elixirs-floraux.com\/en\/product\/azurite\/","url_meta":{"origin":5651,"position":5},"title":"AZURITE","author":"eveapprill","date":"9 March 2025","format":false,"excerpt":"AZURITE Enracine la communication ; ouvre et renforce la connexion entre les forces terrestres f\u00e9minines et le 5eme chakra ; nous aide \u00e0 communiquer avec vitalit\u00e9, authenticit\u00e9 et gentillesse.","rel":"","context":"Similar post","block_context":{"text":"Similar post","link":""},"img":{"alt_text":"","src":"https:\/\/i0.wp.com\/artstella-elixirs-floraux.com\/wp-content\/uploads\/2025\/03\/wp-image199.png?resize=350%2C200&ssl=1","width":350,"height":200},"classes":[]}],"_links":{"self":[{"href":"https:\/\/artstella-elixirs-floraux.com\/en\/wp-json\/wp\/v2\/product\/5651","targetHints":{"allow":["GET"]}}],"collection":[{"href":"https:\/\/artstella-elixirs-floraux.com\/en\/wp-json\/wp\/v2\/product"}],"about":[{"href":"https:\/\/artstella-elixirs-floraux.com\/en\/wp-json\/wp\/v2\/types\/product"}],"version-history":[{"count":0,"href":"https:\/\/artstella-elixirs-floraux.com\/en\/wp-json\/wp\/v2\/product\/5651\/revisions"}],"wp:featuredmedia":[{"embeddable":true,"href":"https:\/\/artstella-elixirs-floraux.com\/en\/wp-json\/wp\/v2\/media\/5652"}],"wp:attachment":[{"href":"https:\/\/artstella-elixirs-floraux.com\/en\/wp-json\/wp\/v2\/media?parent=5651"}],"wp:term":[{"taxonomy":"product_brand","embeddable":true,"href":"https:\/\/artstella-elixirs-floraux.com\/en\/wp-json\/wp\/v2\/product_brand?post=5651"},{"taxonomy":"product_cat","embeddable":true,"href":"https:\/\/artstella-elixirs-floraux.com\/en\/wp-json\/wp\/v2\/product_cat?post=5651"},{"taxonomy":"product_tag","embeddable":true,"href":"https:\/\/artstella-elixirs-floraux.com\/en\/wp-json\/wp\/v2\/product_tag?post=5651"}],"curies":[{"name":"wp","href":"https:\/\/api.w.org\/{rel}","templated":true}]}}