{"id":5655,"date":"2025-03-09T13:46:24","date_gmt":"2025-03-09T13:46:24","guid":{"rendered":"https:\/\/artstella-elixirs-floraux.com\/product\/cayenne-15-ml\/"},"modified":"2025-06-02T06:42:46","modified_gmt":"2025-06-02T06:42:46","slug":"cayenne-15-ml","status":"publish","type":"product","link":"https:\/\/artstella-elixirs-floraux.com\/en\/product\/cayenne-15-ml\/","title":{"rendered":"Cayenne 15 ml"},"content":{"rendered":"","protected":false},"excerpt":{"rendered":"<p><strong><em>Cayenne<\/em><\/strong><\/p>\n<p>Volont\u00e9, enthousiasme. Puissant catalyseur utilis\u00e9 pour surmonter l\u2019immobilisme. D\u00e9veloppe les forces de la volont\u00e9 et apporte motivation et enthousiasme.<\/p>","protected":false},"featured_media":5656,"template":"","meta":[],"product_brand":[],"product_cat":[183],"product_tag":[],"class_list":{"0":"post-5655","1":"product","2":"type-product","3":"status-publish","4":"has-post-thumbnail","6":"product_cat-les-elixirs-floraux-deva-unitaires","8":"first","9":"instock","10":"taxable","11":"shipping-taxable","12":"purchasable","13":"product-type-simple"},"etheme_brands":{"errors":{"invalid_taxonomy":["Invalid taxonomy."]},"error_data":[]},"jetpack_sharing_enabled":true,"jetpack-related-posts":[{"id":5308,"url":"https:\/\/artstella-elixirs-floraux.com\/en\/product\/complexe-n14-evolution-deva-30ml\/","url_meta":{"origin":5655,"position":0},"title":"COMPLEXE N\u00b014 \u00c9volution DEVA 30ML","author":"eveapprill","date":"9 March 2025","format":false,"excerpt":"COMPLEXE N\u00b014 \u00c9volution 30ml Clart\u00e9, courage, engagement, r\u00e9solution, l\u00e2cher prise. Pour les p\u00e9riodes de changement, de transformation, de remise en question ou de transition (changement d'environnement social de carri\u00e8re, rupture, d\u00e9m\u00e9nagement)","rel":"","context":"Similar post","block_context":{"text":"Similar post","link":""},"img":{"alt_text":"Compos\u00e9s D\u00e9va","src":"https:\/\/i0.wp.com\/artstella-elixirs-floraux.com\/wp-content\/uploads\/2025\/03\/1a5f0cc3-4eec-4a3a-a231-ff3982cc3966.jpg?resize=350%2C200&ssl=1","width":350,"height":200,"srcset":"https:\/\/i0.wp.com\/artstella-elixirs-floraux.com\/wp-content\/uploads\/2025\/03\/1a5f0cc3-4eec-4a3a-a231-ff3982cc3966.jpg?resize=350%2C200&ssl=1 1x, https:\/\/i0.wp.com\/artstella-elixirs-floraux.com\/wp-content\/uploads\/2025\/03\/1a5f0cc3-4eec-4a3a-a231-ff3982cc3966.jpg?resize=525%2C300&ssl=1 1.5x, https:\/\/i0.wp.com\/artstella-elixirs-floraux.com\/wp-content\/uploads\/2025\/03\/1a5f0cc3-4eec-4a3a-a231-ff3982cc3966.jpg?resize=700%2C400&ssl=1 2x"},"classes":[]},{"id":3306,"url":"https:\/\/artstella-elixirs-floraux.com\/en\/product\/paprika-15-ml-phi\/","url_meta":{"origin":5655,"position":1},"title":"PAPRIKA 15 ML PHI","author":"eveapprill","date":"9 March 2025","format":false,"excerpt":"Cayenne (Capsicum annuum) (Paprika) Accro\u00eet l'acuit\u00e9 de nos perceptions et favorise le dynamisme. Renforce l'\u00e9nergie.","rel":"","context":"Similar post","block_context":{"text":"Similar post","link":""},"img":{"alt_text":"","src":"https:\/\/i0.wp.com\/artstella-elixirs-floraux.com\/wp-content\/uploads\/2025\/03\/wp-image692.png?resize=350%2C200&ssl=1","width":350,"height":200},"classes":[]},{"id":4553,"url":"https:\/\/artstella-elixirs-floraux.com\/en\/product\/coffret-fleurs-sauvages-supplementaires-phi-15-ml\/","url_meta":{"origin":5655,"position":2},"title":"COFFRET Fleurs sauvages suppl\u00e9mentaires PHI 15 ML","author":"eveapprill","date":"9 March 2025","format":false,"excerpt":"Contient 20 \u00e9lixirs de fleurs sauvages suppl\u00e9mentaires","rel":"","context":"Similar post","block_context":{"text":"Similar post","link":""},"img":{"alt_text":"","src":"","width":0,"height":0},"classes":[]},{"id":2623,"url":"https:\/\/artstella-elixirs-floraux.com\/en\/product\/banksia-robur-bush-15ml\/","url_meta":{"origin":5655,"position":3},"title":"BANKSIA ROBUR BUSH 15ml","author":"eveapprill","date":"9 March 2025","format":false,"excerpt":"\u00a0BANKSIA ROBUR\u00a0 Perte de motivation et d\u2019enthousiasme, frustration et manque d\u2019\u00e9nergie. Joie de vivre, enthousiasme et \u00e9nergie.","rel":"","context":"Similar post","block_context":{"text":"Similar post","link":""},"img":{"alt_text":"","src":"https:\/\/i0.wp.com\/artstella-elixirs-floraux.com\/wp-content\/uploads\/2025\/03\/wp-image241.png?resize=350%2C200&ssl=1","width":350,"height":200},"classes":[]},{"id":1972,"url":"https:\/\/artstella-elixirs-floraux.com\/en\/product\/macrocarpa-15-ml-bush\/","url_meta":{"origin":5655,"position":4},"title":"MACROCARPA 15 ML BUSH","author":"eveapprill","date":"27 May 2025","format":false,"excerpt":"Macrocarpa Epuisement, sentiment de vide. Endurance, reprise d\u2019enthousiasme","rel":"","context":"Similar post","block_context":{"text":"Similar post","link":""},"img":{"alt_text":"","src":"https:\/\/i0.wp.com\/artstella-elixirs-floraux.com\/wp-content\/uploads\/2025\/03\/wp-image1041.webp?resize=350%2C200&ssl=1","width":350,"height":200},"classes":[]},{"id":5780,"url":"https:\/\/artstella-elixirs-floraux.com\/en\/product\/petunia-15-ml-deva\/","url_meta":{"origin":5655,"position":5},"title":"Petunia 15 ml DEVA","author":"eveapprill","date":"9 March 2025","format":false,"excerpt":"P\u00e9tunia Clart\u00e9 mentale, enthousiasme. Aide \u00e0 examiner les priorit\u00e9s, \u00e0 \u00e9liminer le superflu, \u00e0 se focaliser sur l\u2019essentiel pour aller droit au but.","rel":"","context":"Similar post","block_context":{"text":"Similar post","link":""},"img":{"alt_text":"","src":"https:\/\/i0.wp.com\/artstella-elixirs-floraux.com\/wp-content\/uploads\/2025\/03\/wp-image2438.png?resize=350%2C200&ssl=1","width":350,"height":200},"classes":[]}],"_links":{"self":[{"href":"https:\/\/artstella-elixirs-floraux.com\/en\/wp-json\/wp\/v2\/product\/5655","targetHints":{"allow":["GET"]}}],"collection":[{"href":"https:\/\/artstella-elixirs-floraux.com\/en\/wp-json\/wp\/v2\/product"}],"about":[{"href":"https:\/\/artstella-elixirs-floraux.com\/en\/wp-json\/wp\/v2\/types\/product"}],"version-history":[{"count":0,"href":"https:\/\/artstella-elixirs-floraux.com\/en\/wp-json\/wp\/v2\/product\/5655\/revisions"}],"wp:featuredmedia":[{"embeddable":true,"href":"https:\/\/artstella-elixirs-floraux.com\/en\/wp-json\/wp\/v2\/media\/5656"}],"wp:attachment":[{"href":"https:\/\/artstella-elixirs-floraux.com\/en\/wp-json\/wp\/v2\/media?parent=5655"}],"wp:term":[{"taxonomy":"product_brand","embeddable":true,"href":"https:\/\/artstella-elixirs-floraux.com\/en\/wp-json\/wp\/v2\/product_brand?post=5655"},{"taxonomy":"product_cat","embeddable":true,"href":"https:\/\/artstella-elixirs-floraux.com\/en\/wp-json\/wp\/v2\/product_cat?post=5655"},{"taxonomy":"product_tag","embeddable":true,"href":"https:\/\/artstella-elixirs-floraux.com\/en\/wp-json\/wp\/v2\/product_tag?post=5655"}],"curies":[{"name":"wp","href":"https:\/\/api.w.org\/{rel}","templated":true}]}}