{"id":5662,"date":"2025-03-09T13:46:28","date_gmt":"2025-03-09T13:46:28","guid":{"rendered":"https:\/\/artstella-elixirs-floraux.com\/product\/chelidoine-10-ml-deva\/"},"modified":"2025-06-02T06:42:45","modified_gmt":"2025-06-02T06:42:45","slug":"chelidoine-10-ml-deva","status":"publish","type":"product","link":"https:\/\/artstella-elixirs-floraux.com\/en\/product\/chelidoine-10-ml-deva\/","title":{"rendered":"Ch\u00e9lidoine 10 ml DEVA"},"content":{"rendered":"","protected":false},"excerpt":{"rendered":"<p><strong><em>Ch\u00e9lidoine<\/em><\/strong><\/p>\n<p>Expression, \u00e9change, ouverture. Pour ceux qui \u00e9prouvent des difficult\u00e9s \u00e0 communiquer qui auraient tendance \u00e0 se replier sur eux-m\u00eames. Soutient les cordes vocales et la capacit\u00e9 \u00e0 transmettre les informations.<\/p>\n<p>Pour s\u2019exprimer en public. Peut aider la communication en cas de ranc\u0153ur et d\u2019amertume.<\/p>","protected":false},"featured_media":5663,"template":"","meta":[],"product_brand":[],"product_cat":[183],"product_tag":[],"class_list":{"0":"post-5662","1":"product","2":"type-product","3":"status-publish","4":"has-post-thumbnail","6":"product_cat-les-elixirs-floraux-deva-unitaires","8":"first","9":"instock","10":"taxable","11":"shipping-taxable","12":"purchasable","13":"product-type-simple"},"etheme_brands":{"errors":{"invalid_taxonomy":["Invalid taxonomy."]},"error_data":[]},"jetpack_sharing_enabled":true,"jetpack-related-posts":[{"id":5466,"url":"https:\/\/artstella-elixirs-floraux.com\/en\/product\/grande-chelidoine-chelidoine-greater-celandine-10-ml\/","url_meta":{"origin":5662,"position":0},"title":"Grande ch\u00e9lidoine Chelidoine -Greater celandine 10 ML","author":"eveapprill","date":"9 March 2025","format":false,"excerpt":"Chelidoine - Chelidonium majus - Greater celandine La cerise sur le g\u00e2teau\u201d qui rend la vie plus compl\u00e8te. Pour d\u00e9velopper un esprit de d\u00e9cision. Permet d\u2019int\u00e9grer des qualit\u00e9s int\u00e9rieures masculines et f\u00e9minines, autant chez l\u2019homme que chez la femme. Purifie les poisons \u00e9motionnels, am\u00e9liore les relations, notamment quand un mur\u2026","rel":"","context":"Similar post","block_context":{"text":"Similar post","link":""},"img":{"alt_text":"","src":"","width":0,"height":0},"classes":[]},{"id":5482,"url":"https:\/\/artstella-elixirs-floraux.com\/en\/product\/protection-bescherming-30ml-bloesem-remedies\/","url_meta":{"origin":5662,"position":1},"title":"PROTECTION (Bescherming)Bloesem Remedies","author":"eveapprill","date":"9 March 2025","format":false,"excerpt":"Protection\u00a0 Bloesem Remedies 30ml (Bescherming) (Achill\u00e9e, Ch\u00e9lidoine, Rue, Sensitive) am\u00e9liore la protection \u00e9motionnelle et spirituelle. Permet de rester centr\u00e9 dans la tension","rel":"","context":"Similar post","block_context":{"text":"Similar post","link":""},"img":{"alt_text":"","src":"","width":0,"height":0},"classes":[]},{"id":5486,"url":"https:\/\/artstella-elixirs-floraux.com\/en\/product\/love-30-ml-liefde-bloesem-remedies\/","url_meta":{"origin":5662,"position":2},"title":"LOVE Liefde Bloesem Remedies","author":"eveapprill","date":"9 March 2025","format":false,"excerpt":"Love 30 ml Liefde\u00a0 Bloesem Remedies (Bourrache, Digitale, Ch\u00e9lidoine, Coquelicot, Lamier rouge, Perce-neige, Yelow Star Tulip) ouvre le c\u0153ur \u00e0 l\u2019amour envers soi-m\u00eame et les autres. Connecte \u00e0 la terre","rel":"","context":"Similar post","block_context":{"text":"Similar post","link":""},"img":{"alt_text":"","src":"","width":0,"height":0},"classes":[]},{"id":5462,"url":"https:\/\/artstella-elixirs-floraux.com\/en\/product\/strophaire-a-anneau-rugueux-10ml-bl\/","url_meta":{"origin":5662,"position":3},"title":"Strophaire \u00e0 anneau rugueux 10ml BL","author":"eveapprill","date":"9 March 2025","format":false,"excerpt":"Strophaire \u00e0 anneau rugueux \/ Stropharia rugoso annulata\u00a0\u00a0\u00a0\u00a0\u00a0\u00a0\u00a0\u00a0\u00a0\u00a0\u00a0\u00a0\u00a0\u00a0 Peut atteindre 40 \u00e0 50 cm de circonf\u00e9rence. Pour trouver de nouvelles intuitions dans ses activit\u00e9s.","rel":"","context":"Similar post","block_context":{"text":"Similar post","link":""},"img":{"alt_text":"","src":"","width":0,"height":0},"classes":[]},{"id":2186,"url":"https:\/\/artstella-elixirs-floraux.com\/en\/product\/harebell-alaskan\/","url_meta":{"origin":5662,"position":4},"title":"Harebell Alaskan","author":"eveapprill","date":"9 March 2025","format":false,"excerpt":"Harebell. Campanula lasiocarpa. Campanule Ne se sent pas aim\u00e9 et coup\u00e9 de la Source ; \u00e0 la recherche de l\u2019amour \u00e0 l'ext\u00e9rieur.","rel":"","context":"Similar post","block_context":{"text":"Similar post","link":""},"img":{"alt_text":"","src":"https:\/\/i0.wp.com\/artstella-elixirs-floraux.com\/wp-content\/uploads\/2025\/03\/wp-image542.png?resize=350%2C200&ssl=1","width":350,"height":200},"classes":[]},{"id":5840,"url":"https:\/\/artstella-elixirs-floraux.com\/en\/product\/paresseux-a-deux-doigts-15-ml-phi\/","url_meta":{"origin":5662,"position":5},"title":"Paresseux \u00e0 deux doigts 15 ml PHI","author":"eveapprill","date":"9 March 2025","format":false,"excerpt":"Paresseux \u00e0 deux doigts - Southern two toed Sloth (Choloepus didactylus) Cet animal nous aide \u00e0 d\u00e9velopper une meilleure relation au temps et \u00e0 la relaxation. Il nous aide \u00e0 mieux g\u00e9rer des situations de stress, en prenant les choses plus l\u00e9g\u00e8rement et de fa\u00e7on plus d\u00e9tendue. Il nous aide\u2026","rel":"","context":"Similar post","block_context":{"text":"Similar post","link":""},"img":{"alt_text":"","src":"","width":0,"height":0},"classes":[]}],"_links":{"self":[{"href":"https:\/\/artstella-elixirs-floraux.com\/en\/wp-json\/wp\/v2\/product\/5662","targetHints":{"allow":["GET"]}}],"collection":[{"href":"https:\/\/artstella-elixirs-floraux.com\/en\/wp-json\/wp\/v2\/product"}],"about":[{"href":"https:\/\/artstella-elixirs-floraux.com\/en\/wp-json\/wp\/v2\/types\/product"}],"version-history":[{"count":0,"href":"https:\/\/artstella-elixirs-floraux.com\/en\/wp-json\/wp\/v2\/product\/5662\/revisions"}],"wp:featuredmedia":[{"embeddable":true,"href":"https:\/\/artstella-elixirs-floraux.com\/en\/wp-json\/wp\/v2\/media\/5663"}],"wp:attachment":[{"href":"https:\/\/artstella-elixirs-floraux.com\/en\/wp-json\/wp\/v2\/media?parent=5662"}],"wp:term":[{"taxonomy":"product_brand","embeddable":true,"href":"https:\/\/artstella-elixirs-floraux.com\/en\/wp-json\/wp\/v2\/product_brand?post=5662"},{"taxonomy":"product_cat","embeddable":true,"href":"https:\/\/artstella-elixirs-floraux.com\/en\/wp-json\/wp\/v2\/product_cat?post=5662"},{"taxonomy":"product_tag","embeddable":true,"href":"https:\/\/artstella-elixirs-floraux.com\/en\/wp-json\/wp\/v2\/product_tag?post=5662"}],"curies":[{"name":"wp","href":"https:\/\/api.w.org\/{rel}","templated":true}]}}