{"id":5684,"date":"2025-03-09T13:46:42","date_gmt":"2025-03-09T13:46:42","guid":{"rendered":"https:\/\/artstella-elixirs-floraux.com\/product\/eucalyptus-15-ml-deva\/"},"modified":"2025-06-02T06:42:18","modified_gmt":"2025-06-02T06:42:18","slug":"eucalyptus-15-ml-deva","status":"publish","type":"product","link":"https:\/\/artstella-elixirs-floraux.com\/en\/product\/eucalyptus-15-ml-deva\/","title":{"rendered":"Eucalyptus 15 ml DEVA"},"content":{"rendered":"","protected":false},"excerpt":{"rendered":"<p><strong><em>Eucalyptus<\/em><\/strong><\/p>\n<p>Courage, purification. Pour surmonter la m\u00e9lancolie, la tristesse et le chagrin qui restent bloqu\u00e9s dans la sph\u00e8re respiratoire.<\/p>","protected":false},"featured_media":5685,"template":"","meta":[],"product_brand":[],"product_cat":[183],"product_tag":[],"class_list":{"0":"post-5684","1":"product","2":"type-product","3":"status-publish","4":"has-post-thumbnail","6":"product_cat-les-elixirs-floraux-deva-unitaires","8":"first","9":"instock","10":"taxable","11":"shipping-taxable","12":"purchasable","13":"product-type-simple"},"etheme_brands":{"errors":{"invalid_taxonomy":["Invalid taxonomy."]},"error_data":[]},"jetpack_sharing_enabled":true,"jetpack-related-posts":[{"id":3111,"url":"https:\/\/artstella-elixirs-floraux.com\/en\/product\/eucalyptus-phi-afrique-15-ml\/","url_meta":{"origin":5684,"position":0},"title":"EUCALYPTUS PHI AFRIQUE 15 ML","author":"eveapprill","date":"9 March 2025","format":false,"excerpt":"Eucalyptus (Eucalyptus globulus) (Eukalyptus) Exerce une action qui nous lib\u00e8re et nous ouvre. Il favorise ainsi une meilleure communication entre les \u00eatres.","rel":"","context":"Similar post","block_context":{"text":"Similar post","link":""},"img":{"alt_text":"","src":"https:\/\/i0.wp.com\/artstella-elixirs-floraux.com\/wp-content\/uploads\/2025\/03\/wp-image412.png?resize=350%2C200&ssl=1","width":350,"height":200},"classes":[]},{"id":4546,"url":"https:\/\/artstella-elixirs-floraux.com\/en\/product\/coffret-20-fleurs-dafrique-15-ml-phi\/","url_meta":{"origin":5684,"position":1},"title":"COFFRET 20 fLEURS D&rsquo;AFRIQUE 15 ML PHI","author":"eveapprill","date":"9 March 2025","format":false,"excerpt":"Contient les 20 \u00e9lixirs de fleurs d'Afrique et des Canaries :","rel":"","context":"Similar post","block_context":{"text":"Similar post","link":""},"img":{"alt_text":"","src":"https:\/\/i0.wp.com\/artstella-elixirs-floraux.com\/wp-content\/uploads\/2025\/03\/wp-image1158.png?resize=350%2C200&ssl=1","width":350,"height":200,"srcset":"https:\/\/i0.wp.com\/artstella-elixirs-floraux.com\/wp-content\/uploads\/2025\/03\/wp-image1158.png?resize=350%2C200&ssl=1 1x, https:\/\/i0.wp.com\/artstella-elixirs-floraux.com\/wp-content\/uploads\/2025\/03\/wp-image1158.png?resize=525%2C300&ssl=1 1.5x, https:\/\/i0.wp.com\/artstella-elixirs-floraux.com\/wp-content\/uploads\/2025\/03\/wp-image1158.png?resize=700%2C400&ssl=1 2x"},"classes":[]}],"_links":{"self":[{"href":"https:\/\/artstella-elixirs-floraux.com\/en\/wp-json\/wp\/v2\/product\/5684","targetHints":{"allow":["GET"]}}],"collection":[{"href":"https:\/\/artstella-elixirs-floraux.com\/en\/wp-json\/wp\/v2\/product"}],"about":[{"href":"https:\/\/artstella-elixirs-floraux.com\/en\/wp-json\/wp\/v2\/types\/product"}],"version-history":[{"count":0,"href":"https:\/\/artstella-elixirs-floraux.com\/en\/wp-json\/wp\/v2\/product\/5684\/revisions"}],"wp:featuredmedia":[{"embeddable":true,"href":"https:\/\/artstella-elixirs-floraux.com\/en\/wp-json\/wp\/v2\/media\/5685"}],"wp:attachment":[{"href":"https:\/\/artstella-elixirs-floraux.com\/en\/wp-json\/wp\/v2\/media?parent=5684"}],"wp:term":[{"taxonomy":"product_brand","embeddable":true,"href":"https:\/\/artstella-elixirs-floraux.com\/en\/wp-json\/wp\/v2\/product_brand?post=5684"},{"taxonomy":"product_cat","embeddable":true,"href":"https:\/\/artstella-elixirs-floraux.com\/en\/wp-json\/wp\/v2\/product_cat?post=5684"},{"taxonomy":"product_tag","embeddable":true,"href":"https:\/\/artstella-elixirs-floraux.com\/en\/wp-json\/wp\/v2\/product_tag?post=5684"}],"curies":[{"name":"wp","href":"https:\/\/api.w.org\/{rel}","templated":true}]}}