{"id":5688,"date":"2025-03-09T13:46:45","date_gmt":"2025-03-09T13:46:45","guid":{"rendered":"https:\/\/artstella-elixirs-floraux.com\/product\/euphraise-10-ml-deva\/"},"modified":"2025-06-02T06:42:17","modified_gmt":"2025-06-02T06:42:17","slug":"euphraise-10-ml-deva","status":"publish","type":"product","link":"https:\/\/artstella-elixirs-floraux.com\/en\/product\/euphraise-10-ml-deva\/","title":{"rendered":"Euphraise 10 ml DEVA"},"content":{"rendered":"","protected":false},"excerpt":{"rendered":"<p><strong><em>Euphraise<\/em><\/strong><\/p>\n<p>Compr\u00e9hension, intuition. Pour ceux qui portent peu d\u2019attention \u00e0 leur environnement et autrui, par inattention ou par manque d\u2019int\u00e9r\u00eat. D\u00e9veloppe la sensibilit\u00e9 et favorise l\u2019intuition.<\/p>","protected":false},"featured_media":5689,"template":"","meta":[],"product_brand":[],"product_cat":[183],"product_tag":[],"class_list":{"0":"post-5688","1":"product","2":"type-product","3":"status-publish","4":"has-post-thumbnail","6":"product_cat-les-elixirs-floraux-deva-unitaires","8":"first","9":"instock","10":"taxable","11":"shipping-taxable","12":"purchasable","13":"product-type-simple"},"etheme_brands":{"errors":{"invalid_taxonomy":["Invalid taxonomy."]},"error_data":[]},"jetpack_sharing_enabled":true,"jetpack-related-posts":[{"id":3283,"url":"https:\/\/artstella-elixirs-floraux.com\/en\/product\/euphraise-phi-15-ml\/","url_meta":{"origin":5688,"position":0},"title":"EUPHRAISE PHI 15 ML","author":"eveapprill","date":"9 March 2025","format":false,"excerpt":"Euphraise (Euphrasia officinalis) (Augentros)t Am\u00e9liore les processus de connaissance et aiguise la vision int\u00e9rieure. L'\u00e9lixir d\u00e9veloppe le discernement et apporte de la consolation dans les moments difficiles.","rel":"","context":"Similar post","block_context":{"text":"Similar post","link":""},"img":{"alt_text":"","src":"https:\/\/i0.wp.com\/artstella-elixirs-floraux.com\/wp-content\/uploads\/2025\/03\/wp-image681.png?resize=350%2C200&ssl=1","width":350,"height":200},"classes":[]},{"id":4553,"url":"https:\/\/artstella-elixirs-floraux.com\/en\/product\/coffret-fleurs-sauvages-supplementaires-phi-15-ml\/","url_meta":{"origin":5688,"position":1},"title":"COFFRET Fleurs sauvages suppl\u00e9mentaires PHI 15 ML","author":"eveapprill","date":"9 March 2025","format":false,"excerpt":"Contient 20 \u00e9lixirs de fleurs sauvages suppl\u00e9mentaires","rel":"","context":"Similar post","block_context":{"text":"Similar post","link":""},"img":{"alt_text":"","src":"","width":0,"height":0},"classes":[]},{"id":2670,"url":"https:\/\/artstella-elixirs-floraux.com\/en\/product\/bush-fuchsia-15ml\/","url_meta":{"origin":5688,"position":2},"title":"BUSH FUCHSIA 15ml","author":"eveapprill","date":"9 March 2025","format":false,"excerpt":"BUSH FUSHIA\u00a0 Incapacit\u00e9 \u00e0 \u00e9quilibrer la logique et la rationalit\u00e9 avec l\u2019intuition et la cr\u00e9ativit\u00e9, ne pas \u00e9couter son intuition. Pour l\u2019int\u00e9gration des connaissances, pour \u00e9couter et suivre son intuition.","rel":"","context":"Similar post","block_context":{"text":"Similar post","link":""},"img":{"alt_text":"","src":"https:\/\/i0.wp.com\/artstella-elixirs-floraux.com\/wp-content\/uploads\/2025\/03\/wp-image248.png?resize=350%2C200&ssl=1","width":350,"height":200},"classes":[]},{"id":5950,"url":"https:\/\/artstella-elixirs-floraux.com\/en\/product\/plumbago-10ml-deva\/","url_meta":{"origin":5688,"position":3},"title":"Plumbago 10ml DEVA","author":"eveapprill","date":"9 March 2025","format":false,"excerpt":"Plumbago - Cerato Ceratostigma willmottiana Confiance en soi, intuition Pour ceux qui doutent de leurs capacit\u00e9s, qui n'ont pas confiance dans leur intuition. Manquant de volont\u00e9, ils n'ont pas le courage de leurs convictions.","rel":"","context":"Similar post","block_context":{"text":"Similar post","link":""},"img":{"alt_text":"","src":"","width":0,"height":0},"classes":[]},{"id":2219,"url":"https:\/\/artstella-elixirs-floraux.com\/en\/product\/lambs-quarters-alaskan\/","url_meta":{"origin":5688,"position":4},"title":"Lamb\u2019s quarters Alaskan","author":"eveapprill","date":"9 March 2025","format":false,"excerpt":"Lamb\u2019s quarters. Chenopodium album Quand nous sommes limit\u00e9s par ce que nous pouvons saisir avec le mental. Manque d'\u00e9quilibre entre le mental et le c\u0153ur, le rationnel et l'intuitif.","rel":"","context":"Similar post","block_context":{"text":"Similar post","link":""},"img":{"alt_text":"","src":"","width":0,"height":0},"classes":[]},{"id":12249,"url":"https:\/\/artstella-elixirs-floraux.com\/en\/product\/5-orchidee-de-lintuition-spathoglottis-plicata-sylfos\/","url_meta":{"origin":5688,"position":5},"title":"05. ORCHID\u00c9E DE L\u2019INTUITION Spathoglottis plicata Sylfos","author":"eveapprill","date":"13 March 2026","format":false,"excerpt":"\u00c9lixir d\u2019intuition et de clart\u00e9 int\u00e9rieure. Ouvre la perception subtile, apaise le mental et renforce la confiance dans la voix int\u00e9rieure.","rel":"","context":"Similar post","block_context":{"text":"Similar post","link":""},"img":{"alt_text":"","src":"https:\/\/i0.wp.com\/artstella-elixirs-floraux.com\/wp-content\/uploads\/2026\/03\/5_intuicion_-WEB.png?resize=350%2C200&ssl=1","width":350,"height":200},"classes":[]}],"_links":{"self":[{"href":"https:\/\/artstella-elixirs-floraux.com\/en\/wp-json\/wp\/v2\/product\/5688","targetHints":{"allow":["GET"]}}],"collection":[{"href":"https:\/\/artstella-elixirs-floraux.com\/en\/wp-json\/wp\/v2\/product"}],"about":[{"href":"https:\/\/artstella-elixirs-floraux.com\/en\/wp-json\/wp\/v2\/types\/product"}],"version-history":[{"count":0,"href":"https:\/\/artstella-elixirs-floraux.com\/en\/wp-json\/wp\/v2\/product\/5688\/revisions"}],"wp:featuredmedia":[{"embeddable":true,"href":"https:\/\/artstella-elixirs-floraux.com\/en\/wp-json\/wp\/v2\/media\/5689"}],"wp:attachment":[{"href":"https:\/\/artstella-elixirs-floraux.com\/en\/wp-json\/wp\/v2\/media?parent=5688"}],"wp:term":[{"taxonomy":"product_brand","embeddable":true,"href":"https:\/\/artstella-elixirs-floraux.com\/en\/wp-json\/wp\/v2\/product_brand?post=5688"},{"taxonomy":"product_cat","embeddable":true,"href":"https:\/\/artstella-elixirs-floraux.com\/en\/wp-json\/wp\/v2\/product_cat?post=5688"},{"taxonomy":"product_tag","embeddable":true,"href":"https:\/\/artstella-elixirs-floraux.com\/en\/wp-json\/wp\/v2\/product_tag?post=5688"}],"curies":[{"name":"wp","href":"https:\/\/api.w.org\/{rel}","templated":true}]}}