{"id":5698,"date":"2025-03-09T13:47:04","date_gmt":"2025-03-09T13:47:04","guid":{"rendered":"https:\/\/artstella-elixirs-floraux.com\/product\/grenadier-10-ml-deva\/"},"modified":"2025-11-10T10:56:44","modified_gmt":"2025-11-10T10:56:44","slug":"grenadier-10-ml-deva","status":"publish","type":"product","link":"https:\/\/artstella-elixirs-floraux.com\/en\/product\/grenadier-10-ml-deva\/","title":{"rendered":"Grenadier 15 ml DEVA"},"content":{"rendered":"","protected":false},"excerpt":{"rendered":"<p><strong><em>Grenadier<\/em><\/strong><\/p>\n<p>Cr\u00e9ativit\u00e9 f\u00e9minine. Aide les femmes \u00e0 r\u00e9soudre les conflits dont la source est un d\u00e9s\u00e9quilibre entre carri\u00e8re professionnelle et vie familiale. Elixir conseill\u00e9 aux femmes qui rejettent leur f\u00e9minit\u00e9.<\/p>","protected":false},"featured_media":5699,"template":"","meta":[],"product_brand":[],"product_cat":[183],"product_tag":[],"class_list":{"0":"post-5698","1":"product","2":"type-product","3":"status-publish","4":"has-post-thumbnail","6":"product_cat-les-elixirs-floraux-deva-unitaires","8":"first","9":"instock","10":"taxable","11":"shipping-taxable","12":"purchasable","13":"product-type-simple"},"etheme_brands":{"errors":{"invalid_taxonomy":["Invalid taxonomy."]},"error_data":[]},"jetpack_sharing_enabled":true,"jetpack-related-posts":[{"id":2749,"url":"https:\/\/artstella-elixirs-floraux.com\/en\/product\/woman-femme-bush-30ml\/","url_meta":{"origin":5698,"position":0},"title":"WOMAN Femme BUSH 30ml","author":"eveapprill","date":"9 March 2025","format":false,"excerpt":"Woman -\u00a0Femme Harmonise tous les d\u00e9s\u00e9quilibres durant les p\u00e9riodes de menstruations et de m\u00e9nopause. Permet \u00e0 la femme de d\u00e9couvrir son propre corps et sa beaut\u00e9, et de se trouver bien avec.","rel":"","context":"Similar post","block_context":{"text":"Similar post","link":""},"img":{"alt_text":"","src":"https:\/\/i0.wp.com\/artstella-elixirs-floraux.com\/wp-content\/uploads\/2025\/03\/5e65c23c-78a1-4c2c-944d-7fae066eb8e4.jpg?resize=350%2C200&ssl=1","width":350,"height":200,"srcset":"https:\/\/i0.wp.com\/artstella-elixirs-floraux.com\/wp-content\/uploads\/2025\/03\/5e65c23c-78a1-4c2c-944d-7fae066eb8e4.jpg?resize=350%2C200&ssl=1 1x, https:\/\/i0.wp.com\/artstella-elixirs-floraux.com\/wp-content\/uploads\/2025\/03\/5e65c23c-78a1-4c2c-944d-7fae066eb8e4.jpg?resize=525%2C300&ssl=1 1.5x, https:\/\/i0.wp.com\/artstella-elixirs-floraux.com\/wp-content\/uploads\/2025\/03\/5e65c23c-78a1-4c2c-944d-7fae066eb8e4.jpg?resize=700%2C400&ssl=1 2x"},"classes":[]},{"id":5156,"url":"https:\/\/artstella-elixirs-floraux.com\/en\/product\/creme-woman-femme\/","url_meta":{"origin":5698,"position":1},"title":"CREME WOMAN &#8211; Femme","author":"eveapprill","date":"9 March 2025","format":false,"excerpt":"Cr\u00e8me Woman - Femme soutient l'\u00e9quilibre du f\u00e9minin","rel":"","context":"Similar post","block_context":{"text":"Similar post","link":""},"img":{"alt_text":"","src":"https:\/\/i0.wp.com\/artstella-elixirs-floraux.com\/wp-content\/uploads\/2025\/03\/b78bd427-f8e9-40e9-9843-590ac990b48a.jpg?resize=350%2C200&ssl=1","width":350,"height":200,"srcset":"https:\/\/i0.wp.com\/artstella-elixirs-floraux.com\/wp-content\/uploads\/2025\/03\/b78bd427-f8e9-40e9-9843-590ac990b48a.jpg?resize=350%2C200&ssl=1 1x, https:\/\/i0.wp.com\/artstella-elixirs-floraux.com\/wp-content\/uploads\/2025\/03\/b78bd427-f8e9-40e9-9843-590ac990b48a.jpg?resize=525%2C300&ssl=1 1.5x, https:\/\/i0.wp.com\/artstella-elixirs-floraux.com\/wp-content\/uploads\/2025\/03\/b78bd427-f8e9-40e9-9843-590ac990b48a.jpg?resize=700%2C400&ssl=1 2x"},"classes":[]},{"id":5152,"url":"https:\/\/artstella-elixirs-floraux.com\/en\/product\/pregnancy-support\/","url_meta":{"origin":5698,"position":2},"title":"PREGNANCY SUPPORT","author":"eveapprill","date":"9 March 2025","format":false,"excerpt":"A \u00e9t\u00e9 pr\u00e9par\u00e9e pour renforcer, stabiliser et \u00e9quilibrer la femme et l\u2019enfant pendant toute la grossesse.","rel":"","context":"Similar post","block_context":{"text":"Similar post","link":""},"img":{"alt_text":"","src":"https:\/\/i0.wp.com\/artstella-elixirs-floraux.com\/wp-content\/uploads\/2025\/03\/68e301b9-e3e5-48d0-bb93-47cb748b1245.jpg?resize=350%2C200&ssl=1","width":350,"height":200,"srcset":"https:\/\/i0.wp.com\/artstella-elixirs-floraux.com\/wp-content\/uploads\/2025\/03\/68e301b9-e3e5-48d0-bb93-47cb748b1245.jpg?resize=350%2C200&ssl=1 1x, https:\/\/i0.wp.com\/artstella-elixirs-floraux.com\/wp-content\/uploads\/2025\/03\/68e301b9-e3e5-48d0-bb93-47cb748b1245.jpg?resize=525%2C300&ssl=1 1.5x, https:\/\/i0.wp.com\/artstella-elixirs-floraux.com\/wp-content\/uploads\/2025\/03\/68e301b9-e3e5-48d0-bb93-47cb748b1245.jpg?resize=700%2C400&ssl=1 2x"},"classes":[]},{"id":5554,"url":"https:\/\/artstella-elixirs-floraux.com\/en\/product\/mariposa-lilly-15-ml-sylfos\/","url_meta":{"origin":5698,"position":3},"title":"MARIPOSA LILLY 15 ML SYLFOS","author":"eveapprill","date":"9 March 2025","format":false,"excerpt":"MARIPOSA LILY Calochortus leichtlinii \u00a0 \u00a0 Pour les personnes qui ont ou ont eu des probl\u00e8mes avec la m\u00e8re. Pour le manque d\u2019image f\u00e9minine aussi bien pour les hommes que les femmes.","rel":"","context":"Similar post","block_context":{"text":"Similar post","link":""},"img":{"alt_text":"","src":"","width":0,"height":0},"classes":[]},{"id":2307,"url":"https:\/\/artstella-elixirs-floraux.com\/en\/product\/sunflower-alaskan\/","url_meta":{"origin":5698,"position":4},"title":"Sunflower Alaskan","author":"eveapprill","date":"9 March 2025","format":false,"excerpt":"Sunflower. Helianthus annuala., Tournesol D\u00e9s\u00e9quilibre de l'\u00e9nergie masculine chez l'homme ou la femme, lien trop faible ou dysfonctionnel au p\u00e8re, ou \u00e0 notre propre identit\u00e9 en tant que p\u00e8re.","rel":"","context":"Similar post","block_context":{"text":"Similar post","link":""},"img":{"alt_text":"Les Elixirs Floraux","src":"https:\/\/i0.wp.com\/artstella-elixirs-floraux.com\/wp-content\/uploads\/2025\/03\/wp-image590.png?resize=350%2C200&ssl=1","width":350,"height":200},"classes":[]},{"id":6179,"url":"https:\/\/artstella-elixirs-floraux.com\/en\/product\/life-cycle-renewal-15ml-ltoe\/","url_meta":{"origin":5698,"position":5},"title":"Life Cycle renewal 15ml LTOE","author":"eveapprill","date":"9 March 2025","format":false,"excerpt":"Life Cycle Renewal\u00a0 (Silver Ghost, Centre Renewal, Fruits of Love and Blue Angel) Le seul compose cr\u00e9\u00e9 sp\u00e9cialement pour accompagner les femmes. Bien que formul\u00e9 pour les femmes de plus de 50 ans, il peut aider les probl\u00e9matiques f\u00e9minines \u00e0 tout \u00e2ge.","rel":"","context":"Similar post","block_context":{"text":"Similar post","link":""},"img":{"alt_text":"","src":"https:\/\/i0.wp.com\/artstella-elixirs-floraux.com\/wp-content\/uploads\/2025\/03\/dbd1bfe3-aca8-44cd-b77b-2509ce9ef384.jpg?resize=350%2C200&ssl=1","width":350,"height":200,"srcset":"https:\/\/i0.wp.com\/artstella-elixirs-floraux.com\/wp-content\/uploads\/2025\/03\/dbd1bfe3-aca8-44cd-b77b-2509ce9ef384.jpg?resize=350%2C200&ssl=1 1x, https:\/\/i0.wp.com\/artstella-elixirs-floraux.com\/wp-content\/uploads\/2025\/03\/dbd1bfe3-aca8-44cd-b77b-2509ce9ef384.jpg?resize=525%2C300&ssl=1 1.5x, https:\/\/i0.wp.com\/artstella-elixirs-floraux.com\/wp-content\/uploads\/2025\/03\/dbd1bfe3-aca8-44cd-b77b-2509ce9ef384.jpg?resize=700%2C400&ssl=1 2x"},"classes":[]}],"_links":{"self":[{"href":"https:\/\/artstella-elixirs-floraux.com\/en\/wp-json\/wp\/v2\/product\/5698","targetHints":{"allow":["GET"]}}],"collection":[{"href":"https:\/\/artstella-elixirs-floraux.com\/en\/wp-json\/wp\/v2\/product"}],"about":[{"href":"https:\/\/artstella-elixirs-floraux.com\/en\/wp-json\/wp\/v2\/types\/product"}],"version-history":[{"count":1,"href":"https:\/\/artstella-elixirs-floraux.com\/en\/wp-json\/wp\/v2\/product\/5698\/revisions"}],"predecessor-version":[{"id":11727,"href":"https:\/\/artstella-elixirs-floraux.com\/en\/wp-json\/wp\/v2\/product\/5698\/revisions\/11727"}],"wp:featuredmedia":[{"embeddable":true,"href":"https:\/\/artstella-elixirs-floraux.com\/en\/wp-json\/wp\/v2\/media\/5699"}],"wp:attachment":[{"href":"https:\/\/artstella-elixirs-floraux.com\/en\/wp-json\/wp\/v2\/media?parent=5698"}],"wp:term":[{"taxonomy":"product_brand","embeddable":true,"href":"https:\/\/artstella-elixirs-floraux.com\/en\/wp-json\/wp\/v2\/product_brand?post=5698"},{"taxonomy":"product_cat","embeddable":true,"href":"https:\/\/artstella-elixirs-floraux.com\/en\/wp-json\/wp\/v2\/product_cat?post=5698"},{"taxonomy":"product_tag","embeddable":true,"href":"https:\/\/artstella-elixirs-floraux.com\/en\/wp-json\/wp\/v2\/product_tag?post=5698"}],"curies":[{"name":"wp","href":"https:\/\/api.w.org\/{rel}","templated":true}]}}