{"id":5712,"date":"2025-03-09T13:47:14","date_gmt":"2025-03-09T13:47:14","guid":{"rendered":"https:\/\/artstella-elixirs-floraux.com\/product\/lilas-15-ml-deva\/"},"modified":"2025-06-02T06:42:13","modified_gmt":"2025-06-02T06:42:13","slug":"lilas-15-ml-deva","status":"publish","type":"product","link":"https:\/\/artstella-elixirs-floraux.com\/en\/product\/lilas-15-ml-deva\/","title":{"rendered":"Lilas 15 ml DEVA"},"content":{"rendered":"","protected":false},"excerpt":{"rendered":"<p><strong><em>Lilas<\/em><\/strong><\/p>\n<p>R\u00e9g\u00e9n\u00e9ration. Pour \u00e9quilibrer la circulation \u00e9nerg\u00e9tique du dos.<\/p>\n<p>Pour ceux qui se sentent bris\u00e9s et qui en ont \u00abplein le dos\u00bb. D\u00e9veloppe la flexibilit\u00e9 permettant de s\u2019adapter plus facilement \u00e0 des situations nouvelles. Pour se tenir \u00ab\u00a0droit\u00a0\u00bb face aux d\u00e9fis.<\/p>","protected":false},"featured_media":5713,"template":"","meta":[],"product_brand":[],"product_cat":[183],"product_tag":[],"class_list":{"0":"post-5712","1":"product","2":"type-product","3":"status-publish","4":"has-post-thumbnail","6":"product_cat-les-elixirs-floraux-deva-unitaires","8":"first","9":"instock","10":"taxable","11":"shipping-taxable","12":"purchasable","13":"product-type-simple"},"etheme_brands":{"errors":{"invalid_taxonomy":["Invalid taxonomy."]},"error_data":[]},"jetpack_sharing_enabled":true,"jetpack-related-posts":[{"id":4946,"url":"https:\/\/artstella-elixirs-floraux.com\/en\/product\/lilac-alaska-f-sup\/","url_meta":{"origin":5712,"position":0},"title":"LILAC ALASKA F SUP","author":"eveapprill","date":"9 March 2025","format":false,"excerpt":"Lilac Lilas Aligne les chakras afin qu\u2019ils soient \u00e0 m\u00eame de recevoir et d\u2019absorber la lumi\u00e8re ; nous aide avec douceur \u00e0 \u00e9lever la fr\u00e9quence de nos champs d\u2019\u00e9nergie.","rel":"","context":"Similar post","block_context":{"text":"Similar post","link":""},"img":{"alt_text":"","src":"https:\/\/i0.wp.com\/artstella-elixirs-floraux.com\/wp-content\/uploads\/2025\/03\/wp-image1392.png?resize=350%2C200&ssl=1","width":350,"height":200},"classes":[]},{"id":6270,"url":"https:\/\/artstella-elixirs-floraux.com\/en\/product\/arbol-santo-sylfos-15ml\/","url_meta":{"origin":5712,"position":1},"title":"ARBOL SANTO SYLFOS 15ML","author":"eveapprill","date":"9 March 2025","format":false,"excerpt":"ARBOL SANTO \/ Lilas de Perse(Melia azedarach) \u00a0 Compr\u00e9hension, Compassion C'est l\u2019\u00e9lixir m\u00eame de la charit\u00e9, de l'amour et du don. Il apporte le changement et la compr\u00e9hension, et nous aide \u00e0 comprendre du fond du c\u0153ur les processus du donner et du recevoir.","rel":"","context":"Similar post","block_context":{"text":"Similar post","link":""},"img":{"alt_text":"","src":"https:\/\/i0.wp.com\/artstella-elixirs-floraux.com\/wp-content\/uploads\/2025\/03\/wp-image2225.png?resize=350%2C200&ssl=1","width":350,"height":200},"classes":[]},{"id":3274,"url":"https:\/\/artstella-elixirs-floraux.com\/en\/product\/lys-blanc-15-ml-phi\/","url_meta":{"origin":5712,"position":2},"title":"LYS BLANC 15 ML PHI","author":"eveapprill","date":"9 March 2025","format":false,"excerpt":"Lys blanc (Paradisea Liliastrum) (Weisse Lilie) Ouvre notre septi\u00e8me chakra et permet ainsi de faire l'exp\u00e9rience que tout est reli\u00e9. Id\u00e9al pour accompagner la m\u00e9ditation et permettre de comprendre que nous sommes une partie du tout.","rel":"","context":"Similar post","block_context":{"text":"Similar post","link":""},"img":{"alt_text":"","src":"https:\/\/i0.wp.com\/artstella-elixirs-floraux.com\/wp-content\/uploads\/2025\/03\/wp-image677.png?resize=350%2C200&ssl=1","width":350,"height":200},"classes":[]},{"id":5229,"url":"https:\/\/artstella-elixirs-floraux.com\/en\/product\/creme-lotus\/","url_meta":{"origin":5712,"position":3},"title":"Cr\u00e8me Lotus","author":"eveapprill","date":"9 March 2025","format":false,"excerpt":"Cr\u00e8me Lotus La Cr\u00e8me de Lotus est r\u00e9alis\u00e9e avec l\u2019\u00e9nergie de la fleur de lotus, du lilas et de l\u2019orchid\u00e9e Limodorum abortivum. Vous pouvez utiliser cette cr\u00e8me pour vos soins corporels et de visage quotidiens. Elle r\u00e9tablit l'\u00e9quilibre \u00e9nerg\u00e9tique de la peau et contribue par son action de d\u00e9tente \u00e0\u2026","rel":"","context":"Similar post","block_context":{"text":"Similar post","link":""},"img":{"alt_text":"","src":"https:\/\/i0.wp.com\/artstella-elixirs-floraux.com\/wp-content\/uploads\/2025\/03\/aea4d170-3831-49f5-b2aa-2524b51c96de.jpg?resize=350%2C200&ssl=1","width":350,"height":200,"srcset":"https:\/\/i0.wp.com\/artstella-elixirs-floraux.com\/wp-content\/uploads\/2025\/03\/aea4d170-3831-49f5-b2aa-2524b51c96de.jpg?resize=350%2C200&ssl=1 1x, https:\/\/i0.wp.com\/artstella-elixirs-floraux.com\/wp-content\/uploads\/2025\/03\/aea4d170-3831-49f5-b2aa-2524b51c96de.jpg?resize=525%2C300&ssl=1 1.5x, https:\/\/i0.wp.com\/artstella-elixirs-floraux.com\/wp-content\/uploads\/2025\/03\/aea4d170-3831-49f5-b2aa-2524b51c96de.jpg?resize=700%2C400&ssl=1 2x"},"classes":[]},{"id":3758,"url":"https:\/\/artstella-elixirs-floraux.com\/en\/product\/amazonas-phi\/","url_meta":{"origin":5712,"position":4},"title":"AMAZONAS PHI","author":"eveapprill","date":"9 March 2025","format":false,"excerpt":"Amazonas \u00c9lixir du fleuve Amazone Gr\u00e2ce \u00e0 cet \u00e9lixir, nous d\u00e9veloppons une meilleure compr\u00e9hension de la plan\u00e8te. Il nous aide \u00e0 supprimer les blocages. Il a fait ses preuves en cas de blocages \u00e9nerg\u00e9tiques du dos. Cet \u00e9lixir nous aide \u00e0 retrouver le cours de la vie.","rel":"","context":"Similar post","block_context":{"text":"Similar post","link":""},"img":{"alt_text":"","src":"https:\/\/i0.wp.com\/artstella-elixirs-floraux.com\/wp-content\/uploads\/2025\/03\/wp-image500.png?resize=350%2C200&ssl=1","width":350,"height":200},"classes":[]},{"id":5231,"url":"https:\/\/artstella-elixirs-floraux.com\/en\/product\/creme-amazonas\/","url_meta":{"origin":5712,"position":5},"title":"Cr\u00e8me Amazonas","author":"eveapprill","date":"9 March 2025","format":false,"excerpt":"Creme Amazonas La Cr\u00e8me Amazonas est une cr\u00e8me r\u00e9-\u00e9nergisante r\u00e9alis\u00e9e \u00e0 partir de l\u2019\u00e9nergie du fleuve Amazone. Sa puissante \u00e9nergie de vie aide \u00e0 lib\u00e9rer les blocages. Frictionnez avec la cr\u00e8me les parties du corps bloqu\u00e9es \u00e9nerg\u00e9tiquement. Pour un traitement \u00e9nerg\u00e9tique du dos, vous pouvez appliquer la cr\u00e8me sur la\u2026","rel":"","context":"Similar post","block_context":{"text":"Similar post","link":""},"img":{"alt_text":"","src":"https:\/\/i0.wp.com\/artstella-elixirs-floraux.com\/wp-content\/uploads\/2025\/03\/397a3c93-f17f-42c0-af0f-9df28511893d.jpg?resize=350%2C200&ssl=1","width":350,"height":200,"srcset":"https:\/\/i0.wp.com\/artstella-elixirs-floraux.com\/wp-content\/uploads\/2025\/03\/397a3c93-f17f-42c0-af0f-9df28511893d.jpg?resize=350%2C200&ssl=1 1x, https:\/\/i0.wp.com\/artstella-elixirs-floraux.com\/wp-content\/uploads\/2025\/03\/397a3c93-f17f-42c0-af0f-9df28511893d.jpg?resize=525%2C300&ssl=1 1.5x, https:\/\/i0.wp.com\/artstella-elixirs-floraux.com\/wp-content\/uploads\/2025\/03\/397a3c93-f17f-42c0-af0f-9df28511893d.jpg?resize=700%2C400&ssl=1 2x"},"classes":[]}],"_links":{"self":[{"href":"https:\/\/artstella-elixirs-floraux.com\/en\/wp-json\/wp\/v2\/product\/5712","targetHints":{"allow":["GET"]}}],"collection":[{"href":"https:\/\/artstella-elixirs-floraux.com\/en\/wp-json\/wp\/v2\/product"}],"about":[{"href":"https:\/\/artstella-elixirs-floraux.com\/en\/wp-json\/wp\/v2\/types\/product"}],"version-history":[{"count":0,"href":"https:\/\/artstella-elixirs-floraux.com\/en\/wp-json\/wp\/v2\/product\/5712\/revisions"}],"wp:featuredmedia":[{"embeddable":true,"href":"https:\/\/artstella-elixirs-floraux.com\/en\/wp-json\/wp\/v2\/media\/5713"}],"wp:attachment":[{"href":"https:\/\/artstella-elixirs-floraux.com\/en\/wp-json\/wp\/v2\/media?parent=5712"}],"wp:term":[{"taxonomy":"product_brand","embeddable":true,"href":"https:\/\/artstella-elixirs-floraux.com\/en\/wp-json\/wp\/v2\/product_brand?post=5712"},{"taxonomy":"product_cat","embeddable":true,"href":"https:\/\/artstella-elixirs-floraux.com\/en\/wp-json\/wp\/v2\/product_cat?post=5712"},{"taxonomy":"product_tag","embeddable":true,"href":"https:\/\/artstella-elixirs-floraux.com\/en\/wp-json\/wp\/v2\/product_tag?post=5712"}],"curies":[{"name":"wp","href":"https:\/\/api.w.org\/{rel}","templated":true}]}}