{"id":5720,"date":"2025-03-09T13:47:20","date_gmt":"2025-03-09T13:47:20","guid":{"rendered":"https:\/\/artstella-elixirs-floraux.com\/product\/mais-doux-10ml-deva\/"},"modified":"2025-06-02T06:41:52","modified_gmt":"2025-06-02T06:41:52","slug":"mais-doux-10ml-deva","status":"publish","type":"product","link":"https:\/\/artstella-elixirs-floraux.com\/en\/product\/mais-doux-10ml-deva\/","title":{"rendered":"Mais doux 10ml DEVA"},"content":{"rendered":"","protected":false},"excerpt":{"rendered":"<p><strong><em>Ma\u00efs Doux<\/em><\/strong><\/p>\n<p>Assise terrestre, \u00e9quilibre. Equilibre et harmonise l\u2019individu dans sa relation (verticale) avec la terre et dans sa relation (horizontale) avec les autres \u00eatres humains.<\/p>","protected":false},"featured_media":5721,"template":"","meta":[],"product_brand":[],"product_cat":[183],"product_tag":[],"class_list":{"0":"post-5720","1":"product","2":"type-product","3":"status-publish","4":"has-post-thumbnail","6":"product_cat-les-elixirs-floraux-deva-unitaires","8":"first","9":"instock","10":"taxable","11":"shipping-taxable","12":"purchasable","13":"product-type-simple"},"etheme_brands":{"errors":{"invalid_taxonomy":["Invalid taxonomy."]},"error_data":[]},"jetpack_sharing_enabled":true,"jetpack-related-posts":[{"id":6197,"url":"https:\/\/artstella-elixirs-floraux.com\/en\/product\/orchidee-habenella-15ml-sylfos\/","url_meta":{"origin":5720,"position":0},"title":"Orchid\u00e9e HABENELLA 15ml Sylfos","author":"eveapprill","date":"9 March 2025","format":false,"excerpt":"Orchid\u00e9e Habenalla ex\u00a0EQUILIBRE & STABILIT\u00c9 (Habenella petalodes) Harmonie, stabilit\u00e9, ancrage Elixir \u00e0 large spectre qui nous aide \u00e0 nous sentir \u00e9quilibr\u00e9 dans notre environnement","rel":"","context":"Similar post","block_context":{"text":"Similar post","link":""},"img":{"alt_text":"","src":"https:\/\/i0.wp.com\/artstella-elixirs-floraux.com\/wp-content\/uploads\/2025\/03\/wp-image2193.png?resize=350%2C200&ssl=1","width":350,"height":200},"classes":[]},{"id":4934,"url":"https:\/\/artstella-elixirs-floraux.com\/en\/product\/ladies-mantle-alaskan-f-sup\/","url_meta":{"origin":5720,"position":1},"title":"LADIES&rsquo; MANTLE ALASKAN F SUP","author":"eveapprill","date":"9 March 2025","format":false,"excerpt":"Ladies' Mantle Alchemille commune Aide au nettoyage de la tristesse et du d\u00e9sespoir ; renforce notre relation au f\u00e9minin sacr\u00e9 ; traite la connexion f\u00e9minine entre sensualit\u00e9, cr\u00e9ativit\u00e9 et divinit\u00e9 ; aide les hommes \u00e0 \u00e9quilibrer leur relation avec le pouvoir f\u00e9minin en eux-m\u00eames et chez les autres.","rel":"","context":"Similar post","block_context":{"text":"Similar post","link":""},"img":{"alt_text":"","src":"https:\/\/i0.wp.com\/artstella-elixirs-floraux.com\/wp-content\/uploads\/2025\/03\/wp-image1390.png?resize=350%2C200&ssl=1","width":350,"height":200},"classes":[]},{"id":3019,"url":"https:\/\/artstella-elixirs-floraux.com\/en\/product\/magnetite-phi-15-ml\/","url_meta":{"origin":5720,"position":2},"title":"MAGNETITE PHI 15 ML","author":"eveapprill","date":"9 March 2025","format":false,"excerpt":"Magn\u00e9tite (Magnetit) Son action est \u00e9quilibrante et purifiante. Il favorise notre relation \u00e0 la nature. Il renforce le courage et la force, renforce l\u2019\u00e9nergie yang","rel":"","context":"Similar post","block_context":{"text":"Similar post","link":""},"img":{"alt_text":"","src":"","width":0,"height":0},"classes":[]},{"id":4672,"url":"https:\/\/artstella-elixirs-floraux.com\/en\/product\/essence-of-perelandra-59-1-ml\/","url_meta":{"origin":5720,"position":3},"title":"ESSENCE OF PERELANDRA 59.1 ML","author":"eveapprill","date":"9 March 2025","format":false,"excerpt":"ESSENCE OF PERELANDRA 60 ML \u00a0 Donner \u00e0 l\u2019utilisateur contact avec l\u2019\u00e9quilibre abouti d\u2019une relation cocr\u00e9ative.","rel":"","context":"Similar post","block_context":{"text":"Similar post","link":""},"img":{"alt_text":"","src":"https:\/\/i0.wp.com\/artstella-elixirs-floraux.com\/wp-content\/uploads\/2025\/03\/wp-image1266.png?resize=350%2C200&ssl=1","width":350,"height":200},"classes":[]},{"id":4175,"url":"https:\/\/artstella-elixirs-floraux.com\/en\/product\/rafael-messagers-sylfos-15ml\/","url_meta":{"origin":5720,"position":4},"title":"RAFAEL (MESSAGERS) SYLFOS 15ML","author":"eveapprill","date":"9 March 2025","format":false,"excerpt":"RAFAEL\u00a0 Int\u00e9grit\u00e9, Gu\u00e9rison, Reconstituant, Unit\u00e9, Perfection profonde. \u00a0 R\u00e9tablit l\u2019Int\u00e9grit\u00e9, ramenant un r\u00e9el \u00e9tat d\u2019\u00e9quilibre, d\u2019harmonie et de gr\u00e2ce.","rel":"","context":"Similar post","block_context":{"text":"Similar post","link":""},"img":{"alt_text":"","src":"","width":0,"height":0},"classes":[]},{"id":5492,"url":"https:\/\/artstella-elixirs-floraux.com\/en\/product\/sympathetic-15-ml-ltoe\/","url_meta":{"origin":5720,"position":5},"title":"SYMPATHETIC 15 ml LTOE","author":"eveapprill","date":"9 March 2025","format":false,"excerpt":"Sympathetic \/ Sympathie (Angelic Canopy, Heaven\u2019s Gate, Just me, Night Soul) Poss\u00e8de un lien directe avec les portes \u00e9nerg\u00e9tiques et les points des m\u00e9ridiens li\u00e9s au sch\u00e9ma de stress du corps, en relation avec le reflexe d\u2019attaque ou de fuite.\u00a0","rel":"","context":"Similar post","block_context":{"text":"Similar post","link":""},"img":{"alt_text":"","src":"https:\/\/i0.wp.com\/artstella-elixirs-floraux.com\/wp-content\/uploads\/2025\/03\/f0a6249c-90b7-4aec-932c-77590e3a97c9.jpg?resize=350%2C200&ssl=1","width":350,"height":200,"srcset":"https:\/\/i0.wp.com\/artstella-elixirs-floraux.com\/wp-content\/uploads\/2025\/03\/f0a6249c-90b7-4aec-932c-77590e3a97c9.jpg?resize=350%2C200&ssl=1 1x, https:\/\/i0.wp.com\/artstella-elixirs-floraux.com\/wp-content\/uploads\/2025\/03\/f0a6249c-90b7-4aec-932c-77590e3a97c9.jpg?resize=525%2C300&ssl=1 1.5x, https:\/\/i0.wp.com\/artstella-elixirs-floraux.com\/wp-content\/uploads\/2025\/03\/f0a6249c-90b7-4aec-932c-77590e3a97c9.jpg?resize=700%2C400&ssl=1 2x"},"classes":[]}],"_links":{"self":[{"href":"https:\/\/artstella-elixirs-floraux.com\/en\/wp-json\/wp\/v2\/product\/5720","targetHints":{"allow":["GET"]}}],"collection":[{"href":"https:\/\/artstella-elixirs-floraux.com\/en\/wp-json\/wp\/v2\/product"}],"about":[{"href":"https:\/\/artstella-elixirs-floraux.com\/en\/wp-json\/wp\/v2\/types\/product"}],"version-history":[{"count":0,"href":"https:\/\/artstella-elixirs-floraux.com\/en\/wp-json\/wp\/v2\/product\/5720\/revisions"}],"wp:featuredmedia":[{"embeddable":true,"href":"https:\/\/artstella-elixirs-floraux.com\/en\/wp-json\/wp\/v2\/media\/5721"}],"wp:attachment":[{"href":"https:\/\/artstella-elixirs-floraux.com\/en\/wp-json\/wp\/v2\/media?parent=5720"}],"wp:term":[{"taxonomy":"product_brand","embeddable":true,"href":"https:\/\/artstella-elixirs-floraux.com\/en\/wp-json\/wp\/v2\/product_brand?post=5720"},{"taxonomy":"product_cat","embeddable":true,"href":"https:\/\/artstella-elixirs-floraux.com\/en\/wp-json\/wp\/v2\/product_cat?post=5720"},{"taxonomy":"product_tag","embeddable":true,"href":"https:\/\/artstella-elixirs-floraux.com\/en\/wp-json\/wp\/v2\/product_tag?post=5720"}],"curies":[{"name":"wp","href":"https:\/\/api.w.org\/{rel}","templated":true}]}}