{"id":5726,"date":"2025-03-09T13:47:25","date_gmt":"2025-03-09T13:47:25","guid":{"rendered":"https:\/\/artstella-elixirs-floraux.com\/product\/menthe-pouliot-15ml-deva\/"},"modified":"2025-06-02T06:41:51","modified_gmt":"2025-06-02T06:41:51","slug":"menthe-pouliot-15ml-deva","status":"publish","type":"product","link":"https:\/\/artstella-elixirs-floraux.com\/en\/product\/menthe-pouliot-15ml-deva\/","title":{"rendered":"Menthe Pouliot 15ml DEVA"},"content":{"rendered":"","protected":false},"excerpt":{"rendered":"<p><strong><em>Menthe Pouliot<\/em><\/strong><\/p>\n<p>Protection, clart\u00e9 mentale. Pour ceux qui sont perturb\u00e9s par les pens\u00e9es n\u00e9gatives des autres.<\/p>","protected":false},"featured_media":5727,"template":"","meta":[],"product_brand":[],"product_cat":[183],"product_tag":[],"class_list":{"0":"post-5726","1":"product","2":"type-product","3":"status-publish","4":"has-post-thumbnail","6":"product_cat-les-elixirs-floraux-deva-unitaires","8":"first","9":"instock","10":"taxable","11":"shipping-taxable","12":"purchasable","13":"product-type-simple"},"etheme_brands":{"errors":{"invalid_taxonomy":["Invalid taxonomy."]},"error_data":[]},"jetpack_sharing_enabled":true,"jetpack-related-posts":[{"id":3312,"url":"https:\/\/artstella-elixirs-floraux.com\/en\/product\/menthe-pouliot-15-ml-phi\/","url_meta":{"origin":5726,"position":0},"title":"MENTHE POULIOT 15 ML PHI","author":"eveapprill","date":"9 March 2025","format":false,"excerpt":".Menthe pouliot (Mentha pulegium) (Rossminze) Prot\u00e8ge le plan mental de perturbations ext\u00e9rieures. L'\u00e9lixir nous apporte une \u00e9nergie fra\u00eeche pour un nouveau d\u00e9part.","rel":"","context":"Similar post","block_context":{"text":"Similar post","link":""},"img":{"alt_text":"","src":"https:\/\/i0.wp.com\/artstella-elixirs-floraux.com\/wp-content\/uploads\/2025\/03\/wp-image695.png?resize=350%2C200&ssl=1","width":350,"height":200},"classes":[]},{"id":5283,"url":"https:\/\/artstella-elixirs-floraux.com\/en\/product\/complexe-n4-protection-emotionelle-deva-30ml\/","url_meta":{"origin":5726,"position":1},"title":"COMPLEXE N\u00b04 Protection \u00e9motionelle DEVA 30ml","author":"eveapprill","date":"9 March 2025","format":false,"excerpt":"COMPLEXE N\u00b04 PROTECTION \u00c9MOTIONNELLE est conseill\u00e9 \u00e0 ceux qui se sentent vuln\u00e9rables, fragiles, en ins\u00e9curit\u00e9 face aux autres et \u00e0 leur environnement. Recommand\u00e9 aux personnes \u00e9motives, sensibles ou facilement influen\u00e7ables. Il aide \u00e0 se prot\u00e9ger de le n\u00e9gativit\u00e9 ambiante.","rel":"","context":"Similar post","block_context":{"text":"Similar post","link":""},"img":{"alt_text":"","src":"https:\/\/i0.wp.com\/artstella-elixirs-floraux.com\/wp-content\/uploads\/2025\/03\/cb8ab318-97e5-4fe9-8283-e7796df4bc23.jpg?resize=350%2C200&ssl=1","width":350,"height":200,"srcset":"https:\/\/i0.wp.com\/artstella-elixirs-floraux.com\/wp-content\/uploads\/2025\/03\/cb8ab318-97e5-4fe9-8283-e7796df4bc23.jpg?resize=350%2C200&ssl=1 1x, https:\/\/i0.wp.com\/artstella-elixirs-floraux.com\/wp-content\/uploads\/2025\/03\/cb8ab318-97e5-4fe9-8283-e7796df4bc23.jpg?resize=525%2C300&ssl=1 1.5x, https:\/\/i0.wp.com\/artstella-elixirs-floraux.com\/wp-content\/uploads\/2025\/03\/cb8ab318-97e5-4fe9-8283-e7796df4bc23.jpg?resize=700%2C400&ssl=1 2x"},"classes":[]},{"id":5724,"url":"https:\/\/artstella-elixirs-floraux.com\/en\/product\/menthe-poivree-10ml-deva\/","url_meta":{"origin":5726,"position":2},"title":"Menthe poivr\u00e9e 10ml DEVA","author":"eveapprill","date":"9 March 2025","format":false,"excerpt":"Menthe Poivr\u00e9e Attention, vivacit\u00e9 d\u2019esprit. Pour surmonter la paresse mentale et la tendance \u00e0 l\u2019endormissement. Pour ceux qui manifestent de la \u00ablourdeur mentale\u00bb suite \u00e0 un exc\u00e8s d\u2019activit\u00e9 intellectuelle.","rel":"","context":"Similar post","block_context":{"text":"Similar post","link":""},"img":{"alt_text":"","src":"https:\/\/i0.wp.com\/artstella-elixirs-floraux.com\/wp-content\/uploads\/2025\/03\/wp-image2420.png?resize=350%2C200&ssl=1","width":350,"height":200},"classes":[]},{"id":5296,"url":"https:\/\/artstella-elixirs-floraux.com\/en\/product\/complexe-n8-etudes-et-examens-deva-30ml\/","url_meta":{"origin":5726,"position":3},"title":"COMPLEXE N\u00b08 Etudes et examens DEVA 30ML","author":"eveapprill","date":"9 March 2025","format":false,"excerpt":"Le compos\u00e9 floral DEVA\u00a0\u00c9TUDES & EXAMENS\u00a0aide \u00e0 d\u00e9velopper l'esprit de synth\u00e8se. Il facilite une expression orale claire et coh\u00e9rente. Il est conseill\u00e9 aux \u00e9tudiants en p\u00e9riode d'examens ou aux personnes qui m\u00e8nent des travaux de recherche ou donnent des conf\u00e9rences.","rel":"","context":"Similar post","block_context":{"text":"Similar post","link":""},"img":{"alt_text":"","src":"https:\/\/i0.wp.com\/artstella-elixirs-floraux.com\/wp-content\/uploads\/2025\/03\/a0c22a76-9d02-484d-b5d8-57ffbb7b1305.jpg?resize=350%2C200&ssl=1","width":350,"height":200,"srcset":"https:\/\/i0.wp.com\/artstella-elixirs-floraux.com\/wp-content\/uploads\/2025\/03\/a0c22a76-9d02-484d-b5d8-57ffbb7b1305.jpg?resize=350%2C200&ssl=1 1x, https:\/\/i0.wp.com\/artstella-elixirs-floraux.com\/wp-content\/uploads\/2025\/03\/a0c22a76-9d02-484d-b5d8-57ffbb7b1305.jpg?resize=525%2C300&ssl=1 1.5x, https:\/\/i0.wp.com\/artstella-elixirs-floraux.com\/wp-content\/uploads\/2025\/03\/a0c22a76-9d02-484d-b5d8-57ffbb7b1305.jpg?resize=700%2C400&ssl=1 2x"},"classes":[]},{"id":4553,"url":"https:\/\/artstella-elixirs-floraux.com\/en\/product\/coffret-fleurs-sauvages-supplementaires-phi-15-ml\/","url_meta":{"origin":5726,"position":4},"title":"COFFRET Fleurs sauvages suppl\u00e9mentaires PHI 15 ML","author":"eveapprill","date":"9 March 2025","format":false,"excerpt":"Contient 20 \u00e9lixirs de fleurs sauvages suppl\u00e9mentaires","rel":"","context":"Similar post","block_context":{"text":"Similar post","link":""},"img":{"alt_text":"","src":"","width":0,"height":0},"classes":[]},{"id":4138,"url":"https:\/\/artstella-elixirs-floraux.com\/en\/product\/duende-de-hielo-sylfos-15ml-pap\/","url_meta":{"origin":5726,"position":5},"title":"DUENDE DE HIELO SYLFOS 15ML PAP","author":"eveapprill","date":"9 March 2025","format":false,"excerpt":"DUENDE DE HIELO Callophrys irus Protection Il s\u2019agit l\u00e0 d\u2019un \u00e9lixir majeur de protection, qui repousse les \u00e9nergies et les pens\u00e9es n\u00e9gatives que d\u2019autres personnes dirigent vers nous. Il r\u00e9unit ces pens\u00e9es comme le ferait un filet et les renvoie dans la lumi\u00e8re pour les transformer.","rel":"","context":"Similar post","block_context":{"text":"Similar post","link":""},"img":{"alt_text":"","src":"","width":0,"height":0},"classes":[]}],"_links":{"self":[{"href":"https:\/\/artstella-elixirs-floraux.com\/en\/wp-json\/wp\/v2\/product\/5726","targetHints":{"allow":["GET"]}}],"collection":[{"href":"https:\/\/artstella-elixirs-floraux.com\/en\/wp-json\/wp\/v2\/product"}],"about":[{"href":"https:\/\/artstella-elixirs-floraux.com\/en\/wp-json\/wp\/v2\/types\/product"}],"version-history":[{"count":0,"href":"https:\/\/artstella-elixirs-floraux.com\/en\/wp-json\/wp\/v2\/product\/5726\/revisions"}],"wp:featuredmedia":[{"embeddable":true,"href":"https:\/\/artstella-elixirs-floraux.com\/en\/wp-json\/wp\/v2\/media\/5727"}],"wp:attachment":[{"href":"https:\/\/artstella-elixirs-floraux.com\/en\/wp-json\/wp\/v2\/media?parent=5726"}],"wp:term":[{"taxonomy":"product_brand","embeddable":true,"href":"https:\/\/artstella-elixirs-floraux.com\/en\/wp-json\/wp\/v2\/product_brand?post=5726"},{"taxonomy":"product_cat","embeddable":true,"href":"https:\/\/artstella-elixirs-floraux.com\/en\/wp-json\/wp\/v2\/product_cat?post=5726"},{"taxonomy":"product_tag","embeddable":true,"href":"https:\/\/artstella-elixirs-floraux.com\/en\/wp-json\/wp\/v2\/product_tag?post=5726"}],"curies":[{"name":"wp","href":"https:\/\/api.w.org\/{rel}","templated":true}]}}