{"id":5740,"date":"2025-03-09T13:47:36","date_gmt":"2025-03-09T13:47:36","guid":{"rendered":"https:\/\/artstella-elixirs-floraux.com\/product\/muguet-10-ml-deva\/"},"modified":"2025-06-02T06:41:49","modified_gmt":"2025-06-02T06:41:49","slug":"muguet-10-ml-deva","status":"publish","type":"product","link":"https:\/\/artstella-elixirs-floraux.com\/en\/product\/muguet-10-ml-deva\/","title":{"rendered":"Muguet 10 ml DEVA"},"content":{"rendered":"","protected":false},"excerpt":{"rendered":"<p><strong><em>Muguet<\/em><\/strong><\/p>\n<p>Pour ceux dont la vie est dict\u00e9e par les devoirs, les obligations et les conventions sociales.<\/p>","protected":false},"featured_media":5741,"template":"","meta":[],"product_brand":[],"product_cat":[183],"product_tag":[],"class_list":{"0":"post-5740","1":"product","2":"type-product","3":"status-publish","4":"has-post-thumbnail","6":"product_cat-les-elixirs-floraux-deva-unitaires","8":"first","9":"instock","10":"taxable","11":"shipping-taxable","12":"purchasable","13":"product-type-simple"},"etheme_brands":{"errors":{"invalid_taxonomy":["Invalid taxonomy."]},"error_data":[]},"jetpack_sharing_enabled":true,"jetpack-related-posts":[{"id":5698,"url":"https:\/\/artstella-elixirs-floraux.com\/en\/product\/grenadier-10-ml-deva\/","url_meta":{"origin":5740,"position":0},"title":"Grenadier 15 ml DEVA","author":"eveapprill","date":"9 March 2025","format":false,"excerpt":"Grenadier Cr\u00e9ativit\u00e9 f\u00e9minine. Aide les femmes \u00e0 r\u00e9soudre les conflits dont la source est un d\u00e9s\u00e9quilibre entre carri\u00e8re professionnelle et vie familiale. Elixir conseill\u00e9 aux femmes qui rejettent leur f\u00e9minit\u00e9.","rel":"","context":"Similar post","block_context":{"text":"Similar post","link":""},"img":{"alt_text":"","src":"https:\/\/i0.wp.com\/artstella-elixirs-floraux.com\/wp-content\/uploads\/2025\/03\/wp-image2406.png?resize=350%2C200&ssl=1","width":350,"height":200},"classes":[]},{"id":5736,"url":"https:\/\/artstella-elixirs-floraux.com\/en\/product\/molene-10-ml-deva\/","url_meta":{"origin":5740,"position":1},"title":"Mol\u00e8ne 10 ml DEVA","author":"eveapprill","date":"9 March 2025","format":false,"excerpt":"Mol\u00e8ne Ecoute int\u00e9rieure, droiture et rigueur morale. Pour ceux qui sont ind\u00e9cis sur la direction et les valeurs morales \u00e0 suivre dans leur vie. Pour cr\u00e9er l\u2019unit\u00e9 et d\u00e9velopper l\u2019harmonie au sein d\u2019un groupe.","rel":"","context":"Similar post","block_context":{"text":"Similar post","link":""},"img":{"alt_text":"","src":"https:\/\/i0.wp.com\/artstella-elixirs-floraux.com\/wp-content\/uploads\/2025\/03\/wp-image2427.png?resize=350%2C200&ssl=1","width":350,"height":200},"classes":[]},{"id":5948,"url":"https:\/\/artstella-elixirs-floraux.com\/en\/product\/pin-10ml-deva\/","url_meta":{"origin":5740,"position":2},"title":"Pin 10ml DEVA","author":"eveapprill","date":"9 March 2025","format":false,"excerpt":"Pin sylvestre Pinus sylvestris Acceptation, repentir, compr\u00e9hension Pour ceux qui se sentent coupables, qui s'adressent des reproches et qui pensent qu'ils pourraient mieux faire. Pour ceux qui ont besoin de tout contr\u00f4ler et qui sont accabl\u00e9s par leur sens du devoir et par leurs obligations.","rel":"","context":"Similar post","block_context":{"text":"Similar post","link":""},"img":{"alt_text":"","src":"","width":0,"height":0},"classes":[]},{"id":5680,"url":"https:\/\/artstella-elixirs-floraux.com\/en\/product\/epicea-10-ml-deva\/","url_meta":{"origin":5740,"position":3},"title":"Epic\u00e9a 10 ml DEVA","author":"eveapprill","date":"9 March 2025","format":false,"excerpt":"L'\u00e9lixir floral d'Epic\u00e9a d\u00e9veloppe la sensibilit\u00e9 et la compassion. Il Apporte cordialit\u00e9, droiture et perfection sans duret\u00e9 ni rigidit\u00e9. Il est conseill\u00e9 \u00e0 ceux qui sont rigoureux, froid, aust\u00e8res, \u00e0 la recherche d'un id\u00e9al de perfection mais qui n'acceptent pas les compromis et qui refusent de se remettre en cause.","rel":"","context":"Similar post","block_context":{"text":"Similar post","link":""},"img":{"alt_text":"","src":"https:\/\/i0.wp.com\/artstella-elixirs-floraux.com\/wp-content\/uploads\/2025\/03\/wp-image2397.png?resize=350%2C200&ssl=1","width":350,"height":200},"classes":[]},{"id":5906,"url":"https:\/\/artstella-elixirs-floraux.com\/en\/product\/chene-15-ml-deva\/","url_meta":{"origin":5740,"position":4},"title":"Ch\u00eane 15 ml DEVA","author":"eveapprill","date":"9 March 2025","format":false,"excerpt":"Ch\u00eane - Oak Quercus robur Reconnaissance de ses limites, l\u00e2cher-prise Pour r\u00e9aliser que la vie n'est pas un combat permanent. Pour ceux qui veulent toujours assumer plus qu'ils ne peuvent et qui s'\u00e9puisent.","rel":"","context":"Similar post","block_context":{"text":"Similar post","link":""},"img":{"alt_text":"","src":"","width":0,"height":0},"classes":[]},{"id":5778,"url":"https:\/\/artstella-elixirs-floraux.com\/en\/product\/pensee-10-ml-deva\/","url_meta":{"origin":5740,"position":5},"title":"Pens\u00e9e 10 ml DEVA","author":"eveapprill","date":"9 March 2025","format":false,"excerpt":"Pens\u00e9e Force int\u00e9rieure, r\u00e9sistance. Pour ceux qui se sentent vuln\u00e9rables, qui manquent de force et qui sont sujets aux infections r\u00e9p\u00e9t\u00e9es.","rel":"","context":"Similar post","block_context":{"text":"Similar post","link":""},"img":{"alt_text":"","src":"https:\/\/i0.wp.com\/artstella-elixirs-floraux.com\/wp-content\/uploads\/2025\/03\/wp-image2441.png?resize=350%2C200&ssl=1","width":350,"height":200},"classes":[]}],"_links":{"self":[{"href":"https:\/\/artstella-elixirs-floraux.com\/en\/wp-json\/wp\/v2\/product\/5740","targetHints":{"allow":["GET"]}}],"collection":[{"href":"https:\/\/artstella-elixirs-floraux.com\/en\/wp-json\/wp\/v2\/product"}],"about":[{"href":"https:\/\/artstella-elixirs-floraux.com\/en\/wp-json\/wp\/v2\/types\/product"}],"version-history":[{"count":0,"href":"https:\/\/artstella-elixirs-floraux.com\/en\/wp-json\/wp\/v2\/product\/5740\/revisions"}],"wp:featuredmedia":[{"embeddable":true,"href":"https:\/\/artstella-elixirs-floraux.com\/en\/wp-json\/wp\/v2\/media\/5741"}],"wp:attachment":[{"href":"https:\/\/artstella-elixirs-floraux.com\/en\/wp-json\/wp\/v2\/media?parent=5740"}],"wp:term":[{"taxonomy":"product_brand","embeddable":true,"href":"https:\/\/artstella-elixirs-floraux.com\/en\/wp-json\/wp\/v2\/product_brand?post=5740"},{"taxonomy":"product_cat","embeddable":true,"href":"https:\/\/artstella-elixirs-floraux.com\/en\/wp-json\/wp\/v2\/product_cat?post=5740"},{"taxonomy":"product_tag","embeddable":true,"href":"https:\/\/artstella-elixirs-floraux.com\/en\/wp-json\/wp\/v2\/product_tag?post=5740"}],"curies":[{"name":"wp","href":"https:\/\/api.w.org\/{rel}","templated":true}]}}