{"id":5772,"date":"2025-03-09T13:47:58","date_gmt":"2025-03-09T13:47:58","guid":{"rendered":"https:\/\/artstella-elixirs-floraux.com\/product\/passiflore-15-ml-deva\/"},"modified":"2025-07-12T15:13:27","modified_gmt":"2025-07-12T15:13:27","slug":"passiflore-15-ml-deva","status":"publish","type":"product","link":"https:\/\/artstella-elixirs-floraux.com\/en\/product\/passiflore-15-ml-deva\/","title":{"rendered":"Passiflore 15 ml DEVA"},"content":{"rendered":"","protected":false},"excerpt":{"rendered":"<p><strong><em>Passiflore<\/em><\/strong><\/p>\n<p>L\u00e2cher-prise, s\u00e9r\u00e9nit\u00e9. Permet de consid\u00e9rer les \u00e9v\u00e9nements de la vie avec calme et s\u00e9r\u00e9nit\u00e9. Apporte stabilit\u00e9 et \u00e9limine la confusion \u00e9motionnelle.<\/p>","protected":false},"featured_media":5773,"template":"","meta":[],"product_brand":[],"product_cat":[183],"product_tag":[],"class_list":{"0":"post-5772","1":"product","2":"type-product","3":"status-publish","4":"has-post-thumbnail","6":"product_cat-les-elixirs-floraux-deva-unitaires","8":"first","9":"instock","10":"taxable","11":"shipping-taxable","12":"purchasable","13":"product-type-simple"},"etheme_brands":{"errors":{"invalid_taxonomy":["Invalid taxonomy."]},"error_data":[]},"jetpack_sharing_enabled":true,"jetpack-related-posts":[{"id":3262,"url":"https:\/\/artstella-elixirs-floraux.com\/en\/product\/passiflore-15ml-phi\/","url_meta":{"origin":5772,"position":0},"title":"PASSIFLORE 15ML PHI","author":"eveapprill","date":"9 March 2025","format":false,"excerpt":"Passiflore (Passiflora bryonoides (Passionblume) Dans les situations difficiles, l'\u00e9lixir aide \u00e0 trouver une issue. Nous pouvons prendre du recul et voir les situations d'un regard neuf.","rel":"","context":"Similar post","block_context":{"text":"Similar post","link":""},"img":{"alt_text":"","src":"https:\/\/i0.wp.com\/artstella-elixirs-floraux.com\/wp-content\/uploads\/2025\/03\/wp-image672.png?resize=350%2C200&ssl=1","width":350,"height":200},"classes":[]},{"id":5279,"url":"https:\/\/artstella-elixirs-floraux.com\/en\/product\/complexe-n2-nuits-paisibles-deva-30ml\/","url_meta":{"origin":5772,"position":1},"title":"COMPLEXE N\u00b02 Nuits paisibles DEVA 30ml","author":"eveapprill","date":"9 March 2025","format":false,"excerpt":"COMPLEXE N\u00b02 Nuits paisibles \u00a0est recommand\u00e9\u00a0aux personnes de tout \u00e2ge qui \u00e9prouvent des difficult\u00e9s \u00e0 s\u2019endormir ou d\u00e9sireuses d\u2019am\u00e9liorer la qualit\u00e9 de leur sommeil : cauchemars, r\u00e9veils nocturnes, pens\u00e9es r\u00e9p\u00e9titives. Il favorise une d\u00e9tente profonde.","rel":"","context":"Similar post","block_context":{"text":"Similar post","link":""},"img":{"alt_text":"","src":"https:\/\/i0.wp.com\/artstella-elixirs-floraux.com\/wp-content\/uploads\/2025\/03\/77b358f5-17ad-4d93-a132-524060537df4.jpg?resize=350%2C200&ssl=1","width":350,"height":200,"srcset":"https:\/\/i0.wp.com\/artstella-elixirs-floraux.com\/wp-content\/uploads\/2025\/03\/77b358f5-17ad-4d93-a132-524060537df4.jpg?resize=350%2C200&ssl=1 1x, https:\/\/i0.wp.com\/artstella-elixirs-floraux.com\/wp-content\/uploads\/2025\/03\/77b358f5-17ad-4d93-a132-524060537df4.jpg?resize=525%2C300&ssl=1 1.5x, https:\/\/i0.wp.com\/artstella-elixirs-floraux.com\/wp-content\/uploads\/2025\/03\/77b358f5-17ad-4d93-a132-524060537df4.jpg?resize=700%2C400&ssl=1 2x"},"classes":[]},{"id":5877,"url":"https:\/\/artstella-elixirs-floraux.com\/en\/product\/compose-n19-renaissance-deva-30ml\/","url_meta":{"origin":5772,"position":2},"title":"Compos\u00e9 n\u00b019 RENAISSANCE DEVA 30ml","author":"eveapprill","date":"9 March 2025","format":false,"excerpt":"Compos\u00e9 n\u00b019 Renaissance DEVA 30ml Aide \u00e0 retrouver une paix profonde et sa pleine int\u00e9grit\u00e9 physique, mentale et \u00e9motionnelle apr\u00e8s une situation d'\u00e9puisement total.","rel":"","context":"Similar post","block_context":{"text":"Similar post","link":""},"img":{"alt_text":"","src":"https:\/\/i0.wp.com\/artstella-elixirs-floraux.com\/wp-content\/uploads\/2025\/03\/367f6051-abea-4271-a4de-e0b28fe2b56e.jpg?resize=350%2C200&ssl=1","width":350,"height":200,"srcset":"https:\/\/i0.wp.com\/artstella-elixirs-floraux.com\/wp-content\/uploads\/2025\/03\/367f6051-abea-4271-a4de-e0b28fe2b56e.jpg?resize=350%2C200&ssl=1 1x, https:\/\/i0.wp.com\/artstella-elixirs-floraux.com\/wp-content\/uploads\/2025\/03\/367f6051-abea-4271-a4de-e0b28fe2b56e.jpg?resize=525%2C300&ssl=1 1.5x, https:\/\/i0.wp.com\/artstella-elixirs-floraux.com\/wp-content\/uploads\/2025\/03\/367f6051-abea-4271-a4de-e0b28fe2b56e.jpg?resize=700%2C400&ssl=1 2x"},"classes":[]},{"id":4551,"url":"https:\/\/artstella-elixirs-floraux.com\/en\/product\/coffret-fleurs-sauvages-15-ml\/","url_meta":{"origin":5772,"position":3},"title":"COFFRET FLEURS SAUVAGES 15 ML","author":"eveapprill","date":"9 March 2025","format":false,"excerpt":"Les \u00e9lixirs de 40 fleurs Sauvages R\u00e9alis\u00e9s avec des fleurs europ\u00e9ennes communes dans la nature.","rel":"","context":"Similar post","block_context":{"text":"Similar post","link":""},"img":{"alt_text":"","src":"","width":0,"height":0},"classes":[]},{"id":2779,"url":"https:\/\/artstella-elixirs-floraux.com\/en\/product\/creme-calm-and-clear-serenite\/","url_meta":{"origin":5772,"position":4},"title":"CREME CALM AND CLEAR &#8211; S\u00e9r\u00e9nit\u00e9","author":"eveapprill","date":"9 March 2025","format":false,"excerpt":"La cr\u00e8me Calm and Clear - S\u00e9r\u00e9nit\u00e9 Permet de prendre son temps et de trouver son espace. Pour envisager les choses sainement et calmement. Peut \u00eatre utilis\u00e9e pour favoriser l\u2019endormissement. Egalement disponible en gouttes et en spray.","rel":"","context":"Similar post","block_context":{"text":"Similar post","link":""},"img":{"alt_text":"","src":"https:\/\/i0.wp.com\/artstella-elixirs-floraux.com\/wp-content\/uploads\/2025\/03\/7ebf751f-b284-4e55-acbd-908ac845db09.jpg?resize=350%2C200&ssl=1","width":350,"height":200,"srcset":"https:\/\/i0.wp.com\/artstella-elixirs-floraux.com\/wp-content\/uploads\/2025\/03\/7ebf751f-b284-4e55-acbd-908ac845db09.jpg?resize=350%2C200&ssl=1 1x, https:\/\/i0.wp.com\/artstella-elixirs-floraux.com\/wp-content\/uploads\/2025\/03\/7ebf751f-b284-4e55-acbd-908ac845db09.jpg?resize=525%2C300&ssl=1 1.5x, https:\/\/i0.wp.com\/artstella-elixirs-floraux.com\/wp-content\/uploads\/2025\/03\/7ebf751f-b284-4e55-acbd-908ac845db09.jpg?resize=700%2C400&ssl=1 2x"},"classes":[]},{"id":5273,"url":"https:\/\/artstella-elixirs-floraux.com\/en\/product\/spray-calm-and-clear-serenite\/","url_meta":{"origin":5772,"position":5},"title":"Spray CALM AND CLEAR &#8211; S\u00e9r\u00e9nit\u00e9","author":"eveapprill","date":"9 March 2025","format":false,"excerpt":"Le spray Calm and Clear - S\u00e9r\u00e9nit\u00e9 Permet de prendre son temps et de trouver son espace. Pour envisager les choses sainement et calmement. Peut \u00eatre utilis\u00e9 pour favoriser l\u2019endormissement. Egalement disponible en gouttes 30ml et en cr\u00e8me.","rel":"","context":"Similar post","block_context":{"text":"Similar post","link":""},"img":{"alt_text":"","src":"","width":0,"height":0},"classes":[]}],"_links":{"self":[{"href":"https:\/\/artstella-elixirs-floraux.com\/en\/wp-json\/wp\/v2\/product\/5772","targetHints":{"allow":["GET"]}}],"collection":[{"href":"https:\/\/artstella-elixirs-floraux.com\/en\/wp-json\/wp\/v2\/product"}],"about":[{"href":"https:\/\/artstella-elixirs-floraux.com\/en\/wp-json\/wp\/v2\/types\/product"}],"version-history":[{"count":1,"href":"https:\/\/artstella-elixirs-floraux.com\/en\/wp-json\/wp\/v2\/product\/5772\/revisions"}],"predecessor-version":[{"id":10999,"href":"https:\/\/artstella-elixirs-floraux.com\/en\/wp-json\/wp\/v2\/product\/5772\/revisions\/10999"}],"wp:featuredmedia":[{"embeddable":true,"href":"https:\/\/artstella-elixirs-floraux.com\/en\/wp-json\/wp\/v2\/media\/5773"}],"wp:attachment":[{"href":"https:\/\/artstella-elixirs-floraux.com\/en\/wp-json\/wp\/v2\/media?parent=5772"}],"wp:term":[{"taxonomy":"product_brand","embeddable":true,"href":"https:\/\/artstella-elixirs-floraux.com\/en\/wp-json\/wp\/v2\/product_brand?post=5772"},{"taxonomy":"product_cat","embeddable":true,"href":"https:\/\/artstella-elixirs-floraux.com\/en\/wp-json\/wp\/v2\/product_cat?post=5772"},{"taxonomy":"product_tag","embeddable":true,"href":"https:\/\/artstella-elixirs-floraux.com\/en\/wp-json\/wp\/v2\/product_tag?post=5772"}],"curies":[{"name":"wp","href":"https:\/\/api.w.org\/{rel}","templated":true}]}}