{"id":5774,"date":"2025-03-09T13:47:59","date_gmt":"2025-03-09T13:47:59","guid":{"rendered":"https:\/\/artstella-elixirs-floraux.com\/product\/pasteque-10-ml-deva\/"},"modified":"2025-06-08T13:01:50","modified_gmt":"2025-06-08T13:01:50","slug":"pasteque-10-ml-deva","status":"publish","type":"product","link":"https:\/\/artstella-elixirs-floraux.com\/en\/product\/pasteque-10-ml-deva\/","title":{"rendered":"Past\u00e8que 10 ml DEVA"},"content":{"rendered":"","protected":false},"excerpt":{"rendered":"<p><strong><em>Past\u00e8que<\/em><\/strong><\/p>\n<p>Grossesse harmonieuse. Renforce l\u2019harmonie du couple qui d\u00e9sire avoir un enfant. Apporte harmonie et stabilit\u00e9 durant la grossesse.<\/p>","protected":false},"featured_media":5775,"template":"","meta":[],"product_brand":[],"product_cat":[183],"product_tag":[],"class_list":{"0":"post-5774","1":"product","2":"type-product","3":"status-publish","4":"has-post-thumbnail","6":"product_cat-les-elixirs-floraux-deva-unitaires","8":"first","9":"instock","10":"taxable","11":"shipping-taxable","12":"purchasable","13":"product-type-simple"},"etheme_brands":{"errors":{"invalid_taxonomy":["Invalid taxonomy."]},"error_data":[]},"jetpack_sharing_enabled":true,"jetpack-related-posts":[{"id":5300,"url":"https:\/\/artstella-elixirs-floraux.com\/en\/product\/complexe-n10-emotions-de-grossesse-deva-30ml\/","url_meta":{"origin":5774,"position":0},"title":"COMPLEXE N\u00b010 Emotions de Grossesse DEVA 30ML","author":"eveapprill","date":"9 March 2025","format":false,"excerpt":"COMPLEXE N\u00b010 Emotions de la Grossesse 30ml aide \u00e0 surmonter la sensibilit\u00e9 \u00e9motionnelle et l'inqui\u00e9tude chez la femme enceinte. Il optimisme les qualit\u00e9s maternelles et d\u00e9veloppe la confiance dans sa capacit\u00e9 \u00e0 \u00eatre m\u00e8re.","rel":"","context":"Similar post","block_context":{"text":"Similar post","link":""},"img":{"alt_text":"","src":"https:\/\/i0.wp.com\/artstella-elixirs-floraux.com\/wp-content\/uploads\/2025\/03\/ce77edc3-42f0-44cb-8d3f-84e70aaa2e0a.jpg?resize=350%2C200&ssl=1","width":350,"height":200,"srcset":"https:\/\/i0.wp.com\/artstella-elixirs-floraux.com\/wp-content\/uploads\/2025\/03\/ce77edc3-42f0-44cb-8d3f-84e70aaa2e0a.jpg?resize=350%2C200&ssl=1 1x, https:\/\/i0.wp.com\/artstella-elixirs-floraux.com\/wp-content\/uploads\/2025\/03\/ce77edc3-42f0-44cb-8d3f-84e70aaa2e0a.jpg?resize=525%2C300&ssl=1 1.5x, https:\/\/i0.wp.com\/artstella-elixirs-floraux.com\/wp-content\/uploads\/2025\/03\/ce77edc3-42f0-44cb-8d3f-84e70aaa2e0a.jpg?resize=700%2C400&ssl=1 2x"},"classes":[]},{"id":5152,"url":"https:\/\/artstella-elixirs-floraux.com\/en\/product\/pregnancy-support\/","url_meta":{"origin":5774,"position":1},"title":"PREGNANCY SUPPORT","author":"eveapprill","date":"9 March 2025","format":false,"excerpt":"A \u00e9t\u00e9 pr\u00e9par\u00e9e pour renforcer, stabiliser et \u00e9quilibrer la femme et l\u2019enfant pendant toute la grossesse.","rel":"","context":"Similar post","block_context":{"text":"Similar post","link":""},"img":{"alt_text":"","src":"https:\/\/i0.wp.com\/artstella-elixirs-floraux.com\/wp-content\/uploads\/2025\/03\/68e301b9-e3e5-48d0-bb93-47cb748b1245.jpg?resize=350%2C200&ssl=1","width":350,"height":200,"srcset":"https:\/\/i0.wp.com\/artstella-elixirs-floraux.com\/wp-content\/uploads\/2025\/03\/68e301b9-e3e5-48d0-bb93-47cb748b1245.jpg?resize=350%2C200&ssl=1 1x, https:\/\/i0.wp.com\/artstella-elixirs-floraux.com\/wp-content\/uploads\/2025\/03\/68e301b9-e3e5-48d0-bb93-47cb748b1245.jpg?resize=525%2C300&ssl=1 1.5x, https:\/\/i0.wp.com\/artstella-elixirs-floraux.com\/wp-content\/uploads\/2025\/03\/68e301b9-e3e5-48d0-bb93-47cb748b1245.jpg?resize=700%2C400&ssl=1 2x"},"classes":[]},{"id":3503,"url":"https:\/\/artstella-elixirs-floraux.com\/en\/product\/love-beyond-love-15-ml-ltoe\/","url_meta":{"origin":5774,"position":2},"title":"LOVE BEYOND LOVE 15 ML LTOE","author":"eveapprill","date":"9 March 2025","format":false,"excerpt":"Love beyond love\u00a0 \/ L'amour au-del\u00e0 de l'amour (Just me, Love\u2019s secret, Moon Child, Unconditional snuggles et White Beauty) Pour les enfants ou les adultes qui n\u2019ont pas \u00e9t\u00e9 aim\u00e9s pendant la grossesse et qui en souffrent.","rel":"","context":"Similar post","block_context":{"text":"Similar post","link":""},"img":{"alt_text":"","src":"https:\/\/i0.wp.com\/artstella-elixirs-floraux.com\/wp-content\/uploads\/2025\/03\/9261c17a-706e-4a8c-97df-eeda6dec5405.jpg?resize=350%2C200&ssl=1","width":350,"height":200,"srcset":"https:\/\/i0.wp.com\/artstella-elixirs-floraux.com\/wp-content\/uploads\/2025\/03\/9261c17a-706e-4a8c-97df-eeda6dec5405.jpg?resize=350%2C200&ssl=1 1x, https:\/\/i0.wp.com\/artstella-elixirs-floraux.com\/wp-content\/uploads\/2025\/03\/9261c17a-706e-4a8c-97df-eeda6dec5405.jpg?resize=525%2C300&ssl=1 1.5x, https:\/\/i0.wp.com\/artstella-elixirs-floraux.com\/wp-content\/uploads\/2025\/03\/9261c17a-706e-4a8c-97df-eeda6dec5405.jpg?resize=700%2C400&ssl=1 2x"},"classes":[]},{"id":3251,"url":"https:\/\/artstella-elixirs-floraux.com\/en\/product\/courgette-15-ml-phi\/","url_meta":{"origin":5774,"position":3},"title":"COURGETTE 15 ML PHI","author":"eveapprill","date":"9 March 2025","format":false,"excerpt":"Courgette (Cucurbita pepo) (K\u00fcrbis) Pour l'int\u00e9gration de notre partie f\u00e9minine. L'\u00e9lixir de courgette accompagne une grossesse harmonieuse et favorise la communication entre la m\u00e8re et l'enfant.","rel":"","context":"Similar post","block_context":{"text":"Similar post","link":""},"img":{"alt_text":"","src":"https:\/\/i0.wp.com\/artstella-elixirs-floraux.com\/wp-content\/uploads\/2025\/03\/wp-image666.png?resize=350%2C200&ssl=1","width":350,"height":200},"classes":[]},{"id":3972,"url":"https:\/\/artstella-elixirs-floraux.com\/en\/product\/cygne-a-e-15-ml-phi\/","url_meta":{"origin":5774,"position":4},"title":"CYGNE A.E 15 ML PHI","author":"eveapprill","date":"9 March 2025","format":false,"excerpt":"Cygne (Cygnus olor) Schwan L\u2019\u00e9lixir refl\u00e8te en nous la beaut\u00e9 et l\u2019harmonie. Il aide ceux qui sont prisonniers de peurs et de contraintes \u00e0 se lib\u00e9rer.","rel":"","context":"Similar post","block_context":{"text":"Similar post","link":""},"img":{"alt_text":"","src":"","width":0,"height":0},"classes":[]},{"id":5674,"url":"https:\/\/artstella-elixirs-floraux.com\/en\/product\/courgette-15-ml-deva\/","url_meta":{"origin":5774,"position":5},"title":"Courgette 15 ml DEVA","author":"eveapprill","date":"9 March 2025","format":false,"excerpt":"Courgette Grossesse harmonieuse. Assiste la femme enceinte en \u00e9quilibrant les \u00e9motions. De fa\u00e7on plus g\u00e9n\u00e9rale, stimule et accro\u00eet la cr\u00e9ativit\u00e9 f\u00e9minine, sp\u00e9cialement lorsque celle-ci est \u00e9touff\u00e9e ou refoul\u00e9e \u00e0 cause d\u2019un environnement social et culturel difficile.","rel":"","context":"Similar post","block_context":{"text":"Similar post","link":""},"img":{"alt_text":"","src":"https:\/\/i0.wp.com\/artstella-elixirs-floraux.com\/wp-content\/uploads\/2025\/03\/wp-image2394.png?resize=350%2C200&ssl=1","width":350,"height":200},"classes":[]}],"_links":{"self":[{"href":"https:\/\/artstella-elixirs-floraux.com\/en\/wp-json\/wp\/v2\/product\/5774","targetHints":{"allow":["GET"]}}],"collection":[{"href":"https:\/\/artstella-elixirs-floraux.com\/en\/wp-json\/wp\/v2\/product"}],"about":[{"href":"https:\/\/artstella-elixirs-floraux.com\/en\/wp-json\/wp\/v2\/types\/product"}],"version-history":[{"count":0,"href":"https:\/\/artstella-elixirs-floraux.com\/en\/wp-json\/wp\/v2\/product\/5774\/revisions"}],"wp:featuredmedia":[{"embeddable":true,"href":"https:\/\/artstella-elixirs-floraux.com\/en\/wp-json\/wp\/v2\/media\/5775"}],"wp:attachment":[{"href":"https:\/\/artstella-elixirs-floraux.com\/en\/wp-json\/wp\/v2\/media?parent=5774"}],"wp:term":[{"taxonomy":"product_brand","embeddable":true,"href":"https:\/\/artstella-elixirs-floraux.com\/en\/wp-json\/wp\/v2\/product_brand?post=5774"},{"taxonomy":"product_cat","embeddable":true,"href":"https:\/\/artstella-elixirs-floraux.com\/en\/wp-json\/wp\/v2\/product_cat?post=5774"},{"taxonomy":"product_tag","embeddable":true,"href":"https:\/\/artstella-elixirs-floraux.com\/en\/wp-json\/wp\/v2\/product_tag?post=5774"}],"curies":[{"name":"wp","href":"https:\/\/api.w.org\/{rel}","templated":true}]}}