{"id":5778,"date":"2025-03-09T13:48:02","date_gmt":"2025-03-09T13:48:02","guid":{"rendered":"https:\/\/artstella-elixirs-floraux.com\/product\/pensee-10-ml-deva\/"},"modified":"2025-06-02T06:41:05","modified_gmt":"2025-06-02T06:41:05","slug":"pensee-10-ml-deva","status":"publish","type":"product","link":"https:\/\/artstella-elixirs-floraux.com\/en\/product\/pensee-10-ml-deva\/","title":{"rendered":"Pens\u00e9e 10 ml DEVA"},"content":{"rendered":"","protected":false},"excerpt":{"rendered":"<p><strong><em>Pens\u00e9e<\/em><\/strong><\/p>\n<p>Force int\u00e9rieure, r\u00e9sistance. Pour ceux qui se sentent vuln\u00e9rables, qui manquent de force et qui sont sujets aux infections r\u00e9p\u00e9t\u00e9es.<\/p>","protected":false},"featured_media":5779,"template":"","meta":[],"product_brand":[],"product_cat":[183],"product_tag":[],"class_list":{"0":"post-5778","1":"product","2":"type-product","3":"status-publish","4":"has-post-thumbnail","6":"product_cat-les-elixirs-floraux-deva-unitaires","8":"first","9":"instock","10":"taxable","11":"shipping-taxable","12":"purchasable","13":"product-type-simple"},"etheme_brands":{"errors":{"invalid_taxonomy":["Invalid taxonomy."]},"error_data":[]},"jetpack_sharing_enabled":true,"jetpack-related-posts":[{"id":3908,"url":"https:\/\/artstella-elixirs-floraux.com\/en\/product\/ours-a-e-15-ml-phi\/","url_meta":{"origin":5778,"position":0},"title":"OURS A.E 15 ML PHI","author":"eveapprill","date":"9 March 2025","format":false,"excerpt":"Ours (Ursus arctos) B\u00e4r apporte force et bont\u00e9. Il renforce de telles pens\u00e9es et am\u00e9liore la communication comme la tendresse. Gr\u00e2ce \u00e0 la sensation de s\u00e9curit\u00e9, nous nous sentons prot\u00e9g\u00e9s.","rel":"","context":"Similar post","block_context":{"text":"Similar post","link":""},"img":{"alt_text":"","src":"","width":0,"height":0},"classes":[]},{"id":4173,"url":"https:\/\/artstella-elixirs-floraux.com\/en\/product\/michael-messagers-sylfos-15ml\/","url_meta":{"origin":5778,"position":1},"title":"MICHAEL (MESSAGERS) SYLFOS 15ML","author":"eveapprill","date":"9 March 2025","format":false,"excerpt":"MICHAEL Int\u00e9grit\u00e9, V\u00e9rit\u00e9, direction correcte, Force, vigueur et puissance,\u00a0 Courage pour affronter les obstacles, m\u00eame les plus importants, Protection dans l\u2019action, R\u00e9tablissement de la foi.","rel":"","context":"Similar post","block_context":{"text":"Similar post","link":""},"img":{"alt_text":"","src":"","width":0,"height":0},"classes":[]},{"id":5552,"url":"https:\/\/artstella-elixirs-floraux.com\/en\/product\/madia-15-ml-sylfos\/","url_meta":{"origin":5778,"position":2},"title":"MADIA 15 ML SYLFOS","author":"eveapprill","date":"9 March 2025","format":false,"excerpt":"MADIA\u00a0 Madia elegans\u00a0\u00a0 Concentration, pens\u00e9e pr\u00e9cise \u00a0L\u2019\u00e2me \u00e0 besoin d\u2019apprendre \u00e0 s\u2019\u00e9tendre mais aussi \u00e0 se contracter; de limiter l\u2019exp\u00e9rience.","rel":"","context":"Similar post","block_context":{"text":"Similar post","link":""},"img":{"alt_text":"","src":"","width":0,"height":0},"classes":[]},{"id":5027,"url":"https:\/\/artstella-elixirs-floraux.com\/en\/product\/yellow-violet-alas-f-sup\/","url_meta":{"origin":5778,"position":3},"title":"YELLOW VIOLET ALAS F SUP","author":"eveapprill","date":"9 March 2025","format":false,"excerpt":"Yellow Violet Viola biflora Pens\u00e9e jaune Indications\u00a0: communication sur la d\u00e9fensive\u00a0; trac\u00a0; terreur pour parler en public\u00a0; expression bloqu\u00e9es par la peur d\u2019\u00eatre jug\u00e9e ou ridicule.","rel":"","context":"Similar post","block_context":{"text":"Similar post","link":""},"img":{"alt_text":"","src":"","width":0,"height":0},"classes":[]},{"id":5518,"url":"https:\/\/artstella-elixirs-floraux.com\/en\/product\/orque\/","url_meta":{"origin":5778,"position":4},"title":"ORQUE","author":"eveapprill","date":"9 March 2025","format":false,"excerpt":"ORQUE - Orca (Orcinus Orca) Cet \u00e9lixir a une forte action au niveau du chakra du c\u0153ur et nous relie \u00e0 la cinqui\u00e8me dimension. Il nous relie \u00e0 notre force int\u00e9rieure et nous permet de puiser dans notre potentiel de cr\u00e9ation, pour nous relier \u00e0 la lumi\u00e8re. Dans cette dimension,\u2026","rel":"","context":"Similar post","block_context":{"text":"Similar post","link":""},"img":{"alt_text":"","src":"https:\/\/i0.wp.com\/artstella-elixirs-floraux.com\/wp-content\/uploads\/2025\/03\/wp-image1754.png?resize=350%2C200&ssl=1","width":350,"height":200},"classes":[]},{"id":6034,"url":"https:\/\/artstella-elixirs-floraux.com\/en\/product\/elixir-ocean-n03-phi15ml\/","url_meta":{"origin":5778,"position":5},"title":"ELIXIR OCEAN N\u00b003 PHI15ML","author":"eveapprill","date":"9 March 2025","format":false,"excerpt":"De la m\u00eame fa\u00e7on que l\u2019animal monte des profondeurs, l\u2019\u00e9lixir fait remonter l\u2019information des profondeurs de l\u2019inconscient \u00e0 la surface. L\u2019ancien peut \u00eatre l\u00e2ch\u00e9 et nettoy\u00e9. Il agit \u00e9nerg\u00e9tiquement sur la r\u00e9g\u00e9n\u00e9ration cellulaire. Le vieux peut \u00eatre remplac\u00e9 par du nouveau. Rajeunit \u00e9nerg\u00e9tique. Il stimule le m\u00e9tabolisme \u00e9galement des plaquettes\u2026","rel":"","context":"Similar post","block_context":{"text":"Similar post","link":""},"img":{"alt_text":"","src":"https:\/\/i0.wp.com\/artstella-elixirs-floraux.com\/wp-content\/uploads\/2025\/03\/wp-image2041.png?resize=350%2C200&ssl=1","width":350,"height":200},"classes":[]}],"_links":{"self":[{"href":"https:\/\/artstella-elixirs-floraux.com\/en\/wp-json\/wp\/v2\/product\/5778","targetHints":{"allow":["GET"]}}],"collection":[{"href":"https:\/\/artstella-elixirs-floraux.com\/en\/wp-json\/wp\/v2\/product"}],"about":[{"href":"https:\/\/artstella-elixirs-floraux.com\/en\/wp-json\/wp\/v2\/types\/product"}],"version-history":[{"count":0,"href":"https:\/\/artstella-elixirs-floraux.com\/en\/wp-json\/wp\/v2\/product\/5778\/revisions"}],"wp:featuredmedia":[{"embeddable":true,"href":"https:\/\/artstella-elixirs-floraux.com\/en\/wp-json\/wp\/v2\/media\/5779"}],"wp:attachment":[{"href":"https:\/\/artstella-elixirs-floraux.com\/en\/wp-json\/wp\/v2\/media?parent=5778"}],"wp:term":[{"taxonomy":"product_brand","embeddable":true,"href":"https:\/\/artstella-elixirs-floraux.com\/en\/wp-json\/wp\/v2\/product_brand?post=5778"},{"taxonomy":"product_cat","embeddable":true,"href":"https:\/\/artstella-elixirs-floraux.com\/en\/wp-json\/wp\/v2\/product_cat?post=5778"},{"taxonomy":"product_tag","embeddable":true,"href":"https:\/\/artstella-elixirs-floraux.com\/en\/wp-json\/wp\/v2\/product_tag?post=5778"}],"curies":[{"name":"wp","href":"https:\/\/api.w.org\/{rel}","templated":true}]}}