{"id":5804,"date":"2025-03-09T13:48:34","date_gmt":"2025-03-09T13:48:34","guid":{"rendered":"https:\/\/artstella-elixirs-floraux.com\/product\/tournesol-15-ml-deva\/"},"modified":"2025-06-02T06:41:01","modified_gmt":"2025-06-02T06:41:01","slug":"tournesol-15-ml-deva","status":"publish","type":"product","link":"https:\/\/artstella-elixirs-floraux.com\/en\/product\/tournesol-15-ml-deva\/","title":{"rendered":"Tournesol 15 ml DEVA"},"content":{"rendered":"","protected":false},"excerpt":{"rendered":"<p><strong><em>Tournesol<\/em><\/strong><\/p>\n<p>Expression de soi \u00e9quilibr\u00e9e. Aide \u00e0 r\u00e9soudre les conflits li\u00e9s aux parents ou \u00e0 l\u2019image parentale. Pour \u00e9quilibrer l\u2019ego lorsque celui-ci est trop pr\u00e9dominant (\u00e9go\u00efsme, vanit\u00e9) ou trop effac\u00e9 (manque d\u2019estime de soi).<strong><em><\/em><\/strong><\/p>","protected":false},"featured_media":5805,"template":"","meta":[],"product_brand":[],"product_cat":[183],"product_tag":[],"class_list":{"0":"post-5804","1":"product","2":"type-product","3":"status-publish","4":"has-post-thumbnail","6":"product_cat-les-elixirs-floraux-deva-unitaires","8":"first","9":"instock","10":"taxable","11":"shipping-taxable","12":"purchasable","13":"product-type-simple"},"etheme_brands":{"errors":{"invalid_taxonomy":["Invalid taxonomy."]},"error_data":[]},"jetpack_sharing_enabled":true,"jetpack-related-posts":[{"id":2307,"url":"https:\/\/artstella-elixirs-floraux.com\/en\/product\/sunflower-alaskan\/","url_meta":{"origin":5804,"position":0},"title":"Sunflower Alaskan","author":"eveapprill","date":"9 March 2025","format":false,"excerpt":"Sunflower. Helianthus annuala., Tournesol D\u00e9s\u00e9quilibre de l'\u00e9nergie masculine chez l'homme ou la femme, lien trop faible ou dysfonctionnel au p\u00e8re, ou \u00e0 notre propre identit\u00e9 en tant que p\u00e8re.","rel":"","context":"Similar post","block_context":{"text":"Similar post","link":""},"img":{"alt_text":"Les Elixirs Floraux","src":"https:\/\/i0.wp.com\/artstella-elixirs-floraux.com\/wp-content\/uploads\/2025\/03\/wp-image590.png?resize=350%2C200&ssl=1","width":350,"height":200},"classes":[]},{"id":3225,"url":"https:\/\/artstella-elixirs-floraux.com\/en\/product\/tournesol-15-ml-phi\/","url_meta":{"origin":5804,"position":1},"title":"TOURNESOL 15 ML PHI","author":"eveapprill","date":"9 March 2025","format":false,"excerpt":"Tournesol (Helianthus annuus) (Sonnenblume) Il est utile lors de conflits avec le principe paternel. Il renforce notre conscience personnelle et notre sens des responsabilit\u00e9s. Il \u00e9quilibre les forces du moi au niveau du plexus solaire","rel":"","context":"Similar post","block_context":{"text":"Similar post","link":""},"img":{"alt_text":"","src":"https:\/\/i0.wp.com\/artstella-elixirs-floraux.com\/wp-content\/uploads\/2025\/03\/wp-image393.png?resize=350%2C200&ssl=1","width":350,"height":200},"classes":[]},{"id":5972,"url":"https:\/\/artstella-elixirs-floraux.com\/en\/product\/topinambour-bloesem-10ml\/","url_meta":{"origin":5804,"position":2},"title":"TOPINAMBOUR BLOESEM 10ML","author":"eveapprill","date":"9 March 2025","format":false,"excerpt":"TOPINAMBOUR- Helianthus tuberosus.- ZONNEBLOEM Ce tournesol, connu en fran\u00e7ais sous le nom topinambour ou artichaut de J\u00e9rusalem, travaille sur le principe paternel pour les hommes comme pour des femmes. Cette essence nous aide \u00e0 nous d\u00e9fendre, restaure la connexion avec l\u2019arch\u00e9type du p\u00e8re et de se d\u00e9faire des probl\u00e8mes qui\u2026","rel":"","context":"Similar post","block_context":{"text":"Similar post","link":""},"img":{"alt_text":"","src":"","width":0,"height":0},"classes":[]},{"id":5304,"url":"https:\/\/artstella-elixirs-floraux.com\/en\/product\/complexe-n12-emotions-de-ladolescence-deva-30ml\/","url_meta":{"origin":5804,"position":3},"title":"COMPLEXE N\u00b012 Emotions de l&rsquo;Adolescence DEVA 30ML","author":"eveapprill","date":"9 March 2025","format":false,"excerpt":"COMPLEXE N\u00b012 en 30ml Le compos\u00e9 floral \u00c9motions de l'ADOLESCENCE facilite la transition de l'enfance \u00e0 l'\u00e2ge adulte. Il aide \u00e0 surmonter l'insatisfaction et l'immaturit\u00e9. Il est\u00a0 recommand\u00e9 pour affirmer positivement son individualit\u00e9 et d\u00e9fendre ses convictions. Pour faciliter les choix de vie et d'orientation et garder son cap.","rel":"","context":"Similar post","block_context":{"text":"Similar post","link":""},"img":{"alt_text":"","src":"https:\/\/i0.wp.com\/artstella-elixirs-floraux.com\/wp-content\/uploads\/2025\/03\/a59a17e7-574b-4ee7-a37f-0dbea1df662c.jpg?resize=350%2C200&ssl=1","width":350,"height":200,"srcset":"https:\/\/i0.wp.com\/artstella-elixirs-floraux.com\/wp-content\/uploads\/2025\/03\/a59a17e7-574b-4ee7-a37f-0dbea1df662c.jpg?resize=350%2C200&ssl=1 1x, https:\/\/i0.wp.com\/artstella-elixirs-floraux.com\/wp-content\/uploads\/2025\/03\/a59a17e7-574b-4ee7-a37f-0dbea1df662c.jpg?resize=525%2C300&ssl=1 1.5x, https:\/\/i0.wp.com\/artstella-elixirs-floraux.com\/wp-content\/uploads\/2025\/03\/a59a17e7-574b-4ee7-a37f-0dbea1df662c.jpg?resize=700%2C400&ssl=1 2x"},"classes":[]},{"id":4551,"url":"https:\/\/artstella-elixirs-floraux.com\/en\/product\/coffret-fleurs-sauvages-15-ml\/","url_meta":{"origin":5804,"position":4},"title":"COFFRET FLEURS SAUVAGES 15 ML","author":"eveapprill","date":"9 March 2025","format":false,"excerpt":"Les \u00e9lixirs de 40 fleurs Sauvages R\u00e9alis\u00e9s avec des fleurs europ\u00e9ennes communes dans la nature.","rel":"","context":"Similar post","block_context":{"text":"Similar post","link":""},"img":{"alt_text":"","src":"","width":0,"height":0},"classes":[]},{"id":3356,"url":"https:\/\/artstella-elixirs-floraux.com\/en\/product\/golden-barrel-cactus-15-ml-phi\/","url_meta":{"origin":5804,"position":5},"title":"GOLDEN BARREL CACTUS 15 ML PHI","author":"eveapprill","date":"9 March 2025","format":false,"excerpt":"Golden barrel cactus dit \u00ab\u00a0coussin de belle m\u00e8re\u00a0\u00bb. (Echinocactus grusonii) Quand nous sommes soumis \u00e0 de trop nombreuses influences et facteurs perturbateurs, l'\u00e9lixir favorise le recentrage, et notamment des personnes qui ont tendance \u00e0 se laisser influencer trop facilement.","rel":"","context":"Similar post","block_context":{"text":"Similar post","link":""},"img":{"alt_text":"","src":"https:\/\/i0.wp.com\/artstella-elixirs-floraux.com\/wp-content\/uploads\/2025\/03\/wp-image360.png?resize=350%2C200&ssl=1","width":350,"height":200},"classes":[]}],"_links":{"self":[{"href":"https:\/\/artstella-elixirs-floraux.com\/en\/wp-json\/wp\/v2\/product\/5804","targetHints":{"allow":["GET"]}}],"collection":[{"href":"https:\/\/artstella-elixirs-floraux.com\/en\/wp-json\/wp\/v2\/product"}],"about":[{"href":"https:\/\/artstella-elixirs-floraux.com\/en\/wp-json\/wp\/v2\/types\/product"}],"version-history":[{"count":0,"href":"https:\/\/artstella-elixirs-floraux.com\/en\/wp-json\/wp\/v2\/product\/5804\/revisions"}],"wp:featuredmedia":[{"embeddable":true,"href":"https:\/\/artstella-elixirs-floraux.com\/en\/wp-json\/wp\/v2\/media\/5805"}],"wp:attachment":[{"href":"https:\/\/artstella-elixirs-floraux.com\/en\/wp-json\/wp\/v2\/media?parent=5804"}],"wp:term":[{"taxonomy":"product_brand","embeddable":true,"href":"https:\/\/artstella-elixirs-floraux.com\/en\/wp-json\/wp\/v2\/product_brand?post=5804"},{"taxonomy":"product_cat","embeddable":true,"href":"https:\/\/artstella-elixirs-floraux.com\/en\/wp-json\/wp\/v2\/product_cat?post=5804"},{"taxonomy":"product_tag","embeddable":true,"href":"https:\/\/artstella-elixirs-floraux.com\/en\/wp-json\/wp\/v2\/product_tag?post=5804"}],"curies":[{"name":"wp","href":"https:\/\/api.w.org\/{rel}","templated":true}]}}