{"id":5806,"date":"2025-03-09T13:48:35","date_gmt":"2025-03-09T13:48:35","guid":{"rendered":"https:\/\/artstella-elixirs-floraux.com\/product\/valeriane-15-ml-deva\/"},"modified":"2025-06-02T06:41:01","modified_gmt":"2025-06-02T06:41:01","slug":"valeriane-15-ml-deva","status":"publish","type":"product","link":"https:\/\/artstella-elixirs-floraux.com\/en\/product\/valeriane-15-ml-deva\/","title":{"rendered":"Val\u00e9riane 15 ml DEVA"},"content":{"rendered":"","protected":false},"excerpt":{"rendered":"<p><strong><em>Val\u00e9riane<\/em><\/strong><\/p>\n<p>S\u00e9r\u00e9nit\u00e9, apaisement. Facilite la d\u00e9tente et la relaxation en fin de journ\u00e9e et au moment du coucher.<\/p>","protected":false},"featured_media":5807,"template":"","meta":[],"product_brand":[],"product_cat":[183],"product_tag":[],"class_list":{"0":"post-5806","1":"product","2":"type-product","3":"status-publish","4":"has-post-thumbnail","6":"product_cat-les-elixirs-floraux-deva-unitaires","8":"first","9":"instock","10":"taxable","11":"shipping-taxable","12":"purchasable","13":"product-type-simple"},"etheme_brands":{"errors":{"invalid_taxonomy":["Invalid taxonomy."]},"error_data":[]},"jetpack_sharing_enabled":true,"jetpack-related-posts":[{"id":3235,"url":"https:\/\/artstella-elixirs-floraux.com\/en\/product\/valeriane-15-ml-phi\/","url_meta":{"origin":5806,"position":0},"title":"VALERIANE 15 ML PHI","author":"eveapprill","date":"9 March 2025","format":false,"excerpt":"Val\u00e9riane (Valeriana officinalis) (Baldrian) Son action apaise \u00e9nerg\u00e9tiquement le corps et l'esprit. L'\u00e9lixir aide \u00e0 traverser les situations de stress avec la paix int\u00e9rieure.","rel":"","context":"Similar post","block_context":{"text":"Similar post","link":""},"img":{"alt_text":"","src":"https:\/\/i0.wp.com\/artstella-elixirs-floraux.com\/wp-content\/uploads\/2025\/03\/wp-image658.png?resize=350%2C200&ssl=1","width":350,"height":200},"classes":[]},{"id":5657,"url":"https:\/\/artstella-elixirs-floraux.com\/en\/product\/camomille-15-ml-deva\/","url_meta":{"origin":5806,"position":1},"title":"Camomille 15 ml Deva","author":"eveapprill","date":"9 March 2025","format":false,"excerpt":"Camomille Rel\u00e2chement, s\u00e9r\u00e9nit\u00e9, tranquillit\u00e9. Pour apaiser les temp\u00e9raments agit\u00e9s ou insatisfaits qui ont des difficult\u00e9s \u00e0 rel\u00e2cher leurs \u00e9motions. Elixir recommand\u00e9 aux enfants \u00e0 l\u2019humeur changeante, qui sont facilement m\u00e9contents, qui pleurent ou qui se vexent facilement. Favorise la d\u00e9tente au moment du coucher.","rel":"","context":"Similar post","block_context":{"text":"Similar post","link":""},"img":{"alt_text":"","src":"https:\/\/i0.wp.com\/artstella-elixirs-floraux.com\/wp-content\/uploads\/2025\/03\/wp-image2383.png?resize=350%2C200&ssl=1","width":350,"height":200},"classes":[]},{"id":5784,"url":"https:\/\/artstella-elixirs-floraux.com\/en\/product\/pissenlit-15-ml-deva\/","url_meta":{"origin":5806,"position":2},"title":"Pissenlit 15 ml DEVA","author":"eveapprill","date":"9 March 2025","format":false,"excerpt":"Pissenlit Aisance et dynamisme corporel. Favorise l\u2019assouplissement corporel, la d\u00e9tente musculaire et mentale. Facilite l\u2019ouverture spirituelle par la relaxation du corps physique.","rel":"","context":"Similar post","block_context":{"text":"Similar post","link":""},"img":{"alt_text":"","src":"https:\/\/i0.wp.com\/artstella-elixirs-floraux.com\/wp-content\/uploads\/2025\/03\/wp-image2442.png?resize=350%2C200&ssl=1","width":350,"height":200},"classes":[]},{"id":3495,"url":"https:\/\/artstella-elixirs-floraux.com\/en\/product\/gentle-geisha-ltoe-15-ml\/","url_meta":{"origin":5806,"position":3},"title":"GENTLE GEISHA LTOE 15 ML","author":"eveapprill","date":"9 March 2025","format":false,"excerpt":"Douce geisha\/Gentle Geisha Au niveau \u00e9nerg\u00e9tique, ce complexe se situe presque \u00e0 l\u2019oppos\u00e9 du Double espresso (voir ci-dessus). Il favorise la d\u00e9tente en fin de journ\u00e9e, apaise un mental trop actif et ram\u00e8ne doucement et gracieusement l\u2019attention dans le corps.","rel":"","context":"Similar post","block_context":{"text":"Similar post","link":""},"img":{"alt_text":"","src":"https:\/\/i0.wp.com\/artstella-elixirs-floraux.com\/wp-content\/uploads\/2025\/03\/7abf70dc-35d5-4f0b-937b-a0efdde3f41c.jpg?resize=350%2C200&ssl=1","width":350,"height":200,"srcset":"https:\/\/i0.wp.com\/artstella-elixirs-floraux.com\/wp-content\/uploads\/2025\/03\/7abf70dc-35d5-4f0b-937b-a0efdde3f41c.jpg?resize=350%2C200&ssl=1 1x, https:\/\/i0.wp.com\/artstella-elixirs-floraux.com\/wp-content\/uploads\/2025\/03\/7abf70dc-35d5-4f0b-937b-a0efdde3f41c.jpg?resize=525%2C300&ssl=1 1.5x, https:\/\/i0.wp.com\/artstella-elixirs-floraux.com\/wp-content\/uploads\/2025\/03\/7abf70dc-35d5-4f0b-937b-a0efdde3f41c.jpg?resize=700%2C400&ssl=1 2x"},"classes":[]},{"id":5011,"url":"https:\/\/artstella-elixirs-floraux.com\/en\/product\/valerian-alaskan-f-sup\/","url_meta":{"origin":5806,"position":4},"title":"VALERIAN ALASKAN F SUP","author":"eveapprill","date":"9 March 2025","format":false,"excerpt":"Valerian Valeriana officinalis Val\u00e9riane Indications\u00a0: agit\u00e9, irritable\u00a0; difficult\u00e9 \u00e0 se relaxer physiquement et mentalement\u00a0; manque de concentration\u00a0; \u00e9nergie mentale dissip\u00e9e et inefficace.","rel":"","context":"Similar post","block_context":{"text":"Similar post","link":""},"img":{"alt_text":"","src":"","width":0,"height":0},"classes":[]},{"id":5279,"url":"https:\/\/artstella-elixirs-floraux.com\/en\/product\/complexe-n2-nuits-paisibles-deva-30ml\/","url_meta":{"origin":5806,"position":5},"title":"COMPLEXE N\u00b02 Nuits paisibles DEVA 30ml","author":"eveapprill","date":"9 March 2025","format":false,"excerpt":"COMPLEXE N\u00b02 Nuits paisibles \u00a0est recommand\u00e9\u00a0aux personnes de tout \u00e2ge qui \u00e9prouvent des difficult\u00e9s \u00e0 s\u2019endormir ou d\u00e9sireuses d\u2019am\u00e9liorer la qualit\u00e9 de leur sommeil : cauchemars, r\u00e9veils nocturnes, pens\u00e9es r\u00e9p\u00e9titives. Il favorise une d\u00e9tente profonde.","rel":"","context":"Similar post","block_context":{"text":"Similar post","link":""},"img":{"alt_text":"","src":"https:\/\/i0.wp.com\/artstella-elixirs-floraux.com\/wp-content\/uploads\/2025\/03\/77b358f5-17ad-4d93-a132-524060537df4.jpg?resize=350%2C200&ssl=1","width":350,"height":200,"srcset":"https:\/\/i0.wp.com\/artstella-elixirs-floraux.com\/wp-content\/uploads\/2025\/03\/77b358f5-17ad-4d93-a132-524060537df4.jpg?resize=350%2C200&ssl=1 1x, https:\/\/i0.wp.com\/artstella-elixirs-floraux.com\/wp-content\/uploads\/2025\/03\/77b358f5-17ad-4d93-a132-524060537df4.jpg?resize=525%2C300&ssl=1 1.5x, https:\/\/i0.wp.com\/artstella-elixirs-floraux.com\/wp-content\/uploads\/2025\/03\/77b358f5-17ad-4d93-a132-524060537df4.jpg?resize=700%2C400&ssl=1 2x"},"classes":[]}],"_links":{"self":[{"href":"https:\/\/artstella-elixirs-floraux.com\/en\/wp-json\/wp\/v2\/product\/5806","targetHints":{"allow":["GET"]}}],"collection":[{"href":"https:\/\/artstella-elixirs-floraux.com\/en\/wp-json\/wp\/v2\/product"}],"about":[{"href":"https:\/\/artstella-elixirs-floraux.com\/en\/wp-json\/wp\/v2\/types\/product"}],"version-history":[{"count":0,"href":"https:\/\/artstella-elixirs-floraux.com\/en\/wp-json\/wp\/v2\/product\/5806\/revisions"}],"wp:featuredmedia":[{"embeddable":true,"href":"https:\/\/artstella-elixirs-floraux.com\/en\/wp-json\/wp\/v2\/media\/5807"}],"wp:attachment":[{"href":"https:\/\/artstella-elixirs-floraux.com\/en\/wp-json\/wp\/v2\/media?parent=5806"}],"wp:term":[{"taxonomy":"product_brand","embeddable":true,"href":"https:\/\/artstella-elixirs-floraux.com\/en\/wp-json\/wp\/v2\/product_brand?post=5806"},{"taxonomy":"product_cat","embeddable":true,"href":"https:\/\/artstella-elixirs-floraux.com\/en\/wp-json\/wp\/v2\/product_cat?post=5806"},{"taxonomy":"product_tag","embeddable":true,"href":"https:\/\/artstella-elixirs-floraux.com\/en\/wp-json\/wp\/v2\/product_tag?post=5806"}],"curies":[{"name":"wp","href":"https:\/\/api.w.org\/{rel}","templated":true}]}}