{"id":5820,"date":"2025-03-09T13:48:44","date_gmt":"2025-03-09T13:48:44","guid":{"rendered":"https:\/\/artstella-elixirs-floraux.com\/product\/flamant-des-caraibes-ou-flamant-rouge15-ml-phi\/"},"modified":"2025-06-08T13:01:11","modified_gmt":"2025-06-08T13:01:11","slug":"flamant-des-caraibes-ou-flamant-rouge15-ml-phi","status":"publish","type":"product","link":"https:\/\/artstella-elixirs-floraux.com\/en\/product\/flamant-des-caraibes-ou-flamant-rouge15-ml-phi\/","title":{"rendered":"Flamant des Cara\u00efbes ou flamant rouge15 ml PHI"},"content":{"rendered":"","protected":false},"excerpt":{"rendered":"<p><strong>Flamant des Cara\u00efbes ou flamant rouge &#8211; Flamingo (Phoenicopterus ruber)\u00a0<\/strong><\/p>\n<p>Cet \u00e9lixir peut nous aider \u00e0 trouver une meilleure posture. Il nous aide \u00e0 nous redresser int\u00e9rieurement et \u00e0 \u00eatre plus honn\u00eate aussi bien envers nous-m\u00eames que les autres. Ainsi nous pouvons d\u00e9velopper une meilleure vie sociale, en nous respectant nous-m\u00eames et les autres.<\/p>","protected":false},"featured_media":5821,"template":"","meta":[],"product_brand":[],"product_cat":[188],"product_tag":[],"class_list":{"0":"post-5820","1":"product","2":"type-product","3":"status-publish","4":"has-post-thumbnail","6":"product_cat-les-nouveax-elixirs-d-animaux-par-phi","8":"first","9":"instock","10":"taxable","11":"shipping-taxable","12":"purchasable","13":"product-type-simple"},"etheme_brands":{"errors":{"invalid_taxonomy":["Invalid taxonomy."]},"error_data":[]},"jetpack_sharing_enabled":true,"jetpack-related-posts":[{"id":1924,"url":"https:\/\/artstella-elixirs-floraux.com\/en\/product\/flamant-phi-15ml\/","url_meta":{"origin":5820,"position":0},"title":"FLAMANT PHI 15ML","author":"eveapprill","date":"27 May 2025","format":false,"excerpt":"","rel":"","context":"Similar post","block_context":{"text":"Similar post","link":""},"img":{"alt_text":"","src":"","width":0,"height":0},"classes":[]},{"id":2659,"url":"https:\/\/artstella-elixirs-floraux.com\/en\/product\/illawara-flame-tree-15-ml-bush\/","url_meta":{"origin":5820,"position":1},"title":"ILLAWARA FLAME TREE 15 ML BUSH","author":"eveapprill","date":"9 March 2025","format":false,"excerpt":"Illawarra Flame Tree Sentiment de rejet, peur d\u2019assumer des responsabilit\u00e9s. Avoir confiance en soi, force inn\u00e9e, ind\u00e9pendance.","rel":"","context":"Similar post","block_context":{"text":"Similar post","link":""},"img":{"alt_text":"","src":"https:\/\/i0.wp.com\/artstella-elixirs-floraux.com\/wp-content\/uploads\/2025\/03\/wp-image609.png?resize=350%2C200&ssl=1","width":350,"height":200},"classes":[]},{"id":4310,"url":"https:\/\/artstella-elixirs-floraux.com\/en\/product\/flamingo-flamant-wea-30-ml\/","url_meta":{"origin":5820,"position":2},"title":"FLAMINGO\/FLAMANT WEA 30 ML","author":"eveapprill","date":"9 March 2025","format":false,"excerpt":"Flamingo (flamand rose) Int\u00e9gration personnifi\u00e9e du Ciel et dela Terre\u00a0; ancrage des \u00e9nergies sup\u00e9rieures\u00a0; expansion spirituelle.","rel":"","context":"Similar post","block_context":{"text":"Similar post","link":""},"img":{"alt_text":"","src":"https:\/\/i0.wp.com\/artstella-elixirs-floraux.com\/wp-content\/uploads\/2025\/03\/wp-image2292.png?resize=350%2C200&ssl=1","width":350,"height":200,"srcset":"https:\/\/i0.wp.com\/artstella-elixirs-floraux.com\/wp-content\/uploads\/2025\/03\/wp-image2292.png?resize=350%2C200&ssl=1 1x, https:\/\/i0.wp.com\/artstella-elixirs-floraux.com\/wp-content\/uploads\/2025\/03\/wp-image2292.png?resize=525%2C300&ssl=1 1.5x, https:\/\/i0.wp.com\/artstella-elixirs-floraux.com\/wp-content\/uploads\/2025\/03\/wp-image2292.png?resize=700%2C400&ssl=1 2x"},"classes":[]},{"id":6357,"url":"https:\/\/artstella-elixirs-floraux.com\/en\/product\/light-relief-ltoe-15ml\/","url_meta":{"origin":5820,"position":3},"title":"Light Relief LTOE 15ml","author":"eveapprill","date":"9 March 2025","format":false,"excerpt":"Vous avez d\u00e9pass\u00e9 depuis longtemps le moment o\u00f9 vous auriez d\u00fb prendre du recul et vous permettre de vous reposer et de vous ressourcer. \u00ab\u00a0Light Relief\u00a0\u00bb \"d\u00e9branche\" le moteur que nous utilisons pour surmonter notre \u00e9puisement. On se retrouve alors presque imm\u00e9diatement dans le niveau de fatigue tel qu'il est\u2026","rel":"","context":"Similar post","block_context":{"text":"Similar post","link":""},"img":{"alt_text":"","src":"https:\/\/i0.wp.com\/artstella-elixirs-floraux.com\/wp-content\/uploads\/2025\/03\/wp-image2360.png?resize=350%2C200&ssl=1","width":350,"height":200,"srcset":"https:\/\/i0.wp.com\/artstella-elixirs-floraux.com\/wp-content\/uploads\/2025\/03\/wp-image2360.png?resize=350%2C200&ssl=1 1x, https:\/\/i0.wp.com\/artstella-elixirs-floraux.com\/wp-content\/uploads\/2025\/03\/wp-image2360.png?resize=525%2C300&ssl=1 1.5x, https:\/\/i0.wp.com\/artstella-elixirs-floraux.com\/wp-content\/uploads\/2025\/03\/wp-image2360.png?resize=700%2C400&ssl=1 2x, https:\/\/i0.wp.com\/artstella-elixirs-floraux.com\/wp-content\/uploads\/2025\/03\/wp-image2360.png?resize=1050%2C600&ssl=1 3x"},"classes":[]},{"id":2729,"url":"https:\/\/artstella-elixirs-floraux.com\/en\/product\/dynamis-dynamisme-bush-30ml\/","url_meta":{"origin":5820,"position":4},"title":"DYNAMIS Dynamisme BUSH 30ml","author":"eveapprill","date":"9 March 2025","format":false,"excerpt":"Dynamis -\u00a0Dynamisme A utiliser par ceux qui ne se sentent pas \u00ab\u00a0bien dans leur peau\u00a0\u00bb.\u00a0 Il renouvelle l'enthousiasme et la joie de vivre. Compos\u00e9 de Illawara Flame Tree, OId Man Banksia, clama, Macrocarpa Banksia Robur et de Yellow Cowslip Orchid.","rel":"","context":"Similar post","block_context":{"text":"Similar post","link":""},"img":{"alt_text":"","src":"https:\/\/i0.wp.com\/artstella-elixirs-floraux.com\/wp-content\/uploads\/2025\/03\/12a9bccb-7db2-4d6e-aaee-83e9bd5dd99a.jpg?resize=350%2C200&ssl=1","width":350,"height":200,"srcset":"https:\/\/i0.wp.com\/artstella-elixirs-floraux.com\/wp-content\/uploads\/2025\/03\/12a9bccb-7db2-4d6e-aaee-83e9bd5dd99a.jpg?resize=350%2C200&ssl=1 1x, https:\/\/i0.wp.com\/artstella-elixirs-floraux.com\/wp-content\/uploads\/2025\/03\/12a9bccb-7db2-4d6e-aaee-83e9bd5dd99a.jpg?resize=525%2C300&ssl=1 1.5x, https:\/\/i0.wp.com\/artstella-elixirs-floraux.com\/wp-content\/uploads\/2025\/03\/12a9bccb-7db2-4d6e-aaee-83e9bd5dd99a.jpg?resize=700%2C400&ssl=1 2x"},"classes":[]},{"id":5532,"url":"https:\/\/artstella-elixirs-floraux.com\/en\/product\/coffret-10-animaux-n2-phi-15ml\/","url_meta":{"origin":5820,"position":5},"title":"COFFRET 10 ANIMAUX N\u00b02 PHI 15ML","author":"eveapprill","date":"9 March 2025","format":false,"excerpt":"Coffret n\u00b0 2 10 \u00e9lixirs d'animaux Contient : Alligator, Lamantin, Anaconda, Fourmi, Abeille, Chameau, Flamant rouge, Gibbon, Girafe, Gorille.","rel":"","context":"Similar post","block_context":{"text":"Similar post","link":""},"img":{"alt_text":"","src":"https:\/\/i0.wp.com\/artstella-elixirs-floraux.com\/wp-content\/uploads\/2025\/03\/wp-image1761.png?resize=350%2C200&ssl=1","width":350,"height":200},"classes":[]}],"_links":{"self":[{"href":"https:\/\/artstella-elixirs-floraux.com\/en\/wp-json\/wp\/v2\/product\/5820","targetHints":{"allow":["GET"]}}],"collection":[{"href":"https:\/\/artstella-elixirs-floraux.com\/en\/wp-json\/wp\/v2\/product"}],"about":[{"href":"https:\/\/artstella-elixirs-floraux.com\/en\/wp-json\/wp\/v2\/types\/product"}],"version-history":[{"count":0,"href":"https:\/\/artstella-elixirs-floraux.com\/en\/wp-json\/wp\/v2\/product\/5820\/revisions"}],"wp:featuredmedia":[{"embeddable":true,"href":"https:\/\/artstella-elixirs-floraux.com\/en\/wp-json\/wp\/v2\/media\/5821"}],"wp:attachment":[{"href":"https:\/\/artstella-elixirs-floraux.com\/en\/wp-json\/wp\/v2\/media?parent=5820"}],"wp:term":[{"taxonomy":"product_brand","embeddable":true,"href":"https:\/\/artstella-elixirs-floraux.com\/en\/wp-json\/wp\/v2\/product_brand?post=5820"},{"taxonomy":"product_cat","embeddable":true,"href":"https:\/\/artstella-elixirs-floraux.com\/en\/wp-json\/wp\/v2\/product_cat?post=5820"},{"taxonomy":"product_tag","embeddable":true,"href":"https:\/\/artstella-elixirs-floraux.com\/en\/wp-json\/wp\/v2\/product_tag?post=5820"}],"curies":[{"name":"wp","href":"https:\/\/api.w.org\/{rel}","templated":true}]}}