{"id":5822,"date":"2025-03-09T13:48:46","date_gmt":"2025-03-09T13:48:46","guid":{"rendered":"https:\/\/artstella-elixirs-floraux.com\/product\/gibbon-gibbon-hylobates-pileatus-15-ml-phi\/"},"modified":"2025-04-29T14:11:08","modified_gmt":"2025-04-29T14:11:08","slug":"gibbon-gibbon-hylobates-pileatus-15-ml-phi","status":"publish","type":"product","link":"https:\/\/artstella-elixirs-floraux.com\/en\/product\/gibbon-gibbon-hylobates-pileatus-15-ml-phi\/","title":{"rendered":"Gibbon &#8211; Gibbon (Hylobates pileatus 15 ml PHI"},"content":{"rendered":"","protected":false},"excerpt":{"rendered":"<p><strong>Gibbon &#8211; Gibbon (Hylobates pileatus)<\/strong><\/p>\n<p>Cet \u00e9lixir nous apporte une sensation d\u2019harmonie aussi bien dans un groupe que dans notre famille. Nous apprenons \u00e0 communiquer clairement et dissoudre stress et conflits. Nous apprenons que la vie peut \u00eatre merveilleuse et facile.<\/p>","protected":false},"featured_media":5823,"template":"","meta":[],"product_brand":[],"product_cat":[188],"product_tag":[],"class_list":{"0":"post-5822","1":"product","2":"type-product","3":"status-publish","4":"has-post-thumbnail","6":"product_cat-les-nouveax-elixirs-d-animaux-par-phi","8":"first","9":"instock","10":"taxable","11":"shipping-taxable","12":"purchasable","13":"product-type-simple"},"etheme_brands":{"errors":{"invalid_taxonomy":["Invalid taxonomy."]},"error_data":[]},"jetpack_sharing_enabled":true,"jetpack-related-posts":[{"id":3952,"url":"https:\/\/artstella-elixirs-floraux.com\/en\/product\/leopard-phi-15-ml\/","url_meta":{"origin":5822,"position":0},"title":"LEOPARD PHI 15 ML","author":"eveapprill","date":"9 March 2025","format":false,"excerpt":"L\u00e9opard (Panthera pardus) am\u00e9liore la vitesse, la rapidit\u00e9 et l\u2019\u00e9l\u00e9gance. Nous apprenons \u00e0 porter nos efforts o\u00f9 c\u2019est utile. Nous apprenons la prudence et le recul.","rel":"","context":"Similar post","block_context":{"text":"Similar post","link":""},"img":{"alt_text":"","src":"","width":0,"height":0},"classes":[]},{"id":3790,"url":"https:\/\/artstella-elixirs-floraux.com\/en\/product\/fullhorn-cattleya-phi\/","url_meta":{"origin":5822,"position":1},"title":"FULLHORN CATTLEYA PHI","author":"eveapprill","date":"9 March 2025","format":false,"excerpt":"F\u00fcllhorn cattleya (Cattleya warscewiczii) Nous apprenons \u00e0 devenir comme une corne d'abondance : \u00e0 donner et \u00e0 recevoir. Nous apprenons \u00e0 faire l'exp\u00e9rience de l'amour universel et \u00e0 reconna\u00eetre qu'il n'existe aucune s\u00e9paration.","rel":"","context":"Similar post","block_context":{"text":"Similar post","link":""},"img":{"alt_text":"","src":"https:\/\/i0.wp.com\/artstella-elixirs-floraux.com\/wp-content\/uploads\/2025\/03\/wp-image508.png?resize=350%2C200&ssl=1","width":350,"height":200},"classes":[]},{"id":3823,"url":"https:\/\/artstella-elixirs-floraux.com\/en\/product\/sun-orchid-phi\/","url_meta":{"origin":5822,"position":2},"title":"SUN ORCHID PHI","author":"eveapprill","date":"9 March 2025","format":false,"excerpt":"Sun orchid (Epidendrum chioneum) Relie le plexus solaire aux plans sup\u00e9rieurs. Nous apprenons \u00e0 ne pas voir seulement \u00e0 travers nos propres besoins, mais d'une fa\u00e7on plus large.","rel":"","context":"Similar post","block_context":{"text":"Similar post","link":""},"img":{"alt_text":"","src":"https:\/\/i0.wp.com\/artstella-elixirs-floraux.com\/wp-content\/uploads\/2025\/03\/wp-image517.png?resize=350%2C200&ssl=1","width":350,"height":200},"classes":[]},{"id":3867,"url":"https:\/\/artstella-elixirs-floraux.com\/en\/product\/aplysie-phi-15-ml\/","url_meta":{"origin":5822,"position":3},"title":"APLYSIE PHI 15 ML","author":"eveapprill","date":"9 March 2025","format":false,"excerpt":"Aplysie\u00a0(Aplysia dactylomela) Seeschnecke Elle tire sa s\u00e9curit\u00e9 de la confiance. Notre propre confiance est ainsi renforc\u00e9e. Nous apprenons \u00e9galement \u00e0 faire confiance \u00e0 notre protection permanente.","rel":"","context":"Similar post","block_context":{"text":"Similar post","link":""},"img":{"alt_text":"","src":"","width":0,"height":0},"classes":[]},{"id":2947,"url":"https:\/\/artstella-elixirs-floraux.com\/en\/product\/quartz-fume-phi-15-ml\/","url_meta":{"origin":5822,"position":4},"title":"QUARTZ FUME PHI 15 ML","author":"eveapprill","date":"9 March 2025","format":false,"excerpt":"Quartz fum\u00e9 (Rauchquarz) Aide \u00e0 voir les parties sombres de l'\u00e2me et \u00e0 les admettre. Nous apprenons ainsi \u00e0 nous accepter tels que nous sommes.","rel":"","context":"Similar post","block_context":{"text":"Similar post","link":""},"img":{"alt_text":"","src":"https:\/\/i0.wp.com\/artstella-elixirs-floraux.com\/wp-content\/uploads\/2025\/03\/wp-image302.png?resize=350%2C200&ssl=1","width":350,"height":200},"classes":[]},{"id":3189,"url":"https:\/\/artstella-elixirs-floraux.com\/en\/product\/mouron-des-champs-15-ml-phi\/","url_meta":{"origin":5822,"position":5},"title":"MOURON DES CHAMPS 15 ML PHI","author":"eveapprill","date":"9 March 2025","format":false,"excerpt":"Mouron des champs (Anagalis arvensis) (Ackergauchheil) Favorise l'int\u00e9gration de la spiritualit\u00e9 dans la vie quotidienne. Nous pouvons \u00e9prouver de la compassion et apprenons \u00e0 nous int\u00e9grer dans un groupe.","rel":"","context":"Similar post","block_context":{"text":"Similar post","link":""},"img":{"alt_text":"","src":"https:\/\/i0.wp.com\/artstella-elixirs-floraux.com\/wp-content\/uploads\/2025\/03\/wp-image378.png?resize=350%2C200&ssl=1","width":350,"height":200},"classes":[]}],"_links":{"self":[{"href":"https:\/\/artstella-elixirs-floraux.com\/en\/wp-json\/wp\/v2\/product\/5822","targetHints":{"allow":["GET"]}}],"collection":[{"href":"https:\/\/artstella-elixirs-floraux.com\/en\/wp-json\/wp\/v2\/product"}],"about":[{"href":"https:\/\/artstella-elixirs-floraux.com\/en\/wp-json\/wp\/v2\/types\/product"}],"version-history":[{"count":0,"href":"https:\/\/artstella-elixirs-floraux.com\/en\/wp-json\/wp\/v2\/product\/5822\/revisions"}],"wp:featuredmedia":[{"embeddable":true,"href":"https:\/\/artstella-elixirs-floraux.com\/en\/wp-json\/wp\/v2\/media\/5823"}],"wp:attachment":[{"href":"https:\/\/artstella-elixirs-floraux.com\/en\/wp-json\/wp\/v2\/media?parent=5822"}],"wp:term":[{"taxonomy":"product_brand","embeddable":true,"href":"https:\/\/artstella-elixirs-floraux.com\/en\/wp-json\/wp\/v2\/product_brand?post=5822"},{"taxonomy":"product_cat","embeddable":true,"href":"https:\/\/artstella-elixirs-floraux.com\/en\/wp-json\/wp\/v2\/product_cat?post=5822"},{"taxonomy":"product_tag","embeddable":true,"href":"https:\/\/artstella-elixirs-floraux.com\/en\/wp-json\/wp\/v2\/product_tag?post=5822"}],"curies":[{"name":"wp","href":"https:\/\/api.w.org\/{rel}","templated":true}]}}