{"id":5832,"date":"2025-03-09T13:48:53","date_gmt":"2025-03-09T13:48:53","guid":{"rendered":"https:\/\/artstella-elixirs-floraux.com\/product\/petit-panda-small-panda-ailurus-fulgens15-ml-phi\/"},"modified":"2025-06-08T12:49:24","modified_gmt":"2025-06-08T12:49:24","slug":"petit-panda-small-panda-ailurus-fulgens15-ml-phi","status":"publish","type":"product","link":"https:\/\/artstella-elixirs-floraux.com\/en\/product\/petit-panda-small-panda-ailurus-fulgens15-ml-phi\/","title":{"rendered":"Petit Panda \/small Panda (Ailurus fulgens)15 ml PHI"},"content":{"rendered":"","protected":false},"excerpt":{"rendered":"<p><strong>Petit Panda \/small Panda (Ailurus fulgens)\u00a0<\/strong><\/p>\n<p>Cet \u00e9lixir nous apporte un meilleur sens de l\u2019\u00e9quilibre, il accro\u00eet notre confiance en nous. Il permet d\u2019\u00eatre plus calme et d\u00e9tendu et \u00e0 \u00eatre concentr\u00e9s sur les choses vraiment importantes.<\/p>","protected":false},"featured_media":5833,"template":"","meta":[],"product_brand":[],"product_cat":[188],"product_tag":[],"class_list":{"0":"post-5832","1":"product","2":"type-product","3":"status-publish","4":"has-post-thumbnail","6":"product_cat-les-nouveax-elixirs-d-animaux-par-phi","8":"first","9":"instock","10":"taxable","11":"shipping-taxable","12":"purchasable","13":"product-type-simple"},"etheme_brands":{"errors":{"invalid_taxonomy":["Invalid taxonomy."]},"error_data":[]},"jetpack_sharing_enabled":true,"jetpack-related-posts":[{"id":3968,"url":"https:\/\/artstella-elixirs-floraux.com\/en\/product\/petit-panda-15ml-phi\/","url_meta":{"origin":5832,"position":0},"title":"PETIT PANDA 15ML PHI","author":"eveapprill","date":"9 March 2025","format":false,"excerpt":"Petit Panda \/small Panda (Ailurus fulgens)\u00a0 Cet \u00e9lixir nous apporte un meilleur sens de l\u2019\u00e9quilibre, il accro\u00eet notre confiance en nous. Il permet d\u2019\u00eatre plus calme et d\u00e9tendu et \u00e0 \u00eatre concentr\u00e9s sur les choses vraiment importantes.","rel":"","context":"Similar post","block_context":{"text":"Similar post","link":""},"img":{"alt_text":"","src":"","width":0,"height":0},"classes":[]},{"id":4592,"url":"https:\/\/artstella-elixirs-floraux.com\/en\/product\/petit-livre-bush-anglais\/","url_meta":{"origin":5832,"position":1},"title":"PETIT LIVRE BUSH en anglais","author":"eveapprill","date":"9 March 2025","format":false,"excerpt":"PETIT LIVRE BUSH en anglais Ce Livre de r\u00e9f\u00e9rence en anglais pr\u00e9sente les diff\u00e9rents \u00e9lixirs du Bush Australien. Il fait partie du coffret complet.","rel":"","context":"Similar post","block_context":{"text":"Similar post","link":""},"img":{"alt_text":"","src":"https:\/\/i0.wp.com\/artstella-elixirs-floraux.com\/wp-content\/uploads\/2025\/03\/Cheminer-avec-les-elixirs.jpg?resize=350%2C200&ssl=1","width":350,"height":200,"srcset":"https:\/\/i0.wp.com\/artstella-elixirs-floraux.com\/wp-content\/uploads\/2025\/03\/Cheminer-avec-les-elixirs.jpg?resize=350%2C200&ssl=1 1x, https:\/\/i0.wp.com\/artstella-elixirs-floraux.com\/wp-content\/uploads\/2025\/03\/Cheminer-avec-les-elixirs.jpg?resize=525%2C300&ssl=1 1.5x"},"classes":[]},{"id":1974,"url":"https:\/\/artstella-elixirs-floraux.com\/en\/product\/petit-livre-bush-australien\/","url_meta":{"origin":5832,"position":2},"title":"PETIT LIVRE BUSH AUSTRALIEN","author":"eveapprill","date":"17 February 2026","format":false,"excerpt":"Description des \u00e9lixirs du Bush (sauf Sedum et Calophyllum)","rel":"","context":"Similar post","block_context":{"text":"Similar post","link":""},"img":{"alt_text":"","src":"","width":0,"height":0},"classes":[]},{"id":4824,"url":"https:\/\/artstella-elixirs-floraux.com\/en\/product\/guide-perelandra\/","url_meta":{"origin":5832,"position":3},"title":"GUIDE PERELANDRA","author":"eveapprill","date":"9 March 2025","format":false,"excerpt":"GUIDE PERELANDRA Guide pratique et d\u00e9finitions des essences de Perelandra","rel":"","context":"Similar post","block_context":{"text":"Similar post","link":""},"img":{"alt_text":"","src":"https:\/\/i0.wp.com\/artstella-elixirs-floraux.com\/wp-content\/uploads\/2025\/03\/wp-image1343.png?resize=350%2C200&ssl=1","width":350,"height":200},"classes":[]},{"id":4835,"url":"https:\/\/artstella-elixirs-floraux.com\/en\/product\/map-perelandra\/","url_meta":{"origin":5832,"position":4},"title":"MAP PERELANDRA","author":"","date":"9 March 2025","format":false,"excerpt":"MAP PERELANDRA Programme Co-Cr\u00e9atif d\u2019 Assistance M\u00e9dicale de Perelandra","rel":"","context":"Similar post","block_context":{"text":"Similar post","link":""},"img":{"alt_text":"","src":"https:\/\/i0.wp.com\/artstella-elixirs-floraux.com\/wp-content\/uploads\/2025\/03\/wp-image1347.png?resize=350%2C200&ssl=1","width":350,"height":200},"classes":[]},{"id":4527,"url":"https:\/\/artstella-elixirs-floraux.com\/en\/product\/collier-baleine-phi\/","url_meta":{"origin":5832,"position":5},"title":"COLLIER BALEINE PHI","author":"eveapprill","date":"9 March 2025","format":false,"excerpt":"Le pendentif \"Baleine\" En verre souffl\u00e9 bleu. L\u2019\u00e9lixir apporte une sensation de protection qui favorise l\u2019ouverture du c\u0153ur et permet de vivre plus consciemment et d\u2019\u2019\u00eatre plus conscient des buts de notre vie.","rel":"","context":"Similar post","block_context":{"text":"Similar post","link":""},"img":{"alt_text":"","src":"https:\/\/i0.wp.com\/artstella-elixirs-floraux.com\/wp-content\/uploads\/2025\/03\/wp-image2481.png?resize=350%2C200&ssl=1","width":350,"height":200},"classes":[]}],"_links":{"self":[{"href":"https:\/\/artstella-elixirs-floraux.com\/en\/wp-json\/wp\/v2\/product\/5832","targetHints":{"allow":["GET"]}}],"collection":[{"href":"https:\/\/artstella-elixirs-floraux.com\/en\/wp-json\/wp\/v2\/product"}],"about":[{"href":"https:\/\/artstella-elixirs-floraux.com\/en\/wp-json\/wp\/v2\/types\/product"}],"version-history":[{"count":0,"href":"https:\/\/artstella-elixirs-floraux.com\/en\/wp-json\/wp\/v2\/product\/5832\/revisions"}],"wp:featuredmedia":[{"embeddable":true,"href":"https:\/\/artstella-elixirs-floraux.com\/en\/wp-json\/wp\/v2\/media\/5833"}],"wp:attachment":[{"href":"https:\/\/artstella-elixirs-floraux.com\/en\/wp-json\/wp\/v2\/media?parent=5832"}],"wp:term":[{"taxonomy":"product_brand","embeddable":true,"href":"https:\/\/artstella-elixirs-floraux.com\/en\/wp-json\/wp\/v2\/product_brand?post=5832"},{"taxonomy":"product_cat","embeddable":true,"href":"https:\/\/artstella-elixirs-floraux.com\/en\/wp-json\/wp\/v2\/product_cat?post=5832"},{"taxonomy":"product_tag","embeddable":true,"href":"https:\/\/artstella-elixirs-floraux.com\/en\/wp-json\/wp\/v2\/product_tag?post=5832"}],"curies":[{"name":"wp","href":"https:\/\/api.w.org\/{rel}","templated":true}]}}