{"id":5840,"date":"2025-03-09T13:48:59","date_gmt":"2025-03-09T13:48:59","guid":{"rendered":"https:\/\/artstella-elixirs-floraux.com\/product\/paresseux-a-deux-doigts-15-ml-phi\/"},"modified":"2025-06-08T12:49:24","modified_gmt":"2025-06-08T12:49:24","slug":"paresseux-a-deux-doigts-15-ml-phi","status":"publish","type":"product","link":"https:\/\/artstella-elixirs-floraux.com\/en\/product\/paresseux-a-deux-doigts-15-ml-phi\/","title":{"rendered":"Paresseux \u00e0 deux doigts 15 ml PHI"},"content":{"rendered":"","protected":false},"excerpt":{"rendered":"<p><strong>Paresseux \u00e0 deux doigts &#8211; Southern two toed Sloth (Choloepus didactylus)<\/strong><\/p>\n<p>Cet animal nous aide \u00e0 d\u00e9velopper une meilleure relation au temps et \u00e0 la relaxation. Il nous aide \u00e0 mieux g\u00e9rer des situations de stress, en prenant les choses plus l\u00e9g\u00e8rement et de fa\u00e7on plus d\u00e9tendue. Il nous aide \u00e0 trouver un meilleur sommeil, plus r\u00e9g\u00e9n\u00e9rant. Nous apprenons \u00e0 consid\u00e9rer le sens de la vie et sa qualit\u00e9.<\/p>","protected":false},"featured_media":5841,"template":"","meta":[],"product_brand":[],"product_cat":[188],"product_tag":[],"class_list":{"0":"post-5840","1":"product","2":"type-product","3":"status-publish","4":"has-post-thumbnail","6":"product_cat-les-nouveax-elixirs-d-animaux-par-phi","8":"first","9":"instock","10":"taxable","11":"shipping-taxable","12":"purchasable","13":"product-type-simple"},"etheme_brands":{"errors":{"invalid_taxonomy":["Invalid taxonomy."]},"error_data":[]},"jetpack_sharing_enabled":true,"jetpack-related-posts":[{"id":5534,"url":"https:\/\/artstella-elixirs-floraux.com\/en\/product\/coffret-10-elixirs-danimaux-n-3-15ml\/","url_meta":{"origin":5840,"position":0},"title":"COFFRET 10 \u00e9lixirs d&rsquo;ANIMAUX N\u00b0 3 15ML","author":"eveapprill","date":"9 March 2025","format":false,"excerpt":"Coffret 10 \u00e9lixirs d'animaux 15ml : Colibri, Lama, L\u00e9zard, pandan, Perroquet, Pingouin, Scorpion, Paresseux \u00e0 2 doigts, L\u00e9opard des neiges, Ours \u00e0 lunettes","rel":"","context":"Similar post","block_context":{"text":"Similar post","link":""},"img":{"alt_text":"","src":"https:\/\/i0.wp.com\/artstella-elixirs-floraux.com\/wp-content\/uploads\/2025\/03\/wp-image1762.png?resize=350%2C200&ssl=1","width":350,"height":200},"classes":[]},{"id":1934,"url":"https:\/\/artstella-elixirs-floraux.com\/en\/product\/paresseux-15ml-phi\/","url_meta":{"origin":5840,"position":1},"title":"PARESSEUX 15ML PHI","author":"eveapprill","date":"27 May 2025","format":false,"excerpt":"","rel":"","context":"Similar post","block_context":{"text":"Similar post","link":""},"img":{"alt_text":"","src":"","width":0,"height":0},"classes":[]},{"id":4350,"url":"https:\/\/artstella-elixirs-floraux.com\/en\/product\/sloth-paresseux-wea-exp-30-ml\/","url_meta":{"origin":5840,"position":2},"title":"SLOTH\/PARESSEUX WEA EXP 30 ML","author":"eveapprill","date":"9 March 2025","format":false,"excerpt":"Sloth (paresseux) S\u2019arr\u00eater\u00a0; lenteur de mouvement\u00a0; repos\u00a0; calmer l\u2019esprit hyperactif\u00a0; agir avec grande prudence et r\u00e9flexion.","rel":"","context":"Similar post","block_context":{"text":"Similar post","link":""},"img":{"alt_text":"","src":"https:\/\/i0.wp.com\/artstella-elixirs-floraux.com\/wp-content\/uploads\/2025\/03\/wp-image2312.png?resize=350%2C200&ssl=1","width":350,"height":200,"srcset":"https:\/\/i0.wp.com\/artstella-elixirs-floraux.com\/wp-content\/uploads\/2025\/03\/wp-image2312.png?resize=350%2C200&ssl=1 1x, https:\/\/i0.wp.com\/artstella-elixirs-floraux.com\/wp-content\/uploads\/2025\/03\/wp-image2312.png?resize=525%2C300&ssl=1 1.5x, https:\/\/i0.wp.com\/artstella-elixirs-floraux.com\/wp-content\/uploads\/2025\/03\/wp-image2312.png?resize=700%2C400&ssl=1 2x"},"classes":[]},{"id":5820,"url":"https:\/\/artstella-elixirs-floraux.com\/en\/product\/flamant-des-caraibes-ou-flamant-rouge15-ml-phi\/","url_meta":{"origin":5840,"position":3},"title":"Flamant des Cara\u00efbes ou flamant rouge15 ml PHI","author":"eveapprill","date":"9 March 2025","format":false,"excerpt":"Flamant des Cara\u00efbes ou flamant rouge - Flamingo (Phoenicopterus ruber)\u00a0 Cet \u00e9lixir peut nous aider \u00e0 trouver une meilleure posture. Il nous aide \u00e0 nous redresser int\u00e9rieurement et \u00e0 \u00eatre plus honn\u00eate aussi bien envers nous-m\u00eames que les autres. Ainsi nous pouvons d\u00e9velopper une meilleure vie sociale, en nous respectant\u2026","rel":"","context":"Similar post","block_context":{"text":"Similar post","link":""},"img":{"alt_text":"","src":"https:\/\/i0.wp.com\/artstella-elixirs-floraux.com\/wp-content\/uploads\/2025\/03\/wp-image1921.png?resize=350%2C200&ssl=1","width":350,"height":200},"classes":[]},{"id":5724,"url":"https:\/\/artstella-elixirs-floraux.com\/en\/product\/menthe-poivree-10ml-deva\/","url_meta":{"origin":5840,"position":4},"title":"Menthe poivr\u00e9e 10ml DEVA","author":"eveapprill","date":"9 March 2025","format":false,"excerpt":"Menthe Poivr\u00e9e Attention, vivacit\u00e9 d\u2019esprit. Pour surmonter la paresse mentale et la tendance \u00e0 l\u2019endormissement. Pour ceux qui manifestent de la \u00ablourdeur mentale\u00bb suite \u00e0 un exc\u00e8s d\u2019activit\u00e9 intellectuelle.","rel":"","context":"Similar post","block_context":{"text":"Similar post","link":""},"img":{"alt_text":"","src":"https:\/\/i0.wp.com\/artstella-elixirs-floraux.com\/wp-content\/uploads\/2025\/03\/wp-image2420.png?resize=350%2C200&ssl=1","width":350,"height":200},"classes":[]},{"id":5522,"url":"https:\/\/artstella-elixirs-floraux.com\/en\/product\/vanadinite-30-ml\/","url_meta":{"origin":5840,"position":5},"title":"VANADINITE 30 ml","author":"eveapprill","date":"9 March 2025","format":false,"excerpt":"Vanadinite \u2013 Vanadinite\u00a0: Flux \u00e9nerg\u00e9tique in\u00e9gal au cours de la journ\u00e9e ; fluctue entre l\u2019intention et le d\u00e9sint\u00e9r\u00eat ; t\u00eatu ; manque de flexibilit\u00e9. Aide \u00e0 r\u00e9guler et diriger l\u2019\u00e9nergie de l\u2019\u00e9l\u00e9ment feu ;","rel":"","context":"Similar post","block_context":{"text":"Similar post","link":""},"img":{"alt_text":"","src":"","width":0,"height":0},"classes":[]}],"_links":{"self":[{"href":"https:\/\/artstella-elixirs-floraux.com\/en\/wp-json\/wp\/v2\/product\/5840","targetHints":{"allow":["GET"]}}],"collection":[{"href":"https:\/\/artstella-elixirs-floraux.com\/en\/wp-json\/wp\/v2\/product"}],"about":[{"href":"https:\/\/artstella-elixirs-floraux.com\/en\/wp-json\/wp\/v2\/types\/product"}],"version-history":[{"count":0,"href":"https:\/\/artstella-elixirs-floraux.com\/en\/wp-json\/wp\/v2\/product\/5840\/revisions"}],"wp:featuredmedia":[{"embeddable":true,"href":"https:\/\/artstella-elixirs-floraux.com\/en\/wp-json\/wp\/v2\/media\/5841"}],"wp:attachment":[{"href":"https:\/\/artstella-elixirs-floraux.com\/en\/wp-json\/wp\/v2\/media?parent=5840"}],"wp:term":[{"taxonomy":"product_brand","embeddable":true,"href":"https:\/\/artstella-elixirs-floraux.com\/en\/wp-json\/wp\/v2\/product_brand?post=5840"},{"taxonomy":"product_cat","embeddable":true,"href":"https:\/\/artstella-elixirs-floraux.com\/en\/wp-json\/wp\/v2\/product_cat?post=5840"},{"taxonomy":"product_tag","embeddable":true,"href":"https:\/\/artstella-elixirs-floraux.com\/en\/wp-json\/wp\/v2\/product_tag?post=5840"}],"curies":[{"name":"wp","href":"https:\/\/api.w.org\/{rel}","templated":true}]}}