{"id":5844,"date":"2025-03-09T13:49:01","date_gmt":"2025-03-09T13:49:01","guid":{"rendered":"https:\/\/artstella-elixirs-floraux.com\/product\/dauphin-de-lamazone-amazone-dolphin-inia-geoffrensis-15ml-phi\/"},"modified":"2025-04-29T14:10:15","modified_gmt":"2025-04-29T14:10:15","slug":"dauphin-de-lamazone-amazone-dolphin-inia-geoffrensis-15ml-phi","status":"publish","type":"product","link":"https:\/\/artstella-elixirs-floraux.com\/en\/product\/dauphin-de-lamazone-amazone-dolphin-inia-geoffrensis-15ml-phi\/","title":{"rendered":"Dauphin de l\u2019Amazone (Amazone Dolphin) (Inia geoffrensis) 15ml PHI"},"content":{"rendered":"","protected":false},"excerpt":{"rendered":"<p><strong>Dauphin de l\u2019Amazone (Amazone Dolphin) (Inia geoffrensis)<\/strong><\/p>\n<p>Cet \u00e9lixir nous aide \u00e0 nous connecter \u00e0 notre coeur et \u00e0 pouvoir \u201cvoir\u201d ainsi par le coeur.<\/p>\n<p>Il nous met en relation avec la Nature et la sagesse profonde que tout est connect\u00e9. Le Mananti nous apprend \u00e0 mettre de la joie dans nos vies et \u00e0 renforcer l\u2019\u00e9nergie yin en nous.<\/p>","protected":false},"featured_media":5845,"template":"","meta":[],"product_brand":[],"product_cat":[188],"product_tag":[],"class_list":{"0":"post-5844","1":"product","2":"type-product","3":"status-publish","4":"has-post-thumbnail","6":"product_cat-les-nouveax-elixirs-d-animaux-par-phi","8":"first","9":"instock","10":"taxable","11":"shipping-taxable","12":"purchasable","13":"product-type-simple"},"etheme_brands":{"errors":{"invalid_taxonomy":["Invalid taxonomy."]},"error_data":[]},"jetpack_sharing_enabled":true,"jetpack-related-posts":[{"id":3879,"url":"https:\/\/artstella-elixirs-floraux.com\/en\/product\/dauphin-rose-15-ml-phi\/","url_meta":{"origin":5844,"position":0},"title":"DAUPHIN ROSE 15 ML PHI","author":"eveapprill","date":"9 March 2025","format":false,"excerpt":"Le dauphin rose de l\u2019Amazone\u00a0: Le plus grand des dauphins de fleuve est tr\u00e8s rare. Sa peau est si fine que les petites veinules roses transparaissent. Il vit dans l\u2019ensemble fluvial de l\u2019Amazone et l\u2019Orenoke, en Am\u00e9rique du Sud.","rel":"","context":"Similar post","block_context":{"text":"Similar post","link":""},"img":{"alt_text":"","src":"https:\/\/i0.wp.com\/artstella-elixirs-floraux.com\/wp-content\/uploads\/2025\/03\/wp-image493.png?resize=350%2C200&ssl=1","width":350,"height":200,"srcset":"https:\/\/i0.wp.com\/artstella-elixirs-floraux.com\/wp-content\/uploads\/2025\/03\/wp-image493.png?resize=350%2C200&ssl=1 1x, https:\/\/i0.wp.com\/artstella-elixirs-floraux.com\/wp-content\/uploads\/2025\/03\/wp-image493.png?resize=525%2C300&ssl=1 1.5x"},"classes":[]},{"id":4219,"url":"https:\/\/artstella-elixirs-floraux.com\/en\/product\/dolphin-dauphin-wea-30-ml\/","url_meta":{"origin":5844,"position":1},"title":"DOLPHIN\/DAUPHIN WEA 30 ML","author":"eveapprill","date":"9 March 2025","format":false,"excerpt":"Dolphin (dauphin) En grand Ma\u00eetre du jeu et de l\u2019amour inconditionnel, cet \u00e9lixir favorise les sentiments de joie, le rire et le bonheur, de m\u00eame que la compassion pour soi et les autres. Il aide \u00e0 se souvenir de ses r\u00eaves et soutient le d\u00e9veloppement psychique.","rel":"","context":"Similar post","block_context":{"text":"Similar post","link":""},"img":{"alt_text":"","src":"https:\/\/i0.wp.com\/artstella-elixirs-floraux.com\/wp-content\/uploads\/2025\/03\/wp-image2253.png?resize=350%2C200&ssl=1","width":350,"height":200,"srcset":"https:\/\/i0.wp.com\/artstella-elixirs-floraux.com\/wp-content\/uploads\/2025\/03\/wp-image2253.png?resize=350%2C200&ssl=1 1x, https:\/\/i0.wp.com\/artstella-elixirs-floraux.com\/wp-content\/uploads\/2025\/03\/wp-image2253.png?resize=525%2C300&ssl=1 1.5x, https:\/\/i0.wp.com\/artstella-elixirs-floraux.com\/wp-content\/uploads\/2025\/03\/wp-image2253.png?resize=700%2C400&ssl=1 2x, https:\/\/i0.wp.com\/artstella-elixirs-floraux.com\/wp-content\/uploads\/2025\/03\/wp-image2253.png?resize=1050%2C600&ssl=1 3x"},"classes":[]},{"id":3758,"url":"https:\/\/artstella-elixirs-floraux.com\/en\/product\/amazonas-phi\/","url_meta":{"origin":5844,"position":2},"title":"AMAZONAS PHI","author":"eveapprill","date":"9 March 2025","format":false,"excerpt":"Amazonas \u00c9lixir du fleuve Amazone Gr\u00e2ce \u00e0 cet \u00e9lixir, nous d\u00e9veloppons une meilleure compr\u00e9hension de la plan\u00e8te. Il nous aide \u00e0 supprimer les blocages. Il a fait ses preuves en cas de blocages \u00e9nerg\u00e9tiques du dos. Cet \u00e9lixir nous aide \u00e0 retrouver le cours de la vie.","rel":"","context":"Similar post","block_context":{"text":"Similar post","link":""},"img":{"alt_text":"","src":"https:\/\/i0.wp.com\/artstella-elixirs-floraux.com\/wp-content\/uploads\/2025\/03\/wp-image500.png?resize=350%2C200&ssl=1","width":350,"height":200},"classes":[]},{"id":2765,"url":"https:\/\/artstella-elixirs-floraux.com\/en\/product\/amazon-bush-lf\/","url_meta":{"origin":5844,"position":3},"title":"AMAZON BUSH LF","author":"eveapprill","date":"9 March 2025","format":false,"excerpt":"Amazon Essence \u2013 Elixir de l'Amazonie Aide \u00e0 comprendre, \u00e0 se pr\u00e9parer et \u00e0 s\u2018aligner avec l'immensit\u00e9 et la totalit\u00e9 des changements massifs qui surviennent dans la nature.","rel":"","context":"Similar post","block_context":{"text":"Similar post","link":""},"img":{"alt_text":"","src":"https:\/\/i0.wp.com\/artstella-elixirs-floraux.com\/wp-content\/uploads\/2025\/03\/8da45696-7dcc-4a19-8732-f0c86382d71e.jpg?resize=350%2C200&ssl=1","width":350,"height":200,"srcset":"https:\/\/i0.wp.com\/artstella-elixirs-floraux.com\/wp-content\/uploads\/2025\/03\/8da45696-7dcc-4a19-8732-f0c86382d71e.jpg?resize=350%2C200&ssl=1 1x, https:\/\/i0.wp.com\/artstella-elixirs-floraux.com\/wp-content\/uploads\/2025\/03\/8da45696-7dcc-4a19-8732-f0c86382d71e.jpg?resize=525%2C300&ssl=1 1.5x, https:\/\/i0.wp.com\/artstella-elixirs-floraux.com\/wp-content\/uploads\/2025\/03\/8da45696-7dcc-4a19-8732-f0c86382d71e.jpg?resize=700%2C400&ssl=1 2x"},"classes":[]},{"id":5231,"url":"https:\/\/artstella-elixirs-floraux.com\/en\/product\/creme-amazonas\/","url_meta":{"origin":5844,"position":4},"title":"Cr\u00e8me Amazonas","author":"eveapprill","date":"9 March 2025","format":false,"excerpt":"Creme Amazonas La Cr\u00e8me Amazonas est une cr\u00e8me r\u00e9-\u00e9nergisante r\u00e9alis\u00e9e \u00e0 partir de l\u2019\u00e9nergie du fleuve Amazone. Sa puissante \u00e9nergie de vie aide \u00e0 lib\u00e9rer les blocages. Frictionnez avec la cr\u00e8me les parties du corps bloqu\u00e9es \u00e9nerg\u00e9tiquement. Pour un traitement \u00e9nerg\u00e9tique du dos, vous pouvez appliquer la cr\u00e8me sur la\u2026","rel":"","context":"Similar post","block_context":{"text":"Similar post","link":""},"img":{"alt_text":"","src":"https:\/\/i0.wp.com\/artstella-elixirs-floraux.com\/wp-content\/uploads\/2025\/03\/397a3c93-f17f-42c0-af0f-9df28511893d.jpg?resize=350%2C200&ssl=1","width":350,"height":200,"srcset":"https:\/\/i0.wp.com\/artstella-elixirs-floraux.com\/wp-content\/uploads\/2025\/03\/397a3c93-f17f-42c0-af0f-9df28511893d.jpg?resize=350%2C200&ssl=1 1x, https:\/\/i0.wp.com\/artstella-elixirs-floraux.com\/wp-content\/uploads\/2025\/03\/397a3c93-f17f-42c0-af0f-9df28511893d.jpg?resize=525%2C300&ssl=1 1.5x, https:\/\/i0.wp.com\/artstella-elixirs-floraux.com\/wp-content\/uploads\/2025\/03\/397a3c93-f17f-42c0-af0f-9df28511893d.jpg?resize=700%2C400&ssl=1 2x"},"classes":[]},{"id":3466,"url":"https:\/\/artstella-elixirs-floraux.com\/en\/product\/champ-amazonie-n2-15ml-phi\/","url_meta":{"origin":5844,"position":5},"title":"CHAMP AMAZONIE N2 15ML PHI","author":"eveapprill","date":"9 March 2025","format":false,"excerpt":"Champignon d\u2019Amazonie n\u00b02 (Pycnoporus sanguineus) (Porling) Permet un bon enracinement. Stimule les pieds, le premier chakra est reli\u00e9 \u00e0 la terre.","rel":"","context":"Similar post","block_context":{"text":"Similar post","link":""},"img":{"alt_text":"","src":"https:\/\/i0.wp.com\/artstella-elixirs-floraux.com\/wp-content\/uploads\/2025\/03\/wp-image331.png?resize=350%2C200&ssl=1","width":350,"height":200},"classes":[]}],"_links":{"self":[{"href":"https:\/\/artstella-elixirs-floraux.com\/en\/wp-json\/wp\/v2\/product\/5844","targetHints":{"allow":["GET"]}}],"collection":[{"href":"https:\/\/artstella-elixirs-floraux.com\/en\/wp-json\/wp\/v2\/product"}],"about":[{"href":"https:\/\/artstella-elixirs-floraux.com\/en\/wp-json\/wp\/v2\/types\/product"}],"version-history":[{"count":0,"href":"https:\/\/artstella-elixirs-floraux.com\/en\/wp-json\/wp\/v2\/product\/5844\/revisions"}],"wp:featuredmedia":[{"embeddable":true,"href":"https:\/\/artstella-elixirs-floraux.com\/en\/wp-json\/wp\/v2\/media\/5845"}],"wp:attachment":[{"href":"https:\/\/artstella-elixirs-floraux.com\/en\/wp-json\/wp\/v2\/media?parent=5844"}],"wp:term":[{"taxonomy":"product_brand","embeddable":true,"href":"https:\/\/artstella-elixirs-floraux.com\/en\/wp-json\/wp\/v2\/product_brand?post=5844"},{"taxonomy":"product_cat","embeddable":true,"href":"https:\/\/artstella-elixirs-floraux.com\/en\/wp-json\/wp\/v2\/product_cat?post=5844"},{"taxonomy":"product_tag","embeddable":true,"href":"https:\/\/artstella-elixirs-floraux.com\/en\/wp-json\/wp\/v2\/product_tag?post=5844"}],"curies":[{"name":"wp","href":"https:\/\/api.w.org\/{rel}","templated":true}]}}