{"id":5856,"date":"2025-03-09T13:49:09","date_gmt":"2025-03-09T13:49:09","guid":{"rendered":"https:\/\/artstella-elixirs-floraux.com\/product\/cachalot-pottwal-15-ml-phi\/"},"modified":"2025-06-08T12:49:23","modified_gmt":"2025-06-08T12:49:23","slug":"cachalot-pottwal-15-ml-phi","status":"publish","type":"product","link":"https:\/\/artstella-elixirs-floraux.com\/en\/product\/cachalot-pottwal-15-ml-phi\/","title":{"rendered":"Cachalot &#8211; Pottwal 15 ml PHI"},"content":{"rendered":"","protected":false},"excerpt":{"rendered":"<p><strong>Cachalot &#8211; Pottwal<\/strong><\/p>\n<p>Ils sont les gardiens de la terre et nous relient \u00e0 la cinqui\u00e8me dimension.<br \/>Ils nous rappellent la pr\u00e9servation de la cr\u00e9ation de Dieu.<br \/>Leur forme embryonnaire nous rappelle combien il est important que de pr\u00e9server l&rsquo;ADN<br \/>dans leur forme originale et \u00e0 r\u00e9g\u00e9n\u00e9rer \u00e9nergiquement.<\/p>","protected":false},"featured_media":5857,"template":"","meta":[],"product_brand":[],"product_cat":[188],"product_tag":[],"class_list":{"0":"post-5856","1":"product","2":"type-product","3":"status-publish","4":"has-post-thumbnail","6":"product_cat-les-nouveax-elixirs-d-animaux-par-phi","8":"first","9":"instock","10":"taxable","11":"shipping-taxable","12":"purchasable","13":"product-type-simple"},"etheme_brands":{"errors":{"invalid_taxonomy":["Invalid taxonomy."]},"error_data":[]},"jetpack_sharing_enabled":true,"jetpack-related-posts":[{"id":3607,"url":"https:\/\/artstella-elixirs-floraux.com\/en\/product\/cape-de-chevalier-ltoe-15-ml\/","url_meta":{"origin":5856,"position":0},"title":"Knight\u2019s Cloak LTOE 15 ML","author":"eveapprill","date":"9 March 2025","format":false,"excerpt":"Knight\u2019s Cloak \/Cape de chevalier Dans les p\u00e9riodes sombres, mieux vaut cacher sa lumi\u00e8re afin de pr\u00e9server sa v\u00e9rit\u00e9 int\u00e9rieure sans risquer d\u2019attirer l\u2019attention des forces n\u00e9gatives.","rel":"","context":"Similar post","block_context":{"text":"Similar post","link":""},"img":{"alt_text":"","src":"https:\/\/i0.wp.com\/artstella-elixirs-floraux.com\/wp-content\/uploads\/2025\/03\/d1897603-904b-4d5c-8df1-2605d8769001.jpg?resize=350%2C200&ssl=1","width":350,"height":200,"srcset":"https:\/\/i0.wp.com\/artstella-elixirs-floraux.com\/wp-content\/uploads\/2025\/03\/d1897603-904b-4d5c-8df1-2605d8769001.jpg?resize=350%2C200&ssl=1 1x, https:\/\/i0.wp.com\/artstella-elixirs-floraux.com\/wp-content\/uploads\/2025\/03\/d1897603-904b-4d5c-8df1-2605d8769001.jpg?resize=525%2C300&ssl=1 1.5x, https:\/\/i0.wp.com\/artstella-elixirs-floraux.com\/wp-content\/uploads\/2025\/03\/d1897603-904b-4d5c-8df1-2605d8769001.jpg?resize=700%2C400&ssl=1 2x"},"classes":[]},{"id":12268,"url":"https:\/\/artstella-elixirs-floraux.com\/en\/product\/10-orchidee-de-la-protection-arachnis-flos-aeris-sylfos\/","url_meta":{"origin":5856,"position":1},"title":"10. ORCHID\u00c9E DE LA PROTECTION Arachnis flos-aeris Sylfos","author":"eveapprill","date":"13 March 2026","format":false,"excerpt":"\u00c9lixir de\u00a0protection \u00e9nerg\u00e9tique et de renforcement aurique. Aide \u00e0 pr\u00e9server son \u00e9nergie, \u00e0 \u00e9tablir des limites claires et \u00e0 rester stable dans des environnements charg\u00e9s.","rel":"","context":"Similar post","block_context":{"text":"Similar post","link":""},"img":{"alt_text":"","src":"https:\/\/i0.wp.com\/artstella-elixirs-floraux.com\/wp-content\/uploads\/2026\/03\/10_PROTECCION_-WEB.png?resize=350%2C200&ssl=1","width":350,"height":200},"classes":[]},{"id":2343,"url":"https:\/\/artstella-elixirs-floraux.com\/en\/product\/white-violet-alaskan\/","url_meta":{"origin":5856,"position":2},"title":"White violet Alaskan","author":"eveapprill","date":"9 March 2025","format":false,"excerpt":"White violet. Viola renifolia Claustrophobie ; peur de perdre son identit\u00e9 au sein d'un groupe ; incapacit\u00e9 \u00e0 exprimer sa sensibilit\u00e9 d'une mani\u00e8re ais\u00e9e.","rel":"","context":"Similar post","block_context":{"text":"Similar post","link":""},"img":{"alt_text":"","src":"https:\/\/i0.wp.com\/artstella-elixirs-floraux.com\/wp-content\/uploads\/2025\/03\/wp-image599.png?resize=350%2C200&ssl=1","width":350,"height":200},"classes":[]},{"id":5302,"url":"https:\/\/artstella-elixirs-floraux.com\/en\/product\/complexe-n-11-emotions-de-la-petite-enfance-deva-30ml\/","url_meta":{"origin":5856,"position":3},"title":"COMPLEXE N\u00b0 11 Emotions de la Petite enfance DEVA 30ML","author":"eveapprill","date":"9 March 2025","format":false,"excerpt":"COMPLEXE N\u00b0 11\u00a0 30ml Le compos\u00e9 floral \u00c9motions de la\u00a0PETITE ENFANCE harmonise les relations avec l'environnement familial et l'ext\u00e9rieur. Il aide \u00e0 faire ses premiers pas en collectivit\u00e9 en surmontant le manque de confiance et la timidit\u00e9. Il pr\u00e9serve et encourage la cr\u00e9ativit\u00e9 artistique spontan\u00e9e.","rel":"","context":"Similar post","block_context":{"text":"Similar post","link":""},"img":{"alt_text":"","src":"https:\/\/i0.wp.com\/artstella-elixirs-floraux.com\/wp-content\/uploads\/2025\/03\/4cce1e25-f3bd-4744-9706-01bba662c2ae.jpg?resize=350%2C200&ssl=1","width":350,"height":200,"srcset":"https:\/\/i0.wp.com\/artstella-elixirs-floraux.com\/wp-content\/uploads\/2025\/03\/4cce1e25-f3bd-4744-9706-01bba662c2ae.jpg?resize=350%2C200&ssl=1 1x, https:\/\/i0.wp.com\/artstella-elixirs-floraux.com\/wp-content\/uploads\/2025\/03\/4cce1e25-f3bd-4744-9706-01bba662c2ae.jpg?resize=525%2C300&ssl=1 1.5x, https:\/\/i0.wp.com\/artstella-elixirs-floraux.com\/wp-content\/uploads\/2025\/03\/4cce1e25-f3bd-4744-9706-01bba662c2ae.jpg?resize=700%2C400&ssl=1 2x"},"classes":[]},{"id":2380,"url":"https:\/\/artstella-elixirs-floraux.com\/en\/product\/greenland-icecap\/","url_meta":{"origin":5856,"position":4},"title":"GREENLAND ICECAP &#8211; Calotte glaciaire du Groenland","author":"eveapprill","date":"9 March 2025","format":false,"excerpt":"GREENLAND ICECAP Un \u00e9lixir d'eau de glacier solaris\u00e9e et pr\u00e9par\u00e9e \u00e0 la surface de la glace du Greenland au-dessus d'une r\u00e9gion o\u00f9 deux plaques tectoniques continentales se rencontrent. L'\u00e9lixir de Greenland Icecap contient l'intense \u00e9nergie de convergence, l'\u00e9nergie du mouvement naturel de l'\u00e9corce terrestre transmise au travers de centaines de\u2026","rel":"","context":"Similar post","block_context":{"text":"Similar post","link":""},"img":{"alt_text":"","src":"https:\/\/i0.wp.com\/artstella-elixirs-floraux.com\/wp-content\/uploads\/2025\/03\/Greenland_Icecap_1024x1024.jpg?resize=350%2C200&ssl=1","width":350,"height":200},"classes":[]},{"id":5329,"url":"https:\/\/artstella-elixirs-floraux.com\/en\/product\/creme-echinaflor\/","url_meta":{"origin":5856,"position":5},"title":"Cr\u00e8me Echinaflor","author":"eveapprill","date":"9 March 2025","format":false,"excerpt":"La cr\u00e8me ECHINAFLOR r\u00e9g\u00e9n\u00e8re l'\u00e9piderme en restaurant l'\u00e9quilibre de ses fonctions naturelles et en luttant efficacement contre les agressions ext\u00e9rieures. La cr\u00e8me ECHINAFLOR pr\u00e9serve la souplesse, la vitalit\u00e9 et l'int\u00e9grit\u00e9 de la peau. Elle prot\u00e8ge les peaux sensibles et fortifie les peaux fatigu\u00e9es ou ab\u00eem\u00e9es.","rel":"","context":"Similar post","block_context":{"text":"Similar post","link":""},"img":{"alt_text":"","src":"https:\/\/i0.wp.com\/artstella-elixirs-floraux.com\/wp-content\/uploads\/2025\/03\/wp-image1600.png?resize=350%2C200&ssl=1","width":350,"height":200},"classes":[]}],"_links":{"self":[{"href":"https:\/\/artstella-elixirs-floraux.com\/en\/wp-json\/wp\/v2\/product\/5856","targetHints":{"allow":["GET"]}}],"collection":[{"href":"https:\/\/artstella-elixirs-floraux.com\/en\/wp-json\/wp\/v2\/product"}],"about":[{"href":"https:\/\/artstella-elixirs-floraux.com\/en\/wp-json\/wp\/v2\/types\/product"}],"version-history":[{"count":0,"href":"https:\/\/artstella-elixirs-floraux.com\/en\/wp-json\/wp\/v2\/product\/5856\/revisions"}],"wp:featuredmedia":[{"embeddable":true,"href":"https:\/\/artstella-elixirs-floraux.com\/en\/wp-json\/wp\/v2\/media\/5857"}],"wp:attachment":[{"href":"https:\/\/artstella-elixirs-floraux.com\/en\/wp-json\/wp\/v2\/media?parent=5856"}],"wp:term":[{"taxonomy":"product_brand","embeddable":true,"href":"https:\/\/artstella-elixirs-floraux.com\/en\/wp-json\/wp\/v2\/product_brand?post=5856"},{"taxonomy":"product_cat","embeddable":true,"href":"https:\/\/artstella-elixirs-floraux.com\/en\/wp-json\/wp\/v2\/product_cat?post=5856"},{"taxonomy":"product_tag","embeddable":true,"href":"https:\/\/artstella-elixirs-floraux.com\/en\/wp-json\/wp\/v2\/product_tag?post=5856"}],"curies":[{"name":"wp","href":"https:\/\/api.w.org\/{rel}","templated":true}]}}