{"id":5875,"date":"2025-03-09T13:49:22","date_gmt":"2025-03-09T13:49:22","guid":{"rendered":"https:\/\/artstella-elixirs-floraux.com\/product\/soul-support-spray-120ml\/"},"modified":"2025-08-27T07:11:47","modified_gmt":"2025-08-27T07:11:47","slug":"soul-support-spray-120ml","status":"publish","type":"product","link":"https:\/\/artstella-elixirs-floraux.com\/en\/product\/soul-support-spray-120ml\/","title":{"rendered":"SOUL SUPPORT SPRAY ALASKA"},"content":{"rendered":"<p>Il peut \u00eatre utilis\u00e9 pour maintenir force et stabilit\u00e9 et \u00e9quilibre dans toute situation de stress ou de traumatisme comme par exemple un accident m\u00eame avec des blessures, une crise \u00e9motionnelle ou de violence, avant et apr\u00e8s la visite chez le dentiste, apr\u00e8s une dispute, apr\u00e8s avoir re\u00e7u de mauvaises nouvelles, dans les divorces, perte ou changement d\u2019emploi, avant une op\u00e9ration.<\/p>\n<p><strong>S<\/strong><strong>pray 120ml<\/strong> Contient les \u00e9lixirs : Cattail Pollen. <span lang=\"en-us\" xml:lang=\"en-us\">Chalice well. Cotton Grass. Fireweed. <\/span><span lang=\"es\" xml:lang=\"es\">Labrador Tea. Malachite. River Beauty. R<\/span>uby. White Fireweed.. et l&rsquo;huile essentielle adoucisante et apaisante de haute qualit\u00e9 : la Lavande du Cachemire<\/p>","protected":false},"excerpt":{"rendered":"<p><strong><em>Soul support (Soutien de l\u2019\u00e2me) <\/em><\/strong>Correspond \u00e0 la pr\u00e9paration d\u2019urgence.<\/p>","protected":false},"featured_media":9944,"template":"","meta":[],"product_brand":[],"product_cat":[155],"product_tag":[],"class_list":{"0":"post-5875","1":"product","2":"type-product","3":"status-publish","4":"has-post-thumbnail","6":"product_cat-combinaisons-sprays","8":"first","9":"instock","10":"taxable","11":"shipping-taxable","12":"purchasable","13":"product-type-variable"},"etheme_brands":{"errors":{"invalid_taxonomy":["Invalid taxonomy."]},"error_data":[]},"jetpack_sharing_enabled":true,"jetpack-related-posts":[{"id":2709,"url":"https:\/\/artstella-elixirs-floraux.com\/en\/product\/soul-support-alaska\/","url_meta":{"origin":5875,"position":0},"title":"SOUL SUPPORT ALASKA","author":"eveapprill","date":"9 March 2025","format":false,"excerpt":"Soul support (Support de l\u2019\u00e2me) existe en spray Contient : Cattell Pollen. Chalice well. Cotton Grass. Firenze. Labrador Tema. Malachite. River Beauty. Tuby. White Firenze.. Correspond \u00e0 la pr\u00e9paration d\u2019urgence. Elle peut \u00eatre utilis\u00e9e pour maintenir force et stabilit\u00e9 et \u00e9quilibre dans toute situation de stress ou de traumatisme","rel":"","context":"Similar post","block_context":{"text":"Similar post","link":""},"img":{"alt_text":"","src":"https:\/\/i0.wp.com\/artstella-elixirs-floraux.com\/wp-content\/uploads\/2025\/03\/ca7328c6-de94-4934-a288-a35ba1678624.jpg?resize=350%2C200&ssl=1","width":350,"height":200,"srcset":"https:\/\/i0.wp.com\/artstella-elixirs-floraux.com\/wp-content\/uploads\/2025\/03\/ca7328c6-de94-4934-a288-a35ba1678624.jpg?resize=350%2C200&ssl=1 1x, https:\/\/i0.wp.com\/artstella-elixirs-floraux.com\/wp-content\/uploads\/2025\/03\/ca7328c6-de94-4934-a288-a35ba1678624.jpg?resize=525%2C300&ssl=1 1.5x, https:\/\/i0.wp.com\/artstella-elixirs-floraux.com\/wp-content\/uploads\/2025\/03\/ca7328c6-de94-4934-a288-a35ba1678624.jpg?resize=700%2C400&ssl=1 2x"},"classes":[]},{"id":2335,"url":"https:\/\/artstella-elixirs-floraux.com\/en\/product\/white-fireweed-alaskan\/","url_meta":{"origin":5875,"position":1},"title":"White fireweed Alaskan","author":"eveapprill","date":"9 March 2025","format":false,"excerpt":"White fireweed. Epilobium angustifolium. Epilobe Profond traumatisme et choc ; profonde ali\u00e9nation du corps apr\u00e8s un abus sexuel ou \u00e9motionnel.","rel":"","context":"Similar post","block_context":{"text":"Similar post","link":""},"img":{"alt_text":"","src":"https:\/\/i0.wp.com\/artstella-elixirs-floraux.com\/wp-content\/uploads\/2025\/03\/wp-image597.png?resize=350%2C200&ssl=1","width":350,"height":200},"classes":[]},{"id":5191,"url":"https:\/\/artstella-elixirs-floraux.com\/en\/product\/soul-shield-spray\/","url_meta":{"origin":5875,"position":2},"title":"SOUL SHIELD SPRAY LTOE","author":"eveapprill","date":"9 March 2025","format":false,"excerpt":"Soul Shield + (Bouclier de l\u2019\u00e2me) Protection psychique Pour les moments o\u00f9 l\u2019on a besoin de protection. Prot\u00e8ge l\u2019aura corporelle ou les espaces de vie de l\u2019incursion d\u2019\u00e9nergies psychiques n\u00e9gatives. Les personnes travaillant avec la lumi\u00e8re peuvent facilement s\u2019attirer des d\u00e9fis divers et parfois des \u00e9nergies \u00ab\u00a0sombres\u00a0\u00bb. \u00ab\u00a0bleu\u00a0\u00bb avec les\u2026","rel":"","context":"Similar post","block_context":{"text":"Similar post","link":""},"img":{"alt_text":"","src":"https:\/\/i0.wp.com\/artstella-elixirs-floraux.com\/wp-content\/uploads\/2025\/03\/wp-image1737.png?resize=350%2C200&ssl=1","width":350,"height":200},"classes":[]},{"id":2146,"url":"https:\/\/artstella-elixirs-floraux.com\/en\/product\/fireweed-alaska\/","url_meta":{"origin":5875,"position":3},"title":"FIREWEED ALASKA","author":"eveapprill","date":"9 March 2025","format":false,"excerpt":"FIREWEED ALASKA Choc ou traumatisme ; \u00e9nergie stagnante sur tout niveau ; se sent \u00e9puis\u00e9 ; faible connexion avec la terre. Tendance \u00e0 projeter le pass\u00e9 dans le futur. Pour soulager les chocs et les traumatismes ; renforce la connexion terrestre ; Permet de dissoudre les vieux \u00ab\u00a0circuits d'\u00e9nergie\u00a0\u00bb du\u2026","rel":"","context":"Similar post","block_context":{"text":"Similar post","link":""},"img":{"alt_text":"","src":"https:\/\/i0.wp.com\/artstella-elixirs-floraux.com\/wp-content\/uploads\/2025\/03\/wp-image560.png?resize=350%2C200&ssl=1","width":350,"height":200},"classes":[]},{"id":5350,"url":"https:\/\/artstella-elixirs-floraux.com\/en\/product\/fireweed-combo-alaskan\/","url_meta":{"origin":5875,"position":4},"title":"FIREWEED COMBO ALASKAN","author":"eveapprill","date":"9 March 2025","format":false,"excerpt":"FIREWEED COMBO (Combi d\u2019\u00e9pilobes) (Gouttes uniquement) Accompagne les processus de transformation, de changement et de renouveau.\u00a0","rel":"","context":"Similar post","block_context":{"text":"Similar post","link":""},"img":{"alt_text":"combinaison d'elixirs","src":"https:\/\/i0.wp.com\/artstella-elixirs-floraux.com\/wp-content\/uploads\/2025\/03\/a08df189-167a-48b8-9489-c84019eaf64b.jpg?resize=350%2C200&ssl=1","width":350,"height":200,"srcset":"https:\/\/i0.wp.com\/artstella-elixirs-floraux.com\/wp-content\/uploads\/2025\/03\/a08df189-167a-48b8-9489-c84019eaf64b.jpg?resize=350%2C200&ssl=1 1x, https:\/\/i0.wp.com\/artstella-elixirs-floraux.com\/wp-content\/uploads\/2025\/03\/a08df189-167a-48b8-9489-c84019eaf64b.jpg?resize=525%2C300&ssl=1 1.5x, https:\/\/i0.wp.com\/artstella-elixirs-floraux.com\/wp-content\/uploads\/2025\/03\/a08df189-167a-48b8-9489-c84019eaf64b.jpg?resize=700%2C400&ssl=1 2x"},"classes":[]},{"id":4912,"url":"https:\/\/artstella-elixirs-floraux.com\/en\/product\/dwarf-fireweed-alaskan-f-sup\/","url_meta":{"origin":5875,"position":5},"title":"DWARF FIREWEED ALASKAN F SUP","author":"eveapprill","date":"9 March 2025","format":false,"excerpt":"DWARF FIREWEED Indications : attachement au mal ; faire les choses la dure ; d\u00e9bord\u00e9 pendant tout type de processus de gu\u00e9rison transformatrice.","rel":"","context":"Similar post","block_context":{"text":"Similar post","link":""},"img":{"alt_text":"","src":"https:\/\/i0.wp.com\/artstella-elixirs-floraux.com\/wp-content\/uploads\/2025\/03\/wp-image1383.png?resize=350%2C200&ssl=1","width":350,"height":200},"classes":[]}],"_links":{"self":[{"href":"https:\/\/artstella-elixirs-floraux.com\/en\/wp-json\/wp\/v2\/product\/5875","targetHints":{"allow":["GET"]}}],"collection":[{"href":"https:\/\/artstella-elixirs-floraux.com\/en\/wp-json\/wp\/v2\/product"}],"about":[{"href":"https:\/\/artstella-elixirs-floraux.com\/en\/wp-json\/wp\/v2\/types\/product"}],"version-history":[{"count":2,"href":"https:\/\/artstella-elixirs-floraux.com\/en\/wp-json\/wp\/v2\/product\/5875\/revisions"}],"predecessor-version":[{"id":11271,"href":"https:\/\/artstella-elixirs-floraux.com\/en\/wp-json\/wp\/v2\/product\/5875\/revisions\/11271"}],"wp:featuredmedia":[{"embeddable":true,"href":"https:\/\/artstella-elixirs-floraux.com\/en\/wp-json\/wp\/v2\/media\/9944"}],"wp:attachment":[{"href":"https:\/\/artstella-elixirs-floraux.com\/en\/wp-json\/wp\/v2\/media?parent=5875"}],"wp:term":[{"taxonomy":"product_brand","embeddable":true,"href":"https:\/\/artstella-elixirs-floraux.com\/en\/wp-json\/wp\/v2\/product_brand?post=5875"},{"taxonomy":"product_cat","embeddable":true,"href":"https:\/\/artstella-elixirs-floraux.com\/en\/wp-json\/wp\/v2\/product_cat?post=5875"},{"taxonomy":"product_tag","embeddable":true,"href":"https:\/\/artstella-elixirs-floraux.com\/en\/wp-json\/wp\/v2\/product_tag?post=5875"}],"curies":[{"name":"wp","href":"https:\/\/api.w.org\/{rel}","templated":true}]}}