{"id":5877,"date":"2025-03-09T13:49:23","date_gmt":"2025-03-09T13:49:23","guid":{"rendered":"https:\/\/artstella-elixirs-floraux.com\/product\/compose-n19-renaissance-deva-30ml\/"},"modified":"2025-06-08T12:49:23","modified_gmt":"2025-06-08T12:49:23","slug":"compose-n19-renaissance-deva-30ml","status":"publish","type":"product","link":"https:\/\/artstella-elixirs-floraux.com\/en\/product\/compose-n19-renaissance-deva-30ml\/","title":{"rendered":"Compos\u00e9 n\u00b019 RENAISSANCE DEVA 30ml"},"content":{"rendered":"<p>Il permet une reconstruction suffisamment solide pour sortir d&rsquo;un burn out et aller de l&rsquo;avant avec force, confiance, vitalit\u00e9 et optimisme.<\/p>\n<p class=\"produitsficheaccroche1\">Composition :<\/p>\n<p>Amarante, Aneth, Echinac\u00e9e, Epilobe, Olivier, Passiflore, et Val\u00e9riane<\/p>","protected":false},"excerpt":{"rendered":"<p><strong>Compos\u00e9 n\u00b019 Renaissance DEVA 30ml<\/strong><\/p>\n<p>Aide \u00e0 retrouver une paix profonde et sa pleine int\u00e9grit\u00e9 physique, mentale et \u00e9motionnelle apr\u00e8s une situation d&rsquo;\u00e9puisement total.<\/p>","protected":false},"featured_media":9945,"template":"","meta":[],"product_brand":[],"product_cat":[118,328],"product_tag":[],"class_list":{"0":"post-5877","1":"product","2":"type-product","3":"status-publish","4":"has-post-thumbnail","6":"product_cat-elixir-deva","7":"product_cat-composes-deva","9":"first","10":"instock","11":"taxable","12":"shipping-taxable","13":"purchasable","14":"product-type-simple"},"etheme_brands":{"errors":{"invalid_taxonomy":["Invalid taxonomy."]},"error_data":[]},"jetpack_sharing_enabled":true,"jetpack-related-posts":[{"id":5306,"url":"https:\/\/artstella-elixirs-floraux.com\/en\/product\/complexe-n13-maturite-deva-30ml\/","url_meta":{"origin":5877,"position":0},"title":"COMPLEXE N\u00b013 Maturit\u00e9 DEVA 30ml","author":"eveapprill","date":"9 March 2025","format":false,"excerpt":"Compos\u00e9 n\u00b013 Maturit\u00e9 DEVA 30ml Le compos\u00e9 floral DEVA MATURIT\u00c9\u00a0aide \u00e0 prendre du recul sur les exp\u00e9riences v\u00e9cues et \u00e0 d\u00e9velopper une perspective nouvelle. Pour ceux qui ont le sentiment que la vie est derri\u00e8re eux et en \u00e9prouvent de l'amertume ou de la nostalgie. Il\u00a0r\u00e9v\u00e8le le potentiel d'\u00e9panouissement et\u2026","rel":"","context":"Similar post","block_context":{"text":"Similar post","link":""},"img":{"alt_text":"","src":"https:\/\/i0.wp.com\/artstella-elixirs-floraux.com\/wp-content\/uploads\/2025\/03\/fa041476-4b01-4038-a442-c1c1379f4eb4.jpg?resize=350%2C200&ssl=1","width":350,"height":200,"srcset":"https:\/\/i0.wp.com\/artstella-elixirs-floraux.com\/wp-content\/uploads\/2025\/03\/fa041476-4b01-4038-a442-c1c1379f4eb4.jpg?resize=350%2C200&ssl=1 1x, https:\/\/i0.wp.com\/artstella-elixirs-floraux.com\/wp-content\/uploads\/2025\/03\/fa041476-4b01-4038-a442-c1c1379f4eb4.jpg?resize=525%2C300&ssl=1 1.5x, https:\/\/i0.wp.com\/artstella-elixirs-floraux.com\/wp-content\/uploads\/2025\/03\/fa041476-4b01-4038-a442-c1c1379f4eb4.jpg?resize=700%2C400&ssl=1 2x"},"classes":[]},{"id":5312,"url":"https:\/\/artstella-elixirs-floraux.com\/en\/product\/complexe-n16-consolation-deva-30ml\/","url_meta":{"origin":5877,"position":1},"title":"COMPLEXE N\u00b016 Consolation DEVA 30ml","author":"eveapprill","date":"9 March 2025","format":false,"excerpt":"COMPLEXE N\u00b016 Consolation DEVA 30ml Le compos\u00e9 floral CONSOLATIONS\u00a0apporte r\u00e9confort et paix du c\u0153ur. Il aide \u00e0 retrouver une autonomie affective et \u00e0 surmonter tristesse, confusion ou amertume. Il est recommand\u00e9 pour tous les petits deuils du quotidien et les grands deuils de la vie.","rel":"","context":"Similar post","block_context":{"text":"Similar post","link":""},"img":{"alt_text":"","src":"https:\/\/i0.wp.com\/artstella-elixirs-floraux.com\/wp-content\/uploads\/2025\/03\/2415f69e-17ad-4029-ae37-735517e5564d.jpg?resize=350%2C200&ssl=1","width":350,"height":200,"srcset":"https:\/\/i0.wp.com\/artstella-elixirs-floraux.com\/wp-content\/uploads\/2025\/03\/2415f69e-17ad-4029-ae37-735517e5564d.jpg?resize=350%2C200&ssl=1 1x, https:\/\/i0.wp.com\/artstella-elixirs-floraux.com\/wp-content\/uploads\/2025\/03\/2415f69e-17ad-4029-ae37-735517e5564d.jpg?resize=525%2C300&ssl=1 1.5x, https:\/\/i0.wp.com\/artstella-elixirs-floraux.com\/wp-content\/uploads\/2025\/03\/2415f69e-17ad-4029-ae37-735517e5564d.jpg?resize=700%2C400&ssl=1 2x"},"classes":[]},{"id":5302,"url":"https:\/\/artstella-elixirs-floraux.com\/en\/product\/complexe-n-11-emotions-de-la-petite-enfance-deva-30ml\/","url_meta":{"origin":5877,"position":2},"title":"COMPLEXE N\u00b0 11 Emotions de la Petite enfance DEVA 30ML","author":"eveapprill","date":"9 March 2025","format":false,"excerpt":"COMPLEXE N\u00b0 11\u00a0 30ml Le compos\u00e9 floral \u00c9motions de la\u00a0PETITE ENFANCE harmonise les relations avec l'environnement familial et l'ext\u00e9rieur. Il aide \u00e0 faire ses premiers pas en collectivit\u00e9 en surmontant le manque de confiance et la timidit\u00e9. Il pr\u00e9serve et encourage la cr\u00e9ativit\u00e9 artistique spontan\u00e9e.","rel":"","context":"Similar post","block_context":{"text":"Similar post","link":""},"img":{"alt_text":"","src":"https:\/\/i0.wp.com\/artstella-elixirs-floraux.com\/wp-content\/uploads\/2025\/03\/4cce1e25-f3bd-4744-9706-01bba662c2ae.jpg?resize=350%2C200&ssl=1","width":350,"height":200,"srcset":"https:\/\/i0.wp.com\/artstella-elixirs-floraux.com\/wp-content\/uploads\/2025\/03\/4cce1e25-f3bd-4744-9706-01bba662c2ae.jpg?resize=350%2C200&ssl=1 1x, https:\/\/i0.wp.com\/artstella-elixirs-floraux.com\/wp-content\/uploads\/2025\/03\/4cce1e25-f3bd-4744-9706-01bba662c2ae.jpg?resize=525%2C300&ssl=1 1.5x, https:\/\/i0.wp.com\/artstella-elixirs-floraux.com\/wp-content\/uploads\/2025\/03\/4cce1e25-f3bd-4744-9706-01bba662c2ae.jpg?resize=700%2C400&ssl=1 2x"},"classes":[]},{"id":5304,"url":"https:\/\/artstella-elixirs-floraux.com\/en\/product\/complexe-n12-emotions-de-ladolescence-deva-30ml\/","url_meta":{"origin":5877,"position":3},"title":"COMPLEXE N\u00b012 Emotions de l&rsquo;Adolescence DEVA 30ML","author":"eveapprill","date":"9 March 2025","format":false,"excerpt":"COMPLEXE N\u00b012 en 30ml Le compos\u00e9 floral \u00c9motions de l'ADOLESCENCE facilite la transition de l'enfance \u00e0 l'\u00e2ge adulte. Il aide \u00e0 surmonter l'insatisfaction et l'immaturit\u00e9. Il est\u00a0 recommand\u00e9 pour affirmer positivement son individualit\u00e9 et d\u00e9fendre ses convictions. Pour faciliter les choix de vie et d'orientation et garder son cap.","rel":"","context":"Similar post","block_context":{"text":"Similar post","link":""},"img":{"alt_text":"","src":"https:\/\/i0.wp.com\/artstella-elixirs-floraux.com\/wp-content\/uploads\/2025\/03\/a59a17e7-574b-4ee7-a37f-0dbea1df662c.jpg?resize=350%2C200&ssl=1","width":350,"height":200,"srcset":"https:\/\/i0.wp.com\/artstella-elixirs-floraux.com\/wp-content\/uploads\/2025\/03\/a59a17e7-574b-4ee7-a37f-0dbea1df662c.jpg?resize=350%2C200&ssl=1 1x, https:\/\/i0.wp.com\/artstella-elixirs-floraux.com\/wp-content\/uploads\/2025\/03\/a59a17e7-574b-4ee7-a37f-0dbea1df662c.jpg?resize=525%2C300&ssl=1 1.5x, https:\/\/i0.wp.com\/artstella-elixirs-floraux.com\/wp-content\/uploads\/2025\/03\/a59a17e7-574b-4ee7-a37f-0dbea1df662c.jpg?resize=700%2C400&ssl=1 2x"},"classes":[]},{"id":5294,"url":"https:\/\/artstella-elixirs-floraux.com\/en\/product\/complexe-n7-lacher-prise-deva-30ml\/","url_meta":{"origin":5877,"position":4},"title":"COMPLEXE N\u00b07 Lacher prise DEVA 30ML","author":"eveapprill","date":"9 March 2025","format":false,"excerpt":"Le compos\u00e9 floral n\u00b0 07 LACHER PRISE\u00a0est conseill\u00e9 aux personnes en situations de surmenage. Il apporte la capacit\u00e9\u00a0de l\u00e2cher prise et le discernement pour trouver un juste \u00e9quilibre de leurs responsabilit\u00e9s. Il donne un regain de vitalit\u00e9 pour faire face au quotidien.","rel":"","context":"Similar post","block_context":{"text":"Similar post","link":""},"img":{"alt_text":"","src":"https:\/\/i0.wp.com\/artstella-elixirs-floraux.com\/wp-content\/uploads\/2025\/03\/cf8119d9-d108-4252-b32d-6727b6e09ed1.jpg?resize=350%2C200&ssl=1","width":350,"height":200,"srcset":"https:\/\/i0.wp.com\/artstella-elixirs-floraux.com\/wp-content\/uploads\/2025\/03\/cf8119d9-d108-4252-b32d-6727b6e09ed1.jpg?resize=350%2C200&ssl=1 1x, https:\/\/i0.wp.com\/artstella-elixirs-floraux.com\/wp-content\/uploads\/2025\/03\/cf8119d9-d108-4252-b32d-6727b6e09ed1.jpg?resize=525%2C300&ssl=1 1.5x, https:\/\/i0.wp.com\/artstella-elixirs-floraux.com\/wp-content\/uploads\/2025\/03\/cf8119d9-d108-4252-b32d-6727b6e09ed1.jpg?resize=700%2C400&ssl=1 2x"},"classes":[]},{"id":5308,"url":"https:\/\/artstella-elixirs-floraux.com\/en\/product\/complexe-n14-evolution-deva-30ml\/","url_meta":{"origin":5877,"position":5},"title":"COMPLEXE N\u00b014 \u00c9volution DEVA 30ML","author":"eveapprill","date":"9 March 2025","format":false,"excerpt":"COMPLEXE N\u00b014 \u00c9volution 30ml Clart\u00e9, courage, engagement, r\u00e9solution, l\u00e2cher prise. Pour les p\u00e9riodes de changement, de transformation, de remise en question ou de transition (changement d'environnement social de carri\u00e8re, rupture, d\u00e9m\u00e9nagement)","rel":"","context":"Similar post","block_context":{"text":"Similar post","link":""},"img":{"alt_text":"Compos\u00e9s D\u00e9va","src":"https:\/\/i0.wp.com\/artstella-elixirs-floraux.com\/wp-content\/uploads\/2025\/03\/1a5f0cc3-4eec-4a3a-a231-ff3982cc3966.jpg?resize=350%2C200&ssl=1","width":350,"height":200,"srcset":"https:\/\/i0.wp.com\/artstella-elixirs-floraux.com\/wp-content\/uploads\/2025\/03\/1a5f0cc3-4eec-4a3a-a231-ff3982cc3966.jpg?resize=350%2C200&ssl=1 1x, https:\/\/i0.wp.com\/artstella-elixirs-floraux.com\/wp-content\/uploads\/2025\/03\/1a5f0cc3-4eec-4a3a-a231-ff3982cc3966.jpg?resize=525%2C300&ssl=1 1.5x, https:\/\/i0.wp.com\/artstella-elixirs-floraux.com\/wp-content\/uploads\/2025\/03\/1a5f0cc3-4eec-4a3a-a231-ff3982cc3966.jpg?resize=700%2C400&ssl=1 2x"},"classes":[]}],"_links":{"self":[{"href":"https:\/\/artstella-elixirs-floraux.com\/en\/wp-json\/wp\/v2\/product\/5877","targetHints":{"allow":["GET"]}}],"collection":[{"href":"https:\/\/artstella-elixirs-floraux.com\/en\/wp-json\/wp\/v2\/product"}],"about":[{"href":"https:\/\/artstella-elixirs-floraux.com\/en\/wp-json\/wp\/v2\/types\/product"}],"version-history":[{"count":0,"href":"https:\/\/artstella-elixirs-floraux.com\/en\/wp-json\/wp\/v2\/product\/5877\/revisions"}],"wp:featuredmedia":[{"embeddable":true,"href":"https:\/\/artstella-elixirs-floraux.com\/en\/wp-json\/wp\/v2\/media\/9945"}],"wp:attachment":[{"href":"https:\/\/artstella-elixirs-floraux.com\/en\/wp-json\/wp\/v2\/media?parent=5877"}],"wp:term":[{"taxonomy":"product_brand","embeddable":true,"href":"https:\/\/artstella-elixirs-floraux.com\/en\/wp-json\/wp\/v2\/product_brand?post=5877"},{"taxonomy":"product_cat","embeddable":true,"href":"https:\/\/artstella-elixirs-floraux.com\/en\/wp-json\/wp\/v2\/product_cat?post=5877"},{"taxonomy":"product_tag","embeddable":true,"href":"https:\/\/artstella-elixirs-floraux.com\/en\/wp-json\/wp\/v2\/product_tag?post=5877"}],"curies":[{"name":"wp","href":"https:\/\/api.w.org\/{rel}","templated":true}]}}