{"id":5882,"date":"2025-03-09T13:49:26","date_gmt":"2025-03-09T13:49:26","guid":{"rendered":"https:\/\/artstella-elixirs-floraux.com\/product\/boost-bush-30ml\/"},"modified":"2025-06-04T13:56:45","modified_gmt":"2025-06-04T13:56:45","slug":"boost-bush-30ml","status":"publish","type":"product","link":"https:\/\/artstella-elixirs-floraux.com\/en\/product\/boost-bush-30ml\/","title":{"rendered":"BOOST BUSH 30ml"},"content":{"rendered":"","protected":false},"excerpt":{"rendered":"<p><strong>Boost Compos\u00e9 du Bush Australien 30 ml<\/strong><\/p>\n<p><!-- [if gte mso 9]&gt;--><\/p>\n<p class=\"MsoNormal\" style=\"line-height: 115%;\"><span style=\"font-size: 11pt; line-height: 115%; font-family: Calibri, sans-serif; color: #202020; background: #FAFAFA;\">A \u00e9t\u00e9 sp\u00e9cialement formul\u00e9 pour soutenir et faire face aux grands changements et d\u00e9fis des temps pr\u00e9sents.<\/span> <span style=\"font-size: 11pt; line-height: 115%; font-family: Calibri, sans-serif; color: #202020; background: #FAFAFA;\">R\u00e9silience, calme et \u00e9quilibre, pour se sentir en s\u00e9curit\u00e9 et rassur\u00e9 et ancr\u00e9.<\/span><\/p>\n","protected":false},"featured_media":9947,"template":"","meta":[],"product_brand":[],"product_cat":[122],"product_tag":[],"class_list":{"0":"post-5882","1":"product","2":"type-product","3":"status-publish","4":"has-post-thumbnail","6":"product_cat-les-composes-du-bush-australien","8":"first","9":"instock","10":"taxable","11":"shipping-taxable","12":"purchasable","13":"product-type-simple"},"etheme_brands":{"errors":{"invalid_taxonomy":["Invalid taxonomy."]},"error_data":[]},"jetpack_sharing_enabled":true,"jetpack-related-posts":[{"id":4493,"url":"https:\/\/artstella-elixirs-floraux.com\/en\/product\/turkey-bush-15-ml-bush\/","url_meta":{"origin":5882,"position":0},"title":"TURKEY BUSH 15 ML BUSH","author":"eveapprill","date":"9 March 2025","format":false,"excerpt":"Turkey Bush Blocage au niveau de la cr\u00e9ativit\u00e9, ne pas croire \u00e0 ses capacit\u00e9s cr\u00e9atrices. Inspirations cr\u00e9atrices, avoir confiance dans sa propre cr\u00e9ativit\u00e9.","rel":"","context":"Similar post","block_context":{"text":"Similar post","link":""},"img":{"alt_text":"","src":"https:\/\/i0.wp.com\/artstella-elixirs-floraux.com\/wp-content\/uploads\/2025\/03\/wp-image1081.png?resize=350%2C200&ssl=1","width":350,"height":200},"classes":[]},{"id":4584,"url":"https:\/\/artstella-elixirs-floraux.com\/en\/product\/coffret-elixirs-bush-71-elixirs\/","url_meta":{"origin":5882,"position":1},"title":"COFFRET ELIXIRS BUSH 71 \u00e9lixirs","author":"eveapprill","date":"9 March 2025","format":false,"excerpt":"COFFRET \u00c9LIXIRS BUSH 71 Fl 15 ML Comprend les 71 \u00e9lixirs floraux du Bush, \u00e9tiquettes; le livret est en anglais","rel":"","context":"Similar post","block_context":{"text":"Similar post","link":""},"img":{"alt_text":"Les coffrets elixirs du Bush australien","src":"https:\/\/i0.wp.com\/artstella-elixirs-floraux.com\/wp-content\/uploads\/2025\/03\/wp-image2458.png?resize=350%2C200&ssl=1","width":350,"height":200,"srcset":"https:\/\/i0.wp.com\/artstella-elixirs-floraux.com\/wp-content\/uploads\/2025\/03\/wp-image2458.png?resize=350%2C200&ssl=1 1x, https:\/\/i0.wp.com\/artstella-elixirs-floraux.com\/wp-content\/uploads\/2025\/03\/wp-image2458.png?resize=525%2C300&ssl=1 1.5x, https:\/\/i0.wp.com\/artstella-elixirs-floraux.com\/wp-content\/uploads\/2025\/03\/wp-image2458.png?resize=700%2C400&ssl=1 2x, https:\/\/i0.wp.com\/artstella-elixirs-floraux.com\/wp-content\/uploads\/2025\/03\/wp-image2458.png?resize=1050%2C600&ssl=1 3x"},"classes":[]},{"id":2639,"url":"https:\/\/artstella-elixirs-floraux.com\/en\/product\/bush-iris-15ml\/","url_meta":{"origin":5882,"position":2},"title":"BUSH IRIS 15ml","author":"eveapprill","date":"9 March 2025","format":false,"excerpt":"BUSH IRIS\u00a0 Peur de la mort, mat\u00e9rialisme, ath\u00e9isme. Discernement spirituel, compr\u00e9hension au-del\u00e0 des choses mat\u00e9rielles et physiques.","rel":"","context":"Similar post","block_context":{"text":"Similar post","link":""},"img":{"alt_text":"","src":"https:\/\/i0.wp.com\/artstella-elixirs-floraux.com\/wp-content\/uploads\/2025\/03\/wp-image250.png?resize=350%2C200&ssl=1","width":350,"height":200},"classes":[]},{"id":2670,"url":"https:\/\/artstella-elixirs-floraux.com\/en\/product\/bush-fuchsia-15ml\/","url_meta":{"origin":5882,"position":3},"title":"BUSH FUCHSIA 15ml","author":"eveapprill","date":"9 March 2025","format":false,"excerpt":"BUSH FUSHIA\u00a0 Incapacit\u00e9 \u00e0 \u00e9quilibrer la logique et la rationalit\u00e9 avec l\u2019intuition et la cr\u00e9ativit\u00e9, ne pas \u00e9couter son intuition. Pour l\u2019int\u00e9gration des connaissances, pour \u00e9couter et suivre son intuition.","rel":"","context":"Similar post","block_context":{"text":"Similar post","link":""},"img":{"alt_text":"","src":"https:\/\/i0.wp.com\/artstella-elixirs-floraux.com\/wp-content\/uploads\/2025\/03\/wp-image248.png?resize=350%2C200&ssl=1","width":350,"height":200},"classes":[]},{"id":4592,"url":"https:\/\/artstella-elixirs-floraux.com\/en\/product\/petit-livre-bush-anglais\/","url_meta":{"origin":5882,"position":4},"title":"PETIT LIVRE BUSH en anglais","author":"eveapprill","date":"9 March 2025","format":false,"excerpt":"PETIT LIVRE BUSH en anglais Ce Livre de r\u00e9f\u00e9rence en anglais pr\u00e9sente les diff\u00e9rents \u00e9lixirs du Bush Australien. Il fait partie du coffret complet.","rel":"","context":"Similar post","block_context":{"text":"Similar post","link":""},"img":{"alt_text":"","src":"https:\/\/i0.wp.com\/artstella-elixirs-floraux.com\/wp-content\/uploads\/2025\/03\/Cheminer-avec-les-elixirs.jpg?resize=350%2C200&ssl=1","width":350,"height":200,"srcset":"https:\/\/i0.wp.com\/artstella-elixirs-floraux.com\/wp-content\/uploads\/2025\/03\/Cheminer-avec-les-elixirs.jpg?resize=350%2C200&ssl=1 1x, https:\/\/i0.wp.com\/artstella-elixirs-floraux.com\/wp-content\/uploads\/2025\/03\/Cheminer-avec-les-elixirs.jpg?resize=525%2C300&ssl=1 1.5x"},"classes":[]},{"id":4598,"url":"https:\/\/artstella-elixirs-floraux.com\/en\/product\/animal-healing-bush-essences\/","url_meta":{"origin":5882,"position":5},"title":"ANIMAL HEALING BUSH ESSENCES","author":"eveapprill","date":"9 March 2025","format":false,"excerpt":"ANIMAL HEALING BUSH ESSENCES","rel":"","context":"Similar post","block_context":{"text":"Similar post","link":""},"img":{"alt_text":"","src":"","width":0,"height":0},"classes":[]}],"_links":{"self":[{"href":"https:\/\/artstella-elixirs-floraux.com\/en\/wp-json\/wp\/v2\/product\/5882","targetHints":{"allow":["GET"]}}],"collection":[{"href":"https:\/\/artstella-elixirs-floraux.com\/en\/wp-json\/wp\/v2\/product"}],"about":[{"href":"https:\/\/artstella-elixirs-floraux.com\/en\/wp-json\/wp\/v2\/types\/product"}],"version-history":[{"count":0,"href":"https:\/\/artstella-elixirs-floraux.com\/en\/wp-json\/wp\/v2\/product\/5882\/revisions"}],"wp:featuredmedia":[{"embeddable":true,"href":"https:\/\/artstella-elixirs-floraux.com\/en\/wp-json\/wp\/v2\/media\/9947"}],"wp:attachment":[{"href":"https:\/\/artstella-elixirs-floraux.com\/en\/wp-json\/wp\/v2\/media?parent=5882"}],"wp:term":[{"taxonomy":"product_brand","embeddable":true,"href":"https:\/\/artstella-elixirs-floraux.com\/en\/wp-json\/wp\/v2\/product_brand?post=5882"},{"taxonomy":"product_cat","embeddable":true,"href":"https:\/\/artstella-elixirs-floraux.com\/en\/wp-json\/wp\/v2\/product_cat?post=5882"},{"taxonomy":"product_tag","embeddable":true,"href":"https:\/\/artstella-elixirs-floraux.com\/en\/wp-json\/wp\/v2\/product_tag?post=5882"}],"curies":[{"name":"wp","href":"https:\/\/api.w.org\/{rel}","templated":true}]}}