{"id":5892,"date":"2025-03-09T13:49:33","date_gmt":"2025-03-09T13:49:33","guid":{"rendered":"https:\/\/artstella-elixirs-floraux.com\/product\/aigremoine-15-ml-deva\/"},"modified":"2025-06-02T06:45:48","modified_gmt":"2025-06-02T06:45:48","slug":"aigremoine-15-ml-deva","status":"publish","type":"product","link":"https:\/\/artstella-elixirs-floraux.com\/en\/product\/aigremoine-15-ml-deva\/","title":{"rendered":"Aigremoine 15 ml DEVA"},"content":{"rendered":"","protected":false},"excerpt":{"rendered":"<h2><em>Aigremoine &#8211; Agrimony<\/em><span style=\"font-size:10pt\"><em> Agrimonia eupatoria<\/em><\/span><\/h2>\n<p class=\"produitsFicheCategorie\"><em>Joie int\u00e9rieure, acceptation de soi<\/em><\/p>\n<p class=\"produitsFicheCategorie\">L&rsquo;\u00e9lixir floral d&rsquo;aigremoine est recommand\u00e9 pour ceux qui cachent leurs vrais sentiments et leur inqui\u00e9tude sous un masque d&rsquo;insouciance ou derri\u00e8re une apparence joviale.<\/p>","protected":false},"featured_media":5893,"template":"","meta":[],"product_brand":[],"product_cat":[189],"product_tag":[],"class_list":{"0":"post-5892","1":"product","2":"type-product","3":"status-publish","4":"has-post-thumbnail","6":"product_cat-les-fleurs-de-bach-par-deva","8":"first","9":"instock","10":"taxable","11":"shipping-taxable","12":"purchasable","13":"product-type-simple"},"etheme_brands":{"errors":{"invalid_taxonomy":["Invalid taxonomy."]},"error_data":[]},"jetpack_sharing_enabled":true,"jetpack-related-posts":[],"_links":{"self":[{"href":"https:\/\/artstella-elixirs-floraux.com\/en\/wp-json\/wp\/v2\/product\/5892","targetHints":{"allow":["GET"]}}],"collection":[{"href":"https:\/\/artstella-elixirs-floraux.com\/en\/wp-json\/wp\/v2\/product"}],"about":[{"href":"https:\/\/artstella-elixirs-floraux.com\/en\/wp-json\/wp\/v2\/types\/product"}],"version-history":[{"count":0,"href":"https:\/\/artstella-elixirs-floraux.com\/en\/wp-json\/wp\/v2\/product\/5892\/revisions"}],"wp:featuredmedia":[{"embeddable":true,"href":"https:\/\/artstella-elixirs-floraux.com\/en\/wp-json\/wp\/v2\/media\/5893"}],"wp:attachment":[{"href":"https:\/\/artstella-elixirs-floraux.com\/en\/wp-json\/wp\/v2\/media?parent=5892"}],"wp:term":[{"taxonomy":"product_brand","embeddable":true,"href":"https:\/\/artstella-elixirs-floraux.com\/en\/wp-json\/wp\/v2\/product_brand?post=5892"},{"taxonomy":"product_cat","embeddable":true,"href":"https:\/\/artstella-elixirs-floraux.com\/en\/wp-json\/wp\/v2\/product_cat?post=5892"},{"taxonomy":"product_tag","embeddable":true,"href":"https:\/\/artstella-elixirs-floraux.com\/en\/wp-json\/wp\/v2\/product_tag?post=5892"}],"curies":[{"name":"wp","href":"https:\/\/api.w.org\/{rel}","templated":true}]}}