{"id":5906,"date":"2025-03-09T13:49:54","date_gmt":"2025-03-09T13:49:54","guid":{"rendered":"https:\/\/artstella-elixirs-floraux.com\/product\/chene-15-ml-deva\/"},"modified":"2025-06-02T06:45:47","modified_gmt":"2025-06-02T06:45:47","slug":"chene-15-ml-deva","status":"publish","type":"product","link":"https:\/\/artstella-elixirs-floraux.com\/en\/product\/chene-15-ml-deva\/","title":{"rendered":"Ch\u00eane 15 ml DEVA"},"content":{"rendered":"","protected":false},"excerpt":{"rendered":"<h2>Ch\u00eane &#8211; Oak<\/h2>\n<p class=\"produitsFicheLatin\"><em>Quercus robur<\/em><\/p>\n<p class=\"produitsFicheCategorie\"><em>Reconnaissance de ses limites, l\u00e2cher-prise<\/em><\/p>\n<p class=\"produitsFicheCategorie\">Pour r\u00e9aliser que la vie n&rsquo;est pas un combat permanent. Pour ceux qui veulent toujours assumer plus qu&rsquo;ils ne peuvent et qui s&rsquo;\u00e9puisent.<\/p>","protected":false},"featured_media":5907,"template":"","meta":[],"product_brand":[],"product_cat":[189],"product_tag":[],"class_list":{"0":"post-5906","1":"product","2":"type-product","3":"status-publish","4":"has-post-thumbnail","6":"product_cat-les-fleurs-de-bach-par-deva","8":"first","9":"instock","10":"taxable","11":"shipping-taxable","12":"purchasable","13":"product-type-simple"},"etheme_brands":{"errors":{"invalid_taxonomy":["Invalid taxonomy."]},"error_data":[]},"jetpack_sharing_enabled":true,"jetpack-related-posts":[{"id":2858,"url":"https:\/\/artstella-elixirs-floraux.com\/en\/product\/oak-15-ml-phi\/","url_meta":{"origin":5906,"position":0},"title":"OAK 15 ML PHI","author":"eveapprill","date":"9 March 2025","format":false,"excerpt":"Oak (Quercus robur) (Ch\u00eane) Permet de donner cours \u00e0 nos \u00e9motions, sans nous sentir affaiblis. Permet de tenir le coup et de nous sentir prot\u00e9g\u00e9.","rel":"","context":"Similar post","block_context":{"text":"Similar post","link":""},"img":{"alt_text":"","src":"https:\/\/i0.wp.com\/artstella-elixirs-floraux.com\/wp-content\/uploads\/2025\/03\/wp-image1089.png?resize=350%2C200&ssl=1","width":350,"height":200},"classes":[]},{"id":5294,"url":"https:\/\/artstella-elixirs-floraux.com\/en\/product\/complexe-n7-lacher-prise-deva-30ml\/","url_meta":{"origin":5906,"position":1},"title":"COMPLEXE N\u00b07 Lacher prise DEVA 30ML","author":"eveapprill","date":"9 March 2025","format":false,"excerpt":"Le compos\u00e9 floral n\u00b0 07 LACHER PRISE\u00a0est conseill\u00e9 aux personnes en situations de surmenage. Il apporte la capacit\u00e9\u00a0de l\u00e2cher prise et le discernement pour trouver un juste \u00e9quilibre de leurs responsabilit\u00e9s. Il donne un regain de vitalit\u00e9 pour faire face au quotidien.","rel":"","context":"Similar post","block_context":{"text":"Similar post","link":""},"img":{"alt_text":"","src":"https:\/\/i0.wp.com\/artstella-elixirs-floraux.com\/wp-content\/uploads\/2025\/03\/cf8119d9-d108-4252-b32d-6727b6e09ed1.jpg?resize=350%2C200&ssl=1","width":350,"height":200,"srcset":"https:\/\/i0.wp.com\/artstella-elixirs-floraux.com\/wp-content\/uploads\/2025\/03\/cf8119d9-d108-4252-b32d-6727b6e09ed1.jpg?resize=350%2C200&ssl=1 1x, https:\/\/i0.wp.com\/artstella-elixirs-floraux.com\/wp-content\/uploads\/2025\/03\/cf8119d9-d108-4252-b32d-6727b6e09ed1.jpg?resize=525%2C300&ssl=1 1.5x, https:\/\/i0.wp.com\/artstella-elixirs-floraux.com\/wp-content\/uploads\/2025\/03\/cf8119d9-d108-4252-b32d-6727b6e09ed1.jpg?resize=700%2C400&ssl=1 2x"},"classes":[]}],"_links":{"self":[{"href":"https:\/\/artstella-elixirs-floraux.com\/en\/wp-json\/wp\/v2\/product\/5906","targetHints":{"allow":["GET"]}}],"collection":[{"href":"https:\/\/artstella-elixirs-floraux.com\/en\/wp-json\/wp\/v2\/product"}],"about":[{"href":"https:\/\/artstella-elixirs-floraux.com\/en\/wp-json\/wp\/v2\/types\/product"}],"version-history":[{"count":0,"href":"https:\/\/artstella-elixirs-floraux.com\/en\/wp-json\/wp\/v2\/product\/5906\/revisions"}],"wp:featuredmedia":[{"embeddable":true,"href":"https:\/\/artstella-elixirs-floraux.com\/en\/wp-json\/wp\/v2\/media\/5907"}],"wp:attachment":[{"href":"https:\/\/artstella-elixirs-floraux.com\/en\/wp-json\/wp\/v2\/media?parent=5906"}],"wp:term":[{"taxonomy":"product_brand","embeddable":true,"href":"https:\/\/artstella-elixirs-floraux.com\/en\/wp-json\/wp\/v2\/product_brand?post=5906"},{"taxonomy":"product_cat","embeddable":true,"href":"https:\/\/artstella-elixirs-floraux.com\/en\/wp-json\/wp\/v2\/product_cat?post=5906"},{"taxonomy":"product_tag","embeddable":true,"href":"https:\/\/artstella-elixirs-floraux.com\/en\/wp-json\/wp\/v2\/product_tag?post=5906"}],"curies":[{"name":"wp","href":"https:\/\/api.w.org\/{rel}","templated":true}]}}