{"id":5908,"date":"2025-03-09T13:49:55","date_gmt":"2025-03-09T13:49:55","guid":{"rendered":"https:\/\/artstella-elixirs-floraux.com\/product\/chevrefeuille-15ml-deva\/"},"modified":"2025-06-02T06:45:47","modified_gmt":"2025-06-02T06:45:47","slug":"chevrefeuille-15ml-deva","status":"publish","type":"product","link":"https:\/\/artstella-elixirs-floraux.com\/en\/product\/chevrefeuille-15ml-deva\/","title":{"rendered":"Ch\u00e8vrefeuille 15ml DEVA"},"content":{"rendered":"","protected":false},"excerpt":{"rendered":"<h2>Ch\u00e8vrefeuille &#8211; Honeysuckle<\/h2>\n<p class=\"produitsFicheLatin\"><em>Lonicera caprifolium<\/em><\/p>\n<p class=\"produitsFicheCategorie\"><em>Agir au pr\u00e9sent<\/em><\/p>\n<p class=\"produitsFicheCategorie\">Pour vivre \u00ab\u00a0ici et maintenant\u00a0\u00bb. Pour ceux qui sont nostalgiques et qui ont souvent des regrets par rapport au pass\u00e9. Plong\u00e9s dans leurs souvenirs, ils d\u00e9sirent \u00e9chapper au pr\u00e9sent.<\/p>","protected":false},"featured_media":5909,"template":"","meta":[],"product_brand":[],"product_cat":[189],"product_tag":[],"class_list":{"0":"post-5908","1":"product","2":"type-product","3":"status-publish","4":"has-post-thumbnail","6":"product_cat-les-fleurs-de-bach-par-deva","8":"first","9":"instock","10":"taxable","11":"shipping-taxable","12":"purchasable","13":"product-type-simple"},"etheme_brands":{"errors":{"invalid_taxonomy":["Invalid taxonomy."]},"error_data":[]},"jetpack_sharing_enabled":true,"jetpack-related-posts":[{"id":3701,"url":"https:\/\/artstella-elixirs-floraux.com\/en\/product\/being-present-blue-spray\/","url_meta":{"origin":5908,"position":0},"title":"BEING PRESENT BLUE SPRAY","author":"eveapprill","date":"9 March 2025","format":false,"excerpt":"Being Present (Etre Pr\u00e9sent) Permet de se r\u00e9harmoniser apr\u00e8s un long voyage en avion (pour un effet accru utiliser \u00e9galement Being Present ou Being in time en gouttes) \u00ab\u00a0bleu\u00bb avec des huiles essentielles de Bois de Santal, Rose bulgare et lavande","rel":"","context":"Similar post","block_context":{"text":"Similar post","link":""},"img":{"alt_text":"","src":"","width":0,"height":0},"classes":[]},{"id":3479,"url":"https:\/\/artstella-elixirs-floraux.com\/en\/product\/being-present-ltoe-15-ml\/","url_meta":{"origin":5908,"position":1},"title":"BEING PRESENT LTOE 15 ML","author":"eveapprill","date":"9 March 2025","format":false,"excerpt":"Pr\u00e9sence attentive\/Being Present Compos\u00e9 de Pieds sur terre et de Harmonisation horaire, ce complexe aide \u00e0 \u00eatre totalement pr\u00e9sent l\u00e0 o\u00f9 on se trouve. Tr\u00e8s b\u00e9n\u00e9fique apr\u00e8s un long voyage, il invite toutes les parties du corps et de l\u2019esprit \u00e0 arriver \u00e0 destination. De plus, il apporte courage pour\u2026","rel":"","context":"Similar post","block_context":{"text":"Similar post","link":""},"img":{"alt_text":"","src":"https:\/\/i0.wp.com\/artstella-elixirs-floraux.com\/wp-content\/uploads\/2025\/03\/3f568360-2413-47a3-8175-c6c4ab682b96.jpg?resize=350%2C200&ssl=1","width":350,"height":200,"srcset":"https:\/\/i0.wp.com\/artstella-elixirs-floraux.com\/wp-content\/uploads\/2025\/03\/3f568360-2413-47a3-8175-c6c4ab682b96.jpg?resize=350%2C200&ssl=1 1x, https:\/\/i0.wp.com\/artstella-elixirs-floraux.com\/wp-content\/uploads\/2025\/03\/3f568360-2413-47a3-8175-c6c4ab682b96.jpg?resize=525%2C300&ssl=1 1.5x, https:\/\/i0.wp.com\/artstella-elixirs-floraux.com\/wp-content\/uploads\/2025\/03\/3f568360-2413-47a3-8175-c6c4ab682b96.jpg?resize=700%2C400&ssl=1 2x"},"classes":[]},{"id":2166,"url":"https:\/\/artstella-elixirs-floraux.com\/en\/product\/green-bells-of-ireland-alaskan\/","url_meta":{"origin":5908,"position":2},"title":"Green bells of Ireland Alaskan","author":"eveapprill","date":"9 March 2025","format":false,"excerpt":"Green bells of Ireland. Molucella laevis D\u00e9racin\u00e9 ; manque de connexion avec la nature, inconscience de la lumi\u00e8re et de l'intelligence pr\u00e9sentes dans la nature.","rel":"","context":"Similar post","block_context":{"text":"Similar post","link":""},"img":{"alt_text":"","src":"https:\/\/i0.wp.com\/artstella-elixirs-floraux.com\/wp-content\/uploads\/2025\/03\/wp-image537.png?resize=350%2C200&ssl=1","width":350,"height":200},"classes":[]},{"id":5364,"url":"https:\/\/artstella-elixirs-floraux.com\/en\/product\/cartes-des-fleurs-de-bach\/","url_meta":{"origin":5908,"position":3},"title":"Cartes des fleurs de Bach","author":"eveapprill","date":"9 March 2025","format":false,"excerpt":"Ce jeu de cartes est un outil de d\u00e9couverte et de s\u00e9lection intuitive et efficace des fleurs du Dr Bach. Format des cartes : 70 mm x 100 mm","rel":"","context":"Similar post","block_context":{"text":"Similar post","link":""},"img":{"alt_text":"","src":"https:\/\/i0.wp.com\/artstella-elixirs-floraux.com\/wp-content\/uploads\/2025\/03\/wp-image1649.png?resize=350%2C200&ssl=1","width":350,"height":200},"classes":[]},{"id":2359,"url":"https:\/\/artstella-elixirs-floraux.com\/en\/product\/yarrow-alaskan\/","url_meta":{"origin":5908,"position":4},"title":"Yarrow Alaskan","author":"eveapprill","date":"9 March 2025","format":false,"excerpt":"Yarrow. Achillea borealis. Achill\u00e9e Hypersensibilit\u00e9 \u00e0 l'environnement ; recherche la protection \u00e0 l'ext\u00e9rieur, int\u00e9grit\u00e9 de l'aura atteinte par un accident ou un traumatisme pass\u00e9 ou pr\u00e9sent.","rel":"","context":"Similar post","block_context":{"text":"Similar post","link":""},"img":{"alt_text":"","src":"https:\/\/i0.wp.com\/artstella-elixirs-floraux.com\/wp-content\/uploads\/2025\/03\/wp-image603.png?resize=350%2C200&ssl=1","width":350,"height":200},"classes":[]},{"id":4908,"url":"https:\/\/artstella-elixirs-floraux.com\/en\/product\/devils-club-alaskan-f-sup\/","url_meta":{"origin":5908,"position":5},"title":"DEVIL&rsquo;S CLUB ALASKAN F SUP","author":"eveapprill","date":"9 March 2025","format":false,"excerpt":"DEVIL'S CLUB Indications : pauvres limites \u00e9nergiques ; conflits territoriaux ; se sentir comme il n'y a pas assez de place pour \u00eatre pleinement pr\u00e9sent ; d\u00e9finition de son espace personnel est une lutte constante.","rel":"","context":"Similar post","block_context":{"text":"Similar post","link":""},"img":{"alt_text":"","src":"https:\/\/i0.wp.com\/artstella-elixirs-floraux.com\/wp-content\/uploads\/2025\/03\/wp-image1382.png?resize=350%2C200&ssl=1","width":350,"height":200},"classes":[]}],"_links":{"self":[{"href":"https:\/\/artstella-elixirs-floraux.com\/en\/wp-json\/wp\/v2\/product\/5908","targetHints":{"allow":["GET"]}}],"collection":[{"href":"https:\/\/artstella-elixirs-floraux.com\/en\/wp-json\/wp\/v2\/product"}],"about":[{"href":"https:\/\/artstella-elixirs-floraux.com\/en\/wp-json\/wp\/v2\/types\/product"}],"version-history":[{"count":0,"href":"https:\/\/artstella-elixirs-floraux.com\/en\/wp-json\/wp\/v2\/product\/5908\/revisions"}],"wp:featuredmedia":[{"embeddable":true,"href":"https:\/\/artstella-elixirs-floraux.com\/en\/wp-json\/wp\/v2\/media\/5909"}],"wp:attachment":[{"href":"https:\/\/artstella-elixirs-floraux.com\/en\/wp-json\/wp\/v2\/media?parent=5908"}],"wp:term":[{"taxonomy":"product_brand","embeddable":true,"href":"https:\/\/artstella-elixirs-floraux.com\/en\/wp-json\/wp\/v2\/product_brand?post=5908"},{"taxonomy":"product_cat","embeddable":true,"href":"https:\/\/artstella-elixirs-floraux.com\/en\/wp-json\/wp\/v2\/product_cat?post=5908"},{"taxonomy":"product_tag","embeddable":true,"href":"https:\/\/artstella-elixirs-floraux.com\/en\/wp-json\/wp\/v2\/product_tag?post=5908"}],"curies":[{"name":"wp","href":"https:\/\/api.w.org\/{rel}","templated":true}]}}