{"id":5910,"date":"2025-03-09T13:49:56","date_gmt":"2025-03-09T13:49:56","guid":{"rendered":"https:\/\/artstella-elixirs-floraux.com\/product\/chicoree-15ml-deva\/"},"modified":"2025-06-02T06:45:47","modified_gmt":"2025-06-02T06:45:47","slug":"chicoree-15ml-deva","status":"publish","type":"product","link":"https:\/\/artstella-elixirs-floraux.com\/en\/product\/chicoree-15ml-deva\/","title":{"rendered":"Chicor\u00e9e 15ml DEVA"},"content":{"rendered":"","protected":false},"excerpt":{"rendered":"<h2>Chicor\u00e9e &#8211; Chicory<\/h2>\n<p class=\"produitsFicheLatin\"><em>Cichorium intybus<\/em><\/p>\n<p class=\"produitsFicheCategorie\"><em>Amour d\u00e9sint\u00e9ress\u00e9<\/em><\/p>\n<p class=\"produitsFicheCategorie\"><em>Pour ceux qui sont trop possessifs, \u00e9go\u00efstes, qui ont besoin de contr\u00f4ler ou de diriger ceux qui les entourent. Pour les enfants qui ont une demande d&rsquo;attention permanente.<\/em><\/p>","protected":false},"featured_media":5911,"template":"","meta":[],"product_brand":[],"product_cat":[189],"product_tag":[],"class_list":{"0":"post-5910","1":"product","2":"type-product","3":"status-publish","4":"has-post-thumbnail","6":"product_cat-les-fleurs-de-bach-par-deva","8":"first","9":"instock","10":"taxable","11":"shipping-taxable","12":"purchasable","13":"product-type-simple"},"etheme_brands":{"errors":{"invalid_taxonomy":["Invalid taxonomy."]},"error_data":[]},"jetpack_sharing_enabled":true,"jetpack-related-posts":[{"id":2820,"url":"https:\/\/artstella-elixirs-floraux.com\/en\/product\/chicory-phi-15-ml\/","url_meta":{"origin":5910,"position":0},"title":"CHICORY PHI 15 ML","author":"eveapprill","date":"9 March 2025","format":false,"excerpt":"Chicory (Cichorium intybus) (Chicor\u00e9e) Nous lib\u00e8re des attentes envers les autres. Pour l'amour vrai qui sait donner et recevoir.","rel":"","context":"Similar post","block_context":{"text":"Similar post","link":""},"img":{"alt_text":"","src":"https:\/\/i0.wp.com\/artstella-elixirs-floraux.com\/wp-content\/uploads\/2025\/03\/wp-image340.png?resize=350%2C200&ssl=1","width":350,"height":200},"classes":[]},{"id":5898,"url":"https:\/\/artstella-elixirs-floraux.com\/en\/product\/bruyere-15ml-deva\/","url_meta":{"origin":5910,"position":1},"title":"Bruy\u00e8re 15ml DEVA","author":"eveapprill","date":"9 March 2025","format":false,"excerpt":"Bruy\u00e8re - Heather Calluna vulgaris Tranquillit\u00e9, \u00e9coute Pour ceux qui sont uniquement concern\u00e9s par leur vie et par leurs probl\u00e8mes et qui ont constamment besoin de l'attention d'autrui. Ils ne portent pas d'int\u00e9r\u00eat \u00e0 ceux qui les entourent et ne savent pas \u00e9couter.","rel":"","context":"Similar post","block_context":{"text":"Similar post","link":""},"img":{"alt_text":"","src":"","width":0,"height":0},"classes":[]},{"id":2747,"url":"https:\/\/artstella-elixirs-floraux.com\/en\/product\/travel-voyage-bush-30-ml\/","url_meta":{"origin":5910,"position":2},"title":"TRAVEL Voyage BUSH 30 ml","author":"eveapprill","date":"9 March 2025","format":false,"excerpt":"Travel -\u00a0Voyage Recommand\u00e9 \u00e0 tous ceux qui partent en voyage et tout particuli\u00e8rement \u00e0 ceux qui voyagent en avion. Limite les effets du mal des transports (mer, air, fer, route).","rel":"","context":"Similar post","block_context":{"text":"Similar post","link":""},"img":{"alt_text":"","src":"https:\/\/i0.wp.com\/artstella-elixirs-floraux.com\/wp-content\/uploads\/2025\/03\/797b8093-234c-413f-994e-c16f863422b6.jpg?resize=350%2C200&ssl=1","width":350,"height":200,"srcset":"https:\/\/i0.wp.com\/artstella-elixirs-floraux.com\/wp-content\/uploads\/2025\/03\/797b8093-234c-413f-994e-c16f863422b6.jpg?resize=350%2C200&ssl=1 1x, https:\/\/i0.wp.com\/artstella-elixirs-floraux.com\/wp-content\/uploads\/2025\/03\/797b8093-234c-413f-994e-c16f863422b6.jpg?resize=525%2C300&ssl=1 1.5x, https:\/\/i0.wp.com\/artstella-elixirs-floraux.com\/wp-content\/uploads\/2025\/03\/797b8093-234c-413f-994e-c16f863422b6.jpg?resize=700%2C400&ssl=1 2x"},"classes":[]},{"id":5649,"url":"https:\/\/artstella-elixirs-floraux.com\/en\/product\/calendula-10-ml\/","url_meta":{"origin":5910,"position":3},"title":"Calendula 10 ml","author":"eveapprill","date":"9 March 2025","format":false,"excerpt":"Calendula R\u00e9ceptivit\u00e9, cordialit\u00e9. Pour ceux qui \u00e9coutent superficiellement. Pour ceux qui sont souvent \u00abblessants\u00bb dans leur langage, qui injurient facilement les autres ou qui ont tendance \u00e0 argumenter en permanence.","rel":"","context":"Similar post","block_context":{"text":"Similar post","link":""},"img":{"alt_text":"","src":"https:\/\/i0.wp.com\/artstella-elixirs-floraux.com\/wp-content\/uploads\/2025\/03\/wp-image2382.png?resize=350%2C200&ssl=1","width":350,"height":200},"classes":[]},{"id":6394,"url":"https:\/\/artstella-elixirs-floraux.com\/en\/product\/libertad-30-ml-sylfos\/","url_meta":{"origin":5910,"position":4},"title":"LIBERTAD 30 ml Sylfos","author":"eveapprill","date":"9 March 2025","format":false,"excerpt":"LIBERTAD 30 ml Sylfos Pour ceux qui souhaitent surmonter les diverses d\u00e9pendances. Elle aide \u00e0 la d\u00e9sintoxication psychophysique, en particulier lorsque des substances nocives pour la sant\u00e9 ont \u00e9t\u00e9 consomm\u00e9es de mani\u00e8re excessive. Elle remet de l'ordre l\u00e0 o\u00f9 existaient des comportements compulsifs et autodestructeurs, et aide ceux qui le\u2026","rel":"","context":"Similar post","block_context":{"text":"Similar post","link":""},"img":{"alt_text":"","src":"https:\/\/i0.wp.com\/artstella-elixirs-floraux.com\/wp-content\/uploads\/2025\/03\/937bb8d6-05da-4553-a4f4-cc7d91c6bf3f.webp?resize=350%2C200&ssl=1","width":350,"height":200,"srcset":"https:\/\/i0.wp.com\/artstella-elixirs-floraux.com\/wp-content\/uploads\/2025\/03\/937bb8d6-05da-4553-a4f4-cc7d91c6bf3f.webp?resize=350%2C200&ssl=1 1x, https:\/\/i0.wp.com\/artstella-elixirs-floraux.com\/wp-content\/uploads\/2025\/03\/937bb8d6-05da-4553-a4f4-cc7d91c6bf3f.webp?resize=525%2C300&ssl=1 1.5x, https:\/\/i0.wp.com\/artstella-elixirs-floraux.com\/wp-content\/uploads\/2025\/03\/937bb8d6-05da-4553-a4f4-cc7d91c6bf3f.webp?resize=700%2C400&ssl=1 2x"},"classes":[]},{"id":5007,"url":"https:\/\/artstella-elixirs-floraux.com\/en\/product\/stinging-nettle-alaskan-f-sup\/","url_meta":{"origin":5910,"position":5},"title":"STINGING NETTLE ALASKAN F SUP","author":"eveapprill","date":"9 March 2025","format":false,"excerpt":"Stinging Nettle Urtica gracilis Ortie Indications\u00a0: sur la d\u00e9fensive en raison de traumatismes non r\u00e9solus\u00a0; en col\u00e8re, contrari\u00e9\u00a0; d\u00e9connect\u00e9 quand il y a beaucoup \u00e0 faire.","rel":"","context":"Similar post","block_context":{"text":"Similar post","link":""},"img":{"alt_text":"","src":"","width":0,"height":0},"classes":[]}],"_links":{"self":[{"href":"https:\/\/artstella-elixirs-floraux.com\/en\/wp-json\/wp\/v2\/product\/5910","targetHints":{"allow":["GET"]}}],"collection":[{"href":"https:\/\/artstella-elixirs-floraux.com\/en\/wp-json\/wp\/v2\/product"}],"about":[{"href":"https:\/\/artstella-elixirs-floraux.com\/en\/wp-json\/wp\/v2\/types\/product"}],"version-history":[{"count":0,"href":"https:\/\/artstella-elixirs-floraux.com\/en\/wp-json\/wp\/v2\/product\/5910\/revisions"}],"wp:featuredmedia":[{"embeddable":true,"href":"https:\/\/artstella-elixirs-floraux.com\/en\/wp-json\/wp\/v2\/media\/5911"}],"wp:attachment":[{"href":"https:\/\/artstella-elixirs-floraux.com\/en\/wp-json\/wp\/v2\/media?parent=5910"}],"wp:term":[{"taxonomy":"product_brand","embeddable":true,"href":"https:\/\/artstella-elixirs-floraux.com\/en\/wp-json\/wp\/v2\/product_brand?post=5910"},{"taxonomy":"product_cat","embeddable":true,"href":"https:\/\/artstella-elixirs-floraux.com\/en\/wp-json\/wp\/v2\/product_cat?post=5910"},{"taxonomy":"product_tag","embeddable":true,"href":"https:\/\/artstella-elixirs-floraux.com\/en\/wp-json\/wp\/v2\/product_tag?post=5910"}],"curies":[{"name":"wp","href":"https:\/\/api.w.org\/{rel}","templated":true}]}}