{"id":5914,"date":"2025-03-09T13:50:00","date_gmt":"2025-03-09T13:50:00","guid":{"rendered":"https:\/\/artstella-elixirs-floraux.com\/product\/eau-de-roche-10ml-deva\/"},"modified":"2025-06-02T06:45:47","modified_gmt":"2025-06-02T06:45:47","slug":"eau-de-roche-10ml-deva","status":"publish","type":"product","link":"https:\/\/artstella-elixirs-floraux.com\/en\/product\/eau-de-roche-10ml-deva\/","title":{"rendered":"Eau de roche 10ml DEVA"},"content":{"rendered":"","protected":false},"excerpt":{"rendered":"<h2>Eau de roche &#8211; Rock water<\/h2>\n<p class=\"produitsFicheCategorie\"><em>Compr\u00e9hension, largesse d\u2019esprit<\/em><\/p>\n<p class=\"produitsFicheCategorie\">Pour les personnes tr\u00e8s strictes, au caract\u00e8re rigide et rigoureux, qui se privent et se r\u00e9priment. Avides de perfection, souvent d&rsquo;une strict moralit\u00e9, elles ont tendance \u00e0 \u00eatre id\u00e9alistes et peuvent souffrir d&rsquo;une discipline trop rigoureuse.<\/p>","protected":false},"featured_media":5915,"template":"","meta":[],"product_brand":[],"product_cat":[189],"product_tag":[],"class_list":{"0":"post-5914","1":"product","2":"type-product","3":"status-publish","4":"has-post-thumbnail","6":"product_cat-les-fleurs-de-bach-par-deva","8":"first","9":"instock","10":"taxable","11":"shipping-taxable","12":"purchasable","13":"product-type-simple"},"etheme_brands":{"errors":{"invalid_taxonomy":["Invalid taxonomy."]},"error_data":[]},"jetpack_sharing_enabled":true,"jetpack-related-posts":[{"id":2402,"url":"https:\/\/artstella-elixirs-floraux.com\/en\/product\/rock-springs\/","url_meta":{"origin":5914,"position":0},"title":"ROCK SPRINGS &#8211; Source d&rsquo;eau de roche","author":"eveapprill","date":"9 March 2025","format":false,"excerpt":"ROCK SPRING. SOURCE D'EAU DE ROCHE Cet \u00e9lixir a \u00e9t\u00e9 pr\u00e9par\u00e9 \u00e0 partir d\u2019une source jaillissant dans les hauteurs de la montagne Talkeetna, dans le centre-sud de l\u2019Alaska. L\u2019eau de cette source \u00e9merge du centre d\u2019un rocher escarp\u00e9 et plonge en cascade dans un bassin. \u00ab\u00a0Rock spring\u00a0\u00bb est un \u00e9lixir\u2026","rel":"","context":"Similar post","block_context":{"text":"Similar post","link":""},"img":{"alt_text":"","src":"https:\/\/i0.wp.com\/artstella-elixirs-floraux.com\/wp-content\/uploads\/2025\/03\/Rock-Spring-1.jpg?resize=350%2C200&ssl=1","width":350,"height":200},"classes":[]},{"id":2928,"url":"https:\/\/artstella-elixirs-floraux.com\/en\/product\/cristal-de-roche-15-ml-phi\/","url_meta":{"origin":5914,"position":1},"title":"CRISTAL DE ROCHE 15 ML PHI","author":"eveapprill","date":"9 March 2025","format":false,"excerpt":"Cristal de roche (quartz incolore) (Bergkristal) A une action purifiante, d\u00e9sintoxicante sur le plan psychique. Il renforce la protection de l'aura.","rel":"","context":"Similar post","block_context":{"text":"Similar post","link":""},"img":{"alt_text":"","src":"https:\/\/i0.wp.com\/artstella-elixirs-floraux.com\/wp-content\/uploads\/2025\/03\/wp-image296.png?resize=350%2C200&ssl=1","width":350,"height":200},"classes":[]},{"id":2874,"url":"https:\/\/artstella-elixirs-floraux.com\/en\/product\/rock-water-15ml-phi\/","url_meta":{"origin":5914,"position":2},"title":"ROCK WATER 15ML PHI","author":"eveapprill","date":"9 March 2025","format":false,"excerpt":"Rock water (Aqua petra) (Eau de roche)\u00a0 Pour nous lib\u00e9rer de comportements rigides et d\u00e9pass\u00e9s. Pour retrouver le courant du fleuve de la vie.","rel":"","context":"Similar post","block_context":{"text":"Similar post","link":""},"img":{"alt_text":"","src":"https:\/\/i0.wp.com\/artstella-elixirs-floraux.com\/wp-content\/uploads\/2025\/03\/wp-image1094.png?resize=350%2C200&ssl=1","width":350,"height":200},"classes":[]},{"id":4542,"url":"https:\/\/artstella-elixirs-floraux.com\/en\/product\/coffret-pierres-precieuses-15-ml\/","url_meta":{"origin":5914,"position":3},"title":"COFFRET PIERRES PRECIEUSES 15 ML","author":"eveapprill","date":"9 March 2025","format":false,"excerpt":"\u00a0Les 20 \u00e9lixirs de pierres pr\u00e9cieuses Les pierres pr\u00e9cieuses sont un cadeau de la terre. Durant des millions d\u2019ann\u00e9es, elles se sont form\u00e9es en son sein jusqu\u2019\u00e0 ce que les hommes les d\u00e9couvrent et les mettent \u00e0 la lumi\u00e8re.","rel":"","context":"Similar post","block_context":{"text":"Similar post","link":""},"img":{"alt_text":"","src":"https:\/\/i0.wp.com\/artstella-elixirs-floraux.com\/wp-content\/uploads\/2025\/03\/wp-image1169.png?resize=350%2C200&ssl=1","width":350,"height":200,"srcset":"https:\/\/i0.wp.com\/artstella-elixirs-floraux.com\/wp-content\/uploads\/2025\/03\/wp-image1169.png?resize=350%2C200&ssl=1 1x, https:\/\/i0.wp.com\/artstella-elixirs-floraux.com\/wp-content\/uploads\/2025\/03\/wp-image1169.png?resize=525%2C300&ssl=1 1.5x, https:\/\/i0.wp.com\/artstella-elixirs-floraux.com\/wp-content\/uploads\/2025\/03\/wp-image1169.png?resize=700%2C400&ssl=1 2x"},"classes":[]},{"id":6093,"url":"https:\/\/artstella-elixirs-floraux.com\/en\/product\/collier-mammendorf-phi\/","url_meta":{"origin":5914,"position":4},"title":"COLLIER \u00ab\u00a0MAMMENDORF\u00a0\u00bb PHI","author":"eveapprill","date":"9 March 2025","format":false,"excerpt":"\u00a0 Le cercle de bl\u00e9 \"Mammendorf\"\u00a0 montre la perfection du nombre PHI de la g\u00e9om\u00e9trie sacr\u00e9 : le souvenir du lien de toute vie avec le divin. Cet \u00e9lixir r\u00e9g\u00e9n\u00e8re \u00e9nerg\u00e9tiquement l\u2019information dans son \u00e9tat originel. L\u2019\u00eatre humain peut se recentrer \u00e9nerg\u00e9tiquement. Avec un\u00a0 cristal de roche. plaqu\u00e9 or 24\u2026","rel":"","context":"Similar post","block_context":{"text":"Similar post","link":""},"img":{"alt_text":"","src":"https:\/\/i0.wp.com\/artstella-elixirs-floraux.com\/wp-content\/uploads\/2025\/03\/wp-image2128.png?resize=350%2C200&ssl=1","width":350,"height":200,"srcset":"https:\/\/i0.wp.com\/artstella-elixirs-floraux.com\/wp-content\/uploads\/2025\/03\/wp-image2128.png?resize=350%2C200&ssl=1 1x, https:\/\/i0.wp.com\/artstella-elixirs-floraux.com\/wp-content\/uploads\/2025\/03\/wp-image2128.png?resize=525%2C300&ssl=1 1.5x, https:\/\/i0.wp.com\/artstella-elixirs-floraux.com\/wp-content\/uploads\/2025\/03\/wp-image2128.png?resize=700%2C400&ssl=1 2x"},"classes":[]},{"id":5680,"url":"https:\/\/artstella-elixirs-floraux.com\/en\/product\/epicea-10-ml-deva\/","url_meta":{"origin":5914,"position":5},"title":"Epic\u00e9a 10 ml DEVA","author":"eveapprill","date":"9 March 2025","format":false,"excerpt":"L'\u00e9lixir floral d'Epic\u00e9a d\u00e9veloppe la sensibilit\u00e9 et la compassion. Il Apporte cordialit\u00e9, droiture et perfection sans duret\u00e9 ni rigidit\u00e9. Il est conseill\u00e9 \u00e0 ceux qui sont rigoureux, froid, aust\u00e8res, \u00e0 la recherche d'un id\u00e9al de perfection mais qui n'acceptent pas les compromis et qui refusent de se remettre en cause.","rel":"","context":"Similar post","block_context":{"text":"Similar post","link":""},"img":{"alt_text":"","src":"https:\/\/i0.wp.com\/artstella-elixirs-floraux.com\/wp-content\/uploads\/2025\/03\/wp-image2397.png?resize=350%2C200&ssl=1","width":350,"height":200},"classes":[]}],"_links":{"self":[{"href":"https:\/\/artstella-elixirs-floraux.com\/en\/wp-json\/wp\/v2\/product\/5914","targetHints":{"allow":["GET"]}}],"collection":[{"href":"https:\/\/artstella-elixirs-floraux.com\/en\/wp-json\/wp\/v2\/product"}],"about":[{"href":"https:\/\/artstella-elixirs-floraux.com\/en\/wp-json\/wp\/v2\/types\/product"}],"version-history":[{"count":0,"href":"https:\/\/artstella-elixirs-floraux.com\/en\/wp-json\/wp\/v2\/product\/5914\/revisions"}],"wp:featuredmedia":[{"embeddable":true,"href":"https:\/\/artstella-elixirs-floraux.com\/en\/wp-json\/wp\/v2\/media\/5915"}],"wp:attachment":[{"href":"https:\/\/artstella-elixirs-floraux.com\/en\/wp-json\/wp\/v2\/media?parent=5914"}],"wp:term":[{"taxonomy":"product_brand","embeddable":true,"href":"https:\/\/artstella-elixirs-floraux.com\/en\/wp-json\/wp\/v2\/product_brand?post=5914"},{"taxonomy":"product_cat","embeddable":true,"href":"https:\/\/artstella-elixirs-floraux.com\/en\/wp-json\/wp\/v2\/product_cat?post=5914"},{"taxonomy":"product_tag","embeddable":true,"href":"https:\/\/artstella-elixirs-floraux.com\/en\/wp-json\/wp\/v2\/product_tag?post=5914"}],"curies":[{"name":"wp","href":"https:\/\/api.w.org\/{rel}","templated":true}]}}