{"id":5918,"date":"2025-03-09T13:50:03","date_gmt":"2025-03-09T13:50:03","guid":{"rendered":"https:\/\/artstella-elixirs-floraux.com\/product\/etoile-de-bethleem-15ml-deva\/"},"modified":"2025-06-02T06:45:47","modified_gmt":"2025-06-02T06:45:47","slug":"etoile-de-bethleem-15ml-deva","status":"publish","type":"product","link":"https:\/\/artstella-elixirs-floraux.com\/en\/product\/etoile-de-bethleem-15ml-deva\/","title":{"rendered":"Etoile de Bethl\u00e9em 15ml DEVA"},"content":{"rendered":"","protected":false},"excerpt":{"rendered":"<h2>\u00c9toile de Bethl\u00e9em &#8211; Star of Bethlehem<\/h2>\n<p class=\"produitsFicheLatin\"><em>Ornithogalum umbellatum<\/em><\/p>\n<p class=\"produitsFicheCategorie\"><em>Paix, r\u00e9confort<\/em><\/p>\n<p class=\"produitsFicheCategorie\">L&rsquo;\u00e9lixir floral \u00e9toile de Bethl\u00e9em apaise et calme apr\u00e8s un choc, une \u00e9preuve ou une mauvaise nouvelle. Neutralise les effets de tout choc pass\u00e9 ou pr\u00e9sent, aussi bien sur le plan mental que sur le plan \u00e9motionnel.<\/p>","protected":false},"featured_media":5919,"template":"","meta":[],"product_brand":[],"product_cat":[189],"product_tag":[],"class_list":{"0":"post-5918","1":"product","2":"type-product","3":"status-publish","4":"has-post-thumbnail","6":"product_cat-les-fleurs-de-bach-par-deva","8":"first","9":"instock","10":"taxable","11":"shipping-taxable","12":"purchasable","13":"product-type-simple"},"etheme_brands":{"errors":{"invalid_taxonomy":["Invalid taxonomy."]},"error_data":[]},"jetpack_sharing_enabled":true,"jetpack-related-posts":[{"id":2880,"url":"https:\/\/artstella-elixirs-floraux.com\/en\/product\/star-of-bethlehem-15ml-phi\/","url_meta":{"origin":5918,"position":0},"title":"STAR OF BETHLEHEM 15ML PHI","author":"eveapprill","date":"9 March 2025","format":false,"excerpt":"Star of Bethl\u00e9em (Orithogalum umbellatum) (Dame de onze heures ou Etoile de Bethl\u00e9em) Aide \u00e0 surmonter les \u00e9tats de chocs, m\u00eame si ceux-ci sont d\u00e9j\u00e0 anciens.","rel":"","context":"Similar post","block_context":{"text":"Similar post","link":""},"img":{"alt_text":"","src":"https:\/\/i0.wp.com\/artstella-elixirs-floraux.com\/wp-content\/uploads\/2025\/03\/wp-image1096.png?resize=350%2C200&ssl=1","width":350,"height":200},"classes":[]},{"id":5327,"url":"https:\/\/artstella-elixirs-floraux.com\/en\/product\/creme-assistance\/","url_meta":{"origin":5918,"position":1},"title":"cr\u00e8me \u00ab\u00a0Assistance\u00a0\u00bb","author":"eveapprill","date":"9 March 2025","format":false,"excerpt":"La cr\u00e8me ASSISTANCE soutient l'organisme durant les situations de crise et aide \u00e0 surmonter tout \u00e9v\u00e9nement stressant. La cr\u00e8me ASSISTANCE est une pr\u00e9paration essentielle de premier soin pour la peau, qui aide \u00e0 surmonter les petits chocs de la vie quotidienne.","rel":"","context":"Similar post","block_context":{"text":"Similar post","link":""},"img":{"alt_text":"","src":"https:\/\/i0.wp.com\/artstella-elixirs-floraux.com\/wp-content\/uploads\/2025\/03\/wp-image1599.png?resize=350%2C200&ssl=1","width":350,"height":200},"classes":[]},{"id":5312,"url":"https:\/\/artstella-elixirs-floraux.com\/en\/product\/complexe-n16-consolation-deva-30ml\/","url_meta":{"origin":5918,"position":2},"title":"COMPLEXE N\u00b016 Consolation DEVA 30ml","author":"eveapprill","date":"9 March 2025","format":false,"excerpt":"COMPLEXE N\u00b016 Consolation DEVA 30ml Le compos\u00e9 floral CONSOLATIONS\u00a0apporte r\u00e9confort et paix du c\u0153ur. Il aide \u00e0 retrouver une autonomie affective et \u00e0 surmonter tristesse, confusion ou amertume. Il est recommand\u00e9 pour tous les petits deuils du quotidien et les grands deuils de la vie.","rel":"","context":"Similar post","block_context":{"text":"Similar post","link":""},"img":{"alt_text":"","src":"https:\/\/i0.wp.com\/artstella-elixirs-floraux.com\/wp-content\/uploads\/2025\/03\/2415f69e-17ad-4029-ae37-735517e5564d.jpg?resize=350%2C200&ssl=1","width":350,"height":200,"srcset":"https:\/\/i0.wp.com\/artstella-elixirs-floraux.com\/wp-content\/uploads\/2025\/03\/2415f69e-17ad-4029-ae37-735517e5564d.jpg?resize=350%2C200&ssl=1 1x, https:\/\/i0.wp.com\/artstella-elixirs-floraux.com\/wp-content\/uploads\/2025\/03\/2415f69e-17ad-4029-ae37-735517e5564d.jpg?resize=525%2C300&ssl=1 1.5x, https:\/\/i0.wp.com\/artstella-elixirs-floraux.com\/wp-content\/uploads\/2025\/03\/2415f69e-17ad-4029-ae37-735517e5564d.jpg?resize=700%2C400&ssl=1 2x"},"classes":[]},{"id":5277,"url":"https:\/\/artstella-elixirs-floraux.com\/en\/product\/complexe-n1-assistance-deva-30ml\/","url_meta":{"origin":5918,"position":3},"title":"COMPLEXE N\u00b01 Assistance DEVA 30ml","author":"eveapprill","date":"9 March 2025","format":false,"excerpt":"COMPLEXE N\u00b01 Assistance est \u00e0 utiliser dans toutes les situations d\u2019urgence \u00e9motionnelle et de grande tension, avant tout \u00e9v\u00e9nement \u00e9prouvant pour garder son sang-froid : nouvelle inattendue, entretien d\u2019embauche, RDV chez le dentiste, trac\u2026","rel":"","context":"Similar post","block_context":{"text":"Similar post","link":""},"img":{"alt_text":"","src":"https:\/\/i0.wp.com\/artstella-elixirs-floraux.com\/wp-content\/uploads\/2025\/03\/be12ebcd-d68e-4f7c-8884-27cd0590f062.jpg?resize=350%2C200&ssl=1","width":350,"height":200,"srcset":"https:\/\/i0.wp.com\/artstella-elixirs-floraux.com\/wp-content\/uploads\/2025\/03\/be12ebcd-d68e-4f7c-8884-27cd0590f062.jpg?resize=350%2C200&ssl=1 1x, https:\/\/i0.wp.com\/artstella-elixirs-floraux.com\/wp-content\/uploads\/2025\/03\/be12ebcd-d68e-4f7c-8884-27cd0590f062.jpg?resize=525%2C300&ssl=1 1.5x, https:\/\/i0.wp.com\/artstella-elixirs-floraux.com\/wp-content\/uploads\/2025\/03\/be12ebcd-d68e-4f7c-8884-27cd0590f062.jpg?resize=700%2C400&ssl=1 2x"},"classes":[]},{"id":2910,"url":"https:\/\/artstella-elixirs-floraux.com\/en\/product\/rq5-phi-15-ml\/","url_meta":{"origin":5918,"position":4},"title":"RQ5 PHI 15 ML","author":"eveapprill","date":"9 March 2025","format":false,"excerpt":"RQ5 - Rem\u00e8de d\u2019urgence aux cinq fleurs Est compos\u00e9 de Cherry plum, Clematis, Impatiens, Rock Rose, Star of Bethl\u00e9em. Il s'utilise dans tous les cas d'urgence et de stress intense.","rel":"","context":"Similar post","block_context":{"text":"Similar post","link":""},"img":{"alt_text":"","src":"https:\/\/i0.wp.com\/artstella-elixirs-floraux.com\/wp-content\/uploads\/2025\/03\/wp-image1106.png?resize=350%2C200&ssl=1","width":350,"height":200},"classes":[]},{"id":5470,"url":"https:\/\/artstella-elixirs-floraux.com\/en\/product\/ornithogale-etoile-de-b-bloes-10ml\/","url_meta":{"origin":5918,"position":5},"title":"Ornithogale \u00c9toile de B BLOES 10ML","author":"eveapprill","date":"9 March 2025","format":false,"excerpt":"\u00c9toile de Bethlehem \/ Ornithogalum umbellatum (Star of Bethlehem) Ouvre \u00e0 l\u2019\u00e9nergie universelle et \u00e0 la connexion avec le moi sup\u00e9rieur.","rel":"","context":"Similar post","block_context":{"text":"Similar post","link":""},"img":{"alt_text":"","src":"","width":0,"height":0},"classes":[]}],"_links":{"self":[{"href":"https:\/\/artstella-elixirs-floraux.com\/en\/wp-json\/wp\/v2\/product\/5918","targetHints":{"allow":["GET"]}}],"collection":[{"href":"https:\/\/artstella-elixirs-floraux.com\/en\/wp-json\/wp\/v2\/product"}],"about":[{"href":"https:\/\/artstella-elixirs-floraux.com\/en\/wp-json\/wp\/v2\/types\/product"}],"version-history":[{"count":0,"href":"https:\/\/artstella-elixirs-floraux.com\/en\/wp-json\/wp\/v2\/product\/5918\/revisions"}],"wp:featuredmedia":[{"embeddable":true,"href":"https:\/\/artstella-elixirs-floraux.com\/en\/wp-json\/wp\/v2\/media\/5919"}],"wp:attachment":[{"href":"https:\/\/artstella-elixirs-floraux.com\/en\/wp-json\/wp\/v2\/media?parent=5918"}],"wp:term":[{"taxonomy":"product_brand","embeddable":true,"href":"https:\/\/artstella-elixirs-floraux.com\/en\/wp-json\/wp\/v2\/product_brand?post=5918"},{"taxonomy":"product_cat","embeddable":true,"href":"https:\/\/artstella-elixirs-floraux.com\/en\/wp-json\/wp\/v2\/product_cat?post=5918"},{"taxonomy":"product_tag","embeddable":true,"href":"https:\/\/artstella-elixirs-floraux.com\/en\/wp-json\/wp\/v2\/product_tag?post=5918"}],"curies":[{"name":"wp","href":"https:\/\/api.w.org\/{rel}","templated":true}]}}