{"id":5926,"date":"2025-03-09T13:50:09","date_gmt":"2025-03-09T13:50:09","guid":{"rendered":"https:\/\/artstella-elixirs-floraux.com\/product\/hetre-10ml-deva\/"},"modified":"2025-09-01T13:48:58","modified_gmt":"2025-09-01T13:48:58","slug":"hetre-10ml-deva","status":"publish","type":"product","link":"https:\/\/artstella-elixirs-floraux.com\/en\/product\/hetre-10ml-deva\/","title":{"rendered":"H\u00eatre 15ml DEVA"},"content":{"rendered":"","protected":false},"excerpt":{"rendered":"<h2><em>H\u00eatre &#8211; Beech<\/em><\/h2>\n<p class=\"produitsFicheLatin\"><em>Fagus silvatica<\/em><\/p>\n<p class=\"produitsFicheCategorie\"><em>Tol\u00e9rance, acceptation des autres<\/em><\/p>\n<p class=\"produitsFicheCategorie\">Pour ceux qui sont critiques, tatillons, arrogants, intol\u00e9rants. Trop sensibles \u00e0 leur environnement, ils ne voient que le c\u00f4t\u00e9 n\u00e9gatif des choses. Souvent cyniques et stricts avec les autres, ils recherchent la perfection.<\/p>","protected":false},"featured_media":5927,"template":"","meta":[],"product_brand":[],"product_cat":[189],"product_tag":[],"class_list":{"0":"post-5926","1":"product","2":"type-product","3":"status-publish","4":"has-post-thumbnail","6":"product_cat-les-fleurs-de-bach-par-deva","8":"first","9":"instock","10":"taxable","11":"shipping-taxable","12":"purchasable","13":"product-type-simple"},"etheme_brands":{"errors":{"invalid_taxonomy":["Invalid taxonomy."]},"error_data":[]},"jetpack_sharing_enabled":true,"jetpack-related-posts":[{"id":2806,"url":"https:\/\/artstella-elixirs-floraux.com\/en\/product\/beech-phi-15-ml\/","url_meta":{"origin":5926,"position":0},"title":"BEECH PHI 15 ML","author":"eveapprill","date":"9 March 2025","format":false,"excerpt":"Beech (Fagus sylvatica) (H\u00eatre) Pour \u00eatre plus tol\u00e9rant et compr\u00e9hensif, envers soi-m\u00eame et les autres.","rel":"","context":"Similar post","block_context":{"text":"Similar post","link":""},"img":{"alt_text":"","src":"https:\/\/i0.wp.com\/artstella-elixirs-floraux.com\/wp-content\/uploads\/2025\/03\/wp-image335.png?resize=350%2C200&ssl=1","width":350,"height":200},"classes":[]},{"id":2243,"url":"https:\/\/artstella-elixirs-floraux.com\/en\/product\/one-sided-wintergreen-alaskan\/","url_meta":{"origin":5926,"position":1},"title":"One -sided wintergreen Alaskan","author":"eveapprill","date":"9 March 2025","format":false,"excerpt":"One -sided wintergreen. Pyrola secunda Dysfonctionnement de nos \u00ab\u00a0fronti\u00e8res\u00a0\u00bb, trop influenc\u00e9s par l'\u00e9nergie des autres, inconscient de l'influence et de l'action de l'\u00e9nergie sur les autres.","rel":"","context":"Similar post","block_context":{"text":"Similar post","link":""},"img":{"alt_text":"","src":"https:\/\/i0.wp.com\/artstella-elixirs-floraux.com\/wp-content\/uploads\/2025\/03\/wp-image570.png?resize=350%2C200&ssl=1","width":350,"height":200},"classes":[]},{"id":2661,"url":"https:\/\/artstella-elixirs-floraux.com\/en\/product\/kangaroo-paw-bush-15-ml\/","url_meta":{"origin":5926,"position":2},"title":"KANGAROO PAW BUSH 15 ML","author":"eveapprill","date":"9 March 2025","format":false,"excerpt":"Kangaroo Paw Manquer de savoir-faire, maladroit, insensible par rapport aux besoins des autres. Etre d\u00e9contract\u00e9, sensibilit\u00e9 envers les autres, savoir-faire, appr\u00e9cier d\u2019\u00eatre avec les autres.","rel":"","context":"Similar post","block_context":{"text":"Similar post","link":""},"img":{"alt_text":"","src":"https:\/\/i0.wp.com\/artstella-elixirs-floraux.com\/wp-content\/uploads\/2025\/03\/wp-image612.png?resize=350%2C200&ssl=1","width":350,"height":200},"classes":[]},{"id":2331,"url":"https:\/\/artstella-elixirs-floraux.com\/en\/product\/twinflower-alaskan\/","url_meta":{"origin":5926,"position":3},"title":"Twinflower Alaskan","author":"eveapprill","date":"9 March 2025","format":false,"excerpt":"Twinflower. Linnaea Borealis Communication r\u00e9active ou sur la d\u00e9fensive ; difficult\u00e9 \u00e0 comprendre ce que disent les autres.","rel":"","context":"Similar post","block_context":{"text":"Similar post","link":""},"img":{"alt_text":"","src":"https:\/\/i0.wp.com\/artstella-elixirs-floraux.com\/wp-content\/uploads\/2025\/03\/wp-image596.png?resize=350%2C200&ssl=1","width":350,"height":200},"classes":[]},{"id":5019,"url":"https:\/\/artstella-elixirs-floraux.com\/en\/product\/wild-sweet-pea-alaskan-f-sup\/","url_meta":{"origin":5926,"position":4},"title":"WILD SWEET PEA ALASKAN F SUP","author":"eveapprill","date":"9 March 2025","format":false,"excerpt":"Wild Sweet Pea Hedysarum mackenzii Pois de senteur sauvage Indications\u00a0: manque de confiance dans ses aptitudes sociales\u00a0; tendance \u00e0 s\u2019isoler plut\u00f4t qu\u2019\u00e0 rechercher la compagnie des autres.","rel":"","context":"Similar post","block_context":{"text":"Similar post","link":""},"img":{"alt_text":"","src":"","width":0,"height":0},"classes":[]},{"id":2231,"url":"https:\/\/artstella-elixirs-floraux.com\/en\/product\/mountain-wormwood-alaskan\/","url_meta":{"origin":5926,"position":5},"title":"Mountain wormwood Alaskan","author":"eveapprill","date":"9 March 2025","format":false,"excerpt":"Mountain wormwood. Artemisia tilesii Col\u00e8re et ressentiment non r\u00e9solus ; ne r\u00e9ussit pas \u00e0 se pardonner soi-m\u00eame ou les autres pour des actes pass\u00e9s sans tenir compte de l'intention qui les motivait.","rel":"","context":"Similar post","block_context":{"text":"Similar post","link":""},"img":{"alt_text":"","src":"https:\/\/i0.wp.com\/artstella-elixirs-floraux.com\/wp-content\/uploads\/2025\/03\/wp-image567.png?resize=350%2C200&ssl=1","width":350,"height":200},"classes":[]}],"_links":{"self":[{"href":"https:\/\/artstella-elixirs-floraux.com\/en\/wp-json\/wp\/v2\/product\/5926","targetHints":{"allow":["GET"]}}],"collection":[{"href":"https:\/\/artstella-elixirs-floraux.com\/en\/wp-json\/wp\/v2\/product"}],"about":[{"href":"https:\/\/artstella-elixirs-floraux.com\/en\/wp-json\/wp\/v2\/types\/product"}],"version-history":[{"count":1,"href":"https:\/\/artstella-elixirs-floraux.com\/en\/wp-json\/wp\/v2\/product\/5926\/revisions"}],"predecessor-version":[{"id":11350,"href":"https:\/\/artstella-elixirs-floraux.com\/en\/wp-json\/wp\/v2\/product\/5926\/revisions\/11350"}],"wp:featuredmedia":[{"embeddable":true,"href":"https:\/\/artstella-elixirs-floraux.com\/en\/wp-json\/wp\/v2\/media\/5927"}],"wp:attachment":[{"href":"https:\/\/artstella-elixirs-floraux.com\/en\/wp-json\/wp\/v2\/media?parent=5926"}],"wp:term":[{"taxonomy":"product_brand","embeddable":true,"href":"https:\/\/artstella-elixirs-floraux.com\/en\/wp-json\/wp\/v2\/product_brand?post=5926"},{"taxonomy":"product_cat","embeddable":true,"href":"https:\/\/artstella-elixirs-floraux.com\/en\/wp-json\/wp\/v2\/product_cat?post=5926"},{"taxonomy":"product_tag","embeddable":true,"href":"https:\/\/artstella-elixirs-floraux.com\/en\/wp-json\/wp\/v2\/product_tag?post=5926"}],"curies":[{"name":"wp","href":"https:\/\/api.w.org\/{rel}","templated":true}]}}