{"id":5930,"date":"2025-03-09T13:50:11","date_gmt":"2025-03-09T13:50:11","guid":{"rendered":"https:\/\/artstella-elixirs-floraux.com\/product\/impatience-15ml-deva\/"},"modified":"2025-06-02T06:45:28","modified_gmt":"2025-06-02T06:45:28","slug":"impatience-15ml-deva","status":"publish","type":"product","link":"https:\/\/artstella-elixirs-floraux.com\/en\/product\/impatience-15ml-deva\/","title":{"rendered":"Impatience 15ml DEVA"},"content":{"rendered":"","protected":false},"excerpt":{"rendered":"<h2>Impatiente &#8211; Impatiens<\/h2>\n<p class=\"produitsFicheLatin\"><em>Impatiens glandulifera<\/em><\/p>\n<p class=\"produitsFicheCategorie\"><em>Douceur, patience, indulgence<\/em><\/p>\n<p class=\"produitsFicheCategorie\">Pour \u00e9liminer l&rsquo;impatience, l&rsquo;irritabilit\u00e9 et le surmenage. Pour ceux qui sont press\u00e9s, actifs et qui ne supportent pas les contraintes.<\/p>","protected":false},"featured_media":5931,"template":"","meta":[],"product_brand":[],"product_cat":[189],"product_tag":[],"class_list":{"0":"post-5930","1":"product","2":"type-product","3":"status-publish","4":"has-post-thumbnail","6":"product_cat-les-fleurs-de-bach-par-deva","8":"first","9":"instock","10":"taxable","11":"shipping-taxable","12":"purchasable","13":"product-type-simple"},"etheme_brands":{"errors":{"invalid_taxonomy":["Invalid taxonomy."]},"error_data":[]},"jetpack_sharing_enabled":true,"jetpack-related-posts":[{"id":2846,"url":"https:\/\/artstella-elixirs-floraux.com\/en\/product\/impatiens-15ml-phi\/","url_meta":{"origin":5930,"position":0},"title":"IMPATIENS 15ML PHI","author":"eveapprill","date":"9 March 2025","format":false,"excerpt":"Impatiens (Impatiens glandulifera) (Impatience) Adoucit le stress mental. Pour d\u00e9velopper la mod\u00e9ration et la patience.","rel":"","context":"Similar post","block_context":{"text":"Similar post","link":""},"img":{"alt_text":"","src":"https:\/\/i0.wp.com\/artstella-elixirs-floraux.com\/wp-content\/uploads\/2025\/03\/wp-image350.png?resize=350%2C200&ssl=1","width":350,"height":200},"classes":[]},{"id":5430,"url":"https:\/\/artstella-elixirs-floraux.com\/en\/product\/impatience-reuzenbalsemien-10-ml\/","url_meta":{"origin":5930,"position":1},"title":"Impatience &#8211; REUZENBALSEMIEN 10 ml","author":"eveapprill","date":"9 March 2025","format":false,"excerpt":"Impatiens glandulifera\u00a0(Impatience) REUZENBALSEMIEN Apporte patience et calme et compr\u00e9hension. Permet de reconna\u00eetre le chaos int\u00e9rieur et ext\u00e9rieur et d\u2019int\u00e9grer celui-ci dans la conscience.\u00a0","rel":"","context":"Similar post","block_context":{"text":"Similar post","link":""},"img":{"alt_text":"","src":"","width":0,"height":0},"classes":[]},{"id":5478,"url":"https:\/\/artstella-elixirs-floraux.com\/en\/product\/rainbow-arc-en-ciel-30ml-bloesem\/","url_meta":{"origin":5930,"position":2},"title":"RAINBOW Arc en Ciel Bloesem Remedies","author":"eveapprill","date":"9 March 2025","format":false,"excerpt":"Rainbow - Arc en Ciel 30 ml Bloesem Remedies (Bourrache, Impatience, Monnaie du Pape, Coquelicot, Lamier rouge) \u00a0\u201cUn pont entre le ciel et la terre\u201d, cette combinaison d\u2019\u00e9lixirs\u00a0 favorise le d\u00e9veloppement personnel et stimule la cr\u00e9ativit\u00e9.\u00a0 Pour commencer \u00e0 neuf et laisser l\u2019ancien de c\u00f4t\u00e9.","rel":"","context":"Similar post","block_context":{"text":"Similar post","link":""},"img":{"alt_text":"","src":"","width":0,"height":0},"classes":[]},{"id":2629,"url":"https:\/\/artstella-elixirs-floraux.com\/en\/product\/black-eyed-suzan-bush-15ml\/","url_meta":{"origin":5930,"position":3},"title":"BLACK EYED SUZAN BUSH 15ml","author":"eveapprill","date":"9 March 2025","format":false,"excerpt":"Black Eyed Susan Impatience, toujours en train de courir, d\u00e9penses continuelles d\u2019\u00e9nergie. Pouvoir s\u2019int\u00e9rioriser et\u00a0 se calme, paix int\u00e9rieure. \u00a0","rel":"","context":"Similar post","block_context":{"text":"Similar post","link":""},"img":{"alt_text":"","src":"https:\/\/i0.wp.com\/artstella-elixirs-floraux.com\/wp-content\/uploads\/2025\/03\/wp-image244.png?resize=350%2C200&ssl=1","width":350,"height":200},"classes":[]},{"id":2910,"url":"https:\/\/artstella-elixirs-floraux.com\/en\/product\/rq5-phi-15-ml\/","url_meta":{"origin":5930,"position":4},"title":"RQ5 PHI 15 ML","author":"eveapprill","date":"9 March 2025","format":false,"excerpt":"RQ5 - Rem\u00e8de d\u2019urgence aux cinq fleurs Est compos\u00e9 de Cherry plum, Clematis, Impatiens, Rock Rose, Star of Bethl\u00e9em. Il s'utilise dans tous les cas d'urgence et de stress intense.","rel":"","context":"Similar post","block_context":{"text":"Similar post","link":""},"img":{"alt_text":"","src":"https:\/\/i0.wp.com\/artstella-elixirs-floraux.com\/wp-content\/uploads\/2025\/03\/wp-image1106.png?resize=350%2C200&ssl=1","width":350,"height":200},"classes":[]},{"id":6193,"url":"https:\/\/artstella-elixirs-floraux.com\/en\/product\/4-elements-compose-bloesem-remedies\/","url_meta":{"origin":5930,"position":5},"title":"4 ELEMENTS COMPOSE BLOESEM REMEDIES","author":"eveapprill","date":"9 March 2025","format":false,"excerpt":"COMPOS\u00c9 4 ELEMENTS \u2013 4 ELEMENTEN COMBINATIE \u2013 permet d\u2019\u00eatre ouvert et chaleureux avec des autres tout en restant fid\u00e8le \u00e0 soi-m\u00eame. Le lien avec l\u2019\u00e2me et le but de l\u2019\u00e2me deviennent plus clair","rel":"","context":"Similar post","block_context":{"text":"Similar post","link":""},"img":{"alt_text":"","src":"https:\/\/i0.wp.com\/artstella-elixirs-floraux.com\/wp-content\/uploads\/2025\/03\/wp-image2192.png?resize=350%2C200&ssl=1","width":350,"height":200},"classes":[]}],"_links":{"self":[{"href":"https:\/\/artstella-elixirs-floraux.com\/en\/wp-json\/wp\/v2\/product\/5930","targetHints":{"allow":["GET"]}}],"collection":[{"href":"https:\/\/artstella-elixirs-floraux.com\/en\/wp-json\/wp\/v2\/product"}],"about":[{"href":"https:\/\/artstella-elixirs-floraux.com\/en\/wp-json\/wp\/v2\/types\/product"}],"version-history":[{"count":0,"href":"https:\/\/artstella-elixirs-floraux.com\/en\/wp-json\/wp\/v2\/product\/5930\/revisions"}],"wp:featuredmedia":[{"embeddable":true,"href":"https:\/\/artstella-elixirs-floraux.com\/en\/wp-json\/wp\/v2\/media\/5931"}],"wp:attachment":[{"href":"https:\/\/artstella-elixirs-floraux.com\/en\/wp-json\/wp\/v2\/media?parent=5930"}],"wp:term":[{"taxonomy":"product_brand","embeddable":true,"href":"https:\/\/artstella-elixirs-floraux.com\/en\/wp-json\/wp\/v2\/product_brand?post=5930"},{"taxonomy":"product_cat","embeddable":true,"href":"https:\/\/artstella-elixirs-floraux.com\/en\/wp-json\/wp\/v2\/product_cat?post=5930"},{"taxonomy":"product_tag","embeddable":true,"href":"https:\/\/artstella-elixirs-floraux.com\/en\/wp-json\/wp\/v2\/product_tag?post=5930"}],"curies":[{"name":"wp","href":"https:\/\/api.w.org\/{rel}","templated":true}]}}