{"id":5946,"date":"2025-03-09T13:50:23","date_gmt":"2025-03-09T13:50:23","guid":{"rendered":"https:\/\/artstella-elixirs-floraux.com\/product\/orme-15ml-deva\/"},"modified":"2025-06-02T06:45:27","modified_gmt":"2025-06-02T06:45:27","slug":"orme-15ml-deva","status":"publish","type":"product","link":"https:\/\/artstella-elixirs-floraux.com\/en\/product\/orme-15ml-deva\/","title":{"rendered":"Orme 15ml DEVA"},"content":{"rendered":"","protected":false},"excerpt":{"rendered":"<h2>Orme &#8211; Elm<\/h2>\n<p class=\"produitsFicheLatin\"><em>Ulmus procera<\/em><\/p>\n<p class=\"produitsFicheCategorie\"><em>Force, responsabilit\u00e9<\/em><\/p>\n<p class=\"produitsFicheCategorie\">Pour les personnes tr\u00e8s capables, assumant des responsabilit\u00e9s qui se sentent momentan\u00e9ment d\u00e9bord\u00e9es et accabl\u00e9es par leur t\u00e2che.\u00a0 Pour ceux qui id\u00e9alisent et qui cherchent un degr\u00e9 de perfection trop \u00e9lev\u00e9.<\/p>","protected":false},"featured_media":5947,"template":"","meta":[],"product_brand":[],"product_cat":[189],"product_tag":[],"class_list":{"0":"post-5946","1":"product","2":"type-product","3":"status-publish","4":"has-post-thumbnail","6":"product_cat-les-fleurs-de-bach-par-deva","8":"first","9":"instock","10":"taxable","11":"shipping-taxable","12":"purchasable","13":"product-type-simple"},"etheme_brands":{"errors":{"invalid_taxonomy":["Invalid taxonomy."]},"error_data":[]},"jetpack_sharing_enabled":true,"jetpack-related-posts":[{"id":2826,"url":"https:\/\/artstella-elixirs-floraux.com\/en\/product\/elm-15-ml-phi\/","url_meta":{"origin":5946,"position":0},"title":"ELM 15 ML PHI","author":"eveapprill","date":"9 March 2025","format":false,"excerpt":"Elm (Ulmus scraba) (Orme) Renforce et soutient notre sentiment de responsabilit\u00e9 dans les situations o\u00f9 nous nous sentons trop sollicit\u00e9s.","rel":"","context":"Similar post","block_context":{"text":"Similar post","link":""},"img":{"alt_text":"","src":"https:\/\/i0.wp.com\/artstella-elixirs-floraux.com\/wp-content\/uploads\/2025\/03\/wp-image342.png?resize=350%2C200&ssl=1","width":350,"height":200},"classes":[]},{"id":5294,"url":"https:\/\/artstella-elixirs-floraux.com\/en\/product\/complexe-n7-lacher-prise-deva-30ml\/","url_meta":{"origin":5946,"position":1},"title":"COMPLEXE N\u00b07 Lacher prise DEVA 30ML","author":"eveapprill","date":"9 March 2025","format":false,"excerpt":"Le compos\u00e9 floral n\u00b0 07 LACHER PRISE\u00a0est conseill\u00e9 aux personnes en situations de surmenage. Il apporte la capacit\u00e9\u00a0de l\u00e2cher prise et le discernement pour trouver un juste \u00e9quilibre de leurs responsabilit\u00e9s. Il donne un regain de vitalit\u00e9 pour faire face au quotidien.","rel":"","context":"Similar post","block_context":{"text":"Similar post","link":""},"img":{"alt_text":"","src":"https:\/\/i0.wp.com\/artstella-elixirs-floraux.com\/wp-content\/uploads\/2025\/03\/cf8119d9-d108-4252-b32d-6727b6e09ed1.jpg?resize=350%2C200&ssl=1","width":350,"height":200,"srcset":"https:\/\/i0.wp.com\/artstella-elixirs-floraux.com\/wp-content\/uploads\/2025\/03\/cf8119d9-d108-4252-b32d-6727b6e09ed1.jpg?resize=350%2C200&ssl=1 1x, https:\/\/i0.wp.com\/artstella-elixirs-floraux.com\/wp-content\/uploads\/2025\/03\/cf8119d9-d108-4252-b32d-6727b6e09ed1.jpg?resize=525%2C300&ssl=1 1.5x, https:\/\/i0.wp.com\/artstella-elixirs-floraux.com\/wp-content\/uploads\/2025\/03\/cf8119d9-d108-4252-b32d-6727b6e09ed1.jpg?resize=700%2C400&ssl=1 2x"},"classes":[]},{"id":5884,"url":"https:\/\/artstella-elixirs-floraux.com\/en\/product\/complexe-n17-cycle-feminin-30-ml\/","url_meta":{"origin":5946,"position":2},"title":"COMPLEXE N\u00b017 Cycle f\u00e9minin 30 ml","author":"eveapprill","date":"9 March 2025","format":false,"excerpt":"Compos\u00e9 n\u00b017 Cycle f\u00e9minin DEVA 30ml Stabilit\u00e9s d'humeurs Att\u00e9nue les d\u00e9sagr\u00e9ments \u00e9motionnels li\u00e9s au syndrome pr\u00e9menstruel. Il pr\u00e9serve l'\u00e9quilibre et l'harmonie \u00e9motionnels de la femme tout au long de son cycle.","rel":"","context":"Similar post","block_context":{"text":"Similar post","link":""},"img":{"alt_text":"","src":"https:\/\/i0.wp.com\/artstella-elixirs-floraux.com\/wp-content\/uploads\/2025\/03\/3b2d9c25-2c8f-46c2-a60b-0f17e95c282c.jpg?resize=350%2C200&ssl=1","width":350,"height":200,"srcset":"https:\/\/i0.wp.com\/artstella-elixirs-floraux.com\/wp-content\/uploads\/2025\/03\/3b2d9c25-2c8f-46c2-a60b-0f17e95c282c.jpg?resize=350%2C200&ssl=1 1x, https:\/\/i0.wp.com\/artstella-elixirs-floraux.com\/wp-content\/uploads\/2025\/03\/3b2d9c25-2c8f-46c2-a60b-0f17e95c282c.jpg?resize=525%2C300&ssl=1 1.5x, https:\/\/i0.wp.com\/artstella-elixirs-floraux.com\/wp-content\/uploads\/2025\/03\/3b2d9c25-2c8f-46c2-a60b-0f17e95c282c.jpg?resize=700%2C400&ssl=1 2x"},"classes":[]},{"id":2323,"url":"https:\/\/artstella-elixirs-floraux.com\/en\/product\/tundra-rose-alaskan\/","url_meta":{"origin":5946,"position":3},"title":"Tundra rose Alaskan","author":"eveapprill","date":"9 March 2025","format":false,"excerpt":"Tundra rose. Potentilla fructicosa Sans espoir ; manque d'inspiration et de motivation ; submerg\u00e9 par les responsabilit\u00e9s dont on s'est charg\u00e9. Redonne espoir, courage et inspiration","rel":"","context":"Similar post","block_context":{"text":"Similar post","link":""},"img":{"alt_text":"","src":"https:\/\/i0.wp.com\/artstella-elixirs-floraux.com\/wp-content\/uploads\/2025\/03\/wp-image594.png?resize=350%2C200&ssl=1","width":350,"height":200},"classes":[]},{"id":4110,"url":"https:\/\/artstella-elixirs-floraux.com\/en\/product\/puma-el-chamaniques-15-ml\/","url_meta":{"origin":5946,"position":4},"title":"PUMA EL CHAMANIQUES 15 ML","author":"eveapprill","date":"9 March 2025","format":false,"excerpt":"PUMA\u00a0 \" Le Gardien du Temple\" Leadership \u2013 Contr\u00f4le de l\u2019ego - Pouvoir L\u2019\u00e9lixir aide \u00e0 prendre nos responsabilit\u00e9s. Il soutient l\u2019action efficace et apporte l\u2019aide n\u00e9cessaire pour manifester nos r\u00eaves et nos visions.","rel":"","context":"Similar post","block_context":{"text":"Similar post","link":""},"img":{"alt_text":"","src":"","width":0,"height":0},"classes":[]},{"id":2617,"url":"https:\/\/artstella-elixirs-floraux.com\/en\/product\/alpine-mint-bush-15ml\/","url_meta":{"origin":5946,"position":5},"title":"ALPINE MINT BUSH 15ml","author":"eveapprill","date":"9 March 2025","format":false,"excerpt":"Alpine Mint Bush Epuisement mental et \u00e9motionnel, manque de joie de vivre, poids des responsabilit\u00e9s. Vitalit\u00e9, joie, reprise des forces.","rel":"","context":"Similar post","block_context":{"text":"Similar post","link":""},"img":{"alt_text":"","src":"https:\/\/i0.wp.com\/artstella-elixirs-floraux.com\/wp-content\/uploads\/2025\/03\/wp-image239.png?resize=350%2C200&ssl=1","width":350,"height":200},"classes":[]}],"_links":{"self":[{"href":"https:\/\/artstella-elixirs-floraux.com\/en\/wp-json\/wp\/v2\/product\/5946","targetHints":{"allow":["GET"]}}],"collection":[{"href":"https:\/\/artstella-elixirs-floraux.com\/en\/wp-json\/wp\/v2\/product"}],"about":[{"href":"https:\/\/artstella-elixirs-floraux.com\/en\/wp-json\/wp\/v2\/types\/product"}],"version-history":[{"count":0,"href":"https:\/\/artstella-elixirs-floraux.com\/en\/wp-json\/wp\/v2\/product\/5946\/revisions"}],"wp:featuredmedia":[{"embeddable":true,"href":"https:\/\/artstella-elixirs-floraux.com\/en\/wp-json\/wp\/v2\/media\/5947"}],"wp:attachment":[{"href":"https:\/\/artstella-elixirs-floraux.com\/en\/wp-json\/wp\/v2\/media?parent=5946"}],"wp:term":[{"taxonomy":"product_brand","embeddable":true,"href":"https:\/\/artstella-elixirs-floraux.com\/en\/wp-json\/wp\/v2\/product_brand?post=5946"},{"taxonomy":"product_cat","embeddable":true,"href":"https:\/\/artstella-elixirs-floraux.com\/en\/wp-json\/wp\/v2\/product_cat?post=5946"},{"taxonomy":"product_tag","embeddable":true,"href":"https:\/\/artstella-elixirs-floraux.com\/en\/wp-json\/wp\/v2\/product_tag?post=5946"}],"curies":[{"name":"wp","href":"https:\/\/api.w.org\/{rel}","templated":true}]}}