{"id":5948,"date":"2025-03-09T13:50:24","date_gmt":"2025-03-09T13:50:24","guid":{"rendered":"https:\/\/artstella-elixirs-floraux.com\/product\/pin-10ml-deva\/"},"modified":"2025-06-08T12:49:22","modified_gmt":"2025-06-08T12:49:22","slug":"pin-10ml-deva","status":"publish","type":"product","link":"https:\/\/artstella-elixirs-floraux.com\/en\/product\/pin-10ml-deva\/","title":{"rendered":"Pin 10ml DEVA"},"content":{"rendered":"","protected":false},"excerpt":{"rendered":"<p><strong>Pin sylvestre<\/strong><\/p>\n<p class=\"produitsFicheLatin\"><em>Pinus sylvestris<\/em><\/p>\n<p class=\"produitsFicheCategorie\"><em>Acceptation, repentir, compr\u00e9hension<\/em><\/p>\n<p class=\"produitsFicheCategorie\">Pour ceux qui se sentent coupables, qui s&rsquo;adressent des reproches et qui pensent qu&rsquo;ils pourraient mieux faire. Pour ceux qui ont besoin de tout contr\u00f4ler et qui sont accabl\u00e9s par leur sens du devoir et par leurs obligations.<\/p>","protected":false},"featured_media":5949,"template":"","meta":[],"product_brand":[],"product_cat":[189],"product_tag":[],"class_list":{"0":"post-5948","1":"product","2":"type-product","3":"status-publish","4":"has-post-thumbnail","6":"product_cat-les-fleurs-de-bach-par-deva","8":"first","9":"instock","10":"taxable","11":"shipping-taxable","12":"purchasable","13":"product-type-simple"},"etheme_brands":{"errors":{"invalid_taxonomy":["Invalid taxonomy."]},"error_data":[]},"jetpack_sharing_enabled":true,"jetpack-related-posts":[{"id":2864,"url":"https:\/\/artstella-elixirs-floraux.com\/en\/product\/pine-phi-15ml\/","url_meta":{"origin":5948,"position":0},"title":"PINE PHI 15ML","author":"eveapprill","date":"9 March 2025","format":false,"excerpt":"Pine (Pinus sylvestris) (Pin sylvestre) Nous aide \u00e0 d\u00e9passer les sentiments de culpabilit\u00e9 et \u00e0 accepter nos capacit\u00e9s","rel":"","context":"Similar post","block_context":{"text":"Similar post","link":""},"img":{"alt_text":"","src":"https:\/\/i0.wp.com\/artstella-elixirs-floraux.com\/wp-content\/uploads\/2025\/03\/wp-image1091.png?resize=350%2C200&ssl=1","width":350,"height":200},"classes":[]},{"id":5952,"url":"https:\/\/artstella-elixirs-floraux.com\/en\/product\/pommier-sauvage-10ml-deva\/","url_meta":{"origin":5948,"position":1},"title":"Pommier sauvage 10ml DEVA","author":"eveapprill","date":"9 March 2025","format":false,"excerpt":"Pommier sauvage - Crab apple Malus sylvestris Purification Pour ceux qui se sentent intoxiqu\u00e9s ou contamin\u00e9s \u00e0 quelque niveau que ce soit. Pour surmonter le sentiment d'impuret\u00e9 et de d\u00e9go\u00fbt de soi.","rel":"","context":"Similar post","block_context":{"text":"Similar post","link":""},"img":{"alt_text":"","src":"","width":0,"height":0},"classes":[]},{"id":3298,"url":"https:\/\/artstella-elixirs-floraux.com\/en\/product\/pin-canarien-15-ml-phi\/","url_meta":{"origin":5948,"position":2},"title":"PIN CANARIEN 15 ML PHI","author":"eveapprill","date":"9 March 2025","format":false,"excerpt":"Pin canarien (Pinus canariensis) (Kanarische Kiefer) Aide \u00e0 lib\u00e9rer les sentiments de profonde culpabilit\u00e9 et de honte. Nous prot\u00e8ge des projections n\u00e9gatives des autres et nous permet de \u00ab\u00a0respirer\u00a0\u00bb.","rel":"","context":"Similar post","block_context":{"text":"Similar post","link":""},"img":{"alt_text":"","src":"","width":0,"height":0},"classes":[]},{"id":5986,"url":"https:\/\/artstella-elixirs-floraux.com\/en\/product\/duende-de-los-pinos-15-ml-sylfos\/","url_meta":{"origin":5948,"position":3},"title":"DUENDE DE LOS PINOS 15 ML SYLFOS","author":"eveapprill","date":"9 March 2025","format":false,"excerpt":"DUENDE DE LOS PINOS\/ LUTIN DES PINS Callophrys niphon Union \u2013 Courage \u2013 Force Cet \u00e9lixir aide \u00e0 arranger ou rompre des relations destructives, sachant prendre en compte si celles-ci ont quelque chose de bon ou de n\u00e9cessaire\u00a0ou si au contraire, elles sont destructives. Il nous aide \u00e0 d\u00e9passer l\u2019angoisse\u2026","rel":"","context":"Similar post","block_context":{"text":"Similar post","link":""},"img":{"alt_text":"","src":"","width":0,"height":0},"classes":[]},{"id":5898,"url":"https:\/\/artstella-elixirs-floraux.com\/en\/product\/bruyere-15ml-deva\/","url_meta":{"origin":5948,"position":4},"title":"Bruy\u00e8re 15ml DEVA","author":"eveapprill","date":"9 March 2025","format":false,"excerpt":"Bruy\u00e8re - Heather Calluna vulgaris Tranquillit\u00e9, \u00e9coute Pour ceux qui sont uniquement concern\u00e9s par leur vie et par leurs probl\u00e8mes et qui ont constamment besoin de l'attention d'autrui. Ils ne portent pas d'int\u00e9r\u00eat \u00e0 ceux qui les entourent et ne savent pas \u00e9couter.","rel":"","context":"Similar post","block_context":{"text":"Similar post","link":""},"img":{"alt_text":"","src":"","width":0,"height":0},"classes":[]},{"id":2747,"url":"https:\/\/artstella-elixirs-floraux.com\/en\/product\/travel-voyage-bush-30-ml\/","url_meta":{"origin":5948,"position":5},"title":"TRAVEL Voyage BUSH 30 ml","author":"eveapprill","date":"9 March 2025","format":false,"excerpt":"Travel -\u00a0Voyage Recommand\u00e9 \u00e0 tous ceux qui partent en voyage et tout particuli\u00e8rement \u00e0 ceux qui voyagent en avion. Limite les effets du mal des transports (mer, air, fer, route).","rel":"","context":"Similar post","block_context":{"text":"Similar post","link":""},"img":{"alt_text":"","src":"https:\/\/i0.wp.com\/artstella-elixirs-floraux.com\/wp-content\/uploads\/2025\/03\/797b8093-234c-413f-994e-c16f863422b6.jpg?resize=350%2C200&ssl=1","width":350,"height":200,"srcset":"https:\/\/i0.wp.com\/artstella-elixirs-floraux.com\/wp-content\/uploads\/2025\/03\/797b8093-234c-413f-994e-c16f863422b6.jpg?resize=350%2C200&ssl=1 1x, https:\/\/i0.wp.com\/artstella-elixirs-floraux.com\/wp-content\/uploads\/2025\/03\/797b8093-234c-413f-994e-c16f863422b6.jpg?resize=525%2C300&ssl=1 1.5x, https:\/\/i0.wp.com\/artstella-elixirs-floraux.com\/wp-content\/uploads\/2025\/03\/797b8093-234c-413f-994e-c16f863422b6.jpg?resize=700%2C400&ssl=1 2x"},"classes":[]}],"_links":{"self":[{"href":"https:\/\/artstella-elixirs-floraux.com\/en\/wp-json\/wp\/v2\/product\/5948","targetHints":{"allow":["GET"]}}],"collection":[{"href":"https:\/\/artstella-elixirs-floraux.com\/en\/wp-json\/wp\/v2\/product"}],"about":[{"href":"https:\/\/artstella-elixirs-floraux.com\/en\/wp-json\/wp\/v2\/types\/product"}],"version-history":[{"count":0,"href":"https:\/\/artstella-elixirs-floraux.com\/en\/wp-json\/wp\/v2\/product\/5948\/revisions"}],"wp:featuredmedia":[{"embeddable":true,"href":"https:\/\/artstella-elixirs-floraux.com\/en\/wp-json\/wp\/v2\/media\/5949"}],"wp:attachment":[{"href":"https:\/\/artstella-elixirs-floraux.com\/en\/wp-json\/wp\/v2\/media?parent=5948"}],"wp:term":[{"taxonomy":"product_brand","embeddable":true,"href":"https:\/\/artstella-elixirs-floraux.com\/en\/wp-json\/wp\/v2\/product_brand?post=5948"},{"taxonomy":"product_cat","embeddable":true,"href":"https:\/\/artstella-elixirs-floraux.com\/en\/wp-json\/wp\/v2\/product_cat?post=5948"},{"taxonomy":"product_tag","embeddable":true,"href":"https:\/\/artstella-elixirs-floraux.com\/en\/wp-json\/wp\/v2\/product_tag?post=5948"}],"curies":[{"name":"wp","href":"https:\/\/api.w.org\/{rel}","templated":true}]}}